{"id":4173,"date":"2017-10-16T13:27:07","date_gmt":"2017-10-16T11:27:07","guid":{"rendered":"https:\/\/wwwv2.kravolution.com\/schools\/bonn-beuel\/"},"modified":"2018-05-08T02:34:07","modified_gmt":"2018-05-08T00:34:07","slug":"bonn-beuel","status":"publish","type":"page","link":"https:\/\/www.kravolution.com\/fr\/schools\/bonn-beuel\/","title":{"rendered":"Bonn Beuel"},"content":{"rendered":"<p>La ville f\u00e9d\u00e9rale de Bonn est une ville sur les rives du Rhin dans la region allemand de Rh\u00e9nanie du Nord-Westphalie, avec une population de plus de 300.000 et appartient aux 20 plus grandes villes en Allemagne. \u00c0 Bonn l&rsquo;Institut Krav Maga a deux sites.<\/p>\n","protected":false},"excerpt":{"rendered":"La ville f\u00e9d\u00e9rale de Bonn est une ville sur les rives du Rhin dans la region allemand de Rh\u00e9nanie du [&hellip;]","protected":false},"author":7,"featured_media":0,"parent":3163,"menu_order":30,"comment_status":"closed","ping_status":"closed","template":"page-school.php","meta":{"_et_pb_use_builder":"","_et_pb_old_content":"","_et_gb_content_width":"","_mi_skip_tracking":false},"acf":[],"yoast_head":"<!-- This site is optimized with the Yoast SEO plugin v19.13 - https:\/\/yoast.com\/wordpress\/plugins\/seo\/ -->\n<title>Germany - Bonn Beuel - KRAVolution<\/title>\n<meta name=\"description\" content=\"Train Krav Maga in Bonn Beuel \u2013 The Federal City of Bonn is a city on the banks of the Rhine in the German state of North Rhine-Westphalia.\" \/>\n<meta name=\"robots\" content=\"index, follow, max-snippet:-1, max-image-preview:large, max-video-preview:-1\" \/>\n<link rel=\"canonical\" href=\"https:\/\/www.kravolution.com\/fr\/schools\/bonn-beuel\/\" \/>\n<meta property=\"og:locale\" content=\"fr_FR\" \/>\n<meta property=\"og:type\" content=\"article\" \/>\n<meta property=\"og:title\" content=\"Germany - Bonn Beuel - KRAVolution\" \/>\n<meta property=\"og:description\" content=\"Train Krav Maga in Bonn Beuel \u2013 The Federal City of Bonn is a city on the banks of the Rhine in the German state of North Rhine-Westphalia.\" \/>\n<meta property=\"og:url\" content=\"https:\/\/www.kravolution.com\/fr\/schools\/bonn-beuel\/\" \/>\n<meta property=\"og:site_name\" content=\"KRAVolution\" \/>\n<meta property=\"article:modified_time\" content=\"2018-05-08T00:34:07+00:00\" \/>\n<meta name=\"twitter:card\" content=\"summary_large_image\" \/>\n<script type=\"application\/ld+json\" class=\"yoast-schema-graph\">{\"@context\":\"https:\/\/schema.org\",\"@graph\":[{\"@type\":\"WebPage\",\"@id\":\"https:\/\/www.kravolution.com\/fr\/schools\/bonn-beuel\/\",\"url\":\"https:\/\/www.kravolution.com\/fr\/schools\/bonn-beuel\/\",\"name\":\"Germany - Bonn Beuel - KRAVolution\",\"isPartOf\":{\"@id\":\"https:\/\/www.kravolution.com\/fr\/#website\"},\"datePublished\":\"2017-10-16T11:27:07+00:00\",\"dateModified\":\"2018-05-08T00:34:07+00:00\",\"description\":\"Train Krav Maga in Bonn Beuel \u2013 The Federal City of Bonn is a city on the banks of the Rhine in the German state of North Rhine-Westphalia.\",\"breadcrumb\":{\"@id\":\"https:\/\/www.kravolution.com\/fr\/schools\/bonn-beuel\/#breadcrumb\"},\"inLanguage\":\"fr-FR\",\"potentialAction\":[{\"@type\":\"ReadAction\",\"target\":[\"https:\/\/www.kravolution.com\/fr\/schools\/bonn-beuel\/\"]}]},{\"@type\":\"BreadcrumbList\",\"@id\":\"https:\/\/www.kravolution.com\/fr\/schools\/bonn-beuel\/#breadcrumb\",\"itemListElement\":[{\"@type\":\"ListItem\",\"position\":1,\"name\":\"Home\",\"item\":\"https:\/\/www.kravolution.com\/fr\/\"},{\"@type\":\"ListItem\",\"position\":2,\"name\":\"\u00c9coles\",\"item\":\"https:\/\/www.kravolution.com\/fr\/schools\/\"},{\"@type\":\"ListItem\",\"position\":3,\"name\":\"Bonn Beuel\"}]},{\"@type\":\"WebSite\",\"@id\":\"https:\/\/www.kravolution.com\/fr\/#website\",\"url\":\"https:\/\/www.kravolution.com\/fr\/\",\"name\":\"KRAVolution\",\"description\":\"Krav Maga modern israeli selfdefense system\",\"potentialAction\":[{\"@type\":\"SearchAction\",\"target\":{\"@type\":\"EntryPoint\",\"urlTemplate\":\"https:\/\/www.kravolution.com\/fr\/?s={search_term_string}\"},\"query-input\":\"required name=search_term_string\"}],\"inLanguage\":\"fr-FR\"}]}<\/script>\n<!-- \/ Yoast SEO plugin. -->","yoast_head_json":{"title":"Germany - Bonn Beuel - KRAVolution","description":"Train Krav Maga in Bonn Beuel \u2013 The Federal City of Bonn is a city on the banks of the Rhine in the German state of North Rhine-Westphalia.","robots":{"index":"index","follow":"follow","max-snippet":"max-snippet:-1","max-image-preview":"max-image-preview:large","max-video-preview":"max-video-preview:-1"},"canonical":"https:\/\/www.kravolution.com\/fr\/schools\/bonn-beuel\/","og_locale":"fr_FR","og_type":"article","og_title":"Germany - Bonn Beuel - KRAVolution","og_description":"Train Krav Maga in Bonn Beuel \u2013 The Federal City of Bonn is a city on the banks of the Rhine in the German state of North Rhine-Westphalia.","og_url":"https:\/\/www.kravolution.com\/fr\/schools\/bonn-beuel\/","og_site_name":"KRAVolution","article_modified_time":"2018-05-08T00:34:07+00:00","twitter_card":"summary_large_image","schema":{"@context":"https:\/\/schema.org","@graph":[{"@type":"WebPage","@id":"https:\/\/www.kravolution.com\/fr\/schools\/bonn-beuel\/","url":"https:\/\/www.kravolution.com\/fr\/schools\/bonn-beuel\/","name":"Germany - Bonn Beuel - KRAVolution","isPartOf":{"@id":"https:\/\/www.kravolution.com\/fr\/#website"},"datePublished":"2017-10-16T11:27:07+00:00","dateModified":"2018-05-08T00:34:07+00:00","description":"Train Krav Maga in Bonn Beuel \u2013 The Federal City of Bonn is a city on the banks of the Rhine in the German state of North Rhine-Westphalia.","breadcrumb":{"@id":"https:\/\/www.kravolution.com\/fr\/schools\/bonn-beuel\/#breadcrumb"},"inLanguage":"fr-FR","potentialAction":[{"@type":"ReadAction","target":["https:\/\/www.kravolution.com\/fr\/schools\/bonn-beuel\/"]}]},{"@type":"BreadcrumbList","@id":"https:\/\/www.kravolution.com\/fr\/schools\/bonn-beuel\/#breadcrumb","itemListElement":[{"@type":"ListItem","position":1,"name":"Home","item":"https:\/\/www.kravolution.com\/fr\/"},{"@type":"ListItem","position":2,"name":"\u00c9coles","item":"https:\/\/www.kravolution.com\/fr\/schools\/"},{"@type":"ListItem","position":3,"name":"Bonn Beuel"}]},{"@type":"WebSite","@id":"https:\/\/www.kravolution.com\/fr\/#website","url":"https:\/\/www.kravolution.com\/fr\/","name":"KRAVolution","description":"Krav Maga modern israeli selfdefense system","potentialAction":[{"@type":"SearchAction","target":{"@type":"EntryPoint","urlTemplate":"https:\/\/www.kravolution.com\/fr\/?s={search_term_string}"},"query-input":"required name=search_term_string"}],"inLanguage":"fr-FR"}]}},"_links":{"self":[{"href":"https:\/\/www.kravolution.com\/fr\/wp-json\/wp\/v2\/pages\/4173"}],"collection":[{"href":"https:\/\/www.kravolution.com\/fr\/wp-json\/wp\/v2\/pages"}],"about":[{"href":"https:\/\/www.kravolution.com\/fr\/wp-json\/wp\/v2\/types\/page"}],"author":[{"embeddable":true,"href":"https:\/\/www.kravolution.com\/fr\/wp-json\/wp\/v2\/users\/7"}],"replies":[{"embeddable":true,"href":"https:\/\/www.kravolution.com\/fr\/wp-json\/wp\/v2\/comments?post=4173"}],"version-history":[{"count":2,"href":"https:\/\/www.kravolution.com\/fr\/wp-json\/wp\/v2\/pages\/4173\/revisions"}],"predecessor-version":[{"id":4332,"href":"https:\/\/www.kravolution.com\/fr\/wp-json\/wp\/v2\/pages\/4173\/revisions\/4332"}],"up":[{"embeddable":true,"href":"https:\/\/www.kravolution.com\/fr\/wp-json\/wp\/v2\/pages\/3163"}],"wp:attachment":[{"href":"https:\/\/www.kravolution.com\/fr\/wp-json\/wp\/v2\/media?parent=4173"}],"curies":[{"name":"wp","href":"https:\/\/api.w.org\/{rel}","templated":true}]}}