{"id":4132,"date":"2017-11-10T16:23:02","date_gmt":"2017-11-10T15:23:02","guid":{"rendered":"https:\/\/wwwv2.kravolution.com\/schools\/poway\/"},"modified":"2018-05-08T03:38:17","modified_gmt":"2018-05-08T01:38:17","slug":"poway","status":"publish","type":"page","link":"https:\/\/www.kravolution.com\/fr\/schools\/poway\/","title":{"rendered":"Poway (CA)"},"content":{"rendered":"<p>Alpha Force Krav Maga est une \u00e9quipe d&rsquo;instructeurs passionn\u00e9s de krav maga et de pratiquants qui croient en nos valeurs fondamentales: Int\u00e9grit\u00e9, Loyaut\u00e9 et Force. Nous nous effor\u00e7ons d&rsquo;inspirer les \u00e9tudiants \u00e0 trouver leur esprit combatif, les habiliter avec des outils et des techniques et les d\u00e9velopper en tant qu&rsquo;individus capables d&rsquo;aider et de d\u00e9fendre les autres.<\/p>\n","protected":false},"excerpt":{"rendered":"Alpha Force Krav Maga est une \u00e9quipe d&rsquo;instructeurs passionn\u00e9s de krav maga et de pratiquants qui croient en nos valeurs [&hellip;]","protected":false},"author":7,"featured_media":0,"parent":3163,"menu_order":19,"comment_status":"closed","ping_status":"closed","template":"page-school.php","meta":{"_et_pb_use_builder":"","_et_pb_old_content":"","_et_gb_content_width":"","_mi_skip_tracking":false},"acf":[],"yoast_head":"<!-- This site is optimized with the Yoast SEO plugin v19.13 - https:\/\/yoast.com\/wordpress\/plugins\/seo\/ -->\n<title>Poway (CA) - KRAVolution<\/title>\n<meta name=\"description\" content=\"Alpha Force Krav Maga est une \u00e9quipe d&#039;instructeurs passionn\u00e9s de krav maga et de pratiquants qui croient en nos valeurs fondamentales: Int\u00e9grit\u00e9, Loyaut\u00e9\" \/>\n<meta name=\"robots\" content=\"index, follow, max-snippet:-1, max-image-preview:large, max-video-preview:-1\" \/>\n<link rel=\"canonical\" href=\"https:\/\/www.kravolution.com\/fr\/schools\/poway\/\" \/>\n<meta property=\"og:locale\" content=\"fr_FR\" \/>\n<meta property=\"og:type\" content=\"article\" \/>\n<meta property=\"og:title\" content=\"Poway (CA) - KRAVolution\" \/>\n<meta property=\"og:description\" content=\"Alpha Force Krav Maga est une \u00e9quipe d&#039;instructeurs passionn\u00e9s de krav maga et de pratiquants qui croient en nos valeurs fondamentales: Int\u00e9grit\u00e9, Loyaut\u00e9\" \/>\n<meta property=\"og:url\" content=\"https:\/\/www.kravolution.com\/fr\/schools\/poway\/\" \/>\n<meta property=\"og:site_name\" content=\"KRAVolution\" \/>\n<meta property=\"article:modified_time\" content=\"2018-05-08T01:38:17+00:00\" \/>\n<meta name=\"twitter:card\" content=\"summary_large_image\" \/>\n<script type=\"application\/ld+json\" class=\"yoast-schema-graph\">{\"@context\":\"https:\/\/schema.org\",\"@graph\":[{\"@type\":\"WebPage\",\"@id\":\"https:\/\/www.kravolution.com\/fr\/schools\/poway\/\",\"url\":\"https:\/\/www.kravolution.com\/fr\/schools\/poway\/\",\"name\":\"Poway (CA) - KRAVolution\",\"isPartOf\":{\"@id\":\"https:\/\/www.kravolution.com\/fr\/#website\"},\"datePublished\":\"2017-11-10T15:23:02+00:00\",\"dateModified\":\"2018-05-08T01:38:17+00:00\",\"description\":\"Alpha Force Krav Maga est une \u00e9quipe d'instructeurs passionn\u00e9s de krav maga et de pratiquants qui croient en nos valeurs fondamentales: Int\u00e9grit\u00e9, Loyaut\u00e9\",\"breadcrumb\":{\"@id\":\"https:\/\/www.kravolution.com\/fr\/schools\/poway\/#breadcrumb\"},\"inLanguage\":\"fr-FR\",\"potentialAction\":[{\"@type\":\"ReadAction\",\"target\":[\"https:\/\/www.kravolution.com\/fr\/schools\/poway\/\"]}]},{\"@type\":\"BreadcrumbList\",\"@id\":\"https:\/\/www.kravolution.com\/fr\/schools\/poway\/#breadcrumb\",\"itemListElement\":[{\"@type\":\"ListItem\",\"position\":1,\"name\":\"Home\",\"item\":\"https:\/\/www.kravolution.com\/fr\/\"},{\"@type\":\"ListItem\",\"position\":2,\"name\":\"\u00c9coles\",\"item\":\"https:\/\/www.kravolution.com\/fr\/schools\/\"},{\"@type\":\"ListItem\",\"position\":3,\"name\":\"Poway (CA)\"}]},{\"@type\":\"WebSite\",\"@id\":\"https:\/\/www.kravolution.com\/fr\/#website\",\"url\":\"https:\/\/www.kravolution.com\/fr\/\",\"name\":\"KRAVolution\",\"description\":\"Krav Maga modern israeli selfdefense system\",\"potentialAction\":[{\"@type\":\"SearchAction\",\"target\":{\"@type\":\"EntryPoint\",\"urlTemplate\":\"https:\/\/www.kravolution.com\/fr\/?s={search_term_string}\"},\"query-input\":\"required name=search_term_string\"}],\"inLanguage\":\"fr-FR\"}]}<\/script>\n<!-- \/ Yoast SEO plugin. -->","yoast_head_json":{"title":"Poway (CA) - KRAVolution","description":"Alpha Force Krav Maga est une \u00e9quipe d'instructeurs passionn\u00e9s de krav maga et de pratiquants qui croient en nos valeurs fondamentales: Int\u00e9grit\u00e9, Loyaut\u00e9","robots":{"index":"index","follow":"follow","max-snippet":"max-snippet:-1","max-image-preview":"max-image-preview:large","max-video-preview":"max-video-preview:-1"},"canonical":"https:\/\/www.kravolution.com\/fr\/schools\/poway\/","og_locale":"fr_FR","og_type":"article","og_title":"Poway (CA) - KRAVolution","og_description":"Alpha Force Krav Maga est une \u00e9quipe d'instructeurs passionn\u00e9s de krav maga et de pratiquants qui croient en nos valeurs fondamentales: Int\u00e9grit\u00e9, Loyaut\u00e9","og_url":"https:\/\/www.kravolution.com\/fr\/schools\/poway\/","og_site_name":"KRAVolution","article_modified_time":"2018-05-08T01:38:17+00:00","twitter_card":"summary_large_image","schema":{"@context":"https:\/\/schema.org","@graph":[{"@type":"WebPage","@id":"https:\/\/www.kravolution.com\/fr\/schools\/poway\/","url":"https:\/\/www.kravolution.com\/fr\/schools\/poway\/","name":"Poway (CA) - KRAVolution","isPartOf":{"@id":"https:\/\/www.kravolution.com\/fr\/#website"},"datePublished":"2017-11-10T15:23:02+00:00","dateModified":"2018-05-08T01:38:17+00:00","description":"Alpha Force Krav Maga est une \u00e9quipe d'instructeurs passionn\u00e9s de krav maga et de pratiquants qui croient en nos valeurs fondamentales: Int\u00e9grit\u00e9, Loyaut\u00e9","breadcrumb":{"@id":"https:\/\/www.kravolution.com\/fr\/schools\/poway\/#breadcrumb"},"inLanguage":"fr-FR","potentialAction":[{"@type":"ReadAction","target":["https:\/\/www.kravolution.com\/fr\/schools\/poway\/"]}]},{"@type":"BreadcrumbList","@id":"https:\/\/www.kravolution.com\/fr\/schools\/poway\/#breadcrumb","itemListElement":[{"@type":"ListItem","position":1,"name":"Home","item":"https:\/\/www.kravolution.com\/fr\/"},{"@type":"ListItem","position":2,"name":"\u00c9coles","item":"https:\/\/www.kravolution.com\/fr\/schools\/"},{"@type":"ListItem","position":3,"name":"Poway (CA)"}]},{"@type":"WebSite","@id":"https:\/\/www.kravolution.com\/fr\/#website","url":"https:\/\/www.kravolution.com\/fr\/","name":"KRAVolution","description":"Krav Maga modern israeli selfdefense system","potentialAction":[{"@type":"SearchAction","target":{"@type":"EntryPoint","urlTemplate":"https:\/\/www.kravolution.com\/fr\/?s={search_term_string}"},"query-input":"required name=search_term_string"}],"inLanguage":"fr-FR"}]}},"_links":{"self":[{"href":"https:\/\/www.kravolution.com\/fr\/wp-json\/wp\/v2\/pages\/4132"}],"collection":[{"href":"https:\/\/www.kravolution.com\/fr\/wp-json\/wp\/v2\/pages"}],"about":[{"href":"https:\/\/www.kravolution.com\/fr\/wp-json\/wp\/v2\/types\/page"}],"author":[{"embeddable":true,"href":"https:\/\/www.kravolution.com\/fr\/wp-json\/wp\/v2\/users\/7"}],"replies":[{"embeddable":true,"href":"https:\/\/www.kravolution.com\/fr\/wp-json\/wp\/v2\/comments?post=4132"}],"version-history":[{"count":1,"href":"https:\/\/www.kravolution.com\/fr\/wp-json\/wp\/v2\/pages\/4132\/revisions"}],"predecessor-version":[{"id":4354,"href":"https:\/\/www.kravolution.com\/fr\/wp-json\/wp\/v2\/pages\/4132\/revisions\/4354"}],"up":[{"embeddable":true,"href":"https:\/\/www.kravolution.com\/fr\/wp-json\/wp\/v2\/pages\/3163"}],"wp:attachment":[{"href":"https:\/\/www.kravolution.com\/fr\/wp-json\/wp\/v2\/media?parent=4132"}],"curies":[{"name":"wp","href":"https:\/\/api.w.org\/{rel}","templated":true}]}}