{"id":4046,"date":"2018-02-01T13:47:55","date_gmt":"2018-02-01T12:47:55","guid":{"rendered":"https:\/\/wwwv2.kravolution.com\/schools\/johannesburg\/"},"modified":"2018-05-09T10:54:55","modified_gmt":"2018-05-09T08:54:55","slug":"johannesburg","status":"publish","type":"page","link":"https:\/\/www.kravolution.com\/fr\/schools\/johannesburg\/","title":{"rendered":"Johannesburg"},"content":{"rendered":"<p><strong> Services:<br \/>\n<\/strong><\/p>\n<ul>\n<li>Fournit la direction principale, la formation et l&rsquo;examen du travail; organise et assigne le travail, \u00e9tablit les priorit\u00e9s et assure le suivi pour assurer la coordination et l&rsquo;ach\u00e8vement du travail assign\u00e9.<\/li>\n<li>Contribue \u00e0 la s\u00e9lection, \u00e0 l&rsquo;\u00e9valuation, \u00e0 la discipline et \u00e0 d&rsquo;autres questions de personnel.<\/li>\n<li>Coordonne les \u00e9valuations des besoins de s\u00e9curit\u00e9 des tribunaux et des organes judiciaires.<\/li>\n<li>\u00c9labore des plans de s\u00e9curit\u00e9, des programmes de pr\u00e9vention du crime, des plans d&rsquo;\u00e9vacuation et d&rsquo;autres mesures d&rsquo;intervention d&rsquo;urgence n\u00e9cessaires pour Metro ou d&rsquo;autres grandes installations.<\/li>\n<li>Coordonne les arrangements pour la s\u00e9curit\u00e9 n\u00e9cessaire pour les \u00e9v\u00e9nements sp\u00e9ciaux, les visites individuelles du chef de l&rsquo;\u00c9tat, et d&rsquo;autres, selon les besoins.<\/li>\n<li>Agit en tant que liaison sur les questions de s\u00e9curit\u00e9 entre les services de police locaux et les agences administratives.<\/li>\n<li>Coordonne les actions du personnel lorsque requis par la division des ressources humaines ou d&rsquo;autres directeurs de succursale.<\/li>\n<\/ul>\n","protected":false},"excerpt":{"rendered":"Services: Fournit la direction principale, la formation et l&rsquo;examen du travail; organise et assigne le travail, \u00e9tablit les priorit\u00e9s et [&hellip;]","protected":false},"author":7,"featured_media":0,"parent":3163,"menu_order":0,"comment_status":"closed","ping_status":"closed","template":"page-school.php","meta":{"_et_pb_use_builder":"","_et_pb_old_content":"","_et_gb_content_width":"","_mi_skip_tracking":false},"acf":[],"yoast_head":"<!-- This site is optimized with the Yoast SEO plugin v19.13 - https:\/\/yoast.com\/wordpress\/plugins\/seo\/ -->\n<title>Johannesburg - KRAVolution<\/title>\n<meta name=\"description\" content=\"Services: Fournit la direction principale, la formation et l&#039;examen du travail; organise et assigne le travail, \u00e9tablit les priorit\u00e9s et assure le suivi\" \/>\n<meta name=\"robots\" content=\"index, follow, max-snippet:-1, max-image-preview:large, max-video-preview:-1\" \/>\n<link rel=\"canonical\" href=\"https:\/\/www.kravolution.com\/fr\/schools\/johannesburg\/\" \/>\n<meta property=\"og:locale\" content=\"fr_FR\" \/>\n<meta property=\"og:type\" content=\"article\" \/>\n<meta property=\"og:title\" content=\"Johannesburg - KRAVolution\" \/>\n<meta property=\"og:description\" content=\"Services: Fournit la direction principale, la formation et l&#039;examen du travail; organise et assigne le travail, \u00e9tablit les priorit\u00e9s et assure le suivi\" \/>\n<meta property=\"og:url\" content=\"https:\/\/www.kravolution.com\/fr\/schools\/johannesburg\/\" \/>\n<meta property=\"og:site_name\" content=\"KRAVolution\" \/>\n<meta property=\"article:modified_time\" content=\"2018-05-09T08:54:55+00:00\" \/>\n<meta name=\"twitter:card\" content=\"summary_large_image\" \/>\n<meta name=\"twitter:label1\" content=\"Dur\u00e9e de lecture estim\u00e9e\" \/>\n\t<meta name=\"twitter:data1\" content=\"1 minute\" \/>\n<script type=\"application\/ld+json\" class=\"yoast-schema-graph\">{\"@context\":\"https:\/\/schema.org\",\"@graph\":[{\"@type\":\"WebPage\",\"@id\":\"https:\/\/www.kravolution.com\/fr\/schools\/johannesburg\/\",\"url\":\"https:\/\/www.kravolution.com\/fr\/schools\/johannesburg\/\",\"name\":\"Johannesburg - KRAVolution\",\"isPartOf\":{\"@id\":\"https:\/\/www.kravolution.com\/fr\/#website\"},\"datePublished\":\"2018-02-01T12:47:55+00:00\",\"dateModified\":\"2018-05-09T08:54:55+00:00\",\"description\":\"Services: Fournit la direction principale, la formation et l'examen du travail; organise et assigne le travail, \u00e9tablit les priorit\u00e9s et assure le suivi\",\"breadcrumb\":{\"@id\":\"https:\/\/www.kravolution.com\/fr\/schools\/johannesburg\/#breadcrumb\"},\"inLanguage\":\"fr-FR\",\"potentialAction\":[{\"@type\":\"ReadAction\",\"target\":[\"https:\/\/www.kravolution.com\/fr\/schools\/johannesburg\/\"]}]},{\"@type\":\"BreadcrumbList\",\"@id\":\"https:\/\/www.kravolution.com\/fr\/schools\/johannesburg\/#breadcrumb\",\"itemListElement\":[{\"@type\":\"ListItem\",\"position\":1,\"name\":\"Home\",\"item\":\"https:\/\/www.kravolution.com\/fr\/\"},{\"@type\":\"ListItem\",\"position\":2,\"name\":\"\u00c9coles\",\"item\":\"https:\/\/www.kravolution.com\/fr\/schools\/\"},{\"@type\":\"ListItem\",\"position\":3,\"name\":\"Johannesburg\"}]},{\"@type\":\"WebSite\",\"@id\":\"https:\/\/www.kravolution.com\/fr\/#website\",\"url\":\"https:\/\/www.kravolution.com\/fr\/\",\"name\":\"KRAVolution\",\"description\":\"Krav Maga modern israeli selfdefense system\",\"potentialAction\":[{\"@type\":\"SearchAction\",\"target\":{\"@type\":\"EntryPoint\",\"urlTemplate\":\"https:\/\/www.kravolution.com\/fr\/?s={search_term_string}\"},\"query-input\":\"required name=search_term_string\"}],\"inLanguage\":\"fr-FR\"}]}<\/script>\n<!-- \/ Yoast SEO plugin. -->","yoast_head_json":{"title":"Johannesburg - KRAVolution","description":"Services: Fournit la direction principale, la formation et l'examen du travail; organise et assigne le travail, \u00e9tablit les priorit\u00e9s et assure le suivi","robots":{"index":"index","follow":"follow","max-snippet":"max-snippet:-1","max-image-preview":"max-image-preview:large","max-video-preview":"max-video-preview:-1"},"canonical":"https:\/\/www.kravolution.com\/fr\/schools\/johannesburg\/","og_locale":"fr_FR","og_type":"article","og_title":"Johannesburg - KRAVolution","og_description":"Services: Fournit la direction principale, la formation et l'examen du travail; organise et assigne le travail, \u00e9tablit les priorit\u00e9s et assure le suivi","og_url":"https:\/\/www.kravolution.com\/fr\/schools\/johannesburg\/","og_site_name":"KRAVolution","article_modified_time":"2018-05-09T08:54:55+00:00","twitter_card":"summary_large_image","twitter_misc":{"Dur\u00e9e de lecture estim\u00e9e":"1 minute"},"schema":{"@context":"https:\/\/schema.org","@graph":[{"@type":"WebPage","@id":"https:\/\/www.kravolution.com\/fr\/schools\/johannesburg\/","url":"https:\/\/www.kravolution.com\/fr\/schools\/johannesburg\/","name":"Johannesburg - KRAVolution","isPartOf":{"@id":"https:\/\/www.kravolution.com\/fr\/#website"},"datePublished":"2018-02-01T12:47:55+00:00","dateModified":"2018-05-09T08:54:55+00:00","description":"Services: Fournit la direction principale, la formation et l'examen du travail; organise et assigne le travail, \u00e9tablit les priorit\u00e9s et assure le suivi","breadcrumb":{"@id":"https:\/\/www.kravolution.com\/fr\/schools\/johannesburg\/#breadcrumb"},"inLanguage":"fr-FR","potentialAction":[{"@type":"ReadAction","target":["https:\/\/www.kravolution.com\/fr\/schools\/johannesburg\/"]}]},{"@type":"BreadcrumbList","@id":"https:\/\/www.kravolution.com\/fr\/schools\/johannesburg\/#breadcrumb","itemListElement":[{"@type":"ListItem","position":1,"name":"Home","item":"https:\/\/www.kravolution.com\/fr\/"},{"@type":"ListItem","position":2,"name":"\u00c9coles","item":"https:\/\/www.kravolution.com\/fr\/schools\/"},{"@type":"ListItem","position":3,"name":"Johannesburg"}]},{"@type":"WebSite","@id":"https:\/\/www.kravolution.com\/fr\/#website","url":"https:\/\/www.kravolution.com\/fr\/","name":"KRAVolution","description":"Krav Maga modern israeli selfdefense system","potentialAction":[{"@type":"SearchAction","target":{"@type":"EntryPoint","urlTemplate":"https:\/\/www.kravolution.com\/fr\/?s={search_term_string}"},"query-input":"required name=search_term_string"}],"inLanguage":"fr-FR"}]}},"_links":{"self":[{"href":"https:\/\/www.kravolution.com\/fr\/wp-json\/wp\/v2\/pages\/4046"}],"collection":[{"href":"https:\/\/www.kravolution.com\/fr\/wp-json\/wp\/v2\/pages"}],"about":[{"href":"https:\/\/www.kravolution.com\/fr\/wp-json\/wp\/v2\/types\/page"}],"author":[{"embeddable":true,"href":"https:\/\/www.kravolution.com\/fr\/wp-json\/wp\/v2\/users\/7"}],"replies":[{"embeddable":true,"href":"https:\/\/www.kravolution.com\/fr\/wp-json\/wp\/v2\/comments?post=4046"}],"version-history":[{"count":4,"href":"https:\/\/www.kravolution.com\/fr\/wp-json\/wp\/v2\/pages\/4046\/revisions"}],"predecessor-version":[{"id":4427,"href":"https:\/\/www.kravolution.com\/fr\/wp-json\/wp\/v2\/pages\/4046\/revisions\/4427"}],"up":[{"embeddable":true,"href":"https:\/\/www.kravolution.com\/fr\/wp-json\/wp\/v2\/pages\/3163"}],"wp:attachment":[{"href":"https:\/\/www.kravolution.com\/fr\/wp-json\/wp\/v2\/media?parent=4046"}],"curies":[{"name":"wp","href":"https:\/\/api.w.org\/{rel}","templated":true}]}}