{"id":3681,"date":"2016-12-02T17:24:50","date_gmt":"2016-12-02T16:24:50","guid":{"rendered":"https:\/\/wwwv2.kravolution.com\/imprint\/"},"modified":"2024-02-19T13:06:52","modified_gmt":"2024-02-19T12:06:52","slug":"imprint","status":"publish","type":"page","link":"https:\/\/www.kravolution.com\/fr\/imprint\/","title":{"rendered":"Imprint"},"content":{"rendered":"<p><strong>Responsable selon l&rsquo;article 6 TDG :<\/strong><\/p>\n<p><strong>Kravolution AG\u00a0<\/strong>(ci-apr\u00e8s d\u00e9nomm\u00e9e \u00ab\u00a0Kravolution\u00a0\u00bb)<br \/>\n<span class=\"b z c d e ab f g ac h i j ae k l af m ag n o ah p ui-provider q ai r aj s t ak u v w x a y\" dir=\"ltr\">Steinbruchhof 4<br \/>\n<\/span><span class=\"b z c d e ab f g ac h i j ae k l af m ag n o ah p ui-provider q ai r aj s t ak u v w x a y\" dir=\"ltr\">CH-6012 Obernau<br \/>\n<\/span>E-Mail: <a href=\"mailto:info@kravolution.com\">info@kravolution.com<\/a><\/p>\n<p>Enregistr\u00e9 sous le num\u00e9ro CHE-193.812.977<br \/>\nCanton Zug, Suisse<\/p>\n<p><strong>Contenu<\/strong><br \/>\nLe contenu de ces pages a \u00e9t\u00e9 soigneusement \u00e9dit\u00e9 et v\u00e9rifi\u00e9. Toutefois, Kravolution ne garantit pas l&rsquo;actualit\u00e9, l&rsquo;exactitude, l&rsquo;exhaustivit\u00e9 ou la qualit\u00e9 des informations fournies.<br \/>\nLes demandes en responsabilit\u00e9 contre Kravolution concernant les dommages caus\u00e9s par l&rsquo;utilisation de toute information fournie, y compris tout type d&rsquo;information incompl\u00e8te ou incorrecte, seront donc rejet\u00e9es, sauf s&rsquo;il peut \u00eatre prouv\u00e9 que Kravolution a agi intentionnellement ou avec une n\u00e9gligence grave.<br \/>\nKravolution se r\u00e9serve express\u00e9ment le droit de changer, modifier, supprimer ou cesser la publication de parties du site ou de l&rsquo;ensemble du site sans avis pr\u00e9alable.<\/p>\n<p>Nous tenons \u00e0 souligner que votre adresse IP nous sera communiqu\u00e9e lorsque vous nous enverrez le formulaire de contact.<\/p>\n<p><strong>Liens<\/strong><br \/>\nDans la mesure o\u00f9 Kravolution renvoie directement ou indirectement \u00e0 des sites web externes (\u00ab\u00a0liens\u00a0\u00bb), Kravolution n&rsquo;est responsable que si Kravolution a une connaissance exacte du contenu et s&rsquo;il est techniquement possible et raisonnable pour Kravolution d&#8217;emp\u00eacher l&rsquo;utilisation en cas de contenu ill\u00e9gal.<br \/>\nKravolution d\u00e9clare express\u00e9ment par la pr\u00e9sente qu&rsquo;au moment de la cr\u00e9ation du lien, les pages li\u00e9es ne contenaient aucun contenu ill\u00e9gal. Kravolution n&rsquo;a aucune influence sur la conception actuelle et future des pages li\u00e9es. C&rsquo;est pourquoi Kravolution se distancie express\u00e9ment de toute modification du contenu des pages li\u00e9es qui serait effectu\u00e9e apr\u00e8s la mise en place du lien. Cela s&rsquo;applique \u00e9galement aux entr\u00e9es externes dans les livres d&rsquo;or, les forums de discussion et les listes de diffusion mis en place par Kravolution.<br \/>\nKravolution n&rsquo;est pas responsable du contenu, de la disponibilit\u00e9, de l&rsquo;exactitude et de la pr\u00e9cision des pages li\u00e9es, de leurs offres, liens ou publicit\u00e9s. Kravolution n&rsquo;est pas responsable des contenus ill\u00e9gaux, erron\u00e9s ou incomplets et en particulier des dommages r\u00e9sultant de l&rsquo;utilisation ou de la non-utilisation des informations propos\u00e9es sur les pages li\u00e9es.<\/p>\n<p><strong>Copyright<\/strong><br \/>\nKravolution AG s&rsquo;efforce de respecter les droits d&rsquo;auteur applicables dans toutes les publications. Si une violation du droit d&rsquo;auteur devait n\u00e9anmoins se produire, Kravolution AG retirera l&rsquo;objet en question de sa publication apr\u00e8s notification ou le marquera avec le droit d&rsquo;auteur appropri\u00e9.<br \/>\nToutes les marques et marques d\u00e9pos\u00e9es mentionn\u00e9es sur le site web et, le cas \u00e9ch\u00e9ant, prot\u00e9g\u00e9es par des tiers, sont soumises sans restriction aux dispositions du droit des marques applicable et aux droits de propri\u00e9t\u00e9 des propri\u00e9taires enregistr\u00e9s respectifs. La simple mention d&rsquo;une marque n&rsquo;implique pas qu&rsquo;elle n&rsquo;est pas prot\u00e9g\u00e9e par les droits des tiers.<br \/>\nLes droits d&rsquo;auteur pour les propres contenus de la Kravolution AG sont uniquement r\u00e9serv\u00e9s \u00e0 la Kravolution AG. Toute duplication ou utilisation d&rsquo;objets tels que des diagrammes, des sons ou des textes dans d&rsquo;autres publications \u00e9lectroniques ou imprim\u00e9es n&rsquo;est pas autoris\u00e9e sans l&rsquo;accord de Kravolution AG.<\/p>\n<p><strong>Validit\u00e9 juridique<\/strong><br \/>\nLa pr\u00e9sente clause de non-responsabilit\u00e9 doit \u00eatre consid\u00e9r\u00e9e comme faisant partie de la publication Internet qui vous a renvoy\u00e9 \u00e0 cette page. Si certaines parties ou certains termes de cette d\u00e9claration ne sont pas l\u00e9gaux ou corrects, le contenu ou la validit\u00e9 des autres parties ne sont pas affect\u00e9s par ce fait.<\/p>\n<p><strong>R\u00e8glement alternatif des litiges conform\u00e9ment \u00e0 l&rsquo;article 14, paragraphe 1, du r\u00e8glement de l&rsquo;ODR et \u00e0 l&rsquo;article 36 de la VSBG :<\/strong><br \/>\nLa Commission europ\u00e9enne propose une plateforme de r\u00e8glement des litiges en ligne (OS), que vous pouvez trouver \u00e0 l&rsquo;adresse <a href=\"http:\/\/ec.europa.eu\/consumers\/odr\/\">http:\/\/ec.europa.eu\/consumers\/odr\/<\/a>. Nous ne sommes pas oblig\u00e9s de participer \u00e0 une proc\u00e9dure de r\u00e8glement des litiges devant une commission d&rsquo;arbitrage pour les consommateurs et ne sommes g\u00e9n\u00e9ralement pas dispos\u00e9s \u00e0 le faire.<\/p>\n","protected":false},"excerpt":{"rendered":"Responsable selon l&rsquo;article 6 TDG : Kravolution AG\u00a0(ci-apr\u00e8s d\u00e9nomm\u00e9e \u00ab\u00a0Kravolution\u00a0\u00bb) Steinbruchhof 4 CH-6012 Obernau E-Mail: info@kravolution.com Enregistr\u00e9 sous le num\u00e9ro [&hellip;]","protected":false},"author":7,"featured_media":0,"parent":0,"menu_order":0,"comment_status":"closed","ping_status":"closed","template":"","meta":{"_et_pb_use_builder":"","_et_pb_old_content":"","_et_gb_content_width":"","_mi_skip_tracking":false},"acf":[],"yoast_head":"<!-- This site is optimized with the Yoast SEO plugin v19.13 - https:\/\/yoast.com\/wordpress\/plugins\/seo\/ -->\n<title>Imprint - KRAVolution<\/title>\n<meta name=\"description\" content=\"Responsable selon l&#039;article 6 TDG : Kravolution AG\u00a0(ci-apr\u00e8s d\u00e9nomm\u00e9e &quot;Kravolution&quot;) Steinbruchhof 4 CH-6012 Obernau E-Mail: info@kravolution.com\" \/>\n<meta name=\"robots\" content=\"index, follow, max-snippet:-1, max-image-preview:large, max-video-preview:-1\" \/>\n<link rel=\"canonical\" href=\"https:\/\/www.kravolution.com\/fr\/imprint\/\" \/>\n<meta property=\"og:locale\" content=\"fr_FR\" \/>\n<meta property=\"og:type\" content=\"article\" \/>\n<meta property=\"og:title\" content=\"Imprint - KRAVolution\" \/>\n<meta property=\"og:description\" content=\"Responsable selon l&#039;article 6 TDG : Kravolution AG\u00a0(ci-apr\u00e8s d\u00e9nomm\u00e9e &quot;Kravolution&quot;) Steinbruchhof 4 CH-6012 Obernau E-Mail: info@kravolution.com\" \/>\n<meta property=\"og:url\" content=\"https:\/\/www.kravolution.com\/fr\/imprint\/\" \/>\n<meta property=\"og:site_name\" content=\"KRAVolution\" \/>\n<meta property=\"article:modified_time\" content=\"2024-02-19T12:06:52+00:00\" \/>\n<meta name=\"twitter:card\" content=\"summary_large_image\" \/>\n<meta name=\"twitter:label1\" content=\"Dur\u00e9e de lecture estim\u00e9e\" \/>\n\t<meta name=\"twitter:data1\" content=\"3 minutes\" \/>\n<script type=\"application\/ld+json\" class=\"yoast-schema-graph\">{\"@context\":\"https:\/\/schema.org\",\"@graph\":[{\"@type\":\"WebPage\",\"@id\":\"https:\/\/www.kravolution.com\/fr\/imprint\/\",\"url\":\"https:\/\/www.kravolution.com\/fr\/imprint\/\",\"name\":\"Imprint - KRAVolution\",\"isPartOf\":{\"@id\":\"https:\/\/www.kravolution.com\/fr\/#website\"},\"datePublished\":\"2016-12-02T16:24:50+00:00\",\"dateModified\":\"2024-02-19T12:06:52+00:00\",\"description\":\"Responsable selon l'article 6 TDG : Kravolution AG\u00a0(ci-apr\u00e8s d\u00e9nomm\u00e9e \\\"Kravolution\\\") Steinbruchhof 4 CH-6012 Obernau E-Mail: info@kravolution.com\",\"breadcrumb\":{\"@id\":\"https:\/\/www.kravolution.com\/fr\/imprint\/#breadcrumb\"},\"inLanguage\":\"fr-FR\",\"potentialAction\":[{\"@type\":\"ReadAction\",\"target\":[\"https:\/\/www.kravolution.com\/fr\/imprint\/\"]}]},{\"@type\":\"BreadcrumbList\",\"@id\":\"https:\/\/www.kravolution.com\/fr\/imprint\/#breadcrumb\",\"itemListElement\":[{\"@type\":\"ListItem\",\"position\":1,\"name\":\"Home\",\"item\":\"https:\/\/www.kravolution.com\/fr\/\"},{\"@type\":\"ListItem\",\"position\":2,\"name\":\"Imprint\"}]},{\"@type\":\"WebSite\",\"@id\":\"https:\/\/www.kravolution.com\/fr\/#website\",\"url\":\"https:\/\/www.kravolution.com\/fr\/\",\"name\":\"KRAVolution\",\"description\":\"Krav Maga modern israeli selfdefense system\",\"potentialAction\":[{\"@type\":\"SearchAction\",\"target\":{\"@type\":\"EntryPoint\",\"urlTemplate\":\"https:\/\/www.kravolution.com\/fr\/?s={search_term_string}\"},\"query-input\":\"required name=search_term_string\"}],\"inLanguage\":\"fr-FR\"}]}<\/script>\n<!-- \/ Yoast SEO plugin. -->","yoast_head_json":{"title":"Imprint - KRAVolution","description":"Responsable selon l'article 6 TDG : Kravolution AG\u00a0(ci-apr\u00e8s d\u00e9nomm\u00e9e \"Kravolution\") Steinbruchhof 4 CH-6012 Obernau E-Mail: info@kravolution.com","robots":{"index":"index","follow":"follow","max-snippet":"max-snippet:-1","max-image-preview":"max-image-preview:large","max-video-preview":"max-video-preview:-1"},"canonical":"https:\/\/www.kravolution.com\/fr\/imprint\/","og_locale":"fr_FR","og_type":"article","og_title":"Imprint - KRAVolution","og_description":"Responsable selon l'article 6 TDG : Kravolution AG\u00a0(ci-apr\u00e8s d\u00e9nomm\u00e9e \"Kravolution\") Steinbruchhof 4 CH-6012 Obernau E-Mail: info@kravolution.com","og_url":"https:\/\/www.kravolution.com\/fr\/imprint\/","og_site_name":"KRAVolution","article_modified_time":"2024-02-19T12:06:52+00:00","twitter_card":"summary_large_image","twitter_misc":{"Dur\u00e9e de lecture estim\u00e9e":"3 minutes"},"schema":{"@context":"https:\/\/schema.org","@graph":[{"@type":"WebPage","@id":"https:\/\/www.kravolution.com\/fr\/imprint\/","url":"https:\/\/www.kravolution.com\/fr\/imprint\/","name":"Imprint - KRAVolution","isPartOf":{"@id":"https:\/\/www.kravolution.com\/fr\/#website"},"datePublished":"2016-12-02T16:24:50+00:00","dateModified":"2024-02-19T12:06:52+00:00","description":"Responsable selon l'article 6 TDG : Kravolution AG\u00a0(ci-apr\u00e8s d\u00e9nomm\u00e9e \"Kravolution\") Steinbruchhof 4 CH-6012 Obernau E-Mail: info@kravolution.com","breadcrumb":{"@id":"https:\/\/www.kravolution.com\/fr\/imprint\/#breadcrumb"},"inLanguage":"fr-FR","potentialAction":[{"@type":"ReadAction","target":["https:\/\/www.kravolution.com\/fr\/imprint\/"]}]},{"@type":"BreadcrumbList","@id":"https:\/\/www.kravolution.com\/fr\/imprint\/#breadcrumb","itemListElement":[{"@type":"ListItem","position":1,"name":"Home","item":"https:\/\/www.kravolution.com\/fr\/"},{"@type":"ListItem","position":2,"name":"Imprint"}]},{"@type":"WebSite","@id":"https:\/\/www.kravolution.com\/fr\/#website","url":"https:\/\/www.kravolution.com\/fr\/","name":"KRAVolution","description":"Krav Maga modern israeli selfdefense system","potentialAction":[{"@type":"SearchAction","target":{"@type":"EntryPoint","urlTemplate":"https:\/\/www.kravolution.com\/fr\/?s={search_term_string}"},"query-input":"required name=search_term_string"}],"inLanguage":"fr-FR"}]}},"_links":{"self":[{"href":"https:\/\/www.kravolution.com\/fr\/wp-json\/wp\/v2\/pages\/3681"}],"collection":[{"href":"https:\/\/www.kravolution.com\/fr\/wp-json\/wp\/v2\/pages"}],"about":[{"href":"https:\/\/www.kravolution.com\/fr\/wp-json\/wp\/v2\/types\/page"}],"author":[{"embeddable":true,"href":"https:\/\/www.kravolution.com\/fr\/wp-json\/wp\/v2\/users\/7"}],"replies":[{"embeddable":true,"href":"https:\/\/www.kravolution.com\/fr\/wp-json\/wp\/v2\/comments?post=3681"}],"version-history":[{"count":7,"href":"https:\/\/www.kravolution.com\/fr\/wp-json\/wp\/v2\/pages\/3681\/revisions"}],"predecessor-version":[{"id":29889,"href":"https:\/\/www.kravolution.com\/fr\/wp-json\/wp\/v2\/pages\/3681\/revisions\/29889"}],"wp:attachment":[{"href":"https:\/\/www.kravolution.com\/fr\/wp-json\/wp\/v2\/media?parent=3681"}],"curies":[{"name":"wp","href":"https:\/\/api.w.org\/{rel}","templated":true}]}}