{"id":3392,"date":"2016-12-01T17:41:02","date_gmt":"2016-12-01T16:41:02","guid":{"rendered":"https:\/\/wwwv2.kravolution.com\/divisions\/military-krav-maga\/"},"modified":"2018-05-11T10:15:56","modified_gmt":"2018-05-11T08:15:56","slug":"division-militaire","status":"publish","type":"page","link":"https:\/\/www.kravolution.com\/fr\/divisions\/division-militaire\/","title":{"rendered":"Division Militaire"},"content":{"rendered":"<h2>Division Militaire<\/h2>\n<p><img decoding=\"async\" loading=\"lazy\" class=\"img-responsive wp-image-1132 size-full\" src=\"https:\/\/www.kravolution.com\/wp-content\/uploads\/2016\/12\/military-division.jpg\" alt=\"Military Krav Maga\" width=\"1135\" height=\"375\" srcset=\"https:\/\/www.kravolution.com\/wp-content\/uploads\/2016\/12\/military-division.jpg 1135w, https:\/\/www.kravolution.com\/wp-content\/uploads\/2016\/12\/military-division-300x99.jpg 300w, https:\/\/www.kravolution.com\/wp-content\/uploads\/2016\/12\/military-division-768x254.jpg 768w, https:\/\/www.kravolution.com\/wp-content\/uploads\/2016\/12\/military-division-1024x338.jpg 1024w\" sizes=\"(max-width: 1135px) 100vw, 1135px\" \/><\/p>\n<p>KRAVolution Krav Maga Militaire est la forme initiale de ce syst\u00e8me moderne de combat rapproch\u00e9, con\u00e7u initialement pour l\u2019arm\u00e9e isra\u00e9lienne (IDF). De nos jours, elle continue \u00e0 \u00eatre utilis\u00e9e pour l\u2019entra\u00eenement d\u2019un grand nombre d\u2019unit\u00e9s militaires et d\u2019unit\u00e9s sp\u00e9ciales de la police et \u00e0 \u00eatre d\u00e9velopp\u00e9e r\u00e9guli\u00e8rement pour inclure les exp\u00e9riences v\u00e9cues lors de \u00ab\u00a0missions r\u00e9elles\u00a0\u00bb.<\/p>\n<p><span class=\"highlight\" style=\"font-weight: 350; font-size: 130%;\">Plus vous transpirez \u00e0 l&rsquo;entra\u00eenement, moins vous saignez dans la bataille.<\/span><\/p>\n<p>Dans la <a href=\"https:\/\/www.kravolution.com\/fr\/divisions\/krav-maga-civil\/\"><u>variante civile<\/u><\/a>, il s\u2019agit de prendre la fuite le plus vite possible. Dans la variante <a href=\"https:\/\/www.kravolution.com\/fr\/divisions\/devision-forces-de-lordre\/\">Law Enforcement<\/a> dans la mesure de la situation, il s\u2019agit de mettre au sol l\u2019adversaire et de l\u2019immobiliser. Dans la variante militaire toutefois, le but recherch\u00e9 est de neutraliser l\u2019adversaire le plus vite possible afin de pouvoir continuer \u00e0 ex\u00e9cuter la mission dont on est charg\u00e9.<\/p>\n<p>Les soldats sont instruits \u00e0 r\u00e9agir correctement dans des conditions de pression physique et psychique et \u00e0 se comporter de fa\u00e7on tactique. Il s\u2019agit donc dans le cours de Krav Maga de d\u00e9velopper le \u00ab\u00a0Mindset\u00a0\u00bb tactique c\u2019est-\u00e0-dire la force mentale aussi bien que leurs aptitudes techniques \u00e0 l\u2019autod\u00e9fense.<\/p>\n<p>On peut r\u00e9sumer le principe comme suit: <strong>bas-toi, fuis mais ne reste pas fig\u00e9!<\/strong><\/p>\n<p><strong>Les points essentiels de KRAVolution Military Division pour un entra\u00eenement global de s\u00e9curit\u00e9 et d\u2019autod\u00e9fense sont:<br \/>\n<\/strong><\/p>\n<ul>\n<li>Communication et langage corporel<\/li>\n<li>Comportement tactique en situation de conflit<\/li>\n<li>Travail d\u2019\u00e9quipe lors de l\u2019autod\u00e9fense<\/li>\n<li>Comportement lors d\u2019agression<\/li>\n<li>Techniques en situation de l\u00e9gitime d\u00e9fense et de d\u00e9tresse<\/li>\n<li>Autod\u00e9fense dans des pi\u00e8ces \u00e9troites, CQB training<\/li>\n<li>Autod\u00e9fense dans des conditions d\u00e9favorables, lumi\u00e8re faible ou obscurit\u00e9<\/li>\n<li>Techniques et tactiques d\u2019autod\u00e9fense pour l\u2019utilisation militaire<\/li>\n<li>Utilisation d\u2019objets courants, donc armes courtes ou longues utilis\u00e9 par ex. comme objet contre un ou plusieurs agresseurs<\/li>\n<li>ontrecarrer les attaques au couteau<\/li>\n<li>Contrecarrer les menaces avec armes \u00e0 feu<\/li>\n<li>Third Party Protection : d\u00e9fense des camarades<\/li>\n<li>En outre, des sc\u00e9narios de d\u00e9fense sont \u00e9tudi\u00e9s pour int\u00e9grer la pr\u00e9vention, la r\u00e9action et la d\u00e9fense dans les sc\u00e9narios de prise d\u2019otages et anti-terreur.<\/li>\n<\/ul>\n<p>&nbsp;<\/p>\n<p>Dans ce contexte, KRAVolution Krav Maga peut aussi se servir des exp\u00e9riences de ses instructeurs qui sont des soldats en service actif et qui ont d\u00e9j\u00e0 effectu\u00e9 plusieurs missions \u00e0 l\u2019\u00e9tranger. KRAVolution Military Krav Maga continue \u00e0 \u00e9voluer sur la base de ces exp\u00e9riences et s\u2019adapte aux menaces existant actuellement. KRAVolution peut \u00e9galement compter sur les longues ann\u00e9es d\u2019exp\u00e9rience de training avec des soldats en service actif dans diverses casernes militaires internationales.<\/p>\n<hr \/>\n<p>&nbsp;<\/p>\n","protected":false},"excerpt":{"rendered":"Division Militaire KRAVolution Krav Maga Militaire est la forme initiale de ce syst\u00e8me moderne de combat rapproch\u00e9, con\u00e7u initialement pour [&hellip;]","protected":false},"author":7,"featured_media":0,"parent":3286,"menu_order":0,"comment_status":"closed","ping_status":"closed","template":"","meta":{"_et_pb_use_builder":"","_et_pb_old_content":"","_et_gb_content_width":"","_mi_skip_tracking":false},"acf":[],"yoast_head":"<!-- This site is optimized with the Yoast SEO plugin v19.13 - https:\/\/yoast.com\/wordpress\/plugins\/seo\/ -->\n<title>Division Militaire - KRAVolution<\/title>\n<meta name=\"description\" content=\"Division Militaire KRAVolution Krav Maga Militaire est la forme initiale de ce syst\u00e8me moderne de combat rapproch\u00e9, con\u00e7u initialement pour l\u2019arm\u00e9e\" \/>\n<meta name=\"robots\" content=\"index, follow, max-snippet:-1, max-image-preview:large, max-video-preview:-1\" \/>\n<link rel=\"canonical\" href=\"https:\/\/www.kravolution.com\/fr\/divisions\/division-militaire\/\" \/>\n<meta property=\"og:locale\" content=\"fr_FR\" \/>\n<meta property=\"og:type\" content=\"article\" \/>\n<meta property=\"og:title\" content=\"Division Militaire - KRAVolution\" \/>\n<meta property=\"og:description\" content=\"Division Militaire KRAVolution Krav Maga Militaire est la forme initiale de ce syst\u00e8me moderne de combat rapproch\u00e9, con\u00e7u initialement pour l\u2019arm\u00e9e\" \/>\n<meta property=\"og:url\" content=\"https:\/\/www.kravolution.com\/fr\/divisions\/division-militaire\/\" \/>\n<meta property=\"og:site_name\" content=\"KRAVolution\" \/>\n<meta property=\"article:modified_time\" content=\"2018-05-11T08:15:56+00:00\" \/>\n<meta property=\"og:image\" content=\"https:\/\/www.kravolution.com\/wp-content\/uploads\/2016\/12\/military-division.jpg\" \/>\n<meta name=\"twitter:card\" content=\"summary_large_image\" \/>\n<meta name=\"twitter:label1\" content=\"Dur\u00e9e de lecture estim\u00e9e\" \/>\n\t<meta name=\"twitter:data1\" content=\"2 minutes\" \/>\n<script type=\"application\/ld+json\" class=\"yoast-schema-graph\">{\"@context\":\"https:\/\/schema.org\",\"@graph\":[{\"@type\":\"WebPage\",\"@id\":\"https:\/\/www.kravolution.com\/fr\/divisions\/division-militaire\/\",\"url\":\"https:\/\/www.kravolution.com\/fr\/divisions\/division-militaire\/\",\"name\":\"Division Militaire - KRAVolution\",\"isPartOf\":{\"@id\":\"https:\/\/www.kravolution.com\/fr\/#website\"},\"datePublished\":\"2016-12-01T16:41:02+00:00\",\"dateModified\":\"2018-05-11T08:15:56+00:00\",\"description\":\"Division Militaire KRAVolution Krav Maga Militaire est la forme initiale de ce syst\u00e8me moderne de combat rapproch\u00e9, con\u00e7u initialement pour l\u2019arm\u00e9e\",\"breadcrumb\":{\"@id\":\"https:\/\/www.kravolution.com\/fr\/divisions\/division-militaire\/#breadcrumb\"},\"inLanguage\":\"fr-FR\",\"potentialAction\":[{\"@type\":\"ReadAction\",\"target\":[\"https:\/\/www.kravolution.com\/fr\/divisions\/division-militaire\/\"]}]},{\"@type\":\"BreadcrumbList\",\"@id\":\"https:\/\/www.kravolution.com\/fr\/divisions\/division-militaire\/#breadcrumb\",\"itemListElement\":[{\"@type\":\"ListItem\",\"position\":1,\"name\":\"Home\",\"item\":\"https:\/\/www.kravolution.com\/fr\/\"},{\"@type\":\"ListItem\",\"position\":2,\"name\":\"Divisions\",\"item\":\"https:\/\/www.kravolution.com\/fr\/divisions\/\"},{\"@type\":\"ListItem\",\"position\":3,\"name\":\"Division Militaire\"}]},{\"@type\":\"WebSite\",\"@id\":\"https:\/\/www.kravolution.com\/fr\/#website\",\"url\":\"https:\/\/www.kravolution.com\/fr\/\",\"name\":\"KRAVolution\",\"description\":\"Krav Maga modern israeli selfdefense system\",\"potentialAction\":[{\"@type\":\"SearchAction\",\"target\":{\"@type\":\"EntryPoint\",\"urlTemplate\":\"https:\/\/www.kravolution.com\/fr\/?s={search_term_string}\"},\"query-input\":\"required name=search_term_string\"}],\"inLanguage\":\"fr-FR\"}]}<\/script>\n<!-- \/ Yoast SEO plugin. -->","yoast_head_json":{"title":"Division Militaire - KRAVolution","description":"Division Militaire KRAVolution Krav Maga Militaire est la forme initiale de ce syst\u00e8me moderne de combat rapproch\u00e9, con\u00e7u initialement pour l\u2019arm\u00e9e","robots":{"index":"index","follow":"follow","max-snippet":"max-snippet:-1","max-image-preview":"max-image-preview:large","max-video-preview":"max-video-preview:-1"},"canonical":"https:\/\/www.kravolution.com\/fr\/divisions\/division-militaire\/","og_locale":"fr_FR","og_type":"article","og_title":"Division Militaire - KRAVolution","og_description":"Division Militaire KRAVolution Krav Maga Militaire est la forme initiale de ce syst\u00e8me moderne de combat rapproch\u00e9, con\u00e7u initialement pour l\u2019arm\u00e9e","og_url":"https:\/\/www.kravolution.com\/fr\/divisions\/division-militaire\/","og_site_name":"KRAVolution","article_modified_time":"2018-05-11T08:15:56+00:00","og_image":[{"url":"https:\/\/www.kravolution.com\/wp-content\/uploads\/2016\/12\/military-division.jpg"}],"twitter_card":"summary_large_image","twitter_misc":{"Dur\u00e9e de lecture estim\u00e9e":"2 minutes"},"schema":{"@context":"https:\/\/schema.org","@graph":[{"@type":"WebPage","@id":"https:\/\/www.kravolution.com\/fr\/divisions\/division-militaire\/","url":"https:\/\/www.kravolution.com\/fr\/divisions\/division-militaire\/","name":"Division Militaire - KRAVolution","isPartOf":{"@id":"https:\/\/www.kravolution.com\/fr\/#website"},"datePublished":"2016-12-01T16:41:02+00:00","dateModified":"2018-05-11T08:15:56+00:00","description":"Division Militaire KRAVolution Krav Maga Militaire est la forme initiale de ce syst\u00e8me moderne de combat rapproch\u00e9, con\u00e7u initialement pour l\u2019arm\u00e9e","breadcrumb":{"@id":"https:\/\/www.kravolution.com\/fr\/divisions\/division-militaire\/#breadcrumb"},"inLanguage":"fr-FR","potentialAction":[{"@type":"ReadAction","target":["https:\/\/www.kravolution.com\/fr\/divisions\/division-militaire\/"]}]},{"@type":"BreadcrumbList","@id":"https:\/\/www.kravolution.com\/fr\/divisions\/division-militaire\/#breadcrumb","itemListElement":[{"@type":"ListItem","position":1,"name":"Home","item":"https:\/\/www.kravolution.com\/fr\/"},{"@type":"ListItem","position":2,"name":"Divisions","item":"https:\/\/www.kravolution.com\/fr\/divisions\/"},{"@type":"ListItem","position":3,"name":"Division Militaire"}]},{"@type":"WebSite","@id":"https:\/\/www.kravolution.com\/fr\/#website","url":"https:\/\/www.kravolution.com\/fr\/","name":"KRAVolution","description":"Krav Maga modern israeli selfdefense system","potentialAction":[{"@type":"SearchAction","target":{"@type":"EntryPoint","urlTemplate":"https:\/\/www.kravolution.com\/fr\/?s={search_term_string}"},"query-input":"required name=search_term_string"}],"inLanguage":"fr-FR"}]}},"_links":{"self":[{"href":"https:\/\/www.kravolution.com\/fr\/wp-json\/wp\/v2\/pages\/3392"}],"collection":[{"href":"https:\/\/www.kravolution.com\/fr\/wp-json\/wp\/v2\/pages"}],"about":[{"href":"https:\/\/www.kravolution.com\/fr\/wp-json\/wp\/v2\/types\/page"}],"author":[{"embeddable":true,"href":"https:\/\/www.kravolution.com\/fr\/wp-json\/wp\/v2\/users\/7"}],"replies":[{"embeddable":true,"href":"https:\/\/www.kravolution.com\/fr\/wp-json\/wp\/v2\/comments?post=3392"}],"version-history":[{"count":5,"href":"https:\/\/www.kravolution.com\/fr\/wp-json\/wp\/v2\/pages\/3392\/revisions"}],"predecessor-version":[{"id":4476,"href":"https:\/\/www.kravolution.com\/fr\/wp-json\/wp\/v2\/pages\/3392\/revisions\/4476"}],"up":[{"embeddable":true,"href":"https:\/\/www.kravolution.com\/fr\/wp-json\/wp\/v2\/pages\/3286"}],"wp:attachment":[{"href":"https:\/\/www.kravolution.com\/fr\/wp-json\/wp\/v2\/media?parent=3392"}],"curies":[{"name":"wp","href":"https:\/\/api.w.org\/{rel}","templated":true}]}}