{"id":3367,"date":"2017-09-20T17:58:01","date_gmt":"2017-09-20T15:58:01","guid":{"rendered":"https:\/\/wwwv2.kravolution.com\/divisions\/rescue-forces\/"},"modified":"2018-05-16T02:49:07","modified_gmt":"2018-05-16T00:49:07","slug":"forces-de-sauvetage","status":"publish","type":"page","link":"https:\/\/www.kravolution.com\/fr\/divisions\/forces-de-sauvetage\/","title":{"rendered":"Services de secours"},"content":{"rendered":"<h2><span id=\"result_box\" class=\"short_text\" lang=\"fr\"><span class=\"\">Services de secours<\/span><\/span><\/h2>\n<p><img decoding=\"async\" loading=\"lazy\" class=\"aligncenter size-full wp-image-1308\" src=\"https:\/\/www.kravolution.com\/wp-content\/uploads\/2017\/09\/Beitragsbilder-rescue-forces.jpg\" alt=\"Krav Maga Rescue Forces\" width=\"1135\" height=\"375\" srcset=\"https:\/\/www.kravolution.com\/wp-content\/uploads\/2017\/09\/Beitragsbilder-rescue-forces.jpg 1135w, https:\/\/www.kravolution.com\/wp-content\/uploads\/2017\/09\/Beitragsbilder-rescue-forces-300x99.jpg 300w, https:\/\/www.kravolution.com\/wp-content\/uploads\/2017\/09\/Beitragsbilder-rescue-forces-768x254.jpg 768w, https:\/\/www.kravolution.com\/wp-content\/uploads\/2017\/09\/Beitragsbilder-rescue-forces-1024x338.jpg 1024w\" sizes=\"(max-width: 1135px) 100vw, 1135px\" \/><\/p>\n<p>KRAVolution Rescue Forces est un concept sp\u00e9cial d\u2019entra\u00eenement des employ\u00e9s des pompiers et des services de secours, bas\u00e9 sur la Law Enforcement Division. La grande diff\u00e9rence r\u00e9side dans les diff\u00e9rentes bases juridiques. Un secouriste n\u2019est pas arm\u00e9 \u00e0 la diff\u00e9rence du policier. Toutefois, on constate que les forces de secours sont de plus en plus fr\u00e9quemment victimes d\u2019actes de violence. Il ne s\u2019agit plus seulement des insultes et de la violence verbale mais malheureusement de plus en plus souvent aussi d\u2019attaques violentes.<\/p>\n<p>Avec le Rescue Forces Training, on s\u2019occupe sp\u00e9cialement du comportement tactique sur le site op\u00e9rationnel. Il est souvent possible de d\u00e9tourner les agressions de fa\u00e7on pr\u00e9ventive. Cela ne n\u00e9cessite pas seulement une formation r\u00e9guli\u00e8re comme par exemple le s\u00e9minaire annuel de formation mais avant tout un entra\u00eenement r\u00e9gulier d\u2019autod\u00e9fense dans le temps libre. L\u00e0 on peut s\u2019entra\u00eener aux techniques de d\u00e9fense de Krav Maga. On peut les apprendre rapidement et effectivement et se les rappeler intuitivement dans le quotidien.<\/p>\n<p><strong>Les points essentiels de KRAVolution Rescue Forces Division pour un entra\u00eenement global de s\u00e9curit\u00e9 et d\u2019autod\u00e9fense sont:<br \/>\n<\/strong><\/p>\n<ul>\n<li>Communication et langage corporel<\/li>\n<li>Comportement tactique en situation de conflit<\/li>\n<li>Travail d\u2019\u00e9quipe lors de l\u2019autod\u00e9fense<\/li>\n<li>Comportement lors d\u2019agression<\/li>\n<li>Techniques en situation de l\u00e9gitime d\u00e9fense et de d\u00e9tresse<\/li>\n<li>Autod\u00e9fense dans des pi\u00e8ces \u00e9troites, CQB training<\/li>\n<li>Autod\u00e9fense dans des conditions d\u00e9favorables, lumi\u00e8re faible ou obscurit\u00e9<\/li>\n<li>Sc\u00e9narios de d\u00e9fense : pr\u00e9vention, r\u00e9action et d\u00e9fense contre les menaces avec couteau, b\u00e2ton ou armes \u00e0 feu<\/li>\n<\/ul>\n<p>&nbsp;<\/p>\n<p>Toutes les techniques sont con\u00e7ues de fa\u00e7on \u00e0 \u00eatre adapt\u00e9es \u00e0 la situation ad\u00e9quate. Etant donn\u00e9 que les membres des services de secours ne disposent pas d\u2019armes, il faut utiliser tous les moyens disponibles pour l\u2019autod\u00e9fense, comme par exemple le sac \u00e0 dos de sauvetage comme \u00ab\u00a0Common object\u00a0\u00bb. L\u2019\u00e9quipe KRAVolution Instructor se compose de membres actifs des services secours qui incluent chaque jour leurs exp\u00e9riences professionnelles dans l\u2019\u00e9volution de KRAVolution. De plus, l\u2019entra\u00eenement des forces de secours peut de ce fait \u00eatre organis\u00e9 tr\u00e8s pr\u00e8s de la r\u00e9alit\u00e9 puisqu\u2019on s\u2019entra\u00eene avec des coll\u00e8gues.<\/p>\n<hr \/>\n<p>&nbsp;<\/p>\n","protected":false},"excerpt":{"rendered":"Services de secours KRAVolution Rescue Forces est un concept sp\u00e9cial d\u2019entra\u00eenement des employ\u00e9s des pompiers et des services de secours, [&hellip;]","protected":false},"author":7,"featured_media":0,"parent":3286,"menu_order":0,"comment_status":"closed","ping_status":"closed","template":"","meta":{"_et_pb_use_builder":"","_et_pb_old_content":"","_et_gb_content_width":"","_mi_skip_tracking":false},"acf":[],"yoast_head":"<!-- This site is optimized with the Yoast SEO plugin v19.13 - https:\/\/yoast.com\/wordpress\/plugins\/seo\/ -->\n<title>Services de secours - KRAVolution<\/title>\n<meta name=\"description\" content=\"Services de secours KRAVolution Rescue Forces est un concept sp\u00e9cial d\u2019entra\u00eenement des employ\u00e9s des pompiers et des services de secours, bas\u00e9 sur la Law\" \/>\n<meta name=\"robots\" content=\"index, follow, max-snippet:-1, max-image-preview:large, max-video-preview:-1\" \/>\n<link rel=\"canonical\" href=\"https:\/\/www.kravolution.com\/fr\/divisions\/forces-de-sauvetage\/\" \/>\n<meta property=\"og:locale\" content=\"fr_FR\" \/>\n<meta property=\"og:type\" content=\"article\" \/>\n<meta property=\"og:title\" content=\"Services de secours - KRAVolution\" \/>\n<meta property=\"og:description\" content=\"Services de secours KRAVolution Rescue Forces est un concept sp\u00e9cial d\u2019entra\u00eenement des employ\u00e9s des pompiers et des services de secours, bas\u00e9 sur la Law\" \/>\n<meta property=\"og:url\" content=\"https:\/\/www.kravolution.com\/fr\/divisions\/forces-de-sauvetage\/\" \/>\n<meta property=\"og:site_name\" content=\"KRAVolution\" \/>\n<meta property=\"article:modified_time\" content=\"2018-05-16T00:49:07+00:00\" \/>\n<meta property=\"og:image\" content=\"https:\/\/www.kravolution.com\/wp-content\/uploads\/2017\/09\/Beitragsbilder-rescue-forces.jpg\" \/>\n<meta name=\"twitter:card\" content=\"summary_large_image\" \/>\n<meta name=\"twitter:label1\" content=\"Dur\u00e9e de lecture estim\u00e9e\" \/>\n\t<meta name=\"twitter:data1\" content=\"2 minutes\" \/>\n<script type=\"application\/ld+json\" class=\"yoast-schema-graph\">{\"@context\":\"https:\/\/schema.org\",\"@graph\":[{\"@type\":\"WebPage\",\"@id\":\"https:\/\/www.kravolution.com\/fr\/divisions\/forces-de-sauvetage\/\",\"url\":\"https:\/\/www.kravolution.com\/fr\/divisions\/forces-de-sauvetage\/\",\"name\":\"Services de secours - KRAVolution\",\"isPartOf\":{\"@id\":\"https:\/\/www.kravolution.com\/fr\/#website\"},\"datePublished\":\"2017-09-20T15:58:01+00:00\",\"dateModified\":\"2018-05-16T00:49:07+00:00\",\"description\":\"Services de secours KRAVolution Rescue Forces est un concept sp\u00e9cial d\u2019entra\u00eenement des employ\u00e9s des pompiers et des services de secours, bas\u00e9 sur la Law\",\"breadcrumb\":{\"@id\":\"https:\/\/www.kravolution.com\/fr\/divisions\/forces-de-sauvetage\/#breadcrumb\"},\"inLanguage\":\"fr-FR\",\"potentialAction\":[{\"@type\":\"ReadAction\",\"target\":[\"https:\/\/www.kravolution.com\/fr\/divisions\/forces-de-sauvetage\/\"]}]},{\"@type\":\"BreadcrumbList\",\"@id\":\"https:\/\/www.kravolution.com\/fr\/divisions\/forces-de-sauvetage\/#breadcrumb\",\"itemListElement\":[{\"@type\":\"ListItem\",\"position\":1,\"name\":\"Home\",\"item\":\"https:\/\/www.kravolution.com\/fr\/\"},{\"@type\":\"ListItem\",\"position\":2,\"name\":\"Divisions\",\"item\":\"https:\/\/www.kravolution.com\/fr\/divisions\/\"},{\"@type\":\"ListItem\",\"position\":3,\"name\":\"Services de secours\"}]},{\"@type\":\"WebSite\",\"@id\":\"https:\/\/www.kravolution.com\/fr\/#website\",\"url\":\"https:\/\/www.kravolution.com\/fr\/\",\"name\":\"KRAVolution\",\"description\":\"Krav Maga modern israeli selfdefense system\",\"potentialAction\":[{\"@type\":\"SearchAction\",\"target\":{\"@type\":\"EntryPoint\",\"urlTemplate\":\"https:\/\/www.kravolution.com\/fr\/?s={search_term_string}\"},\"query-input\":\"required name=search_term_string\"}],\"inLanguage\":\"fr-FR\"}]}<\/script>\n<!-- \/ Yoast SEO plugin. -->","yoast_head_json":{"title":"Services de secours - KRAVolution","description":"Services de secours KRAVolution Rescue Forces est un concept sp\u00e9cial d\u2019entra\u00eenement des employ\u00e9s des pompiers et des services de secours, bas\u00e9 sur la Law","robots":{"index":"index","follow":"follow","max-snippet":"max-snippet:-1","max-image-preview":"max-image-preview:large","max-video-preview":"max-video-preview:-1"},"canonical":"https:\/\/www.kravolution.com\/fr\/divisions\/forces-de-sauvetage\/","og_locale":"fr_FR","og_type":"article","og_title":"Services de secours - KRAVolution","og_description":"Services de secours KRAVolution Rescue Forces est un concept sp\u00e9cial d\u2019entra\u00eenement des employ\u00e9s des pompiers et des services de secours, bas\u00e9 sur la Law","og_url":"https:\/\/www.kravolution.com\/fr\/divisions\/forces-de-sauvetage\/","og_site_name":"KRAVolution","article_modified_time":"2018-05-16T00:49:07+00:00","og_image":[{"url":"https:\/\/www.kravolution.com\/wp-content\/uploads\/2017\/09\/Beitragsbilder-rescue-forces.jpg"}],"twitter_card":"summary_large_image","twitter_misc":{"Dur\u00e9e de lecture estim\u00e9e":"2 minutes"},"schema":{"@context":"https:\/\/schema.org","@graph":[{"@type":"WebPage","@id":"https:\/\/www.kravolution.com\/fr\/divisions\/forces-de-sauvetage\/","url":"https:\/\/www.kravolution.com\/fr\/divisions\/forces-de-sauvetage\/","name":"Services de secours - KRAVolution","isPartOf":{"@id":"https:\/\/www.kravolution.com\/fr\/#website"},"datePublished":"2017-09-20T15:58:01+00:00","dateModified":"2018-05-16T00:49:07+00:00","description":"Services de secours KRAVolution Rescue Forces est un concept sp\u00e9cial d\u2019entra\u00eenement des employ\u00e9s des pompiers et des services de secours, bas\u00e9 sur la Law","breadcrumb":{"@id":"https:\/\/www.kravolution.com\/fr\/divisions\/forces-de-sauvetage\/#breadcrumb"},"inLanguage":"fr-FR","potentialAction":[{"@type":"ReadAction","target":["https:\/\/www.kravolution.com\/fr\/divisions\/forces-de-sauvetage\/"]}]},{"@type":"BreadcrumbList","@id":"https:\/\/www.kravolution.com\/fr\/divisions\/forces-de-sauvetage\/#breadcrumb","itemListElement":[{"@type":"ListItem","position":1,"name":"Home","item":"https:\/\/www.kravolution.com\/fr\/"},{"@type":"ListItem","position":2,"name":"Divisions","item":"https:\/\/www.kravolution.com\/fr\/divisions\/"},{"@type":"ListItem","position":3,"name":"Services de secours"}]},{"@type":"WebSite","@id":"https:\/\/www.kravolution.com\/fr\/#website","url":"https:\/\/www.kravolution.com\/fr\/","name":"KRAVolution","description":"Krav Maga modern israeli selfdefense system","potentialAction":[{"@type":"SearchAction","target":{"@type":"EntryPoint","urlTemplate":"https:\/\/www.kravolution.com\/fr\/?s={search_term_string}"},"query-input":"required name=search_term_string"}],"inLanguage":"fr-FR"}]}},"_links":{"self":[{"href":"https:\/\/www.kravolution.com\/fr\/wp-json\/wp\/v2\/pages\/3367"}],"collection":[{"href":"https:\/\/www.kravolution.com\/fr\/wp-json\/wp\/v2\/pages"}],"about":[{"href":"https:\/\/www.kravolution.com\/fr\/wp-json\/wp\/v2\/types\/page"}],"author":[{"embeddable":true,"href":"https:\/\/www.kravolution.com\/fr\/wp-json\/wp\/v2\/users\/7"}],"replies":[{"embeddable":true,"href":"https:\/\/www.kravolution.com\/fr\/wp-json\/wp\/v2\/comments?post=3367"}],"version-history":[{"count":5,"href":"https:\/\/www.kravolution.com\/fr\/wp-json\/wp\/v2\/pages\/3367\/revisions"}],"predecessor-version":[{"id":4601,"href":"https:\/\/www.kravolution.com\/fr\/wp-json\/wp\/v2\/pages\/3367\/revisions\/4601"}],"up":[{"embeddable":true,"href":"https:\/\/www.kravolution.com\/fr\/wp-json\/wp\/v2\/pages\/3286"}],"wp:attachment":[{"href":"https:\/\/www.kravolution.com\/fr\/wp-json\/wp\/v2\/media?parent=3367"}],"curies":[{"name":"wp","href":"https:\/\/api.w.org\/{rel}","templated":true}]}}