{"id":3361,"date":"2017-10-23T14:10:54","date_gmt":"2017-10-23T12:10:54","guid":{"rendered":"https:\/\/wwwv2.kravolution.com\/divisions\/vip-security-division\/"},"modified":"2018-05-09T11:30:16","modified_gmt":"2018-05-09T09:30:16","slug":"vip-security-division","status":"publish","type":"page","link":"https:\/\/www.kravolution.com\/fr\/divisions\/vip-security-division\/","title":{"rendered":"VIP &#038; S\u00e9curit\u00e9 Division"},"content":{"rendered":"<h2>KRAVolution VIP &amp; S\u00e9curit\u00e9 Division<\/h2>\n<p><img decoding=\"async\" loading=\"lazy\" class=\"aligncenter size-full wp-image-4449\" src=\"https:\/\/wwwv2.kravolution.com\/wp-content\/uploads\/2018\/05\/VIP-division-01.jpg\" alt=\"\" width=\"1135\" height=\"375\" srcset=\"https:\/\/www.kravolution.com\/wp-content\/uploads\/2018\/05\/VIP-division-01.jpg 1135w, https:\/\/www.kravolution.com\/wp-content\/uploads\/2018\/05\/VIP-division-01-300x99.jpg 300w, https:\/\/www.kravolution.com\/wp-content\/uploads\/2018\/05\/VIP-division-01-768x254.jpg 768w, https:\/\/www.kravolution.com\/wp-content\/uploads\/2018\/05\/VIP-division-01-1024x338.jpg 1024w\" sizes=\"(max-width: 1135px) 100vw, 1135px\" \/><\/p>\n<p>KRAVolution Krav Maga n\u2019est pas seulement pour se prot\u00e9ger soi-m\u00eame par exemple si un civil veut prot\u00e9ger ses proches, mais de plus comme un bodygard peut prot\u00e9ger son client. KRAVolution Krav Maga nous montre comment prot\u00e9ger effectivement d\u2019autres personnes et les emmener hors de la zone de danger. KRAVolution utilise les exp\u00e9riences des professionnels dans leur vie quotidienne et d\u00e9veloppe sans cesse ce syst\u00e8me. Il ne s\u2019agit pas seulement d\u2019avoir la bonne position pr\u00e8s de la personne \u00e0 prot\u00e9ger ni d\u2019un mouvement rapide sur la ligne d\u2019attaque pour d\u00e9fendre effectivement une attaque. Il faut en plus la bonne tournure d\u2019esprit et le bon \u0153il sur son environnement pour reconna\u00eetre et \u00e9liminer les sources potentielles de danger \u00e0 un stade pr\u00e9coce.<\/p>\n","protected":false},"excerpt":{"rendered":"KRAVolution VIP &amp; S\u00e9curit\u00e9 Division KRAVolution Krav Maga n\u2019est pas seulement pour se prot\u00e9ger soi-m\u00eame par exemple si un civil [&hellip;]","protected":false},"author":7,"featured_media":0,"parent":3286,"menu_order":0,"comment_status":"closed","ping_status":"closed","template":"","meta":{"_et_pb_use_builder":"","_et_pb_old_content":"","_et_gb_content_width":"","_mi_skip_tracking":false},"acf":[],"yoast_head":"<!-- This site is optimized with the Yoast SEO plugin v19.13 - https:\/\/yoast.com\/wordpress\/plugins\/seo\/ -->\n<title>VIP &amp; S\u00e9curit\u00e9 Division - KRAVolution<\/title>\n<meta name=\"description\" content=\"KRAVolution VIP &amp; S\u00e9curit\u00e9 Division KRAVolution Krav Maga n\u2019est pas seulement pour se prot\u00e9ger soi-m\u00eame par exemple si un civil veut prot\u00e9ger ses\" \/>\n<meta name=\"robots\" content=\"index, follow, max-snippet:-1, max-image-preview:large, max-video-preview:-1\" \/>\n<link rel=\"canonical\" href=\"https:\/\/www.kravolution.com\/fr\/divisions\/vip-security-division\/\" \/>\n<meta property=\"og:locale\" content=\"fr_FR\" \/>\n<meta property=\"og:type\" content=\"article\" \/>\n<meta property=\"og:title\" content=\"VIP &amp; S\u00e9curit\u00e9 Division - KRAVolution\" \/>\n<meta property=\"og:description\" content=\"KRAVolution VIP &amp; S\u00e9curit\u00e9 Division KRAVolution Krav Maga n\u2019est pas seulement pour se prot\u00e9ger soi-m\u00eame par exemple si un civil veut prot\u00e9ger ses\" \/>\n<meta property=\"og:url\" content=\"https:\/\/www.kravolution.com\/fr\/divisions\/vip-security-division\/\" \/>\n<meta property=\"og:site_name\" content=\"KRAVolution\" \/>\n<meta property=\"article:modified_time\" content=\"2018-05-09T09:30:16+00:00\" \/>\n<meta property=\"og:image\" content=\"https:\/\/wwwv2.kravolution.com\/wp-content\/uploads\/2018\/05\/VIP-division-01.jpg\" \/>\n<meta name=\"twitter:card\" content=\"summary_large_image\" \/>\n<meta name=\"twitter:label1\" content=\"Dur\u00e9e de lecture estim\u00e9e\" \/>\n\t<meta name=\"twitter:data1\" content=\"1 minute\" \/>\n<script type=\"application\/ld+json\" class=\"yoast-schema-graph\">{\"@context\":\"https:\/\/schema.org\",\"@graph\":[{\"@type\":\"WebPage\",\"@id\":\"https:\/\/www.kravolution.com\/fr\/divisions\/vip-security-division\/\",\"url\":\"https:\/\/www.kravolution.com\/fr\/divisions\/vip-security-division\/\",\"name\":\"VIP & S\u00e9curit\u00e9 Division - KRAVolution\",\"isPartOf\":{\"@id\":\"https:\/\/www.kravolution.com\/fr\/#website\"},\"datePublished\":\"2017-10-23T12:10:54+00:00\",\"dateModified\":\"2018-05-09T09:30:16+00:00\",\"description\":\"KRAVolution VIP &amp; S\u00e9curit\u00e9 Division KRAVolution Krav Maga n\u2019est pas seulement pour se prot\u00e9ger soi-m\u00eame par exemple si un civil veut prot\u00e9ger ses\",\"breadcrumb\":{\"@id\":\"https:\/\/www.kravolution.com\/fr\/divisions\/vip-security-division\/#breadcrumb\"},\"inLanguage\":\"fr-FR\",\"potentialAction\":[{\"@type\":\"ReadAction\",\"target\":[\"https:\/\/www.kravolution.com\/fr\/divisions\/vip-security-division\/\"]}]},{\"@type\":\"BreadcrumbList\",\"@id\":\"https:\/\/www.kravolution.com\/fr\/divisions\/vip-security-division\/#breadcrumb\",\"itemListElement\":[{\"@type\":\"ListItem\",\"position\":1,\"name\":\"Home\",\"item\":\"https:\/\/www.kravolution.com\/fr\/\"},{\"@type\":\"ListItem\",\"position\":2,\"name\":\"Divisions\",\"item\":\"https:\/\/www.kravolution.com\/fr\/divisions\/\"},{\"@type\":\"ListItem\",\"position\":3,\"name\":\"VIP &#038; S\u00e9curit\u00e9 Division\"}]},{\"@type\":\"WebSite\",\"@id\":\"https:\/\/www.kravolution.com\/fr\/#website\",\"url\":\"https:\/\/www.kravolution.com\/fr\/\",\"name\":\"KRAVolution\",\"description\":\"Krav Maga modern israeli selfdefense system\",\"potentialAction\":[{\"@type\":\"SearchAction\",\"target\":{\"@type\":\"EntryPoint\",\"urlTemplate\":\"https:\/\/www.kravolution.com\/fr\/?s={search_term_string}\"},\"query-input\":\"required name=search_term_string\"}],\"inLanguage\":\"fr-FR\"}]}<\/script>\n<!-- \/ Yoast SEO plugin. -->","yoast_head_json":{"title":"VIP & S\u00e9curit\u00e9 Division - KRAVolution","description":"KRAVolution VIP &amp; S\u00e9curit\u00e9 Division KRAVolution Krav Maga n\u2019est pas seulement pour se prot\u00e9ger soi-m\u00eame par exemple si un civil veut prot\u00e9ger ses","robots":{"index":"index","follow":"follow","max-snippet":"max-snippet:-1","max-image-preview":"max-image-preview:large","max-video-preview":"max-video-preview:-1"},"canonical":"https:\/\/www.kravolution.com\/fr\/divisions\/vip-security-division\/","og_locale":"fr_FR","og_type":"article","og_title":"VIP & S\u00e9curit\u00e9 Division - KRAVolution","og_description":"KRAVolution VIP &amp; S\u00e9curit\u00e9 Division KRAVolution Krav Maga n\u2019est pas seulement pour se prot\u00e9ger soi-m\u00eame par exemple si un civil veut prot\u00e9ger ses","og_url":"https:\/\/www.kravolution.com\/fr\/divisions\/vip-security-division\/","og_site_name":"KRAVolution","article_modified_time":"2018-05-09T09:30:16+00:00","og_image":[{"url":"https:\/\/wwwv2.kravolution.com\/wp-content\/uploads\/2018\/05\/VIP-division-01.jpg"}],"twitter_card":"summary_large_image","twitter_misc":{"Dur\u00e9e de lecture estim\u00e9e":"1 minute"},"schema":{"@context":"https:\/\/schema.org","@graph":[{"@type":"WebPage","@id":"https:\/\/www.kravolution.com\/fr\/divisions\/vip-security-division\/","url":"https:\/\/www.kravolution.com\/fr\/divisions\/vip-security-division\/","name":"VIP & S\u00e9curit\u00e9 Division - KRAVolution","isPartOf":{"@id":"https:\/\/www.kravolution.com\/fr\/#website"},"datePublished":"2017-10-23T12:10:54+00:00","dateModified":"2018-05-09T09:30:16+00:00","description":"KRAVolution VIP &amp; S\u00e9curit\u00e9 Division KRAVolution Krav Maga n\u2019est pas seulement pour se prot\u00e9ger soi-m\u00eame par exemple si un civil veut prot\u00e9ger ses","breadcrumb":{"@id":"https:\/\/www.kravolution.com\/fr\/divisions\/vip-security-division\/#breadcrumb"},"inLanguage":"fr-FR","potentialAction":[{"@type":"ReadAction","target":["https:\/\/www.kravolution.com\/fr\/divisions\/vip-security-division\/"]}]},{"@type":"BreadcrumbList","@id":"https:\/\/www.kravolution.com\/fr\/divisions\/vip-security-division\/#breadcrumb","itemListElement":[{"@type":"ListItem","position":1,"name":"Home","item":"https:\/\/www.kravolution.com\/fr\/"},{"@type":"ListItem","position":2,"name":"Divisions","item":"https:\/\/www.kravolution.com\/fr\/divisions\/"},{"@type":"ListItem","position":3,"name":"VIP &#038; S\u00e9curit\u00e9 Division"}]},{"@type":"WebSite","@id":"https:\/\/www.kravolution.com\/fr\/#website","url":"https:\/\/www.kravolution.com\/fr\/","name":"KRAVolution","description":"Krav Maga modern israeli selfdefense system","potentialAction":[{"@type":"SearchAction","target":{"@type":"EntryPoint","urlTemplate":"https:\/\/www.kravolution.com\/fr\/?s={search_term_string}"},"query-input":"required name=search_term_string"}],"inLanguage":"fr-FR"}]}},"_links":{"self":[{"href":"https:\/\/www.kravolution.com\/fr\/wp-json\/wp\/v2\/pages\/3361"}],"collection":[{"href":"https:\/\/www.kravolution.com\/fr\/wp-json\/wp\/v2\/pages"}],"about":[{"href":"https:\/\/www.kravolution.com\/fr\/wp-json\/wp\/v2\/types\/page"}],"author":[{"embeddable":true,"href":"https:\/\/www.kravolution.com\/fr\/wp-json\/wp\/v2\/users\/7"}],"replies":[{"embeddable":true,"href":"https:\/\/www.kravolution.com\/fr\/wp-json\/wp\/v2\/comments?post=3361"}],"version-history":[{"count":5,"href":"https:\/\/www.kravolution.com\/fr\/wp-json\/wp\/v2\/pages\/3361\/revisions"}],"predecessor-version":[{"id":4451,"href":"https:\/\/www.kravolution.com\/fr\/wp-json\/wp\/v2\/pages\/3361\/revisions\/4451"}],"up":[{"embeddable":true,"href":"https:\/\/www.kravolution.com\/fr\/wp-json\/wp\/v2\/pages\/3286"}],"wp:attachment":[{"href":"https:\/\/www.kravolution.com\/fr\/wp-json\/wp\/v2\/media?parent=3361"}],"curies":[{"name":"wp","href":"https:\/\/api.w.org\/{rel}","templated":true}]}}