{"id":3349,"date":"2016-12-01T17:39:12","date_gmt":"2016-12-01T16:39:12","guid":{"rendered":"https:\/\/wwwv2.kravolution.com\/divisions\/law-enforcement-selfdefense\/"},"modified":"2018-05-11T10:03:38","modified_gmt":"2018-05-11T08:03:38","slug":"devision-forces-de-lordre","status":"publish","type":"page","link":"https:\/\/www.kravolution.com\/fr\/divisions\/devision-forces-de-lordre\/","title":{"rendered":"Devision Forces de l&rsquo;Ordre"},"content":{"rendered":"<h2>Division Forces de l&rsquo;Ordre<\/h2>\n<p><img decoding=\"async\" loading=\"lazy\" class=\"aligncenter size-full wp-image-1128 img-responsive\" src=\"https:\/\/www.kravolution.com\/wp-content\/uploads\/2016\/12\/Law-Enforcement-01.jpg\" alt=\"Law Enforcement Krav Maga Training\" width=\"1135\" height=\"375\" srcset=\"https:\/\/www.kravolution.com\/wp-content\/uploads\/2016\/12\/Law-Enforcement-01.jpg 1135w, https:\/\/www.kravolution.com\/wp-content\/uploads\/2016\/12\/Law-Enforcement-01-300x99.jpg 300w, https:\/\/www.kravolution.com\/wp-content\/uploads\/2016\/12\/Law-Enforcement-01-768x254.jpg 768w, https:\/\/www.kravolution.com\/wp-content\/uploads\/2016\/12\/Law-Enforcement-01-1024x338.jpg 1024w\" sizes=\"(max-width: 1135px) 100vw, 1135px\" \/><\/p>\n<p>La section KRAVolution Law Enforcement Division s\u2019adresse aux membres de BOS (administrations et Organisations \u00e0 missions de S\u00e9curit\u00e9) tels que policiers et agents p\u00e9nitenciers mais aussi les sauveteurs qui malheureusement font de plus en plus souvent l\u2019objet d\u2019agressions lors de leurs missions. Le d\u00e9fi lors de l\u2019entra\u00eenement Law Enforcement est qu\u2019en r\u00e8gle g\u00e9n\u00e9rale les participants ne peuvent pas fuir comme dans un entra\u00eenement du domaine civil et parfois ne peuvent pas \u00e9viter par tactique la situation o\u00f9 ils ont \u00e9t\u00e9 appel\u00e9s, telle une bagarre.<\/p>\n<p>Les contenus du Training Law Enforcement sont l\u2019enseignement des techniques d\u2019autod\u00e9fense de KRAVolution Krav Maga et les tactiques, de pair avec les techniques d\u2019immobilisation, d\u2019arrestation et de transport d\u2019 un ou plusieurs agresseurs arm\u00e9s ou non arm\u00e9s, seul ou en \u00e9quipe.<\/p>\n<p><strong>Les points essentiels de la KRAVolution Law Enforcement Division pour un entra\u00eenement global de s\u00e9curit\u00e9 et d\u2019autod\u00e9fense sont:<br \/>\n<\/strong><\/p>\n<ul>\n<li>Communication et langage corporel<\/li>\n<li>Comportement tactique en situation de conflit<\/li>\n<li>Travail d\u2019\u00e9quipe lors de l\u2019autod\u00e9fense<\/li>\n<li>Comportement lors d\u2019agressions<\/li>\n<li>Techniques en situation de l\u00e9gitime d\u00e9fense et de d\u00e9tresse<\/li>\n<li>Autod\u00e9fense dans de petites pi\u00e8ces, CQB-training<\/li>\n<li>Autod\u00e9fense dans des conditions d\u00e9favorables, lumi\u00e8re faible ou obscurit\u00e9<\/li>\n<li>Sc\u00e9narios de d\u00e9fense: pr\u00e9vention, r\u00e9action et d\u00e9fense contre les agressions avec matraque, couteau ou armes \u00e0 feu.<\/li>\n<\/ul>\n<p>&nbsp;<\/p>\n<p>L\u2019\u00e9quipe d\u2019instructeurs KRAVolution a non seulement une longue exp\u00e9rience de training de plusieurs ann\u00e9es avec des policiers en service actif dans les centres de formation de la police mais elle se compose avant tout \u00e9galement de policiers actifs qui int\u00e8grent dans le d\u00e9veloppement de KRAVolution Krav Maga les exp\u00e9riences v\u00e9cues dans leur service. Ainsi nous pouvons toujours proposer un entra\u00eenement proche de la r\u00e9alit\u00e9 et avant tout adapt\u00e9 \u00e0 la situation actuelle.<\/p>\n<hr \/>\n<p>&nbsp;<\/p>\n","protected":false},"excerpt":{"rendered":"Division Forces de l&rsquo;Ordre La section KRAVolution Law Enforcement Division s\u2019adresse aux membres de BOS (administrations et Organisations \u00e0 missions [&hellip;]","protected":false},"author":7,"featured_media":0,"parent":3286,"menu_order":0,"comment_status":"closed","ping_status":"closed","template":"","meta":{"_et_pb_use_builder":"","_et_pb_old_content":"","_et_gb_content_width":"","_mi_skip_tracking":false},"acf":[],"yoast_head":"<!-- This site is optimized with the Yoast SEO plugin v19.13 - https:\/\/yoast.com\/wordpress\/plugins\/seo\/ -->\n<title>Devision Forces de l&#039;Ordre - KRAVolution<\/title>\n<meta name=\"description\" content=\"Division Forces de l&#039;Ordre La section KRAVolution Law Enforcement Division s\u2019adresse aux membres de BOS (administrations et Organisations \u00e0 missions de\" \/>\n<meta name=\"robots\" content=\"index, follow, max-snippet:-1, max-image-preview:large, max-video-preview:-1\" \/>\n<link rel=\"canonical\" href=\"https:\/\/www.kravolution.com\/fr\/divisions\/devision-forces-de-lordre\/\" \/>\n<meta property=\"og:locale\" content=\"fr_FR\" \/>\n<meta property=\"og:type\" content=\"article\" \/>\n<meta property=\"og:title\" content=\"Devision Forces de l&#039;Ordre - KRAVolution\" \/>\n<meta property=\"og:description\" content=\"Division Forces de l&#039;Ordre La section KRAVolution Law Enforcement Division s\u2019adresse aux membres de BOS (administrations et Organisations \u00e0 missions de\" \/>\n<meta property=\"og:url\" content=\"https:\/\/www.kravolution.com\/fr\/divisions\/devision-forces-de-lordre\/\" \/>\n<meta property=\"og:site_name\" content=\"KRAVolution\" \/>\n<meta property=\"article:modified_time\" content=\"2018-05-11T08:03:38+00:00\" \/>\n<meta property=\"og:image\" content=\"https:\/\/www.kravolution.com\/wp-content\/uploads\/2016\/12\/Law-Enforcement-01.jpg\" \/>\n<meta name=\"twitter:card\" content=\"summary_large_image\" \/>\n<meta name=\"twitter:label1\" content=\"Dur\u00e9e de lecture estim\u00e9e\" \/>\n\t<meta name=\"twitter:data1\" content=\"2 minutes\" \/>\n<script type=\"application\/ld+json\" class=\"yoast-schema-graph\">{\"@context\":\"https:\/\/schema.org\",\"@graph\":[{\"@type\":\"WebPage\",\"@id\":\"https:\/\/www.kravolution.com\/fr\/divisions\/devision-forces-de-lordre\/\",\"url\":\"https:\/\/www.kravolution.com\/fr\/divisions\/devision-forces-de-lordre\/\",\"name\":\"Devision Forces de l'Ordre - KRAVolution\",\"isPartOf\":{\"@id\":\"https:\/\/www.kravolution.com\/fr\/#website\"},\"datePublished\":\"2016-12-01T16:39:12+00:00\",\"dateModified\":\"2018-05-11T08:03:38+00:00\",\"description\":\"Division Forces de l'Ordre La section KRAVolution Law Enforcement Division s\u2019adresse aux membres de BOS (administrations et Organisations \u00e0 missions de\",\"breadcrumb\":{\"@id\":\"https:\/\/www.kravolution.com\/fr\/divisions\/devision-forces-de-lordre\/#breadcrumb\"},\"inLanguage\":\"fr-FR\",\"potentialAction\":[{\"@type\":\"ReadAction\",\"target\":[\"https:\/\/www.kravolution.com\/fr\/divisions\/devision-forces-de-lordre\/\"]}]},{\"@type\":\"BreadcrumbList\",\"@id\":\"https:\/\/www.kravolution.com\/fr\/divisions\/devision-forces-de-lordre\/#breadcrumb\",\"itemListElement\":[{\"@type\":\"ListItem\",\"position\":1,\"name\":\"Home\",\"item\":\"https:\/\/www.kravolution.com\/fr\/\"},{\"@type\":\"ListItem\",\"position\":2,\"name\":\"Divisions\",\"item\":\"https:\/\/www.kravolution.com\/fr\/divisions\/\"},{\"@type\":\"ListItem\",\"position\":3,\"name\":\"Devision Forces de l&rsquo;Ordre\"}]},{\"@type\":\"WebSite\",\"@id\":\"https:\/\/www.kravolution.com\/fr\/#website\",\"url\":\"https:\/\/www.kravolution.com\/fr\/\",\"name\":\"KRAVolution\",\"description\":\"Krav Maga modern israeli selfdefense system\",\"potentialAction\":[{\"@type\":\"SearchAction\",\"target\":{\"@type\":\"EntryPoint\",\"urlTemplate\":\"https:\/\/www.kravolution.com\/fr\/?s={search_term_string}\"},\"query-input\":\"required name=search_term_string\"}],\"inLanguage\":\"fr-FR\"}]}<\/script>\n<!-- \/ Yoast SEO plugin. -->","yoast_head_json":{"title":"Devision Forces de l'Ordre - KRAVolution","description":"Division Forces de l'Ordre La section KRAVolution Law Enforcement Division s\u2019adresse aux membres de BOS (administrations et Organisations \u00e0 missions de","robots":{"index":"index","follow":"follow","max-snippet":"max-snippet:-1","max-image-preview":"max-image-preview:large","max-video-preview":"max-video-preview:-1"},"canonical":"https:\/\/www.kravolution.com\/fr\/divisions\/devision-forces-de-lordre\/","og_locale":"fr_FR","og_type":"article","og_title":"Devision Forces de l'Ordre - KRAVolution","og_description":"Division Forces de l'Ordre La section KRAVolution Law Enforcement Division s\u2019adresse aux membres de BOS (administrations et Organisations \u00e0 missions de","og_url":"https:\/\/www.kravolution.com\/fr\/divisions\/devision-forces-de-lordre\/","og_site_name":"KRAVolution","article_modified_time":"2018-05-11T08:03:38+00:00","og_image":[{"url":"https:\/\/www.kravolution.com\/wp-content\/uploads\/2016\/12\/Law-Enforcement-01.jpg"}],"twitter_card":"summary_large_image","twitter_misc":{"Dur\u00e9e de lecture estim\u00e9e":"2 minutes"},"schema":{"@context":"https:\/\/schema.org","@graph":[{"@type":"WebPage","@id":"https:\/\/www.kravolution.com\/fr\/divisions\/devision-forces-de-lordre\/","url":"https:\/\/www.kravolution.com\/fr\/divisions\/devision-forces-de-lordre\/","name":"Devision Forces de l'Ordre - KRAVolution","isPartOf":{"@id":"https:\/\/www.kravolution.com\/fr\/#website"},"datePublished":"2016-12-01T16:39:12+00:00","dateModified":"2018-05-11T08:03:38+00:00","description":"Division Forces de l'Ordre La section KRAVolution Law Enforcement Division s\u2019adresse aux membres de BOS (administrations et Organisations \u00e0 missions de","breadcrumb":{"@id":"https:\/\/www.kravolution.com\/fr\/divisions\/devision-forces-de-lordre\/#breadcrumb"},"inLanguage":"fr-FR","potentialAction":[{"@type":"ReadAction","target":["https:\/\/www.kravolution.com\/fr\/divisions\/devision-forces-de-lordre\/"]}]},{"@type":"BreadcrumbList","@id":"https:\/\/www.kravolution.com\/fr\/divisions\/devision-forces-de-lordre\/#breadcrumb","itemListElement":[{"@type":"ListItem","position":1,"name":"Home","item":"https:\/\/www.kravolution.com\/fr\/"},{"@type":"ListItem","position":2,"name":"Divisions","item":"https:\/\/www.kravolution.com\/fr\/divisions\/"},{"@type":"ListItem","position":3,"name":"Devision Forces de l&rsquo;Ordre"}]},{"@type":"WebSite","@id":"https:\/\/www.kravolution.com\/fr\/#website","url":"https:\/\/www.kravolution.com\/fr\/","name":"KRAVolution","description":"Krav Maga modern israeli selfdefense system","potentialAction":[{"@type":"SearchAction","target":{"@type":"EntryPoint","urlTemplate":"https:\/\/www.kravolution.com\/fr\/?s={search_term_string}"},"query-input":"required name=search_term_string"}],"inLanguage":"fr-FR"}]}},"_links":{"self":[{"href":"https:\/\/www.kravolution.com\/fr\/wp-json\/wp\/v2\/pages\/3349"}],"collection":[{"href":"https:\/\/www.kravolution.com\/fr\/wp-json\/wp\/v2\/pages"}],"about":[{"href":"https:\/\/www.kravolution.com\/fr\/wp-json\/wp\/v2\/types\/page"}],"author":[{"embeddable":true,"href":"https:\/\/www.kravolution.com\/fr\/wp-json\/wp\/v2\/users\/7"}],"replies":[{"embeddable":true,"href":"https:\/\/www.kravolution.com\/fr\/wp-json\/wp\/v2\/comments?post=3349"}],"version-history":[{"count":5,"href":"https:\/\/www.kravolution.com\/fr\/wp-json\/wp\/v2\/pages\/3349\/revisions"}],"predecessor-version":[{"id":4462,"href":"https:\/\/www.kravolution.com\/fr\/wp-json\/wp\/v2\/pages\/3349\/revisions\/4462"}],"up":[{"embeddable":true,"href":"https:\/\/www.kravolution.com\/fr\/wp-json\/wp\/v2\/pages\/3286"}],"wp:attachment":[{"href":"https:\/\/www.kravolution.com\/fr\/wp-json\/wp\/v2\/media?parent=3349"}],"curies":[{"name":"wp","href":"https:\/\/api.w.org\/{rel}","templated":true}]}}