{"id":3336,"date":"2016-12-01T17:05:51","date_gmt":"2016-12-01T16:05:51","guid":{"rendered":"https:\/\/wwwv2.kravolution.com\/divisions\/kids-krav-maga\/"},"modified":"2018-05-16T02:33:46","modified_gmt":"2018-05-16T00:33:46","slug":"krav-maga-enfants","status":"publish","type":"page","link":"https:\/\/www.kravolution.com\/fr\/divisions\/krav-maga-enfants\/","title":{"rendered":"Krav Maga Enfants"},"content":{"rendered":"<h2>Krav Maga Enfants<\/h2>\n<p><img decoding=\"async\" loading=\"lazy\" class=\"aligncenter size-full wp-image-1124 img-responsive\" src=\"https:\/\/www.kravolution.com\/wp-content\/uploads\/2016\/12\/kids-division-01.jpg\" alt=\"Kids Division\" width=\"1135\" height=\"375\" srcset=\"https:\/\/www.kravolution.com\/wp-content\/uploads\/2016\/12\/kids-division-01.jpg 1135w, https:\/\/www.kravolution.com\/wp-content\/uploads\/2016\/12\/kids-division-01-300x99.jpg 300w, https:\/\/www.kravolution.com\/wp-content\/uploads\/2016\/12\/kids-division-01-768x254.jpg 768w, https:\/\/www.kravolution.com\/wp-content\/uploads\/2016\/12\/kids-division-01-1024x338.jpg 1024w\" sizes=\"(max-width: 1135px) 100vw, 1135px\" \/><\/p>\n<p>Le groupe KRAVolution Kids Division permet aux enfants d&rsquo;retrouver une bonne estimation de leurs propres capacit\u00e9s. Le but recherch\u00e9 est de renforcer la confiance en soi et de leur apprendre des comportements aptes \u00e0 g\u00e9rer des conflits\u00a0! Justement parce que le jeu est primordial, les enfants am\u00e9liorent leur propre s\u00e9curit\u00e9, la coordination et la forme physique. Cela renforce non seulement l\u2019attention mais aussi la confiance en soi\u00a0! Il s\u2019agit toujours de pr\u00e9vention chez KRAVolution Krav Maga. C&rsquo;est pourquoi nous apprenons aux enfants avant tout \u00e0 \u00e9viter l\u2019affrontement et les conflits et \u00e0 se montrer s\u00fbr de soi!<\/p>\n<p><strong>Les points principaux de KRAVolutio Krav Maga pour un entra\u00eenement complet en s\u00e9curit\u00e9 et en autod\u00e9fense pour enfants et jeunes enfants sont les suivants:<br \/>\n<\/strong><\/p>\n<ul>\n<li>Perception\/pr\u00e9vention<\/li>\n<li>D\u00e9escalation<\/li>\n<li>Strat\u00e9gies de fuite<\/li>\n<li>Autod\u00e9fense contre enfants du m\u00eame \u00e2ge<\/li>\n<li>Autod\u00e9fense contre des \u00ab plus forts \u00bb<\/li>\n<\/ul>\n<p>&nbsp;<\/p>\n<p>KRAVolution Krav Maga est id\u00e9al pour le d\u00e9veloppement en bas \u00e2ge, car plus t\u00f4t les \u00e9l\u00e9ments de base d\u2019une autod\u00e9fense uniforme sont pos\u00e9s, mieux les techniques effectives viendront intuitivement m\u00eame \u00e0 un \u00e2ge plus \u00e9lev\u00e9. L\u2019entra\u00eenement d\u2019autod\u00e9fense influence les enfants positivement dans leur d\u00e9veloppement. Ils acqui\u00e8rent une bonne sensation de leur corps et une bonne sensation de coordination. Cela donne \u00e0 chaque enfant la confiance n\u00e9cessaire pour bien s\u2019affirmer dans le monde actuel.<\/p>\n<p><iframe loading=\"lazy\" width=\"500\" height=\"281\" src=\"https:\/\/www.youtube.com\/embed\/tTsQBdMZS_k?feature=oembed\" frameborder=\"0\" allow=\"autoplay; encrypted-media\" allowfullscreen><\/iframe><\/p>\n<hr \/>\n<p>&nbsp;<\/p>\n","protected":false},"excerpt":{"rendered":"Krav Maga Enfants Le groupe KRAVolution Kids Division permet aux enfants d&rsquo;retrouver une bonne estimation de leurs propres capacit\u00e9s. Le [&hellip;]","protected":false},"author":7,"featured_media":0,"parent":3286,"menu_order":0,"comment_status":"closed","ping_status":"closed","template":"","meta":{"_et_pb_use_builder":"","_et_pb_old_content":"","_et_gb_content_width":"","_mi_skip_tracking":false},"acf":[],"yoast_head":"<!-- This site is optimized with the Yoast SEO plugin v19.13 - https:\/\/yoast.com\/wordpress\/plugins\/seo\/ -->\n<title>Krav Maga Enfants - KRAVolution<\/title>\n<meta name=\"description\" content=\"Krav Maga Enfants Le groupe KRAVolution Kids Division permet aux enfants d&#039;retrouver une bonne estimation de leurs propres capacit\u00e9s. Le but recherch\u00e9 est\" \/>\n<meta name=\"robots\" content=\"index, follow, max-snippet:-1, max-image-preview:large, max-video-preview:-1\" \/>\n<link rel=\"canonical\" href=\"https:\/\/www.kravolution.com\/fr\/divisions\/krav-maga-enfants\/\" \/>\n<meta property=\"og:locale\" content=\"fr_FR\" \/>\n<meta property=\"og:type\" content=\"article\" \/>\n<meta property=\"og:title\" content=\"Krav Maga Enfants - KRAVolution\" \/>\n<meta property=\"og:description\" content=\"Krav Maga Enfants Le groupe KRAVolution Kids Division permet aux enfants d&#039;retrouver une bonne estimation de leurs propres capacit\u00e9s. Le but recherch\u00e9 est\" \/>\n<meta property=\"og:url\" content=\"https:\/\/www.kravolution.com\/fr\/divisions\/krav-maga-enfants\/\" \/>\n<meta property=\"og:site_name\" content=\"KRAVolution\" \/>\n<meta property=\"article:modified_time\" content=\"2018-05-16T00:33:46+00:00\" \/>\n<meta property=\"og:image\" content=\"https:\/\/www.kravolution.com\/wp-content\/uploads\/2016\/12\/kids-division-01.jpg\" \/>\n<meta name=\"twitter:card\" content=\"summary_large_image\" \/>\n<meta name=\"twitter:label1\" content=\"Dur\u00e9e de lecture estim\u00e9e\" \/>\n\t<meta name=\"twitter:data1\" content=\"1 minute\" \/>\n<script type=\"application\/ld+json\" class=\"yoast-schema-graph\">{\"@context\":\"https:\/\/schema.org\",\"@graph\":[{\"@type\":\"WebPage\",\"@id\":\"https:\/\/www.kravolution.com\/fr\/divisions\/krav-maga-enfants\/\",\"url\":\"https:\/\/www.kravolution.com\/fr\/divisions\/krav-maga-enfants\/\",\"name\":\"Krav Maga Enfants - KRAVolution\",\"isPartOf\":{\"@id\":\"https:\/\/www.kravolution.com\/fr\/#website\"},\"datePublished\":\"2016-12-01T16:05:51+00:00\",\"dateModified\":\"2018-05-16T00:33:46+00:00\",\"description\":\"Krav Maga Enfants Le groupe KRAVolution Kids Division permet aux enfants d'retrouver une bonne estimation de leurs propres capacit\u00e9s. Le but recherch\u00e9 est\",\"breadcrumb\":{\"@id\":\"https:\/\/www.kravolution.com\/fr\/divisions\/krav-maga-enfants\/#breadcrumb\"},\"inLanguage\":\"fr-FR\",\"potentialAction\":[{\"@type\":\"ReadAction\",\"target\":[\"https:\/\/www.kravolution.com\/fr\/divisions\/krav-maga-enfants\/\"]}]},{\"@type\":\"BreadcrumbList\",\"@id\":\"https:\/\/www.kravolution.com\/fr\/divisions\/krav-maga-enfants\/#breadcrumb\",\"itemListElement\":[{\"@type\":\"ListItem\",\"position\":1,\"name\":\"Home\",\"item\":\"https:\/\/www.kravolution.com\/fr\/\"},{\"@type\":\"ListItem\",\"position\":2,\"name\":\"Divisions\",\"item\":\"https:\/\/www.kravolution.com\/fr\/divisions\/\"},{\"@type\":\"ListItem\",\"position\":3,\"name\":\"Krav Maga Enfants\"}]},{\"@type\":\"WebSite\",\"@id\":\"https:\/\/www.kravolution.com\/fr\/#website\",\"url\":\"https:\/\/www.kravolution.com\/fr\/\",\"name\":\"KRAVolution\",\"description\":\"Krav Maga modern israeli selfdefense system\",\"potentialAction\":[{\"@type\":\"SearchAction\",\"target\":{\"@type\":\"EntryPoint\",\"urlTemplate\":\"https:\/\/www.kravolution.com\/fr\/?s={search_term_string}\"},\"query-input\":\"required name=search_term_string\"}],\"inLanguage\":\"fr-FR\"}]}<\/script>\n<!-- \/ Yoast SEO plugin. -->","yoast_head_json":{"title":"Krav Maga Enfants - KRAVolution","description":"Krav Maga Enfants Le groupe KRAVolution Kids Division permet aux enfants d'retrouver une bonne estimation de leurs propres capacit\u00e9s. Le but recherch\u00e9 est","robots":{"index":"index","follow":"follow","max-snippet":"max-snippet:-1","max-image-preview":"max-image-preview:large","max-video-preview":"max-video-preview:-1"},"canonical":"https:\/\/www.kravolution.com\/fr\/divisions\/krav-maga-enfants\/","og_locale":"fr_FR","og_type":"article","og_title":"Krav Maga Enfants - KRAVolution","og_description":"Krav Maga Enfants Le groupe KRAVolution Kids Division permet aux enfants d'retrouver une bonne estimation de leurs propres capacit\u00e9s. Le but recherch\u00e9 est","og_url":"https:\/\/www.kravolution.com\/fr\/divisions\/krav-maga-enfants\/","og_site_name":"KRAVolution","article_modified_time":"2018-05-16T00:33:46+00:00","og_image":[{"url":"https:\/\/www.kravolution.com\/wp-content\/uploads\/2016\/12\/kids-division-01.jpg"}],"twitter_card":"summary_large_image","twitter_misc":{"Dur\u00e9e de lecture estim\u00e9e":"1 minute"},"schema":{"@context":"https:\/\/schema.org","@graph":[{"@type":"WebPage","@id":"https:\/\/www.kravolution.com\/fr\/divisions\/krav-maga-enfants\/","url":"https:\/\/www.kravolution.com\/fr\/divisions\/krav-maga-enfants\/","name":"Krav Maga Enfants - KRAVolution","isPartOf":{"@id":"https:\/\/www.kravolution.com\/fr\/#website"},"datePublished":"2016-12-01T16:05:51+00:00","dateModified":"2018-05-16T00:33:46+00:00","description":"Krav Maga Enfants Le groupe KRAVolution Kids Division permet aux enfants d'retrouver une bonne estimation de leurs propres capacit\u00e9s. Le but recherch\u00e9 est","breadcrumb":{"@id":"https:\/\/www.kravolution.com\/fr\/divisions\/krav-maga-enfants\/#breadcrumb"},"inLanguage":"fr-FR","potentialAction":[{"@type":"ReadAction","target":["https:\/\/www.kravolution.com\/fr\/divisions\/krav-maga-enfants\/"]}]},{"@type":"BreadcrumbList","@id":"https:\/\/www.kravolution.com\/fr\/divisions\/krav-maga-enfants\/#breadcrumb","itemListElement":[{"@type":"ListItem","position":1,"name":"Home","item":"https:\/\/www.kravolution.com\/fr\/"},{"@type":"ListItem","position":2,"name":"Divisions","item":"https:\/\/www.kravolution.com\/fr\/divisions\/"},{"@type":"ListItem","position":3,"name":"Krav Maga Enfants"}]},{"@type":"WebSite","@id":"https:\/\/www.kravolution.com\/fr\/#website","url":"https:\/\/www.kravolution.com\/fr\/","name":"KRAVolution","description":"Krav Maga modern israeli selfdefense system","potentialAction":[{"@type":"SearchAction","target":{"@type":"EntryPoint","urlTemplate":"https:\/\/www.kravolution.com\/fr\/?s={search_term_string}"},"query-input":"required name=search_term_string"}],"inLanguage":"fr-FR"}]}},"_links":{"self":[{"href":"https:\/\/www.kravolution.com\/fr\/wp-json\/wp\/v2\/pages\/3336"}],"collection":[{"href":"https:\/\/www.kravolution.com\/fr\/wp-json\/wp\/v2\/pages"}],"about":[{"href":"https:\/\/www.kravolution.com\/fr\/wp-json\/wp\/v2\/types\/page"}],"author":[{"embeddable":true,"href":"https:\/\/www.kravolution.com\/fr\/wp-json\/wp\/v2\/users\/7"}],"replies":[{"embeddable":true,"href":"https:\/\/www.kravolution.com\/fr\/wp-json\/wp\/v2\/comments?post=3336"}],"version-history":[{"count":5,"href":"https:\/\/www.kravolution.com\/fr\/wp-json\/wp\/v2\/pages\/3336\/revisions"}],"predecessor-version":[{"id":4593,"href":"https:\/\/www.kravolution.com\/fr\/wp-json\/wp\/v2\/pages\/3336\/revisions\/4593"}],"up":[{"embeddable":true,"href":"https:\/\/www.kravolution.com\/fr\/wp-json\/wp\/v2\/pages\/3286"}],"wp:attachment":[{"href":"https:\/\/www.kravolution.com\/fr\/wp-json\/wp\/v2\/media?parent=3336"}],"curies":[{"name":"wp","href":"https:\/\/api.w.org\/{rel}","templated":true}]}}