{"id":3306,"date":"2016-12-01T17:43:05","date_gmt":"2016-12-01T16:43:05","guid":{"rendered":"https:\/\/wwwv2.kravolution.com\/divisions\/customized-krav-maga\/"},"modified":"2018-05-10T03:41:53","modified_gmt":"2018-05-10T01:41:53","slug":"customise-krav-maga","status":"publish","type":"page","link":"https:\/\/www.kravolution.com\/fr\/divisions\/customise-krav-maga\/","title":{"rendered":"Personnalis\u00e9"},"content":{"rendered":"<h2><strong>KRAV MAGA Personnalis\u00e9<\/strong><\/h2>\n<p><img decoding=\"async\" loading=\"lazy\" class=\"aligncenter size-full wp-image-1114\" src=\"https:\/\/www.kravolution.com\/wp-content\/uploads\/2016\/12\/customized-01-1.jpg\" alt=\"customized krav maga\" width=\"1135\" height=\"375\" srcset=\"https:\/\/www.kravolution.com\/wp-content\/uploads\/2016\/12\/customized-01-1.jpg 1135w, https:\/\/www.kravolution.com\/wp-content\/uploads\/2016\/12\/customized-01-1-300x99.jpg 300w, https:\/\/www.kravolution.com\/wp-content\/uploads\/2016\/12\/customized-01-1-768x254.jpg 768w, https:\/\/www.kravolution.com\/wp-content\/uploads\/2016\/12\/customized-01-1-1024x338.jpg 1024w\" sizes=\"(max-width: 1135px) 100vw, 1135px\" \/><\/p>\n<p><span class=\"highlight\" style=\"font-weight: 350; font-size: 130%;\">Le syst\u00e8me s\u2019adapte \u00e0 l\u2019homme et non pas l\u2019homme au syst\u00e8me \u2013 C\u2019est KRAVolution Krav Maga.<\/span><\/p>\n<p>Ce syst\u00e8me d\u2019autod\u00e9fense est pour toute femme ou tout homme et offre aussi aux personnes en fauteuil roulant, infirmes et mal-voyants une solution pour une d\u00e9fense effective. CHACUN est de ce fait apte \u00e0 se d\u00e9fendre et \u00e0 d\u00e9fendre ses proches. Lors du training, il ne s\u2019agit pas express\u00e9ment de sport mais de vraie autod\u00e9fense.<\/p>\n<p><strong>Les points principaux de KRAVolution customis\u00e9 pour un entra\u00eenement complet de s\u00e9curit\u00e9 et d\u2019autod\u00e9fense sont\u00a0:<\/strong><\/p>\n<ul>\n<li>Le comportement tactique en situation de conflit<\/li>\n<li>Les techniques dans des situations de l\u00e9gitime d\u00e9fense et de d\u00e9tresse<\/li>\n<li>L\u2019utilisation d\u2019objets et d\u2019autres moyens pour se d\u00e9fendre<\/li>\n<li>L\u2019autod\u00e9fense pour les personnes en fauteuil-roulant, d\u00e9fenses au sein de la ligne d\u2019agression<\/li>\n<li>Entra\u00eenement de distance pour les malvoyants<\/li>\n<\/ul>\n<p>&nbsp;<\/p>\n<hr \/>\n<h3>Krav Maga comme \u00e9v\u00e8nement de votre soci\u00e9t\u00e9!<\/h3>\n<p><img decoding=\"async\" loading=\"lazy\" class=\"aligncenter size-full wp-image-1115\" src=\"https:\/\/www.kravolution.com\/wp-content\/uploads\/2016\/12\/customized-02.jpg\" alt=\"krav maga customized\" width=\"1135\" height=\"375\" srcset=\"https:\/\/www.kravolution.com\/wp-content\/uploads\/2016\/12\/customized-02.jpg 1135w, https:\/\/www.kravolution.com\/wp-content\/uploads\/2016\/12\/customized-02-300x99.jpg 300w, https:\/\/www.kravolution.com\/wp-content\/uploads\/2016\/12\/customized-02-768x254.jpg 768w, https:\/\/www.kravolution.com\/wp-content\/uploads\/2016\/12\/customized-02-1024x338.jpg 1024w\" sizes=\"(max-width: 1135px) 100vw, 1135px\" \/><\/p>\n<p><span class=\"\" lang=\"en\"><strong><span title=\"F\u00fchlen Sie sich noch sicher?\">Vous sentez-vous encore en s\u00e9curit\u00e9\u00a0? dans le m\u00e9tro, le parking souterrain, en rentrant chez vous\u00a0?<br \/>\n<\/span><\/strong><\/span><\/p>\n<p><strong>Nous, l\u2019\u00e9quipe de KRAVolution Krav Maga Institut pouvons vous montrer avec des techniques et des tactiques effectives d\u2019autod\u00e9fense comment vous sentir de nouveau plus s\u00fbrs.<\/strong><\/p>\n<p><span class=\"highlight\" style=\"font-weight: 350; font-size: 130%;\">L\u2019art moderne de former une \u00e9quipe<br \/>\n<\/span><\/p>\n<p><strong> AVANTAGES POUR L\u2019EMPLOYEUR\u00a0:<\/strong><\/p>\n<ul>\n<li>Identification des employ\u00e9s avec l\u2019entreprise qui est un employeur exemplaire<\/li>\n<li>Baisse des frais g\u00e9n\u00e9r\u00e9s par les absences-maladie, car les employ\u00e9s en forme sont moins souvent malades<\/li>\n<li>Am\u00e9lioration du climat de l\u2019entreprise par diminution du stress et entra\u00eenement commun<\/li>\n<li>Des employ\u00e9s satisfaits sont d\u2019eux-m\u00eames plus productifs et motiv\u00e9s<\/li>\n<li>L\u2019entra\u00eenement peut avoir lieu dans les locaux de la soci\u00e9t\u00e9 ou \u00e0 proximit\u00e9 dans un de nos nombreux sites.<\/li>\n<\/ul>\n<p>&nbsp;<\/p>\n<p><strong>ADVANTAGES FOR EMPLOYEES:<\/strong><\/p>\n<ul>\n<li>Building the general fitness and improved quality of life<\/li>\n<li>Learn a meaningful \u00ab\u00a0sport\u00a0\u00bb, which is also an advantage in private life<\/li>\n<li>Strengthening self-confidence, more positive attitude towards customers<\/li>\n<li>Stress is reduced by playing, which strengthens our sense of being<\/li>\n<li>Prevention of health problems that can cause lack of movement in long-term outages<\/li>\n<li>Learning self defense techniques in conjunction with fitness items and having fun<\/li>\n<li>We do not need any sports equipment for our training. Training equipment, if necessary, we bring along.<\/li>\n<li>You can make your own room available in your company or outsource the company&rsquo;s business as a company event at one of our locations.<\/li>\n<\/ul>\n<p>&nbsp;<\/p>\n<p><span id=\"result_box\" class=\"\" lang=\"fr\"><span class=\"\">Parce que Krav Maga est aussi individuel que les diff\u00e9rentes entreprises et leurs employ\u00e9s, nous aimerions vous conseiller sur les possibilit\u00e9s.<\/span><\/span><br \/>\n<a href=\"https:\/\/www.kravolution.com\/contact\/\"><strong>Contactez nous<\/strong><\/a><\/p>\n<p>&nbsp;<\/p>\n<hr \/>\n<p>&nbsp;<\/p>\n","protected":false},"excerpt":{"rendered":"KRAV MAGA Personnalis\u00e9 Le syst\u00e8me s\u2019adapte \u00e0 l\u2019homme et non pas l\u2019homme au syst\u00e8me \u2013 C\u2019est KRAVolution Krav Maga. Ce [&hellip;]","protected":false},"author":7,"featured_media":0,"parent":3286,"menu_order":0,"comment_status":"closed","ping_status":"closed","template":"","meta":{"_et_pb_use_builder":"","_et_pb_old_content":"","_et_gb_content_width":"","_mi_skip_tracking":false},"acf":[],"yoast_head":"<!-- This site is optimized with the Yoast SEO plugin v19.13 - https:\/\/yoast.com\/wordpress\/plugins\/seo\/ -->\n<title>Personnalis\u00e9 - KRAVolution<\/title>\n<meta name=\"description\" content=\"KRAV MAGA Personnalis\u00e9 Le syst\u00e8me s\u2019adapte \u00e0 l\u2019homme et non pas l\u2019homme au syst\u00e8me \u2013 C\u2019est KRAVolution Krav Maga. Ce syst\u00e8me d\u2019autod\u00e9fense est pour toute\" \/>\n<meta name=\"robots\" content=\"index, follow, max-snippet:-1, max-image-preview:large, max-video-preview:-1\" \/>\n<link rel=\"canonical\" href=\"https:\/\/www.kravolution.com\/fr\/divisions\/customise-krav-maga\/\" \/>\n<meta property=\"og:locale\" content=\"fr_FR\" \/>\n<meta property=\"og:type\" content=\"article\" \/>\n<meta property=\"og:title\" content=\"Personnalis\u00e9 - KRAVolution\" \/>\n<meta property=\"og:description\" content=\"KRAV MAGA Personnalis\u00e9 Le syst\u00e8me s\u2019adapte \u00e0 l\u2019homme et non pas l\u2019homme au syst\u00e8me \u2013 C\u2019est KRAVolution Krav Maga. Ce syst\u00e8me d\u2019autod\u00e9fense est pour toute\" \/>\n<meta property=\"og:url\" content=\"https:\/\/www.kravolution.com\/fr\/divisions\/customise-krav-maga\/\" \/>\n<meta property=\"og:site_name\" content=\"KRAVolution\" \/>\n<meta property=\"article:modified_time\" content=\"2018-05-10T01:41:53+00:00\" \/>\n<meta property=\"og:image\" content=\"https:\/\/www.kravolution.com\/wp-content\/uploads\/2016\/12\/customized-01-1.jpg\" \/>\n<meta name=\"twitter:card\" content=\"summary_large_image\" \/>\n<meta name=\"twitter:label1\" content=\"Dur\u00e9e de lecture estim\u00e9e\" \/>\n\t<meta name=\"twitter:data1\" content=\"2 minutes\" \/>\n<script type=\"application\/ld+json\" class=\"yoast-schema-graph\">{\"@context\":\"https:\/\/schema.org\",\"@graph\":[{\"@type\":\"WebPage\",\"@id\":\"https:\/\/www.kravolution.com\/fr\/divisions\/customise-krav-maga\/\",\"url\":\"https:\/\/www.kravolution.com\/fr\/divisions\/customise-krav-maga\/\",\"name\":\"Personnalis\u00e9 - KRAVolution\",\"isPartOf\":{\"@id\":\"https:\/\/www.kravolution.com\/fr\/#website\"},\"datePublished\":\"2016-12-01T16:43:05+00:00\",\"dateModified\":\"2018-05-10T01:41:53+00:00\",\"description\":\"KRAV MAGA Personnalis\u00e9 Le syst\u00e8me s\u2019adapte \u00e0 l\u2019homme et non pas l\u2019homme au syst\u00e8me \u2013 C\u2019est KRAVolution Krav Maga. Ce syst\u00e8me d\u2019autod\u00e9fense est pour toute\",\"breadcrumb\":{\"@id\":\"https:\/\/www.kravolution.com\/fr\/divisions\/customise-krav-maga\/#breadcrumb\"},\"inLanguage\":\"fr-FR\",\"potentialAction\":[{\"@type\":\"ReadAction\",\"target\":[\"https:\/\/www.kravolution.com\/fr\/divisions\/customise-krav-maga\/\"]}]},{\"@type\":\"BreadcrumbList\",\"@id\":\"https:\/\/www.kravolution.com\/fr\/divisions\/customise-krav-maga\/#breadcrumb\",\"itemListElement\":[{\"@type\":\"ListItem\",\"position\":1,\"name\":\"Home\",\"item\":\"https:\/\/www.kravolution.com\/fr\/\"},{\"@type\":\"ListItem\",\"position\":2,\"name\":\"Divisions\",\"item\":\"https:\/\/www.kravolution.com\/fr\/divisions\/\"},{\"@type\":\"ListItem\",\"position\":3,\"name\":\"Personnalis\u00e9\"}]},{\"@type\":\"WebSite\",\"@id\":\"https:\/\/www.kravolution.com\/fr\/#website\",\"url\":\"https:\/\/www.kravolution.com\/fr\/\",\"name\":\"KRAVolution\",\"description\":\"Krav Maga modern israeli selfdefense system\",\"potentialAction\":[{\"@type\":\"SearchAction\",\"target\":{\"@type\":\"EntryPoint\",\"urlTemplate\":\"https:\/\/www.kravolution.com\/fr\/?s={search_term_string}\"},\"query-input\":\"required name=search_term_string\"}],\"inLanguage\":\"fr-FR\"}]}<\/script>\n<!-- \/ Yoast SEO plugin. -->","yoast_head_json":{"title":"Personnalis\u00e9 - KRAVolution","description":"KRAV MAGA Personnalis\u00e9 Le syst\u00e8me s\u2019adapte \u00e0 l\u2019homme et non pas l\u2019homme au syst\u00e8me \u2013 C\u2019est KRAVolution Krav Maga. Ce syst\u00e8me d\u2019autod\u00e9fense est pour toute","robots":{"index":"index","follow":"follow","max-snippet":"max-snippet:-1","max-image-preview":"max-image-preview:large","max-video-preview":"max-video-preview:-1"},"canonical":"https:\/\/www.kravolution.com\/fr\/divisions\/customise-krav-maga\/","og_locale":"fr_FR","og_type":"article","og_title":"Personnalis\u00e9 - KRAVolution","og_description":"KRAV MAGA Personnalis\u00e9 Le syst\u00e8me s\u2019adapte \u00e0 l\u2019homme et non pas l\u2019homme au syst\u00e8me \u2013 C\u2019est KRAVolution Krav Maga. Ce syst\u00e8me d\u2019autod\u00e9fense est pour toute","og_url":"https:\/\/www.kravolution.com\/fr\/divisions\/customise-krav-maga\/","og_site_name":"KRAVolution","article_modified_time":"2018-05-10T01:41:53+00:00","og_image":[{"url":"https:\/\/www.kravolution.com\/wp-content\/uploads\/2016\/12\/customized-01-1.jpg"}],"twitter_card":"summary_large_image","twitter_misc":{"Dur\u00e9e de lecture estim\u00e9e":"2 minutes"},"schema":{"@context":"https:\/\/schema.org","@graph":[{"@type":"WebPage","@id":"https:\/\/www.kravolution.com\/fr\/divisions\/customise-krav-maga\/","url":"https:\/\/www.kravolution.com\/fr\/divisions\/customise-krav-maga\/","name":"Personnalis\u00e9 - KRAVolution","isPartOf":{"@id":"https:\/\/www.kravolution.com\/fr\/#website"},"datePublished":"2016-12-01T16:43:05+00:00","dateModified":"2018-05-10T01:41:53+00:00","description":"KRAV MAGA Personnalis\u00e9 Le syst\u00e8me s\u2019adapte \u00e0 l\u2019homme et non pas l\u2019homme au syst\u00e8me \u2013 C\u2019est KRAVolution Krav Maga. Ce syst\u00e8me d\u2019autod\u00e9fense est pour toute","breadcrumb":{"@id":"https:\/\/www.kravolution.com\/fr\/divisions\/customise-krav-maga\/#breadcrumb"},"inLanguage":"fr-FR","potentialAction":[{"@type":"ReadAction","target":["https:\/\/www.kravolution.com\/fr\/divisions\/customise-krav-maga\/"]}]},{"@type":"BreadcrumbList","@id":"https:\/\/www.kravolution.com\/fr\/divisions\/customise-krav-maga\/#breadcrumb","itemListElement":[{"@type":"ListItem","position":1,"name":"Home","item":"https:\/\/www.kravolution.com\/fr\/"},{"@type":"ListItem","position":2,"name":"Divisions","item":"https:\/\/www.kravolution.com\/fr\/divisions\/"},{"@type":"ListItem","position":3,"name":"Personnalis\u00e9"}]},{"@type":"WebSite","@id":"https:\/\/www.kravolution.com\/fr\/#website","url":"https:\/\/www.kravolution.com\/fr\/","name":"KRAVolution","description":"Krav Maga modern israeli selfdefense system","potentialAction":[{"@type":"SearchAction","target":{"@type":"EntryPoint","urlTemplate":"https:\/\/www.kravolution.com\/fr\/?s={search_term_string}"},"query-input":"required name=search_term_string"}],"inLanguage":"fr-FR"}]}},"_links":{"self":[{"href":"https:\/\/www.kravolution.com\/fr\/wp-json\/wp\/v2\/pages\/3306"}],"collection":[{"href":"https:\/\/www.kravolution.com\/fr\/wp-json\/wp\/v2\/pages"}],"about":[{"href":"https:\/\/www.kravolution.com\/fr\/wp-json\/wp\/v2\/types\/page"}],"author":[{"embeddable":true,"href":"https:\/\/www.kravolution.com\/fr\/wp-json\/wp\/v2\/users\/7"}],"replies":[{"embeddable":true,"href":"https:\/\/www.kravolution.com\/fr\/wp-json\/wp\/v2\/comments?post=3306"}],"version-history":[{"count":5,"href":"https:\/\/www.kravolution.com\/fr\/wp-json\/wp\/v2\/pages\/3306\/revisions"}],"predecessor-version":[{"id":4464,"href":"https:\/\/www.kravolution.com\/fr\/wp-json\/wp\/v2\/pages\/3306\/revisions\/4464"}],"up":[{"embeddable":true,"href":"https:\/\/www.kravolution.com\/fr\/wp-json\/wp\/v2\/pages\/3286"}],"wp:attachment":[{"href":"https:\/\/www.kravolution.com\/fr\/wp-json\/wp\/v2\/media?parent=3306"}],"curies":[{"name":"wp","href":"https:\/\/api.w.org\/{rel}","templated":true}]}}