{"id":3301,"date":"2016-12-01T17:46:07","date_gmt":"2016-12-01T16:46:07","guid":{"rendered":"https:\/\/wwwv2.kravolution.com\/divisions\/women-selfdefense\/"},"modified":"2018-05-10T03:37:16","modified_gmt":"2018-05-10T01:37:16","slug":"femmes-seulement","status":"publish","type":"page","link":"https:\/\/www.kravolution.com\/fr\/divisions\/femmes-seulement\/","title":{"rendered":"Femmes Uniquement"},"content":{"rendered":"<h2><span id=\"result_box\" class=\"short_text\" lang=\"fr\"><span class=\"\">Femmes Uniquement<\/span><\/span><\/h2>\n<p><img decoding=\"async\" loading=\"lazy\" class=\"aligncenter size-full wp-image-1147 img-responsive\" src=\"https:\/\/www.kravolution.com\/wp-content\/uploads\/2016\/12\/woman-krav-maga-division.jpg\" alt=\"women krav maga selfdefense\" width=\"1135\" height=\"375\" srcset=\"https:\/\/www.kravolution.com\/wp-content\/uploads\/2016\/12\/woman-krav-maga-division.jpg 1135w, https:\/\/www.kravolution.com\/wp-content\/uploads\/2016\/12\/woman-krav-maga-division-300x99.jpg 300w, https:\/\/www.kravolution.com\/wp-content\/uploads\/2016\/12\/woman-krav-maga-division-768x254.jpg 768w, https:\/\/www.kravolution.com\/wp-content\/uploads\/2016\/12\/woman-krav-maga-division-1024x338.jpg 1024w\" sizes=\"(max-width: 1135px) 100vw, 1135px\" \/><\/p>\n<p>Ce qui est bien dans KRAVolution Krav Maga pour les femmes, c\u2019est que la force et la taille ne sont pas importantes. KRAVolution entra\u00eene selon des principes en rapport avec des techniques faciles \u00e0 apprendre, qui sont disponibles mentalement en situation de stress ou d\u2019urgence.<\/p>\n<p><span class=\"highlight\" style=\"font-weight: 350; font-size: 130%;\">Aucune femme ne doit \u00eatre une victime et les hommes qui pensent que les femmes ne savent pas se d\u00e9fendre contre eux l\u2019apprendront \u00e0 leurs d\u00e9pens.<br \/>\n<\/span><\/p>\n<p>M\u00eame si les techniques Krav Maga de l\u2019entra\u00eenement d\u2019autod\u00e9fense pour les femmes n\u2019est pas vraiment diff\u00e9rent de l\u2019entra\u00eenement mixte, il y a une certaine diff\u00e9rence dans le groupe \u00ab\u00a0Women Only\u00a0\u00bb.<\/p>\n<p>Les femmes font l\u2019objet d\u2019autres agressions que les hommes. Il ne s\u2019agit pas seulement des agressions sexuelles mais d\u2019autres situations de menace et d\u2019attaque. Les femmes r\u00e9agissent en fait intuitivement et autrement que les hommes.<\/p>\n<p>Et c\u2019est exactement sur ce point que s\u2019oriente l\u2019entra\u00eenement Krav Maga de KRAVolution. Il prend en compte les diff\u00e9rences sp\u00e9cifiques de la taille, la force corporelle et la capacit\u00e9 de r\u00e9sistance mentale. En plus des techniques effectives d\u2019autod\u00e9fense, les femmes apprennent ici beaucoup sur les hommes \u2013 comment ils pensent, agissent et aussi comment les hommes pr\u00e9f\u00e8rent attaquer. Les participantes apprennent \u00e0 reconna\u00eetre les dangers, \u00e0 les \u00e9viter et \u00e0 r\u00e9agir correctement si la situation s\u2019envenime. Car avec KRAVolution Krav Maga, toute personne est en mesure de se d\u00e9fendre effectivement et de d\u00e9fendre ses proches sans compromis.<\/p>\n<p>&nbsp;<\/p>\n<p><strong>Les points essentiels de KRAVolution Krav Maga pour un entra\u00eenement global de s\u00e9curit\u00e9 et d\u2019autod\u00e9fense pour les femmes sont\u00a0:<\/strong><\/p>\n<ul>\n<li>Pr\u00e9vention<\/li>\n<li>Reconna\u00eetre les dangers et les retraits tactiques<\/li>\n<li>Attaques et contre-attaques contre toutes les parties du corps, de toutes les courtes distances et dans toutes les directions<\/li>\n<li>Utiliser les objets et les moyens auxiliaires pour se d\u00e9fendre<\/li>\n<li>Se d\u00e9fendre contre des femmes\/se d\u00e9fendre contre des hommes plus forts<\/li>\n<li>Se d\u00e9fendre contre les agressions sexuelles<\/li>\n<li>Se d\u00e9fendre contre les menaces et agressions arm\u00e9es<\/li>\n<li>Se d\u00e9fendre contre un ou plusieurs agresseurs simultan\u00e9ment<\/li>\n<\/ul>\n<hr \/>\n<p>&nbsp;<\/p>\n","protected":false},"excerpt":{"rendered":"Femmes Uniquement Ce qui est bien dans KRAVolution Krav Maga pour les femmes, c\u2019est que la force et la taille [&hellip;]","protected":false},"author":7,"featured_media":0,"parent":3286,"menu_order":0,"comment_status":"closed","ping_status":"closed","template":"","meta":{"_et_pb_use_builder":"","_et_pb_old_content":"","_et_gb_content_width":"","_mi_skip_tracking":false},"acf":[],"yoast_head":"<!-- This site is optimized with the Yoast SEO plugin v19.13 - https:\/\/yoast.com\/wordpress\/plugins\/seo\/ -->\n<title>Femmes Uniquement - KRAVolution<\/title>\n<meta name=\"description\" content=\"Femmes Uniquement Ce qui est bien dans KRAVolution Krav Maga pour les femmes, c\u2019est que la force et la taille ne sont pas importantes. KRAVolution\" \/>\n<meta name=\"robots\" content=\"index, follow, max-snippet:-1, max-image-preview:large, max-video-preview:-1\" \/>\n<link rel=\"canonical\" href=\"https:\/\/www.kravolution.com\/fr\/divisions\/femmes-seulement\/\" \/>\n<meta property=\"og:locale\" content=\"fr_FR\" \/>\n<meta property=\"og:type\" content=\"article\" \/>\n<meta property=\"og:title\" content=\"Femmes Uniquement - KRAVolution\" \/>\n<meta property=\"og:description\" content=\"Femmes Uniquement Ce qui est bien dans KRAVolution Krav Maga pour les femmes, c\u2019est que la force et la taille ne sont pas importantes. KRAVolution\" \/>\n<meta property=\"og:url\" content=\"https:\/\/www.kravolution.com\/fr\/divisions\/femmes-seulement\/\" \/>\n<meta property=\"og:site_name\" content=\"KRAVolution\" \/>\n<meta property=\"article:modified_time\" content=\"2018-05-10T01:37:16+00:00\" \/>\n<meta property=\"og:image\" content=\"https:\/\/www.kravolution.com\/wp-content\/uploads\/2016\/12\/woman-krav-maga-division.jpg\" \/>\n<meta name=\"twitter:card\" content=\"summary_large_image\" \/>\n<meta name=\"twitter:label1\" content=\"Dur\u00e9e de lecture estim\u00e9e\" \/>\n\t<meta name=\"twitter:data1\" content=\"2 minutes\" \/>\n<script type=\"application\/ld+json\" class=\"yoast-schema-graph\">{\"@context\":\"https:\/\/schema.org\",\"@graph\":[{\"@type\":\"WebPage\",\"@id\":\"https:\/\/www.kravolution.com\/fr\/divisions\/femmes-seulement\/\",\"url\":\"https:\/\/www.kravolution.com\/fr\/divisions\/femmes-seulement\/\",\"name\":\"Femmes Uniquement - KRAVolution\",\"isPartOf\":{\"@id\":\"https:\/\/www.kravolution.com\/fr\/#website\"},\"datePublished\":\"2016-12-01T16:46:07+00:00\",\"dateModified\":\"2018-05-10T01:37:16+00:00\",\"description\":\"Femmes Uniquement Ce qui est bien dans KRAVolution Krav Maga pour les femmes, c\u2019est que la force et la taille ne sont pas importantes. KRAVolution\",\"breadcrumb\":{\"@id\":\"https:\/\/www.kravolution.com\/fr\/divisions\/femmes-seulement\/#breadcrumb\"},\"inLanguage\":\"fr-FR\",\"potentialAction\":[{\"@type\":\"ReadAction\",\"target\":[\"https:\/\/www.kravolution.com\/fr\/divisions\/femmes-seulement\/\"]}]},{\"@type\":\"BreadcrumbList\",\"@id\":\"https:\/\/www.kravolution.com\/fr\/divisions\/femmes-seulement\/#breadcrumb\",\"itemListElement\":[{\"@type\":\"ListItem\",\"position\":1,\"name\":\"Home\",\"item\":\"https:\/\/www.kravolution.com\/fr\/\"},{\"@type\":\"ListItem\",\"position\":2,\"name\":\"Divisions\",\"item\":\"https:\/\/www.kravolution.com\/fr\/divisions\/\"},{\"@type\":\"ListItem\",\"position\":3,\"name\":\"Femmes Uniquement\"}]},{\"@type\":\"WebSite\",\"@id\":\"https:\/\/www.kravolution.com\/fr\/#website\",\"url\":\"https:\/\/www.kravolution.com\/fr\/\",\"name\":\"KRAVolution\",\"description\":\"Krav Maga modern israeli selfdefense system\",\"potentialAction\":[{\"@type\":\"SearchAction\",\"target\":{\"@type\":\"EntryPoint\",\"urlTemplate\":\"https:\/\/www.kravolution.com\/fr\/?s={search_term_string}\"},\"query-input\":\"required name=search_term_string\"}],\"inLanguage\":\"fr-FR\"}]}<\/script>\n<!-- \/ Yoast SEO plugin. -->","yoast_head_json":{"title":"Femmes Uniquement - KRAVolution","description":"Femmes Uniquement Ce qui est bien dans KRAVolution Krav Maga pour les femmes, c\u2019est que la force et la taille ne sont pas importantes. KRAVolution","robots":{"index":"index","follow":"follow","max-snippet":"max-snippet:-1","max-image-preview":"max-image-preview:large","max-video-preview":"max-video-preview:-1"},"canonical":"https:\/\/www.kravolution.com\/fr\/divisions\/femmes-seulement\/","og_locale":"fr_FR","og_type":"article","og_title":"Femmes Uniquement - KRAVolution","og_description":"Femmes Uniquement Ce qui est bien dans KRAVolution Krav Maga pour les femmes, c\u2019est que la force et la taille ne sont pas importantes. KRAVolution","og_url":"https:\/\/www.kravolution.com\/fr\/divisions\/femmes-seulement\/","og_site_name":"KRAVolution","article_modified_time":"2018-05-10T01:37:16+00:00","og_image":[{"url":"https:\/\/www.kravolution.com\/wp-content\/uploads\/2016\/12\/woman-krav-maga-division.jpg"}],"twitter_card":"summary_large_image","twitter_misc":{"Dur\u00e9e de lecture estim\u00e9e":"2 minutes"},"schema":{"@context":"https:\/\/schema.org","@graph":[{"@type":"WebPage","@id":"https:\/\/www.kravolution.com\/fr\/divisions\/femmes-seulement\/","url":"https:\/\/www.kravolution.com\/fr\/divisions\/femmes-seulement\/","name":"Femmes Uniquement - KRAVolution","isPartOf":{"@id":"https:\/\/www.kravolution.com\/fr\/#website"},"datePublished":"2016-12-01T16:46:07+00:00","dateModified":"2018-05-10T01:37:16+00:00","description":"Femmes Uniquement Ce qui est bien dans KRAVolution Krav Maga pour les femmes, c\u2019est que la force et la taille ne sont pas importantes. KRAVolution","breadcrumb":{"@id":"https:\/\/www.kravolution.com\/fr\/divisions\/femmes-seulement\/#breadcrumb"},"inLanguage":"fr-FR","potentialAction":[{"@type":"ReadAction","target":["https:\/\/www.kravolution.com\/fr\/divisions\/femmes-seulement\/"]}]},{"@type":"BreadcrumbList","@id":"https:\/\/www.kravolution.com\/fr\/divisions\/femmes-seulement\/#breadcrumb","itemListElement":[{"@type":"ListItem","position":1,"name":"Home","item":"https:\/\/www.kravolution.com\/fr\/"},{"@type":"ListItem","position":2,"name":"Divisions","item":"https:\/\/www.kravolution.com\/fr\/divisions\/"},{"@type":"ListItem","position":3,"name":"Femmes Uniquement"}]},{"@type":"WebSite","@id":"https:\/\/www.kravolution.com\/fr\/#website","url":"https:\/\/www.kravolution.com\/fr\/","name":"KRAVolution","description":"Krav Maga modern israeli selfdefense system","potentialAction":[{"@type":"SearchAction","target":{"@type":"EntryPoint","urlTemplate":"https:\/\/www.kravolution.com\/fr\/?s={search_term_string}"},"query-input":"required name=search_term_string"}],"inLanguage":"fr-FR"}]}},"_links":{"self":[{"href":"https:\/\/www.kravolution.com\/fr\/wp-json\/wp\/v2\/pages\/3301"}],"collection":[{"href":"https:\/\/www.kravolution.com\/fr\/wp-json\/wp\/v2\/pages"}],"about":[{"href":"https:\/\/www.kravolution.com\/fr\/wp-json\/wp\/v2\/types\/page"}],"author":[{"embeddable":true,"href":"https:\/\/www.kravolution.com\/fr\/wp-json\/wp\/v2\/users\/7"}],"replies":[{"embeddable":true,"href":"https:\/\/www.kravolution.com\/fr\/wp-json\/wp\/v2\/comments?post=3301"}],"version-history":[{"count":4,"href":"https:\/\/www.kravolution.com\/fr\/wp-json\/wp\/v2\/pages\/3301\/revisions"}],"predecessor-version":[{"id":4460,"href":"https:\/\/www.kravolution.com\/fr\/wp-json\/wp\/v2\/pages\/3301\/revisions\/4460"}],"up":[{"embeddable":true,"href":"https:\/\/www.kravolution.com\/fr\/wp-json\/wp\/v2\/pages\/3286"}],"wp:attachment":[{"href":"https:\/\/www.kravolution.com\/fr\/wp-json\/wp\/v2\/media?parent=3301"}],"curies":[{"name":"wp","href":"https:\/\/api.w.org\/{rel}","templated":true}]}}