{"id":3296,"date":"2017-09-12T13:23:28","date_gmt":"2017-09-12T11:23:28","guid":{"rendered":"https:\/\/wwwv2.kravolution.com\/divisions\/teenager-self-defense\/"},"modified":"2018-05-10T03:38:47","modified_gmt":"2018-05-10T01:38:47","slug":"krav-maga-pour-beaucoup-de-jeunes","status":"publish","type":"page","link":"https:\/\/www.kravolution.com\/fr\/divisions\/krav-maga-pour-beaucoup-de-jeunes\/","title":{"rendered":"Krav Maga pour Adolescents"},"content":{"rendered":"<h2>Krav Maga pour Adolescents<\/h2>\n<p><img decoding=\"async\" loading=\"lazy\" class=\"aligncenter size-full wp-image-1144 img-responsive\" src=\"https:\/\/www.kravolution.com\/wp-content\/uploads\/2017\/09\/teens-division-01.jpg\" alt=\"Teenager Krav Maga \" width=\"1135\" height=\"375\" srcset=\"https:\/\/www.kravolution.com\/wp-content\/uploads\/2017\/09\/teens-division-01.jpg 1135w, https:\/\/www.kravolution.com\/wp-content\/uploads\/2017\/09\/teens-division-01-300x99.jpg 300w, https:\/\/www.kravolution.com\/wp-content\/uploads\/2017\/09\/teens-division-01-768x254.jpg 768w, https:\/\/www.kravolution.com\/wp-content\/uploads\/2017\/09\/teens-division-01-1024x338.jpg 1024w\" sizes=\"(max-width: 1135px) 100vw, 1135px\" \/><\/p>\n<p><strong><span class=\"st\">\u00ab<\/span> O\u00f9 vas-tu et quand reviens-tu\u00a0?\u00a0\u00bb<\/strong> C\u2019est bien s\u00fbr une des questions qui a le plus \u00e9nerv\u00e9 chaque d\u2019entre nous lorsque nous \u00e9tions teenager. Autrefois, nous n\u2019avons pas compris qu\u2019il ne s\u2019agissait pas de contr\u00f4le mais que nous \u00e9tions quelqu\u2019un d\u2019important pour nos parents, qu\u2019ils se faisaient du souci pour nous, qu\u2019ils voulaient que nous soyons en s\u00e9curit\u00e9.<\/p>\n<p>Beaucoup de jeunes sont victimes d\u2019affrontements violents dans la cour de l\u2019\u00e9cole ou dans la vie quotidienne. Tout comme dans la Division KRAVolution Kids, KRAVolution Krav Maga dispose d\u2019instructeurs exp\u00e9riment\u00e9s et d\u2019un entra\u00eenement d\u2019autod\u00e9fense adapt\u00e9. Il ne s\u2019agit pas seulement d\u2019apprendre des techniques effectives d\u2019autod\u00e9fense, mais aussi de savoir d\u00e9velopper une intuition pour le bon comportement tactique, de savoir s\u2019affirmer le cas \u00e9ch\u00e9ant ainsi que de savoir estimer les proportions du conflit.<\/p>\n<p><strong>Les points essentiels pour KRAVolution Krav Maga pour un entra\u00eenement global de s\u00e9curit\u00e9 et d\u2019autod\u00e9fense pour les teenagers sont\u00a0:<\/strong><\/p>\n<ul>\n<li>Pr\u00e9vention<\/li>\n<li>Reconna\u00eetre les dangers et les retraits tactiques<\/li>\n<li>Attaques et contre-attaque contre toutes les cibles du corps, de toutes les distances et dans toutes les directions<\/li>\n<li>Utilisation d\u2019objets et de moyens auxiliaires pour se d\u00e9fendre<\/li>\n<li>Autod\u00e9fense contre jeunes du m\u00eame \u00e2ge<\/li>\n<li>Autod\u00e9fense contre des \u00ab\u00a0plus forts\u00a0\u00bb<\/li>\n<li>D\u00e9fense contre des situations de menace et d\u2019attaque avec armes<\/li>\n<li>D\u00e9fense contre un ou plusieurs agresseurs simultan\u00e9ment.<\/li>\n<\/ul>\n<p>&nbsp;<\/p>\n<p>Tout particuli\u00e8rement dans la phase difficile du d\u00e9veloppement d\u2019un teenager, KRAVolution Krav Maga donne \u00e0 ses participants une stabilit\u00e9 et la confiance en soi n\u00e9cessaire. Nous offrons \u00e0 chacun la possibilit\u00e9 non seulement de s\u2019entra\u00eener dans un groupe cool mais aussi la possibilit\u00e9, \u00e0 la fin de la journ\u00e9e, de savoir se d\u00e9fendre effectivement.<\/p>\n<hr \/>\n<p>&nbsp;<\/p>\n<p>&nbsp;<\/p>\n","protected":false},"excerpt":{"rendered":"Krav Maga pour Adolescents \u00ab O\u00f9 vas-tu et quand reviens-tu\u00a0?\u00a0\u00bb C\u2019est bien s\u00fbr une des questions qui a le plus [&hellip;]","protected":false},"author":7,"featured_media":0,"parent":3286,"menu_order":0,"comment_status":"closed","ping_status":"closed","template":"","meta":{"_et_pb_use_builder":"","_et_pb_old_content":"","_et_gb_content_width":"","_mi_skip_tracking":false},"acf":[],"yoast_head":"<!-- This site is optimized with the Yoast SEO plugin v19.13 - https:\/\/yoast.com\/wordpress\/plugins\/seo\/ -->\n<title>Krav Maga pour Adolescents - KRAVolution<\/title>\n<meta name=\"description\" content=\"Krav Maga pour Adolescents \u00ab O\u00f9 vas-tu et quand reviens-tu\u00a0?\u00a0\u00bb C\u2019est bien s\u00fbr une des questions qui a le plus \u00e9nerv\u00e9 chaque d\u2019entre nous lorsque nous\" \/>\n<meta name=\"robots\" content=\"index, follow, max-snippet:-1, max-image-preview:large, max-video-preview:-1\" \/>\n<link rel=\"canonical\" href=\"https:\/\/www.kravolution.com\/fr\/divisions\/krav-maga-pour-beaucoup-de-jeunes\/\" \/>\n<meta property=\"og:locale\" content=\"fr_FR\" \/>\n<meta property=\"og:type\" content=\"article\" \/>\n<meta property=\"og:title\" content=\"Krav Maga pour Adolescents - KRAVolution\" \/>\n<meta property=\"og:description\" content=\"Krav Maga pour Adolescents \u00ab O\u00f9 vas-tu et quand reviens-tu\u00a0?\u00a0\u00bb C\u2019est bien s\u00fbr une des questions qui a le plus \u00e9nerv\u00e9 chaque d\u2019entre nous lorsque nous\" \/>\n<meta property=\"og:url\" content=\"https:\/\/www.kravolution.com\/fr\/divisions\/krav-maga-pour-beaucoup-de-jeunes\/\" \/>\n<meta property=\"og:site_name\" content=\"KRAVolution\" \/>\n<meta property=\"article:modified_time\" content=\"2018-05-10T01:38:47+00:00\" \/>\n<meta property=\"og:image\" content=\"https:\/\/www.kravolution.com\/wp-content\/uploads\/2017\/09\/teens-division-01.jpg\" \/>\n<meta name=\"twitter:card\" content=\"summary_large_image\" \/>\n<meta name=\"twitter:label1\" content=\"Dur\u00e9e de lecture estim\u00e9e\" \/>\n\t<meta name=\"twitter:data1\" content=\"2 minutes\" \/>\n<script type=\"application\/ld+json\" class=\"yoast-schema-graph\">{\"@context\":\"https:\/\/schema.org\",\"@graph\":[{\"@type\":\"WebPage\",\"@id\":\"https:\/\/www.kravolution.com\/fr\/divisions\/krav-maga-pour-beaucoup-de-jeunes\/\",\"url\":\"https:\/\/www.kravolution.com\/fr\/divisions\/krav-maga-pour-beaucoup-de-jeunes\/\",\"name\":\"Krav Maga pour Adolescents - KRAVolution\",\"isPartOf\":{\"@id\":\"https:\/\/www.kravolution.com\/fr\/#website\"},\"datePublished\":\"2017-09-12T11:23:28+00:00\",\"dateModified\":\"2018-05-10T01:38:47+00:00\",\"description\":\"Krav Maga pour Adolescents \u00ab O\u00f9 vas-tu et quand reviens-tu\u00a0?\u00a0\u00bb C\u2019est bien s\u00fbr une des questions qui a le plus \u00e9nerv\u00e9 chaque d\u2019entre nous lorsque nous\",\"breadcrumb\":{\"@id\":\"https:\/\/www.kravolution.com\/fr\/divisions\/krav-maga-pour-beaucoup-de-jeunes\/#breadcrumb\"},\"inLanguage\":\"fr-FR\",\"potentialAction\":[{\"@type\":\"ReadAction\",\"target\":[\"https:\/\/www.kravolution.com\/fr\/divisions\/krav-maga-pour-beaucoup-de-jeunes\/\"]}]},{\"@type\":\"BreadcrumbList\",\"@id\":\"https:\/\/www.kravolution.com\/fr\/divisions\/krav-maga-pour-beaucoup-de-jeunes\/#breadcrumb\",\"itemListElement\":[{\"@type\":\"ListItem\",\"position\":1,\"name\":\"Home\",\"item\":\"https:\/\/www.kravolution.com\/fr\/\"},{\"@type\":\"ListItem\",\"position\":2,\"name\":\"Divisions\",\"item\":\"https:\/\/www.kravolution.com\/fr\/divisions\/\"},{\"@type\":\"ListItem\",\"position\":3,\"name\":\"Krav Maga pour Adolescents\"}]},{\"@type\":\"WebSite\",\"@id\":\"https:\/\/www.kravolution.com\/fr\/#website\",\"url\":\"https:\/\/www.kravolution.com\/fr\/\",\"name\":\"KRAVolution\",\"description\":\"Krav Maga modern israeli selfdefense system\",\"potentialAction\":[{\"@type\":\"SearchAction\",\"target\":{\"@type\":\"EntryPoint\",\"urlTemplate\":\"https:\/\/www.kravolution.com\/fr\/?s={search_term_string}\"},\"query-input\":\"required name=search_term_string\"}],\"inLanguage\":\"fr-FR\"}]}<\/script>\n<!-- \/ Yoast SEO plugin. -->","yoast_head_json":{"title":"Krav Maga pour Adolescents - KRAVolution","description":"Krav Maga pour Adolescents \u00ab O\u00f9 vas-tu et quand reviens-tu\u00a0?\u00a0\u00bb C\u2019est bien s\u00fbr une des questions qui a le plus \u00e9nerv\u00e9 chaque d\u2019entre nous lorsque nous","robots":{"index":"index","follow":"follow","max-snippet":"max-snippet:-1","max-image-preview":"max-image-preview:large","max-video-preview":"max-video-preview:-1"},"canonical":"https:\/\/www.kravolution.com\/fr\/divisions\/krav-maga-pour-beaucoup-de-jeunes\/","og_locale":"fr_FR","og_type":"article","og_title":"Krav Maga pour Adolescents - KRAVolution","og_description":"Krav Maga pour Adolescents \u00ab O\u00f9 vas-tu et quand reviens-tu\u00a0?\u00a0\u00bb C\u2019est bien s\u00fbr une des questions qui a le plus \u00e9nerv\u00e9 chaque d\u2019entre nous lorsque nous","og_url":"https:\/\/www.kravolution.com\/fr\/divisions\/krav-maga-pour-beaucoup-de-jeunes\/","og_site_name":"KRAVolution","article_modified_time":"2018-05-10T01:38:47+00:00","og_image":[{"url":"https:\/\/www.kravolution.com\/wp-content\/uploads\/2017\/09\/teens-division-01.jpg"}],"twitter_card":"summary_large_image","twitter_misc":{"Dur\u00e9e de lecture estim\u00e9e":"2 minutes"},"schema":{"@context":"https:\/\/schema.org","@graph":[{"@type":"WebPage","@id":"https:\/\/www.kravolution.com\/fr\/divisions\/krav-maga-pour-beaucoup-de-jeunes\/","url":"https:\/\/www.kravolution.com\/fr\/divisions\/krav-maga-pour-beaucoup-de-jeunes\/","name":"Krav Maga pour Adolescents - KRAVolution","isPartOf":{"@id":"https:\/\/www.kravolution.com\/fr\/#website"},"datePublished":"2017-09-12T11:23:28+00:00","dateModified":"2018-05-10T01:38:47+00:00","description":"Krav Maga pour Adolescents \u00ab O\u00f9 vas-tu et quand reviens-tu\u00a0?\u00a0\u00bb C\u2019est bien s\u00fbr une des questions qui a le plus \u00e9nerv\u00e9 chaque d\u2019entre nous lorsque nous","breadcrumb":{"@id":"https:\/\/www.kravolution.com\/fr\/divisions\/krav-maga-pour-beaucoup-de-jeunes\/#breadcrumb"},"inLanguage":"fr-FR","potentialAction":[{"@type":"ReadAction","target":["https:\/\/www.kravolution.com\/fr\/divisions\/krav-maga-pour-beaucoup-de-jeunes\/"]}]},{"@type":"BreadcrumbList","@id":"https:\/\/www.kravolution.com\/fr\/divisions\/krav-maga-pour-beaucoup-de-jeunes\/#breadcrumb","itemListElement":[{"@type":"ListItem","position":1,"name":"Home","item":"https:\/\/www.kravolution.com\/fr\/"},{"@type":"ListItem","position":2,"name":"Divisions","item":"https:\/\/www.kravolution.com\/fr\/divisions\/"},{"@type":"ListItem","position":3,"name":"Krav Maga pour Adolescents"}]},{"@type":"WebSite","@id":"https:\/\/www.kravolution.com\/fr\/#website","url":"https:\/\/www.kravolution.com\/fr\/","name":"KRAVolution","description":"Krav Maga modern israeli selfdefense system","potentialAction":[{"@type":"SearchAction","target":{"@type":"EntryPoint","urlTemplate":"https:\/\/www.kravolution.com\/fr\/?s={search_term_string}"},"query-input":"required name=search_term_string"}],"inLanguage":"fr-FR"}]}},"_links":{"self":[{"href":"https:\/\/www.kravolution.com\/fr\/wp-json\/wp\/v2\/pages\/3296"}],"collection":[{"href":"https:\/\/www.kravolution.com\/fr\/wp-json\/wp\/v2\/pages"}],"about":[{"href":"https:\/\/www.kravolution.com\/fr\/wp-json\/wp\/v2\/types\/page"}],"author":[{"embeddable":true,"href":"https:\/\/www.kravolution.com\/fr\/wp-json\/wp\/v2\/users\/7"}],"replies":[{"embeddable":true,"href":"https:\/\/www.kravolution.com\/fr\/wp-json\/wp\/v2\/comments?post=3296"}],"version-history":[{"count":3,"href":"https:\/\/www.kravolution.com\/fr\/wp-json\/wp\/v2\/pages\/3296\/revisions"}],"predecessor-version":[{"id":4461,"href":"https:\/\/www.kravolution.com\/fr\/wp-json\/wp\/v2\/pages\/3296\/revisions\/4461"}],"up":[{"embeddable":true,"href":"https:\/\/www.kravolution.com\/fr\/wp-json\/wp\/v2\/pages\/3286"}],"wp:attachment":[{"href":"https:\/\/www.kravolution.com\/fr\/wp-json\/wp\/v2\/media?parent=3296"}],"curies":[{"name":"wp","href":"https:\/\/api.w.org\/{rel}","templated":true}]}}