{"id":3279,"date":"2017-09-12T15:24:06","date_gmt":"2017-09-12T13:24:06","guid":{"rendered":"https:\/\/wwwv2.kravolution.com\/education\/full-instructor-courses\/"},"modified":"2018-05-28T16:10:04","modified_gmt":"2018-05-28T14:10:04","slug":"full-instructor-courses","status":"publish","type":"page","link":"https:\/\/www.kravolution.com\/fr\/education\/full-instructor-courses\/","title":{"rendered":"Cours d&rsquo;Instructeur Civil"},"content":{"rendered":"<h1>KRAVolution Cours Instructeur Civil<\/h1>\n<p>Vous pratiquez d\u00e9j\u00e0 le Krav Maga ou bien vous avez plusieurs ann\u00e9es d\u2019exp\u00e9rience dans les sports de combat. Vous \u00eates pr\u00eat \u00e0 assumer des responsabilit\u00e9s et \u00e0 transmettre votre savoir aux autres. Alors c&rsquo;est VOUS que nous voulons avoir comme entra\u00eeneur\u00a0!<\/p>\n<p><center><div style=\"width: 640px;\" class=\"wp-video\"><!--[if lt IE 9]><script>document.createElement('video');<\/script><![endif]-->\n<video class=\"wp-video-shortcode\" id=\"video-3279-1\" width=\"640\" height=\"360\" poster=\"https:\/\/www.kravolution.com\/wp-content\/uploads\/2017\/09\/foto-von-video.jpg\" preload=\"metadata\" controls=\"controls\"><source type=\"video\/mp4\" src=\"https:\/\/www.kravolution.com\/wp-content\/uploads\/2017\/09\/Kravolution-Krav-Maga-Instructor-Course-CIC.mp4?_=1\" \/><a href=\"https:\/\/www.kravolution.com\/wp-content\/uploads\/2017\/09\/Kravolution-Krav-Maga-Instructor-Course-CIC.mp4\">https:\/\/www.kravolution.com\/wp-content\/uploads\/2017\/09\/Kravolution-Krav-Maga-Instructor-Course-CIC.mp4<\/a><\/video><\/div><\/p>\n<p>&nbsp;<\/p>\n<p>&nbsp;<\/p>\n<p>&nbsp;<\/p>\n<p>&nbsp;<\/p>\n<p>&nbsp;<\/p>\n<p>&nbsp;<\/p>\n<p>&nbsp;<\/p>\n<p><\/center><\/p>\n<hr \/>\n<h2 class=\"highlight\">Cours d&rsquo;Instructeur Civil<\/h2>\n<p>Dans les cours de Krav Maga Self-defense Full-Instructor, nous allons vous \u00e9pauler avec tout notre savoir-faire.<br \/>\nVous voulez devenir Instructeur Krav Maga? Inscrivez vous et faites votre formation dans la plus grande \u00e9cole de Krav Maga d\u2019Allemagne et la plus renomm\u00e9e\u00a0: l\u2019Institut Krav Maga dans un de nos sites.<\/p>\n<p>Le but de cette formation qui, avec 170 heures de plein-temps, est une des plus compl\u00e8tes et diversifi\u00e9e dans tout le syst\u00e8me, est de faire de toi un Instructeur qualifi\u00e9 au sein de notre \u00e9quipe d\u2019enseignants et de l\u2019\u00e9quipe internationale d\u2019experts du Civil Krav Maga\u00a0!<\/p>\n<p>Le cours est dirig\u00e9 par notre \u00e9quipe internationale d\u2019experts Krav Maga ainsi que par des instructeurs militaires. Afin de faire en vous un des meilleurs instructeurs, nous avons recouru aux meilleurs instructeurs\u00a0!<\/p>\n<p>Nous \u00e9tablissons de nouvelles normes avec notre nouveau concept pour la formation des instructeurs de Krav Maga et voulons penser originellement. C&rsquo;est pourquoi nous avons r\u00e9volutionn\u00e9 la formation pr\u00e9c\u00e9dente.<\/p>\n<p>Nous ne mentirons pas. C&rsquo;est difficile d&rsquo;\u00eatre un participant \u00e0 un instructeur et par l\u00e0 \u00e0 une ceinture noire de Krav Maga &#8211; c\u2019est m\u00e9rit\u00e9, non pas donn\u00e9. Mais, si vous pouvez le faire, vous appartenez aux instructeurs de Krav Maga les mieux \u00e9duqu\u00e9s du monde entier.<br \/>\n<strong>Th\u00e8mes du cours KRAVolution Civil Instructor:<\/strong><\/p>\n<ul>\n<li>Cours comprim\u00e9 avec des horaires d\u2018entra\u00eenement attractifs, \u00e9galement accessibles aux gens qui travaillent.<\/li>\n<li>Cours selon les principes et non pas seulement selon les techniques<\/li>\n<li>Supervision par des experts Krav Maga internationaux de haut niveau <span id=\"result_box\" class=\"short_text\" lang=\"fr\"><span class=\"\">par exemple Megan, Jean-Paul &amp; Carsten<\/span><\/span><\/li>\n<li>Premiers secours sp\u00e9cialement pour les entra\u00eeneurs \u2013KRAVolution First Aid\u00a0!<\/li>\n<li>Sc\u00e9nario de training quasi r\u00e9el<\/li>\n<li>Curriculum de KRAVolution<\/li>\n<li>Un Level Testing comme on n\u2019en a jamais vu, dans lequel la capacit\u00e9 \u00e0 enseigner est aussi importante que la bonne performance\u00a0! Tu ne seras pas test\u00e9 par un seul juge mais par un comit\u00e9 de Testing compos\u00e9 de 5 entra\u00eeneurs Krav Maga actifs.<\/li>\n<\/ul>\n<p>&nbsp;<\/p>\n<p><strong><span id=\"result_box\" class=\"short_text\" lang=\"fr\"><span class=\"\">Informations sur les prochains cours<\/span><\/span>: <a href=\"mailto:info@kravolution.com\">info@kravolution.com<\/a><\/strong><\/p>\n<p><a href=\"https:\/\/www.kravolution.de\/Civil-Instructor-Course\" target=\"_blank\" rel=\"noopener\"><strong>\u21e5 DATES &amp; BILLETS<\/strong><\/a><\/p>\n<p>&nbsp;<\/p>\n<hr \/>\n<h2 class=\"highlight\">Cours LAW ENFORCEMENT Instructor \u2013 application de la loi<\/h2>\n<p><strong><img decoding=\"async\" loading=\"lazy\" class=\"aligncenter size-full wp-image-1082 img-responsive\" src=\"https:\/\/www.kravolution.com\/wp-content\/uploads\/2017\/09\/Law-Enforcement-training.jpg\" alt=\"law enforcement krav maga\" width=\"1135\" height=\"375\" srcset=\"https:\/\/www.kravolution.com\/wp-content\/uploads\/2017\/09\/Law-Enforcement-training.jpg 1135w, https:\/\/www.kravolution.com\/wp-content\/uploads\/2017\/09\/Law-Enforcement-training-300x99.jpg 300w, https:\/\/www.kravolution.com\/wp-content\/uploads\/2017\/09\/Law-Enforcement-training-768x254.jpg 768w, https:\/\/www.kravolution.com\/wp-content\/uploads\/2017\/09\/Law-Enforcement-training-1024x338.jpg 1024w\" sizes=\"(max-width: 1135px) 100vw, 1135px\" \/><\/strong><\/p>\n<p>Le cours Krav Maga Law Enforcement Instructor concerne particuli\u00e8rement les entra\u00eeneurs des forces d\u2019intervention de la police et les forces de police et de justice afin de leur apprendre les techniques et les strat\u00e9gies d\u2019autod\u00e9fense de Krav Maga, et de traiter du dilemme entre la propre s\u00e9curit\u00e9 et le respect des dispositions l\u00e9gales et tout particuli\u00e8rement de leur proportionnalit\u00e9.<\/p>\n<p><strong>Contenu du cours Law Enforcement Instructor<\/strong><\/p>\n<p>Le cours de Law Enforcement Instructor enseigne les techniques et tactiques de l\u2019autod\u00e9fense Krav Maga de pair avec les techniques d\u2019immobilisation, d\u2019arrestation et de transport d\u2019un ou plusieurs attaquant arm\u00e9s ou pas, seul ou en \u00e9quipe, et leur transmission didactique en cours pour les coll\u00e8gues.<\/p>\n<p>&nbsp;<\/p>\n<p><strong>Aper\u00e7u\u00a0:<\/strong><\/p>\n<ul>\n<li>Communication et langage corporel<\/li>\n<li>Comportement tactique en situation de conflit<\/li>\n<li>Travail d\u2019\u00e9quipe lors de l\u2019autod\u00e9fense<\/li>\n<li>Comportement lors d\u2019abus<\/li>\n<li>Techniques en situation de l\u00e9gitime d\u00e9fense et d\u2019urgence<\/li>\n<li>Autod\u00e9fense dans des espaces restreints<\/li>\n<li>Autod\u00e9fense dans des conditions d\u00e9favorable comme lumi\u00e8re faible\/obscurit\u00e9<\/li>\n<\/ul>\n<p>En outre, dans ces sc\u00e9narios de d\u00e9fense, on enseigne aussi la pr\u00e9vention, la r\u00e9action et la d\u00e9fense lors de menaces avec couteaux, matraques ou armes \u00e0 feu.<\/p>\n<p>De plus les cours englobent \u00e9galement les sc\u00e9narios anti prise-d\u2019otages et anti-terreur.<\/p>\n<p>Les techniques se basent sur les progr\u00e8s des participants. L\u2019entra\u00eenement sans se blesser est bien s\u00fbr la priorit\u00e9. Nous savons comment il est important d\u2019\u00eatre op\u00e9rationnel.<\/p>\n<p>A la fin de l\u2019entra\u00eenement, les techniques fra\u00eechement acquises sont pratiqu\u00e9es dans diff\u00e9rents sc\u00e9narios issus du quotidien des forces de s\u00e9curit\u00e9. Ainsi on apprend non seulement \u00e0 assimiler les th\u00e8mes mais aussi comment on peut plus tard les apprendre \u00e0 ses prot\u00e9g\u00e9s.<\/p>\n<p>Les cours sont en anglais et en allemand. Les Techniques de Krav Maga sont indiqu\u00e9es en anglais.<\/p>\n<p>&nbsp;<\/p>\n<p><strong><span id=\"result_box\" class=\"short_text\" lang=\"fr\"><span class=\"\">Informations sur les prochains cours<\/span><\/span>: <a href=\"mailto:info@kravolution.com\">info@kravolution.com<\/a><\/strong><\/p>\n<p>&nbsp;<\/p>\n<hr \/>\n<p>&nbsp;<\/p>\n<h2 class=\"highlight\">MILITARY Instructor Course<\/h2>\n<p>&nbsp;<\/p>\n<p><img decoding=\"async\" loading=\"lazy\" class=\"aligncenter wp-image-4720 size-full\" src=\"https:\/\/www.kravolution.com\/wp-content\/uploads\/2018\/05\/military-course.jpg\" alt=\"military krav maga instructor\" width=\"1135\" height=\"375\" srcset=\"https:\/\/www.kravolution.com\/wp-content\/uploads\/2018\/05\/military-course.jpg 1135w, https:\/\/www.kravolution.com\/wp-content\/uploads\/2018\/05\/military-course-300x99.jpg 300w, https:\/\/www.kravolution.com\/wp-content\/uploads\/2018\/05\/military-course-768x254.jpg 768w, https:\/\/www.kravolution.com\/wp-content\/uploads\/2018\/05\/military-course-1024x338.jpg 1024w\" sizes=\"(max-width: 1135px) 100vw, 1135px\" \/><\/p>\n<p>Le Krav-Maga Militaire est la variante initiale de ce syst\u00e8me de self-d\u00e9fense et de combat au corps \u00e0 corps. Il a \u00e9t\u00e9 d\u00e9velopp\u00e9 pour les forces arm\u00e9es isra\u00e9lienne et est enseign\u00e9 de nos jour dans la plus part des unit\u00e9s militaires ou sp\u00e9ciales intervenant \u00e0 l\u2019international. Le syst\u00e8me est r\u00e9guli\u00e8rement am\u00e9lior\u00e9 par les retours d\u2019exp\u00e9riences provenant d\u2019environnements extr\u00eamement violents, ce qui en fait la m\u00e9thode de combat rapproch\u00e9 la plus fermement approuv\u00e9e dans les unit\u00e9s militaires du monde entier.<\/p>\n<p>Les soldats sont entra\u00een\u00e9s le plus rapidement possible pour faire face aux situations de menaces et d\u2019attaques au corps \u00e0 corps qu\u2019ils peuvent rencontrer dans les zones de crises ou de guerre, aussi bien nationales qu\u2019internationales.<\/p>\n<p>De nombreuses unit\u00e9s militaires de part le monde forment officiellement leurs instructeurs au Krav-Maga Militaire chez KRAVolution ! Par exemple, nous sommes les instructeurs officiels de la L\u00e9gion \u00c9trang\u00e8re et sous contrat avec le minist\u00e8re de la d\u00e9fense allemande.<\/p>\n<p><strong><b>Contenu du cours:<\/b>:<\/strong><\/p>\n<ul>\n<li>Communication et langage corporel<\/li>\n<li>Comportement tactique en situation de conflit<\/li>\n<li>Travail d\u2019\u00e9quipe en mati\u00e8re de self-d\u00e9fense<\/li>\n<li>R\u00e9action face aux d\u00e9bordements<\/li>\n<li>Techniques de secours en terme d\u2019attaque au contact<\/li>\n<li>Techniques en situation d\u2019urgence et de secours d\u2019urgence<\/li>\n<li>Combat rapproch\u00e9<\/li>\n<li>Self-d\u00e9fense en conditions difficiles comme le manque ou l\u2019absence de lumi\u00e8re<\/li>\n<li>Technique et tactiques de self-d\u00e9fense dans une op\u00e9ration militaire<\/li>\n<li>Utilisation des objets communs comme les armes longues ou de poing, par exemple contre un ou des agresseurs<\/li>\n<li>D\u00e9fense contre les attaques aux couteau<\/li>\n<li>D\u00e9fense contre les menaces avec arme \u00e0 feu<\/li>\n<li>Protection d\u2019une tierce personne<\/li>\n<\/ul>\n<p>&nbsp;<\/p>\n<p>De plus, nous enseignons comment utiliser des sc\u00e9narios pour la pr\u00e9vention, la r\u00e9action et la d\u00e9fense face \u00e0 des situation de prise d\u2019otage ou de contre-terrorisme. Les techniques sont d\u00e9livr\u00e9es en fonction des progr\u00e8s des participants car l\u2019apprentissage et un entra\u00eenement sans blessure sont une priorit\u00e9. Nous savons \u00e0 quel point il est important d\u2019\u00eatre pleinement op\u00e9rationnel.<\/p>\n<p>La fin de chaque cours est toujours d\u00e9di\u00e9 aux drills, o\u00f9 les sujets d\u00e9j\u00e0 appris sont r\u00e9capitul\u00e9s dans des sc\u00e9narios tir\u00e9s du quotidien d\u2019unit\u00e9s op\u00e9rationnelles. Ce n\u2019est pas seulement de cette fa\u00e7on que nous enseignons aux participants, mais aussi celle qu\u2019ils utiliseront pour enseigner \u00e0 leurs \u00e9l\u00e8ves.<\/p>\n<p>De plus nous pr\u00e9parons au passage de l\u2019examen final, th\u00e9orique et pratique, pour devenir un instructeur de Krav-Maga militaire. Les cours sont bilingues, fran\u00e7ais-anglais, tandis que les noms des techniques sont toujours en anglais.<\/p>\n<p>&nbsp;<\/p>\n<p><a href=\"https:\/\/www.kravolution.com\/never-give-up\/military-instructor-course\/?lang=fr\" target=\"_blank\" rel=\"noopener\"><strong><span id=\"result_box\" class=\"short_text\" lang=\"fr\" style=\"font-size: 14pt;\"><span class=\"\">\u21e5 DATES ET INSCRIPTION<\/span><\/span><\/strong><\/a><\/p>\n","protected":false},"excerpt":{"rendered":"KRAVolution Cours Instructeur Civil Vous pratiquez d\u00e9j\u00e0 le Krav Maga ou bien vous avez plusieurs ann\u00e9es d\u2019exp\u00e9rience dans les sports [&hellip;]","protected":false},"author":7,"featured_media":0,"parent":3255,"menu_order":0,"comment_status":"closed","ping_status":"closed","template":"","meta":{"_et_pb_use_builder":"","_et_pb_old_content":"","_et_gb_content_width":"","_mi_skip_tracking":false},"acf":[],"yoast_head":"<!-- This site is optimized with the Yoast SEO plugin v19.13 - https:\/\/yoast.com\/wordpress\/plugins\/seo\/ -->\n<title>Cours d&#039;Instructeur Civil - KRAVolution<\/title>\n<meta name=\"description\" content=\"KRAVolution Cours Instructeur Civil Vous pratiquez d\u00e9j\u00e0 le Krav Maga ou bien vous avez plusieurs ann\u00e9es d\u2019exp\u00e9rience dans les sports de combat. Vous \u00eates\" \/>\n<meta name=\"robots\" content=\"index, follow, max-snippet:-1, max-image-preview:large, max-video-preview:-1\" \/>\n<link rel=\"canonical\" href=\"https:\/\/www.kravolution.com\/fr\/education\/full-instructor-courses\/\" \/>\n<meta property=\"og:locale\" content=\"fr_FR\" \/>\n<meta property=\"og:type\" content=\"article\" \/>\n<meta property=\"og:title\" content=\"Cours d&#039;Instructeur Civil - KRAVolution\" \/>\n<meta property=\"og:description\" content=\"KRAVolution Cours Instructeur Civil Vous pratiquez d\u00e9j\u00e0 le Krav Maga ou bien vous avez plusieurs ann\u00e9es d\u2019exp\u00e9rience dans les sports de combat. Vous \u00eates\" \/>\n<meta property=\"og:url\" content=\"https:\/\/www.kravolution.com\/fr\/education\/full-instructor-courses\/\" \/>\n<meta property=\"og:site_name\" content=\"KRAVolution\" \/>\n<meta property=\"article:modified_time\" content=\"2018-05-28T14:10:04+00:00\" \/>\n<meta property=\"og:image\" content=\"https:\/\/www.kravolution.com\/wp-content\/uploads\/2017\/09\/Law-Enforcement-training.jpg\" \/>\n<meta name=\"twitter:card\" content=\"summary_large_image\" \/>\n<meta name=\"twitter:label1\" content=\"Dur\u00e9e de lecture estim\u00e9e\" \/>\n\t<meta name=\"twitter:data1\" content=\"6 minutes\" \/>\n<script type=\"application\/ld+json\" class=\"yoast-schema-graph\">{\"@context\":\"https:\/\/schema.org\",\"@graph\":[{\"@type\":\"WebPage\",\"@id\":\"https:\/\/www.kravolution.com\/fr\/education\/full-instructor-courses\/\",\"url\":\"https:\/\/www.kravolution.com\/fr\/education\/full-instructor-courses\/\",\"name\":\"Cours d'Instructeur Civil - KRAVolution\",\"isPartOf\":{\"@id\":\"https:\/\/www.kravolution.com\/fr\/#website\"},\"datePublished\":\"2017-09-12T13:24:06+00:00\",\"dateModified\":\"2018-05-28T14:10:04+00:00\",\"description\":\"KRAVolution Cours Instructeur Civil Vous pratiquez d\u00e9j\u00e0 le Krav Maga ou bien vous avez plusieurs ann\u00e9es d\u2019exp\u00e9rience dans les sports de combat. Vous \u00eates\",\"breadcrumb\":{\"@id\":\"https:\/\/www.kravolution.com\/fr\/education\/full-instructor-courses\/#breadcrumb\"},\"inLanguage\":\"fr-FR\",\"potentialAction\":[{\"@type\":\"ReadAction\",\"target\":[\"https:\/\/www.kravolution.com\/fr\/education\/full-instructor-courses\/\"]}]},{\"@type\":\"BreadcrumbList\",\"@id\":\"https:\/\/www.kravolution.com\/fr\/education\/full-instructor-courses\/#breadcrumb\",\"itemListElement\":[{\"@type\":\"ListItem\",\"position\":1,\"name\":\"Home\",\"item\":\"https:\/\/www.kravolution.com\/fr\/\"},{\"@type\":\"ListItem\",\"position\":2,\"name\":\"\u00c9ducation\",\"item\":\"https:\/\/www.kravolution.com\/fr\/education\/\"},{\"@type\":\"ListItem\",\"position\":3,\"name\":\"Cours d&rsquo;Instructeur Civil\"}]},{\"@type\":\"WebSite\",\"@id\":\"https:\/\/www.kravolution.com\/fr\/#website\",\"url\":\"https:\/\/www.kravolution.com\/fr\/\",\"name\":\"KRAVolution\",\"description\":\"Krav Maga modern israeli selfdefense system\",\"potentialAction\":[{\"@type\":\"SearchAction\",\"target\":{\"@type\":\"EntryPoint\",\"urlTemplate\":\"https:\/\/www.kravolution.com\/fr\/?s={search_term_string}\"},\"query-input\":\"required name=search_term_string\"}],\"inLanguage\":\"fr-FR\"}]}<\/script>\n<!-- \/ Yoast SEO plugin. -->","yoast_head_json":{"title":"Cours d'Instructeur Civil - KRAVolution","description":"KRAVolution Cours Instructeur Civil Vous pratiquez d\u00e9j\u00e0 le Krav Maga ou bien vous avez plusieurs ann\u00e9es d\u2019exp\u00e9rience dans les sports de combat. Vous \u00eates","robots":{"index":"index","follow":"follow","max-snippet":"max-snippet:-1","max-image-preview":"max-image-preview:large","max-video-preview":"max-video-preview:-1"},"canonical":"https:\/\/www.kravolution.com\/fr\/education\/full-instructor-courses\/","og_locale":"fr_FR","og_type":"article","og_title":"Cours d'Instructeur Civil - KRAVolution","og_description":"KRAVolution Cours Instructeur Civil Vous pratiquez d\u00e9j\u00e0 le Krav Maga ou bien vous avez plusieurs ann\u00e9es d\u2019exp\u00e9rience dans les sports de combat. Vous \u00eates","og_url":"https:\/\/www.kravolution.com\/fr\/education\/full-instructor-courses\/","og_site_name":"KRAVolution","article_modified_time":"2018-05-28T14:10:04+00:00","og_image":[{"url":"https:\/\/www.kravolution.com\/wp-content\/uploads\/2017\/09\/Law-Enforcement-training.jpg"}],"twitter_card":"summary_large_image","twitter_misc":{"Dur\u00e9e de lecture estim\u00e9e":"6 minutes"},"schema":{"@context":"https:\/\/schema.org","@graph":[{"@type":"WebPage","@id":"https:\/\/www.kravolution.com\/fr\/education\/full-instructor-courses\/","url":"https:\/\/www.kravolution.com\/fr\/education\/full-instructor-courses\/","name":"Cours d'Instructeur Civil - KRAVolution","isPartOf":{"@id":"https:\/\/www.kravolution.com\/fr\/#website"},"datePublished":"2017-09-12T13:24:06+00:00","dateModified":"2018-05-28T14:10:04+00:00","description":"KRAVolution Cours Instructeur Civil Vous pratiquez d\u00e9j\u00e0 le Krav Maga ou bien vous avez plusieurs ann\u00e9es d\u2019exp\u00e9rience dans les sports de combat. Vous \u00eates","breadcrumb":{"@id":"https:\/\/www.kravolution.com\/fr\/education\/full-instructor-courses\/#breadcrumb"},"inLanguage":"fr-FR","potentialAction":[{"@type":"ReadAction","target":["https:\/\/www.kravolution.com\/fr\/education\/full-instructor-courses\/"]}]},{"@type":"BreadcrumbList","@id":"https:\/\/www.kravolution.com\/fr\/education\/full-instructor-courses\/#breadcrumb","itemListElement":[{"@type":"ListItem","position":1,"name":"Home","item":"https:\/\/www.kravolution.com\/fr\/"},{"@type":"ListItem","position":2,"name":"\u00c9ducation","item":"https:\/\/www.kravolution.com\/fr\/education\/"},{"@type":"ListItem","position":3,"name":"Cours d&rsquo;Instructeur Civil"}]},{"@type":"WebSite","@id":"https:\/\/www.kravolution.com\/fr\/#website","url":"https:\/\/www.kravolution.com\/fr\/","name":"KRAVolution","description":"Krav Maga modern israeli selfdefense system","potentialAction":[{"@type":"SearchAction","target":{"@type":"EntryPoint","urlTemplate":"https:\/\/www.kravolution.com\/fr\/?s={search_term_string}"},"query-input":"required name=search_term_string"}],"inLanguage":"fr-FR"}]}},"_links":{"self":[{"href":"https:\/\/www.kravolution.com\/fr\/wp-json\/wp\/v2\/pages\/3279"}],"collection":[{"href":"https:\/\/www.kravolution.com\/fr\/wp-json\/wp\/v2\/pages"}],"about":[{"href":"https:\/\/www.kravolution.com\/fr\/wp-json\/wp\/v2\/types\/page"}],"author":[{"embeddable":true,"href":"https:\/\/www.kravolution.com\/fr\/wp-json\/wp\/v2\/users\/7"}],"replies":[{"embeddable":true,"href":"https:\/\/www.kravolution.com\/fr\/wp-json\/wp\/v2\/comments?post=3279"}],"version-history":[{"count":5,"href":"https:\/\/www.kravolution.com\/fr\/wp-json\/wp\/v2\/pages\/3279\/revisions"}],"predecessor-version":[{"id":4851,"href":"https:\/\/www.kravolution.com\/fr\/wp-json\/wp\/v2\/pages\/3279\/revisions\/4851"}],"up":[{"embeddable":true,"href":"https:\/\/www.kravolution.com\/fr\/wp-json\/wp\/v2\/pages\/3255"}],"wp:attachment":[{"href":"https:\/\/www.kravolution.com\/fr\/wp-json\/wp\/v2\/media?parent=3279"}],"curies":[{"name":"wp","href":"https:\/\/api.w.org\/{rel}","templated":true}]}}