{"id":3274,"date":"2017-09-12T15:34:11","date_gmt":"2017-09-12T13:34:11","guid":{"rendered":"https:\/\/wwwv2.kravolution.com\/education\/assistant-instructor-courses\/"},"modified":"2018-05-10T03:52:25","modified_gmt":"2018-05-10T01:52:25","slug":"assistant-instructor-courses","status":"publish","type":"page","link":"https:\/\/www.kravolution.com\/fr\/education\/assistant-instructor-courses\/","title":{"rendered":"Cours d\u2019assistant-instructeur"},"content":{"rendered":"<h1>Cours d\u2019assistant-instructeur<\/h1>\n<p><img decoding=\"async\" loading=\"lazy\" class=\"aligncenter size-full wp-image-1921 img-responsive\" src=\"https:\/\/www.kravolution.com\/wp-content\/uploads\/2017\/09\/assistant-course.jpg\" alt=\"\" width=\"1135\" height=\"375\" srcset=\"https:\/\/www.kravolution.com\/wp-content\/uploads\/2017\/09\/assistant-course.jpg 1135w, https:\/\/www.kravolution.com\/wp-content\/uploads\/2017\/09\/assistant-course-300x99.jpg 300w, https:\/\/www.kravolution.com\/wp-content\/uploads\/2017\/09\/assistant-course-768x254.jpg 768w, https:\/\/www.kravolution.com\/wp-content\/uploads\/2017\/09\/assistant-course-1024x338.jpg 1024w\" sizes=\"(max-width: 1135px) 100vw, 1135px\" \/><\/p>\n<p>Vous pratiquez d\u00e9j\u00e0 le Krav Maga ou bien vous avez une exp\u00e9rience de plusieurs ann\u00e9es dans le sport de combat. Vous \u00eates pr\u00eat \u00e0 prendre en charge des responsabilit\u00e9s et \u00e0 transmettre votre savoir-faire aux autres\u00a0? C\u2019est donc VOUS que nous voulons comme entra\u00eeneur\u00a0! Le cours d\u2019assistant instructeur est le premier pas vers ta carri\u00e8re d\u2019entra\u00eeneur Krav Maga.<\/p>\n<hr \/>\n<h2 class=\"highlight\">CIVIL Assistant Instructor<\/h2>\n<p>Le cours d\u2019assistant KRAVolution est une formation comprim\u00e9e d\u2019assistant Krav Maga pour le domaine civil et un premier pas vers la formation Krav Maga qui m\u00e8ne ensuite au Civil Instructor\u00a0!<\/p>\n<p><strong>Th\u00e8mes du cours Assistant Instructeur KRAVolution<\/strong><\/p>\n<p>Les th\u00e8mes des cours d\u2019Assistant Instructeur KRAVolution se basent sur notre m\u00e9thode g\u00e9n\u00e9rale d\u2019enseignement. Cela signifie la compr\u00e9hension g\u00e9n\u00e9rale de Krav Maga et de ses principes et non pas les diff\u00e9rents composants des techniques.<\/p>\n<ul>\n<li>Transmission des bases didactiques pour la pr\u00e9paration des cours<\/li>\n<li>Transmission des bases didactiques pour enseigner<\/li>\n<\/ul>\n<p>Le but de cette formation est de te former comme Assistant de nos instructeurs, afin que dans la pratique vous puissiez apprendre \u00e0 instruire, et cela avec les Meilleurs. De plus, nous vous  pr\u00e9parons \u00e0 la pratique et \u00e0 la th\u00e9orie, pour\u00a0 r\u00e9ussir l\u2019examen final de <strong>KRAVolution Civil Instructor<\/strong>.<\/p>\n<hr \/>\n<p><strong>Informations sur les prochains cours: <a href=\"mailto:info@kravolution.com\">info@kravolution.com<\/a><\/strong><\/p>\n","protected":false},"excerpt":{"rendered":"Cours d\u2019assistant-instructeur Vous pratiquez d\u00e9j\u00e0 le Krav Maga ou bien vous avez une exp\u00e9rience de plusieurs ann\u00e9es dans le sport [&hellip;]","protected":false},"author":7,"featured_media":0,"parent":3255,"menu_order":0,"comment_status":"closed","ping_status":"closed","template":"","meta":{"_et_pb_use_builder":"","_et_pb_old_content":"","_et_gb_content_width":"","_mi_skip_tracking":false},"acf":[],"yoast_head":"<!-- This site is optimized with the Yoast SEO plugin v19.13 - https:\/\/yoast.com\/wordpress\/plugins\/seo\/ -->\n<title>Cours d\u2019assistant-instructeur - KRAVolution<\/title>\n<meta name=\"description\" content=\"Cours d\u2019assistant-instructeur Vous pratiquez d\u00e9j\u00e0 le Krav Maga ou bien vous avez une exp\u00e9rience de plusieurs ann\u00e9es dans le sport de combat. Vous \u00eates\" \/>\n<meta name=\"robots\" content=\"index, follow, max-snippet:-1, max-image-preview:large, max-video-preview:-1\" \/>\n<link rel=\"canonical\" href=\"https:\/\/www.kravolution.com\/fr\/education\/assistant-instructor-courses\/\" \/>\n<meta property=\"og:locale\" content=\"fr_FR\" \/>\n<meta property=\"og:type\" content=\"article\" \/>\n<meta property=\"og:title\" content=\"Cours d\u2019assistant-instructeur - KRAVolution\" \/>\n<meta property=\"og:description\" content=\"Cours d\u2019assistant-instructeur Vous pratiquez d\u00e9j\u00e0 le Krav Maga ou bien vous avez une exp\u00e9rience de plusieurs ann\u00e9es dans le sport de combat. Vous \u00eates\" \/>\n<meta property=\"og:url\" content=\"https:\/\/www.kravolution.com\/fr\/education\/assistant-instructor-courses\/\" \/>\n<meta property=\"og:site_name\" content=\"KRAVolution\" \/>\n<meta property=\"article:modified_time\" content=\"2018-05-10T01:52:25+00:00\" \/>\n<meta property=\"og:image\" content=\"https:\/\/www.kravolution.com\/wp-content\/uploads\/2017\/09\/assistant-course.jpg\" \/>\n<meta name=\"twitter:card\" content=\"summary_large_image\" \/>\n<meta name=\"twitter:label1\" content=\"Dur\u00e9e de lecture estim\u00e9e\" \/>\n\t<meta name=\"twitter:data1\" content=\"1 minute\" \/>\n<script type=\"application\/ld+json\" class=\"yoast-schema-graph\">{\"@context\":\"https:\/\/schema.org\",\"@graph\":[{\"@type\":\"WebPage\",\"@id\":\"https:\/\/www.kravolution.com\/fr\/education\/assistant-instructor-courses\/\",\"url\":\"https:\/\/www.kravolution.com\/fr\/education\/assistant-instructor-courses\/\",\"name\":\"Cours d\u2019assistant-instructeur - KRAVolution\",\"isPartOf\":{\"@id\":\"https:\/\/www.kravolution.com\/fr\/#website\"},\"datePublished\":\"2017-09-12T13:34:11+00:00\",\"dateModified\":\"2018-05-10T01:52:25+00:00\",\"description\":\"Cours d\u2019assistant-instructeur Vous pratiquez d\u00e9j\u00e0 le Krav Maga ou bien vous avez une exp\u00e9rience de plusieurs ann\u00e9es dans le sport de combat. Vous \u00eates\",\"breadcrumb\":{\"@id\":\"https:\/\/www.kravolution.com\/fr\/education\/assistant-instructor-courses\/#breadcrumb\"},\"inLanguage\":\"fr-FR\",\"potentialAction\":[{\"@type\":\"ReadAction\",\"target\":[\"https:\/\/www.kravolution.com\/fr\/education\/assistant-instructor-courses\/\"]}]},{\"@type\":\"BreadcrumbList\",\"@id\":\"https:\/\/www.kravolution.com\/fr\/education\/assistant-instructor-courses\/#breadcrumb\",\"itemListElement\":[{\"@type\":\"ListItem\",\"position\":1,\"name\":\"Home\",\"item\":\"https:\/\/www.kravolution.com\/fr\/\"},{\"@type\":\"ListItem\",\"position\":2,\"name\":\"\u00c9ducation\",\"item\":\"https:\/\/www.kravolution.com\/fr\/education\/\"},{\"@type\":\"ListItem\",\"position\":3,\"name\":\"Cours d\u2019assistant-instructeur\"}]},{\"@type\":\"WebSite\",\"@id\":\"https:\/\/www.kravolution.com\/fr\/#website\",\"url\":\"https:\/\/www.kravolution.com\/fr\/\",\"name\":\"KRAVolution\",\"description\":\"Krav Maga modern israeli selfdefense system\",\"potentialAction\":[{\"@type\":\"SearchAction\",\"target\":{\"@type\":\"EntryPoint\",\"urlTemplate\":\"https:\/\/www.kravolution.com\/fr\/?s={search_term_string}\"},\"query-input\":\"required name=search_term_string\"}],\"inLanguage\":\"fr-FR\"}]}<\/script>\n<!-- \/ Yoast SEO plugin. -->","yoast_head_json":{"title":"Cours d\u2019assistant-instructeur - KRAVolution","description":"Cours d\u2019assistant-instructeur Vous pratiquez d\u00e9j\u00e0 le Krav Maga ou bien vous avez une exp\u00e9rience de plusieurs ann\u00e9es dans le sport de combat. Vous \u00eates","robots":{"index":"index","follow":"follow","max-snippet":"max-snippet:-1","max-image-preview":"max-image-preview:large","max-video-preview":"max-video-preview:-1"},"canonical":"https:\/\/www.kravolution.com\/fr\/education\/assistant-instructor-courses\/","og_locale":"fr_FR","og_type":"article","og_title":"Cours d\u2019assistant-instructeur - KRAVolution","og_description":"Cours d\u2019assistant-instructeur Vous pratiquez d\u00e9j\u00e0 le Krav Maga ou bien vous avez une exp\u00e9rience de plusieurs ann\u00e9es dans le sport de combat. Vous \u00eates","og_url":"https:\/\/www.kravolution.com\/fr\/education\/assistant-instructor-courses\/","og_site_name":"KRAVolution","article_modified_time":"2018-05-10T01:52:25+00:00","og_image":[{"url":"https:\/\/www.kravolution.com\/wp-content\/uploads\/2017\/09\/assistant-course.jpg"}],"twitter_card":"summary_large_image","twitter_misc":{"Dur\u00e9e de lecture estim\u00e9e":"1 minute"},"schema":{"@context":"https:\/\/schema.org","@graph":[{"@type":"WebPage","@id":"https:\/\/www.kravolution.com\/fr\/education\/assistant-instructor-courses\/","url":"https:\/\/www.kravolution.com\/fr\/education\/assistant-instructor-courses\/","name":"Cours d\u2019assistant-instructeur - KRAVolution","isPartOf":{"@id":"https:\/\/www.kravolution.com\/fr\/#website"},"datePublished":"2017-09-12T13:34:11+00:00","dateModified":"2018-05-10T01:52:25+00:00","description":"Cours d\u2019assistant-instructeur Vous pratiquez d\u00e9j\u00e0 le Krav Maga ou bien vous avez une exp\u00e9rience de plusieurs ann\u00e9es dans le sport de combat. Vous \u00eates","breadcrumb":{"@id":"https:\/\/www.kravolution.com\/fr\/education\/assistant-instructor-courses\/#breadcrumb"},"inLanguage":"fr-FR","potentialAction":[{"@type":"ReadAction","target":["https:\/\/www.kravolution.com\/fr\/education\/assistant-instructor-courses\/"]}]},{"@type":"BreadcrumbList","@id":"https:\/\/www.kravolution.com\/fr\/education\/assistant-instructor-courses\/#breadcrumb","itemListElement":[{"@type":"ListItem","position":1,"name":"Home","item":"https:\/\/www.kravolution.com\/fr\/"},{"@type":"ListItem","position":2,"name":"\u00c9ducation","item":"https:\/\/www.kravolution.com\/fr\/education\/"},{"@type":"ListItem","position":3,"name":"Cours d\u2019assistant-instructeur"}]},{"@type":"WebSite","@id":"https:\/\/www.kravolution.com\/fr\/#website","url":"https:\/\/www.kravolution.com\/fr\/","name":"KRAVolution","description":"Krav Maga modern israeli selfdefense system","potentialAction":[{"@type":"SearchAction","target":{"@type":"EntryPoint","urlTemplate":"https:\/\/www.kravolution.com\/fr\/?s={search_term_string}"},"query-input":"required name=search_term_string"}],"inLanguage":"fr-FR"}]}},"_links":{"self":[{"href":"https:\/\/www.kravolution.com\/fr\/wp-json\/wp\/v2\/pages\/3274"}],"collection":[{"href":"https:\/\/www.kravolution.com\/fr\/wp-json\/wp\/v2\/pages"}],"about":[{"href":"https:\/\/www.kravolution.com\/fr\/wp-json\/wp\/v2\/types\/page"}],"author":[{"embeddable":true,"href":"https:\/\/www.kravolution.com\/fr\/wp-json\/wp\/v2\/users\/7"}],"replies":[{"embeddable":true,"href":"https:\/\/www.kravolution.com\/fr\/wp-json\/wp\/v2\/comments?post=3274"}],"version-history":[{"count":5,"href":"https:\/\/www.kravolution.com\/fr\/wp-json\/wp\/v2\/pages\/3274\/revisions"}],"predecessor-version":[{"id":4468,"href":"https:\/\/www.kravolution.com\/fr\/wp-json\/wp\/v2\/pages\/3274\/revisions\/4468"}],"up":[{"embeddable":true,"href":"https:\/\/www.kravolution.com\/fr\/wp-json\/wp\/v2\/pages\/3255"}],"wp:attachment":[{"href":"https:\/\/www.kravolution.com\/fr\/wp-json\/wp\/v2\/media?parent=3274"}],"curies":[{"name":"wp","href":"https:\/\/api.w.org\/{rel}","templated":true}]}}