{"id":3255,"date":"2016-11-17T13:05:07","date_gmt":"2016-11-17T12:05:07","guid":{"rendered":"https:\/\/wwwv2.kravolution.com\/education\/"},"modified":"2018-07-18T13:29:15","modified_gmt":"2018-07-18T11:29:15","slug":"education","status":"publish","type":"page","link":"https:\/\/www.kravolution.com\/fr\/education\/","title":{"rendered":"\u00c9ducation"},"content":{"rendered":"<h2>Cours d\u2019instructeur<\/h2>\n<p>&nbsp;<\/p>\n<p><img decoding=\"async\" loading=\"lazy\" class=\"aligncenter size-full wp-image-1919\" src=\"https:\/\/www.kravolution.com\/wp-content\/uploads\/2016\/11\/header-education2.jpg\" alt=\"\" width=\"1135\" height=\"375\" srcset=\"https:\/\/www.kravolution.com\/wp-content\/uploads\/2016\/11\/header-education2.jpg 1135w, https:\/\/www.kravolution.com\/wp-content\/uploads\/2016\/11\/header-education2-300x99.jpg 300w, https:\/\/www.kravolution.com\/wp-content\/uploads\/2016\/11\/header-education2-768x254.jpg 768w, https:\/\/www.kravolution.com\/wp-content\/uploads\/2016\/11\/header-education2-1024x338.jpg 1024w\" sizes=\"(max-width: 1135px) 100vw, 1135px\" \/><\/p>\n<p><strong> Vous pratiquez d\u00e9j\u00e0 le Krav Maga ou bien vous avez plusieurs ann\u00e9es d\u2019exp\u00e9rience dans les sports de combat. Vous \u00eates pr\u00eat \u00e0 assumer des responsabilit\u00e9s et \u00e0 transmettre votre savoir aux autres. Alors c&rsquo;est VOUS que nous voulons avoir comme entra\u00eeneur\u00a0! <\/strong><\/p>\n<p><a href=\"https:\/\/www.kravolution.com\/fr\/education\/assistant-instructor-courses\/\"><img decoding=\"async\" loading=\"lazy\" class=\"pulsateZoomLittle alignleft wp-image-1708 size-full\" src=\"https:\/\/www.kravolution.com\/wp-content\/uploads\/2016\/11\/button-Assistant-Instructor-Courses.jpg\" alt=\"\" width=\"344\" height=\"132\" srcset=\"https:\/\/www.kravolution.com\/wp-content\/uploads\/2016\/11\/button-Assistant-Instructor-Courses.jpg 344w, https:\/\/www.kravolution.com\/wp-content\/uploads\/2016\/11\/button-Assistant-Instructor-Courses-300x115.jpg 300w\" sizes=\"(max-width: 344px) 100vw, 344px\" \/><\/a><a href=\"https:\/\/www.kravolution.com\/fr\/education\/full-instructor-courses\/\"><img decoding=\"async\" loading=\"lazy\" class=\"pulsateZoomLittle alignleft wp-image-1709 size-full\" src=\"https:\/\/www.kravolution.com\/wp-content\/uploads\/2016\/11\/button-Full-Instructor-Courses.jpg\" alt=\"\" width=\"344\" height=\"132\" srcset=\"https:\/\/www.kravolution.com\/wp-content\/uploads\/2016\/11\/button-Full-Instructor-Courses.jpg 344w, https:\/\/www.kravolution.com\/wp-content\/uploads\/2016\/11\/button-Full-Instructor-Courses-300x115.jpg 300w\" sizes=\"(max-width: 344px) 100vw, 344px\" \/><\/a><\/p>\n<p>&nbsp;<\/p>\n<p>&nbsp;<\/p>\n<p>&nbsp;<\/p>\n<p>&nbsp;<\/p>\n<p>&nbsp;<\/p>\n<hr \/>\n<h2><span id=\"result_box\" class=\"short_text\" lang=\"fr\"><span class=\"\">\u00c9v\u00e9nements et s\u00e9minaires<\/span><\/span><\/h2>\n<p>&nbsp;<\/p>\n<p><span style=\"font-size: 18pt;\"><strong>JUILLET<\/strong><\/span><\/p>\n<p><strong>Juillet 6 &#8211; 15<\/strong><br \/>\n<span style=\"color: #c90000;\">FRANCE<\/span> &#8211; Vitrolle<\/p>\n<p><img decoding=\"async\" loading=\"lazy\" class=\"size-medium wp-image-3108 alignnone img-responsive\" src=\"https:\/\/www.kravolution.com\/wp-content\/uploads\/2018\/03\/CIC-France-Part1-300x156.jpg\" alt=\"\" width=\"300\" height=\"156\" srcset=\"https:\/\/www.kravolution.com\/wp-content\/uploads\/2018\/03\/CIC-France-Part1-300x156.jpg 300w, https:\/\/www.kravolution.com\/wp-content\/uploads\/2018\/03\/CIC-France-Part1.jpg 500w\" sizes=\"(max-width: 300px) 100vw, 300px\" \/><\/p>\n<p>\u21e5 Civil Instructor Course Part I with <a href=\"https:\/\/www.kravolution.com\/instructors\/jean-paul-jauffret\/\">Jean-Paul<\/a> &amp; <a href=\"https:\/\/www.kravolution.com\/instructors\/marques-pierre\/\">Pierre<\/a><span class=\"_4n-j _3cht fsl\" data-testid=\"event-permalink-details\"><span class=\"text_exposed_show\"><strong><br \/>\nTICKETS\/QUESTIONS:<\/strong> <a href=\"mailto:education@kravolution.com\">education@kravolution.com<\/a><\/span><\/span><\/p>\n<p>&nbsp;<\/p>\n<hr \/>\n<p><span style=\"font-size: 18pt;\"><strong><span id=\"result_box\" class=\"\" lang=\"fr\"><span class=\"\">AO\u00dbT<\/span><\/span><\/strong><\/span><\/p>\n<p><strong><span id=\"result_box\" class=\"\" lang=\"fr\"><span class=\"\">Ao\u00fbt<\/span><\/span> 15 &#8211; 19<\/strong><br \/>\n<span style=\"color: #c90000;\">CANADA<\/span> &#8211; Summer camp<\/p>\n<p><img decoding=\"async\" loading=\"lazy\" class=\"img-responsive size-medium wp-image-7188 alignnone\" src=\"https:\/\/www.kravolution.com\/wp-content\/uploads\/2018\/07\/summercamp-edmonton-300x200.jpg\" alt=\"\" width=\"300\" height=\"200\" srcset=\"https:\/\/www.kravolution.com\/wp-content\/uploads\/2018\/07\/summercamp-edmonton-300x200.jpg 300w, https:\/\/www.kravolution.com\/wp-content\/uploads\/2018\/07\/summercamp-edmonton-768x512.jpg 768w, https:\/\/www.kravolution.com\/wp-content\/uploads\/2018\/07\/summercamp-edmonton-1024x682.jpg 1024w, https:\/\/www.kravolution.com\/wp-content\/uploads\/2018\/07\/summercamp-edmonton.jpg 1280w\" sizes=\"(max-width: 300px) 100vw, 300px\" \/><\/p>\n<p><strong>TICKETS\/QUESTIONS:<\/strong> <span class=\"_4n-j _3cht fsl\" data-testid=\"event-permalink-details\"><span class=\"text_exposed_show\"><a href=\"mailto:education@kravolution.com\">education@kravolution.com<\/a><\/span><\/span><\/p>\n<p>+ + + + +<\/p>\n<p><strong><span id=\"result_box\" class=\"\" lang=\"fr\"><span class=\"\">Ao\u00fbt<\/span><\/span> 20 &#8211; 22<\/strong><br \/>\n<span style=\"color: #c90000;\">CANADA<\/span><\/p>\n<p><img decoding=\"async\" loading=\"lazy\" class=\"size-medium wp-image-4737 alignnone\" src=\"https:\/\/www.kravolution.com\/wp-content\/uploads\/2018\/05\/AIC-fb-300x156.jpg\" alt=\"\" width=\"300\" height=\"156\" srcset=\"https:\/\/www.kravolution.com\/wp-content\/uploads\/2018\/05\/AIC-fb-300x156.jpg 300w, https:\/\/www.kravolution.com\/wp-content\/uploads\/2018\/05\/AIC-fb.jpg 500w\" sizes=\"(max-width: 300px) 100vw, 300px\" \/><\/p>\n<p>\u21e5 Assistant Instructor Course<br \/>\n<strong>TICKETS\/QUESTIONS:<\/strong> <span class=\"_4n-j _3cht fsl\" data-testid=\"event-permalink-details\"><span class=\"text_exposed_show\"><a href=\"mailto:education@kravolution.com\">education@kravolution.com<\/a><\/span><\/span><\/p>\n<p>+ + + + +<\/p>\n<p><strong><span id=\"result_box\" class=\"\" lang=\"fr\"><span class=\"\">Ao\u00fbt<\/span><\/span> 24 &#8211; Septembre 2<\/strong><br \/>\n<span style=\"color: #c90000;\">CANADA<\/span> &#8211; Toronto<\/p>\n<p><img decoding=\"async\" loading=\"lazy\" class=\"size-medium wp-image-3066 alignnone\" src=\"https:\/\/www.kravolution.com\/wp-content\/uploads\/2018\/03\/CIC-Canada-part2-FB-300x156.jpg\" alt=\"\" width=\"300\" height=\"156\" srcset=\"https:\/\/www.kravolution.com\/wp-content\/uploads\/2018\/03\/CIC-Canada-part2-FB-300x156.jpg 300w, https:\/\/www.kravolution.com\/wp-content\/uploads\/2018\/03\/CIC-Canada-part2-FB.jpg 500w\" sizes=\"(max-width: 300px) 100vw, 300px\" \/><\/p>\n<p>\u21e5 Civil Instructor Course Part II with <a href=\"https:\/\/www.kravolution.com\/instructors\/jean-paul-jauffret\/\">Jean-Paul<\/a><br \/>\n<a href=\"https:\/\/events.kravolution.com\/cic-toronto\/\" target=\"_blank\" rel=\"noopener\"><strong>REGISTER HERE<\/strong><\/a><\/p>\n<p>&nbsp;<\/p>\n<hr \/>\n<p><strong><span style=\"font-size: 18pt;\">SEPTEMBRE<\/span><\/strong><\/p>\n<p><strong>Septembre 6 &#8211; 9<\/strong><br \/>\n<span style=\"color: #c90000;\">GERMANY<\/span> &#8211; Cologne &#8211; Krav Maga Institut<\/p>\n<p><a href=\"https:\/\/www.kravolution.de\/KRAVolution-Civil-Instructor-Course\"><img decoding=\"async\" loading=\"lazy\" class=\"alignnone wp-image-4753 size-medium\" src=\"https:\/\/www.kravolution.com\/wp-content\/uploads\/2018\/05\/CIC-germany-1-300x156.jpg\" alt=\"\" width=\"300\" height=\"156\" srcset=\"https:\/\/www.kravolution.com\/wp-content\/uploads\/2018\/05\/CIC-germany-1-300x156.jpg 300w, https:\/\/www.kravolution.com\/wp-content\/uploads\/2018\/05\/CIC-germany-1.jpg 500w\" sizes=\"(max-width: 300px) 100vw, 300px\" \/><\/a><\/p>\n<p>\u21e5 Civil Instructor Course Part I with <a href=\"https:\/\/www.kravolution.com\/instructors\/jean-paul-jauffret\/\">Jean-Paul<\/a><br \/>\n<a href=\"https:\/\/www.kravolution.de\/KRAVolution-Civil-Instructor-Course\" target=\"_blank\" rel=\"noopener\"><strong>INFO &amp; TICKETS<\/strong><\/a><\/p>\n<p>+ + + + +<\/p>\n<p><strong>Septembre 14 &#8211; 16<\/strong><br \/>\n<span style=\"color: #c90000;\">GREECE<\/span><\/p>\n<p><img decoding=\"async\" loading=\"lazy\" class=\"size-medium wp-image-4737 alignnone\" src=\"https:\/\/www.kravolution.com\/wp-content\/uploads\/2018\/05\/AIC-fb-300x156.jpg\" alt=\"\" width=\"300\" height=\"156\" srcset=\"https:\/\/www.kravolution.com\/wp-content\/uploads\/2018\/05\/AIC-fb-300x156.jpg 300w, https:\/\/www.kravolution.com\/wp-content\/uploads\/2018\/05\/AIC-fb.jpg 500w\" sizes=\"(max-width: 300px) 100vw, 300px\" \/><\/p>\n<p>\u21e5 Assistant Instructor Course<br \/>\n<strong>TICKETS\/QUESTIONS:<\/strong> <span class=\"_4n-j _3cht fsl\" data-testid=\"event-permalink-details\"><span class=\"text_exposed_show\"><a href=\"mailto:education@kravolution.com\">education@kravolution.com<\/a><\/span><\/span><\/p>\n<p>+ + + + +<\/p>\n<p><strong>Septembre 19 &#8211; 26<\/strong><br \/>\n<span style=\"color: #c90000;\">USA<\/span> &#8211; Loveland, Colorado &#8211; Krav Maga Loveland<\/p>\n<p><a href=\"http:\/\/www.kravmagaloveland.com\/?page_id=256\"><img decoding=\"async\" loading=\"lazy\" class=\"alignnone wp-image-4732 size-medium\" src=\"https:\/\/www.kravolution.com\/wp-content\/uploads\/2018\/05\/le-instructor-course-usa-fb-300x156.jpg\" alt=\"\" width=\"300\" height=\"156\" srcset=\"https:\/\/www.kravolution.com\/wp-content\/uploads\/2018\/05\/le-instructor-course-usa-fb-300x156.jpg 300w, https:\/\/www.kravolution.com\/wp-content\/uploads\/2018\/05\/le-instructor-course-usa-fb.jpg 500w\" sizes=\"(max-width: 300px) 100vw, 300px\" \/><\/a><\/p>\n<p>\u21e5 Law Enforcement Instructor Course with <a href=\"https:\/\/www.kravolution.com\/instructors\/jean-paul-jauffret\/\">Jean-Paul<\/a><br \/>\n<a href=\"http:\/\/www.kravmagaloveland.com\/?page_id=256\" target=\"_blank\" rel=\"noopener\"><strong>INFO &amp; REGISTRATION<\/strong><\/a><\/p>\n<p>+ + + + +<\/p>\n<p><strong>Septembre 20 &#8211; 23<\/strong><br \/>\n<span style=\"color: #c90000;\">GERMANY<\/span> &#8211; Cologne &#8211; Krav Maga Institut<\/p>\n<p><a href=\"https:\/\/www.kravolution.de\/KRAVolution-Civil-Instructor-Course\"><img decoding=\"async\" loading=\"lazy\" class=\"alignnone wp-image-4754 size-medium\" src=\"https:\/\/www.kravolution.com\/wp-content\/uploads\/2018\/05\/CIC-germany-2-300x156.jpg\" alt=\"\" width=\"300\" height=\"156\" srcset=\"https:\/\/www.kravolution.com\/wp-content\/uploads\/2018\/05\/CIC-germany-2-300x156.jpg 300w, https:\/\/www.kravolution.com\/wp-content\/uploads\/2018\/05\/CIC-germany-2.jpg 500w\" sizes=\"(max-width: 300px) 100vw, 300px\" \/><\/a><\/p>\n<p>\u21e5 Civil Instructor Course Part II<br \/>\n<a href=\"https:\/\/www.kravolution.de\/KRAVolution-Civil-Instructor-Course\" target=\"_blank\" rel=\"noopener\"><strong>INFO &amp; TICKETS<\/strong><\/a><\/p>\n<p>+ + + + +<\/p>\n<p><strong>Septembre 21 &#8211; 24<\/strong><br \/>\n<span style=\"color: #c90000;\">URUGUAY<\/span> &#8211; Punta del Este<\/p>\n<p><img decoding=\"async\" loading=\"lazy\" class=\"size-medium wp-image-4737 alignnone\" src=\"https:\/\/www.kravolution.com\/wp-content\/uploads\/2018\/05\/AIC-fb-300x156.jpg\" alt=\"\" width=\"300\" height=\"156\" srcset=\"https:\/\/www.kravolution.com\/wp-content\/uploads\/2018\/05\/AIC-fb-300x156.jpg 300w, https:\/\/www.kravolution.com\/wp-content\/uploads\/2018\/05\/AIC-fb.jpg 500w\" sizes=\"(max-width: 300px) 100vw, 300px\" \/><\/p>\n<p>\u21e5 Assistant Instructor Course with <a href=\"https:\/\/www.kravolution.com\/instructors\/jean-paul-jauffret\/\">Jean-Paul<\/a><br \/>\n<strong>TICKETS\/QUESTIONS:<\/strong> <span class=\"_4n-j _3cht fsl\" data-testid=\"event-permalink-details\"><span class=\"text_exposed_show\"><a href=\"mailto:education@kravolution.com\">education@kravolution.com<\/a><\/span><\/span><\/p>\n<p>&nbsp;<\/p>\n<hr \/>\n<p><strong><span style=\"font-size: 18pt;\">OCTOBRE<\/span><\/strong><\/p>\n<p><strong>Octobre 11 &#8211; 14<\/strong><br \/>\nGERMANY &#8211; Cologne &#8211; Krav Maga Institut<\/p>\n<p><img decoding=\"async\" loading=\"lazy\" class=\"size-medium wp-image-4755 alignnone\" src=\"https:\/\/www.kravolution.com\/wp-content\/uploads\/2018\/05\/CIC-germany-3-300x156.jpg\" alt=\"\" width=\"300\" height=\"156\" srcset=\"https:\/\/www.kravolution.com\/wp-content\/uploads\/2018\/05\/CIC-germany-3-300x156.jpg 300w, https:\/\/www.kravolution.com\/wp-content\/uploads\/2018\/05\/CIC-germany-3.jpg 500w\" sizes=\"(max-width: 300px) 100vw, 300px\" \/><\/p>\n<p>&nbsp;<\/p>\n<p>\u21e5 Civil Instructor Course Part III<br \/>\n<a href=\"https:\/\/www.kravolution.de\/KRAVolution-Civil-Instructor-Course\" target=\"_blank\" rel=\"noopener\"><strong>INFO &amp; TICKETS<\/strong><\/a><\/p>\n<p>+ + + + +<\/p>\n<p><strong>Octobre 25 &#8211; 28<\/strong><br \/>\nGERMANY &#8211; Cologne &#8211; Krav Maga Institut<\/p>\n<p><a href=\"https:\/\/www.kravolution.de\/KRAVolution-Civil-Instructor-Course\" target=\"_blank\" rel=\"noopener\"><img decoding=\"async\" loading=\"lazy\" class=\"size-medium wp-image-4756 alignnone\" src=\"https:\/\/www.kravolution.com\/wp-content\/uploads\/2018\/05\/CIC-germany-4-300x156.jpg\" alt=\"\" width=\"300\" height=\"156\" srcset=\"https:\/\/www.kravolution.com\/wp-content\/uploads\/2018\/05\/CIC-germany-4-300x156.jpg 300w, https:\/\/www.kravolution.com\/wp-content\/uploads\/2018\/05\/CIC-germany-4.jpg 500w\" sizes=\"(max-width: 300px) 100vw, 300px\" \/><\/a><\/p>\n<p>\u21e5 Civil Instructor Course Part VI<br \/>\n<a href=\"https:\/\/www.kravolution.de\/KRAVolution-Civil-Instructor-Course\" target=\"_blank\" rel=\"noopener\"><strong>INFO &amp; TICKETS<\/strong><\/a><\/p>\n<p>+ + + + +<\/p>\n<p><strong>Octobre 28 &#8211; Novembre 4, 2018<\/strong><br \/>\n<span style=\"color: #c90000;\">FRANCE<\/span> &#8211; Castelnaudary &#8211; 4\u00e8me \u201cR\u00e9giment d\u2019Instruction de la L\u00e9gion \u00e9trang\u00e8re\u201d<\/p>\n<p><a href=\"https:\/\/www.kravolution.com\/never-give-up\/military-instructor-course\/?lang=en\"><img decoding=\"async\" loading=\"lazy\" class=\"alignnone wp-image-4726 size-medium\" src=\"https:\/\/www.kravolution.com\/wp-content\/uploads\/2018\/05\/military-Instructor-Course-castelnaudary-FB-300x156.jpg\" alt=\"\" width=\"300\" height=\"156\" srcset=\"https:\/\/www.kravolution.com\/wp-content\/uploads\/2018\/05\/military-Instructor-Course-castelnaudary-FB-300x156.jpg 300w, https:\/\/www.kravolution.com\/wp-content\/uploads\/2018\/05\/military-Instructor-Course-castelnaudary-FB.jpg 500w\" sizes=\"(max-width: 300px) 100vw, 300px\" \/><\/a><\/p>\n<p>\u21e5 Military Instructor Course with <a href=\"https:\/\/www.kravolution.com\/instructors\/jean-paul-jauffret\/\">Jean-Paul<\/a> &amp; <a href=\"https:\/\/www.kravolution.com\/instructors\/stephane-chabaud\/\">St\u00e9phane<\/a><br \/>\n<a href=\"https:\/\/www.kravolution.com\/never-give-up\/military-instructor-course\/?lang=en\" target=\"_blank\" rel=\"noopener\"><strong>REGISTER HERE<\/strong><\/a><\/p>\n<p>&nbsp;<\/p>\n<hr \/>\n<p><strong><span style=\"font-size: 18pt;\">NOVEMBRE<\/span><\/strong><\/p>\n<p><strong>Novembre 10 &#8211; 20<\/strong><br \/>\nSOUTH AFRICA<\/p>\n<p><img decoding=\"async\" loading=\"lazy\" class=\"size-medium wp-image-4745 alignnone\" src=\"https:\/\/www.kravolution.com\/wp-content\/uploads\/2018\/05\/anticarjacking-instructor-course-FB-300x156.jpg\" alt=\"\" width=\"300\" height=\"156\" srcset=\"https:\/\/www.kravolution.com\/wp-content\/uploads\/2018\/05\/anticarjacking-instructor-course-FB-300x156.jpg 300w, https:\/\/www.kravolution.com\/wp-content\/uploads\/2018\/05\/anticarjacking-instructor-course-FB.jpg 500w\" sizes=\"(max-width: 300px) 100vw, 300px\" \/> <img decoding=\"async\" loading=\"lazy\" class=\"size-medium wp-image-4746 alignnone\" src=\"https:\/\/www.kravolution.com\/wp-content\/uploads\/2018\/05\/anti-home-invasion-instructor-course-300x156.jpg\" alt=\"\" width=\"300\" height=\"156\" srcset=\"https:\/\/www.kravolution.com\/wp-content\/uploads\/2018\/05\/anti-home-invasion-instructor-course-300x156.jpg 300w, https:\/\/www.kravolution.com\/wp-content\/uploads\/2018\/05\/anti-home-invasion-instructor-course.jpg 500w\" sizes=\"(max-width: 300px) 100vw, 300px\" \/><\/p>\n<p>\u21e5 Anti Home Invasion Instructor Course with <a href=\"https:\/\/www.kravolution.com\/instructors\/jean-paul-jauffret\/\">Jean-Paul<\/a><br \/>\n\u21e5 Anti Carjacking Instructor Course with <a href=\"https:\/\/www.kravolution.com\/instructors\/jean-paul-jauffret\/\">Jean-Paul<\/a><br \/>\n<strong>TICKETS\/QUESTIONS:<\/strong> <span class=\"_4n-j _3cht fsl\" data-testid=\"event-permalink-details\"><span class=\"text_exposed_show\"><a href=\"mailto:education@kravolution.com\">education@kravolution.com<\/a><\/span><\/span><\/p>\n<p>&nbsp;<\/p>\n<hr \/>\n<p><span style=\"font-size: 18pt;\"><strong>DECEMBRE<\/strong><\/span><\/p>\n<p>&nbsp;<\/p>\n<hr \/>\n<p><span style=\"font-size: 18pt;\"><strong>JANVIER 2019<\/strong><\/span><\/p>\n<p><strong>Janvier 4 &#8211; 13<\/strong><br \/>\n<span style=\"color: #c90000;\">FRENCH GUIANA<\/span> &#8211; 3. REI \u2013 R\u00e9giment \u00c9tranger d\u2019infanterie<\/p>\n<p><a href=\"https:\/\/www.kravolution.com\/never-give-up\/close-protection-instructor-course\/?lang=en\"><img decoding=\"async\" loading=\"lazy\" class=\"alignnone wp-image-3052 size-medium\" src=\"https:\/\/www.kravolution.com\/wp-content\/uploads\/2018\/02\/close-protection-instructor-course-300x156.jpg\" alt=\"kravolution close protection instructor course\" width=\"300\" height=\"156\" srcset=\"https:\/\/www.kravolution.com\/wp-content\/uploads\/2018\/02\/close-protection-instructor-course-300x156.jpg 300w, https:\/\/www.kravolution.com\/wp-content\/uploads\/2018\/02\/close-protection-instructor-course.jpg 500w\" sizes=\"(max-width: 300px) 100vw, 300px\" \/><\/a><\/p>\n<p>\u21e5 Close Protection Instructor Course (Jean Paul Jauffret, Scott Yingling)<br \/>\n<a href=\"https:\/\/www.kravolution.com\/never-give-up\/close-protection-instructor-course\/?lang=en\"><strong>REGISTER HERE<\/strong><\/a><\/p>\n<p>&nbsp;<\/p>\n","protected":false},"excerpt":{"rendered":"Cours d\u2019instructeur &nbsp; Vous pratiquez d\u00e9j\u00e0 le Krav Maga ou bien vous avez plusieurs ann\u00e9es d\u2019exp\u00e9rience dans les sports de [&hellip;]","protected":false},"author":7,"featured_media":0,"parent":0,"menu_order":0,"comment_status":"closed","ping_status":"closed","template":"","meta":{"_et_pb_use_builder":"","_et_pb_old_content":"","_et_gb_content_width":"","_mi_skip_tracking":false},"acf":[],"yoast_head":"<!-- This site is optimized with the Yoast SEO plugin v19.13 - https:\/\/yoast.com\/wordpress\/plugins\/seo\/ -->\n<title>\u00c9ducation - KRAVolution<\/title>\n<meta name=\"description\" content=\"Already trained Krav Maga for a while or lots of years of Martial Arts experiences and share your knowledge with others? We want YOU as an Instructor!\" \/>\n<meta name=\"robots\" content=\"index, follow, max-snippet:-1, max-image-preview:large, max-video-preview:-1\" \/>\n<link rel=\"canonical\" href=\"https:\/\/www.kravolution.com\/fr\/education\/\" \/>\n<meta property=\"og:locale\" content=\"fr_FR\" \/>\n<meta property=\"og:type\" content=\"article\" \/>\n<meta property=\"og:title\" content=\"\u00c9ducation - KRAVolution\" \/>\n<meta property=\"og:description\" content=\"Already trained Krav Maga for a while or lots of years of Martial Arts experiences and share your knowledge with others? We want YOU as an Instructor!\" \/>\n<meta property=\"og:url\" content=\"https:\/\/www.kravolution.com\/fr\/education\/\" \/>\n<meta property=\"og:site_name\" content=\"KRAVolution\" \/>\n<meta property=\"article:modified_time\" content=\"2018-07-18T11:29:15+00:00\" \/>\n<meta property=\"og:image\" content=\"https:\/\/www.kravolution.com\/wp-content\/uploads\/2016\/11\/header-education2.jpg\" \/>\n<meta name=\"twitter:card\" content=\"summary_large_image\" \/>\n<meta name=\"twitter:label1\" content=\"Dur\u00e9e de lecture estim\u00e9e\" \/>\n\t<meta name=\"twitter:data1\" content=\"2 minutes\" \/>\n<script type=\"application\/ld+json\" class=\"yoast-schema-graph\">{\"@context\":\"https:\/\/schema.org\",\"@graph\":[{\"@type\":\"WebPage\",\"@id\":\"https:\/\/www.kravolution.com\/fr\/education\/\",\"url\":\"https:\/\/www.kravolution.com\/fr\/education\/\",\"name\":\"\u00c9ducation - KRAVolution\",\"isPartOf\":{\"@id\":\"https:\/\/www.kravolution.com\/fr\/#website\"},\"datePublished\":\"2016-11-17T12:05:07+00:00\",\"dateModified\":\"2018-07-18T11:29:15+00:00\",\"description\":\"Already trained Krav Maga for a while or lots of years of Martial Arts experiences and share your knowledge with others? We want YOU as an Instructor!\",\"breadcrumb\":{\"@id\":\"https:\/\/www.kravolution.com\/fr\/education\/#breadcrumb\"},\"inLanguage\":\"fr-FR\",\"potentialAction\":[{\"@type\":\"ReadAction\",\"target\":[\"https:\/\/www.kravolution.com\/fr\/education\/\"]}]},{\"@type\":\"BreadcrumbList\",\"@id\":\"https:\/\/www.kravolution.com\/fr\/education\/#breadcrumb\",\"itemListElement\":[{\"@type\":\"ListItem\",\"position\":1,\"name\":\"Home\",\"item\":\"https:\/\/www.kravolution.com\/fr\/\"},{\"@type\":\"ListItem\",\"position\":2,\"name\":\"\u00c9ducation\"}]},{\"@type\":\"WebSite\",\"@id\":\"https:\/\/www.kravolution.com\/fr\/#website\",\"url\":\"https:\/\/www.kravolution.com\/fr\/\",\"name\":\"KRAVolution\",\"description\":\"Krav Maga modern israeli selfdefense system\",\"potentialAction\":[{\"@type\":\"SearchAction\",\"target\":{\"@type\":\"EntryPoint\",\"urlTemplate\":\"https:\/\/www.kravolution.com\/fr\/?s={search_term_string}\"},\"query-input\":\"required name=search_term_string\"}],\"inLanguage\":\"fr-FR\"}]}<\/script>\n<!-- \/ Yoast SEO plugin. -->","yoast_head_json":{"title":"\u00c9ducation - KRAVolution","description":"Already trained Krav Maga for a while or lots of years of Martial Arts experiences and share your knowledge with others? We want YOU as an Instructor!","robots":{"index":"index","follow":"follow","max-snippet":"max-snippet:-1","max-image-preview":"max-image-preview:large","max-video-preview":"max-video-preview:-1"},"canonical":"https:\/\/www.kravolution.com\/fr\/education\/","og_locale":"fr_FR","og_type":"article","og_title":"\u00c9ducation - KRAVolution","og_description":"Already trained Krav Maga for a while or lots of years of Martial Arts experiences and share your knowledge with others? We want YOU as an Instructor!","og_url":"https:\/\/www.kravolution.com\/fr\/education\/","og_site_name":"KRAVolution","article_modified_time":"2018-07-18T11:29:15+00:00","og_image":[{"url":"https:\/\/www.kravolution.com\/wp-content\/uploads\/2016\/11\/header-education2.jpg"}],"twitter_card":"summary_large_image","twitter_misc":{"Dur\u00e9e de lecture estim\u00e9e":"2 minutes"},"schema":{"@context":"https:\/\/schema.org","@graph":[{"@type":"WebPage","@id":"https:\/\/www.kravolution.com\/fr\/education\/","url":"https:\/\/www.kravolution.com\/fr\/education\/","name":"\u00c9ducation - KRAVolution","isPartOf":{"@id":"https:\/\/www.kravolution.com\/fr\/#website"},"datePublished":"2016-11-17T12:05:07+00:00","dateModified":"2018-07-18T11:29:15+00:00","description":"Already trained Krav Maga for a while or lots of years of Martial Arts experiences and share your knowledge with others? We want YOU as an Instructor!","breadcrumb":{"@id":"https:\/\/www.kravolution.com\/fr\/education\/#breadcrumb"},"inLanguage":"fr-FR","potentialAction":[{"@type":"ReadAction","target":["https:\/\/www.kravolution.com\/fr\/education\/"]}]},{"@type":"BreadcrumbList","@id":"https:\/\/www.kravolution.com\/fr\/education\/#breadcrumb","itemListElement":[{"@type":"ListItem","position":1,"name":"Home","item":"https:\/\/www.kravolution.com\/fr\/"},{"@type":"ListItem","position":2,"name":"\u00c9ducation"}]},{"@type":"WebSite","@id":"https:\/\/www.kravolution.com\/fr\/#website","url":"https:\/\/www.kravolution.com\/fr\/","name":"KRAVolution","description":"Krav Maga modern israeli selfdefense system","potentialAction":[{"@type":"SearchAction","target":{"@type":"EntryPoint","urlTemplate":"https:\/\/www.kravolution.com\/fr\/?s={search_term_string}"},"query-input":"required name=search_term_string"}],"inLanguage":"fr-FR"}]}},"_links":{"self":[{"href":"https:\/\/www.kravolution.com\/fr\/wp-json\/wp\/v2\/pages\/3255"}],"collection":[{"href":"https:\/\/www.kravolution.com\/fr\/wp-json\/wp\/v2\/pages"}],"about":[{"href":"https:\/\/www.kravolution.com\/fr\/wp-json\/wp\/v2\/types\/page"}],"author":[{"embeddable":true,"href":"https:\/\/www.kravolution.com\/fr\/wp-json\/wp\/v2\/users\/7"}],"replies":[{"embeddable":true,"href":"https:\/\/www.kravolution.com\/fr\/wp-json\/wp\/v2\/comments?post=3255"}],"version-history":[{"count":7,"href":"https:\/\/www.kravolution.com\/fr\/wp-json\/wp\/v2\/pages\/3255\/revisions"}],"predecessor-version":[{"id":7209,"href":"https:\/\/www.kravolution.com\/fr\/wp-json\/wp\/v2\/pages\/3255\/revisions\/7209"}],"wp:attachment":[{"href":"https:\/\/www.kravolution.com\/fr\/wp-json\/wp\/v2\/media?parent=3255"}],"curies":[{"name":"wp","href":"https:\/\/api.w.org\/{rel}","templated":true}]}}