{"id":3220,"date":"2017-09-12T14:59:44","date_gmt":"2017-09-12T12:59:44","guid":{"rendered":"https:\/\/wwwv2.kravolution.com\/organisation\/structure-of-kravolution\/"},"modified":"2019-12-02T11:52:10","modified_gmt":"2019-12-02T10:52:10","slug":"structure-of-kravolution","status":"publish","type":"page","link":"https:\/\/www.kravolution.com\/fr\/organisation\/structure-of-kravolution\/","title":{"rendered":"Structure de KRAVolution"},"content":{"rendered":"<h1>Structure de KRAVolution<\/h1>\n<h2>Avantages de KRAVolution pour les \u00e9l\u00e8ves de Krav Maga<\/h2>\n<p><strong>Nous enseignons le Krav Maga et non pas un curriculum, c&rsquo;est-a-dire que nous enseignons des techniques et une comprehension \u00e9tay\u00e9e du fonctionnement du syst\u00e8me.<\/strong><\/p>\n<p>Le d\u00e9veloppement continu du programme d\u2019autod\u00e9fense Krav Maga est assur\u00e9 par une \u00e9quipe internationale et par des examens annuels, dont les deux <strong> assurent un entra\u00eenement de haut niveau<\/strong>. Des meetings annuels assurent de maintenir tels hauts standards. Aucun ma\u00eetre ne d\u00e9cide seul du Curriculum ni les techniques et m\u00e9thodes d\u2019entra\u00eenement. L&rsquo;\u00e9quipe des Instructeurs Globals decide comment d\u00e9velopper le syst\u00e8me. Les techniques et les m\u00e9thodes sont <strong> continuellement v\u00e9rifi\u00e9s par des professionnels partout dans le monde<\/strong> et sont r\u00e9guli\u00e8rement r\u00e9vis\u00e9s et compl\u00e9t\u00e9s avec les donn\u00e9es des utilisateurs professionnels.<\/p>\n<p>Des possibilit\u00e9s continuelles de testing sont garanties pour un d\u00e9veloppement individuel, au moins quatre fois par an au site o\u00f9 on apprend. Pas de r\u00e9ussit conditionnel, soit on r\u00e9ussit un test ou on ne le r\u00e9ussit pas, et <strong> on peut le repasser<\/strong>. <strong>Pas de temps bloqu\u00e9s<\/strong> pour les possibilit\u00e9s de testing des d\u00e9butants. Tous les niveaux acquis dans d\u2019autres organisations reconnues internationalement comme IKMF ou KMG ou \u00e9quivalents peuvent \u00eatre reconnus. Pour les \u00e9tudiants d\u2019organisation non reconnues, il existe des \u00ab\u00a0cours de transition\u00a0\u00bb.<\/p>\n<p><strong>Possibilit\u00e9s d\u2019entra\u00eenement sans frais dans d\u2019autres sites nationaux ou internationaux<\/strong> par un syst\u00e8me homog\u00e8ne de facturation. L\u2019entra\u00eenement est donc possible de fa\u00e7on sporadique pendant les vacances sans frais suppl\u00e9mentaires. Remises sur la participation aux s\u00e9minaires. Remises sur les commandes de la <a href=\"https:\/\/kravolution.de\/\"><strong>KRAVolution Onlineshop<\/strong><\/a> boutique en ligne de KRAVolution. <strong>Chaque membre est partie d\u2019une communaut\u00e9 internationale et soud\u00e9e<\/strong>.<\/p>\n<p>Tous les entra\u00eeneurs doivent continuer \u00e0 se former afin de <strong>pouvoir assurer aux \u00e9tudiants un niveau de formation \u00e9lev\u00e9, durable et continu<\/strong>. La m\u00e9thode de cours est bas\u00e9e sur les principes et non pas seulement sur les techniques.<\/p>\n<hr \/>\n<h2>Les avantages pour les entra\u00eeneurs Krav Maga<\/h2>\n<p><strong> Il existe une structure de franchise et une double direction de l&rsquo;organisation \u00e0 travers les postes de gestion des affaires et d&rsquo;instructeur en chef. <\/strong><\/p>\n<p>\u00c7a veut dire: Pas de r\u00e8gles strictes ou d&rsquo;engagement permanent, mais seulement l&rsquo;obligation de respecter le code de conduite.<\/p>\n<p>Nous sommes s\u00fbrs que vous resterez avec KRAVolution par choix car <strong> nous sommes les meilleurs en mati\u00e8re de formation, d&rsquo;\u00e9ducation et de soutien <\/strong>. Nous formons le Krav Maga par des principes, non seulement par le curriculum, mais nous n&rsquo;enseignons pas seulement des techniques, mais nous comprenons \u00e9galement comment le syst\u00e8me fonctionne. KRAVolution offre un contact direct avec tous les fonctionnaires de l&rsquo;organisation sans barri\u00e8res administratives.<\/p>\n<p>Il existe \u00e9galement des programmes d&rsquo;examen et de notation pour les instructeurs actifs afin qu&rsquo;ils puissent tester eux-m\u00eames les \u00e9l\u00e8ves d&rsquo;autres \u00e9coles. <strong>Nous voulons des instructeurs de haute qualit\u00e9 <\/strong> qui veulent vraiment faire leur travail et qui devraient vraiment faire leur travail &#8211; nous ne voulons pas que quelqu&rsquo;un, n&rsquo;importe qui, enseigne le Krav Maga.<\/p>\n<p><span class=\"highlight\" style=\"font-weight: 350; font-size: 130%;\">La qualit\u00e9 vient avant la quantit\u00e9.<\/span><\/p>\n<p>Tous les niveaux donn\u00e9s par des organisations internationales de Krav Maga comme IKMF ou KMG sont \u00e9quivalents au syst\u00e8me de notation de KRAVolution et peuvent \u00eatre transf\u00e9r\u00e9s. Les instructeurs d&rsquo;autres organisations peuvent participer \u00e0 des cours de transition sp\u00e9ciaux et ainsi avoir la possibilit\u00e9 de reconna\u00eetre leurs niveaux. De plus, la participation sporadique \u00e0 des cours d&rsquo;instructeurs d\u00e9j\u00e0 r\u00e9ussis dans le but d&rsquo;am\u00e9liorer leurs propres connaissances est neutre en termes de co\u00fbts.<\/p>\n","protected":false},"excerpt":{"rendered":"Structure de KRAVolution Avantages de KRAVolution pour les \u00e9l\u00e8ves de Krav Maga Nous enseignons le Krav Maga et non pas [&hellip;]","protected":false},"author":7,"featured_media":0,"parent":3155,"menu_order":0,"comment_status":"closed","ping_status":"closed","template":"","meta":{"_et_pb_use_builder":"","_et_pb_old_content":"","_et_gb_content_width":"","_mi_skip_tracking":false},"acf":[],"yoast_head":"<!-- This site is optimized with the Yoast SEO plugin v19.13 - https:\/\/yoast.com\/wordpress\/plugins\/seo\/ -->\n<title>Structure de KRAVolution - KRAVolution<\/title>\n<meta name=\"description\" content=\"Structure de KRAVolution Avantages de KRAVolution pour les \u00e9l\u00e8ves de Krav Maga Nous enseignons le Krav Maga et non pas un curriculum, c&#039;est-a-dire que\" \/>\n<meta name=\"robots\" content=\"index, follow, max-snippet:-1, max-image-preview:large, max-video-preview:-1\" \/>\n<link rel=\"canonical\" href=\"https:\/\/www.kravolution.com\/fr\/organisation\/structure-of-kravolution\/\" \/>\n<meta property=\"og:locale\" content=\"fr_FR\" \/>\n<meta property=\"og:type\" content=\"article\" \/>\n<meta property=\"og:title\" content=\"Structure de KRAVolution - KRAVolution\" \/>\n<meta property=\"og:description\" content=\"Structure de KRAVolution Avantages de KRAVolution pour les \u00e9l\u00e8ves de Krav Maga Nous enseignons le Krav Maga et non pas un curriculum, c&#039;est-a-dire que\" \/>\n<meta property=\"og:url\" content=\"https:\/\/www.kravolution.com\/fr\/organisation\/structure-of-kravolution\/\" \/>\n<meta property=\"og:site_name\" content=\"KRAVolution\" \/>\n<meta property=\"article:modified_time\" content=\"2019-12-02T10:52:10+00:00\" \/>\n<meta name=\"twitter:card\" content=\"summary_large_image\" \/>\n<meta name=\"twitter:label1\" content=\"Dur\u00e9e de lecture estim\u00e9e\" \/>\n\t<meta name=\"twitter:data1\" content=\"3 minutes\" \/>\n<script type=\"application\/ld+json\" class=\"yoast-schema-graph\">{\"@context\":\"https:\/\/schema.org\",\"@graph\":[{\"@type\":\"WebPage\",\"@id\":\"https:\/\/www.kravolution.com\/fr\/organisation\/structure-of-kravolution\/\",\"url\":\"https:\/\/www.kravolution.com\/fr\/organisation\/structure-of-kravolution\/\",\"name\":\"Structure de KRAVolution - KRAVolution\",\"isPartOf\":{\"@id\":\"https:\/\/www.kravolution.com\/fr\/#website\"},\"datePublished\":\"2017-09-12T12:59:44+00:00\",\"dateModified\":\"2019-12-02T10:52:10+00:00\",\"description\":\"Structure de KRAVolution Avantages de KRAVolution pour les \u00e9l\u00e8ves de Krav Maga Nous enseignons le Krav Maga et non pas un curriculum, c'est-a-dire que\",\"breadcrumb\":{\"@id\":\"https:\/\/www.kravolution.com\/fr\/organisation\/structure-of-kravolution\/#breadcrumb\"},\"inLanguage\":\"fr-FR\",\"potentialAction\":[{\"@type\":\"ReadAction\",\"target\":[\"https:\/\/www.kravolution.com\/fr\/organisation\/structure-of-kravolution\/\"]}]},{\"@type\":\"BreadcrumbList\",\"@id\":\"https:\/\/www.kravolution.com\/fr\/organisation\/structure-of-kravolution\/#breadcrumb\",\"itemListElement\":[{\"@type\":\"ListItem\",\"position\":1,\"name\":\"Home\",\"item\":\"https:\/\/www.kravolution.com\/fr\/\"},{\"@type\":\"ListItem\",\"position\":2,\"name\":\"Notre mission\",\"item\":\"https:\/\/www.kravolution.com\/fr\/organisation\/\"},{\"@type\":\"ListItem\",\"position\":3,\"name\":\"Structure de KRAVolution\"}]},{\"@type\":\"WebSite\",\"@id\":\"https:\/\/www.kravolution.com\/fr\/#website\",\"url\":\"https:\/\/www.kravolution.com\/fr\/\",\"name\":\"KRAVolution\",\"description\":\"Krav Maga modern israeli selfdefense system\",\"potentialAction\":[{\"@type\":\"SearchAction\",\"target\":{\"@type\":\"EntryPoint\",\"urlTemplate\":\"https:\/\/www.kravolution.com\/fr\/?s={search_term_string}\"},\"query-input\":\"required name=search_term_string\"}],\"inLanguage\":\"fr-FR\"}]}<\/script>\n<!-- \/ Yoast SEO plugin. -->","yoast_head_json":{"title":"Structure de KRAVolution - KRAVolution","description":"Structure de KRAVolution Avantages de KRAVolution pour les \u00e9l\u00e8ves de Krav Maga Nous enseignons le Krav Maga et non pas un curriculum, c'est-a-dire que","robots":{"index":"index","follow":"follow","max-snippet":"max-snippet:-1","max-image-preview":"max-image-preview:large","max-video-preview":"max-video-preview:-1"},"canonical":"https:\/\/www.kravolution.com\/fr\/organisation\/structure-of-kravolution\/","og_locale":"fr_FR","og_type":"article","og_title":"Structure de KRAVolution - KRAVolution","og_description":"Structure de KRAVolution Avantages de KRAVolution pour les \u00e9l\u00e8ves de Krav Maga Nous enseignons le Krav Maga et non pas un curriculum, c'est-a-dire que","og_url":"https:\/\/www.kravolution.com\/fr\/organisation\/structure-of-kravolution\/","og_site_name":"KRAVolution","article_modified_time":"2019-12-02T10:52:10+00:00","twitter_card":"summary_large_image","twitter_misc":{"Dur\u00e9e de lecture estim\u00e9e":"3 minutes"},"schema":{"@context":"https:\/\/schema.org","@graph":[{"@type":"WebPage","@id":"https:\/\/www.kravolution.com\/fr\/organisation\/structure-of-kravolution\/","url":"https:\/\/www.kravolution.com\/fr\/organisation\/structure-of-kravolution\/","name":"Structure de KRAVolution - KRAVolution","isPartOf":{"@id":"https:\/\/www.kravolution.com\/fr\/#website"},"datePublished":"2017-09-12T12:59:44+00:00","dateModified":"2019-12-02T10:52:10+00:00","description":"Structure de KRAVolution Avantages de KRAVolution pour les \u00e9l\u00e8ves de Krav Maga Nous enseignons le Krav Maga et non pas un curriculum, c'est-a-dire que","breadcrumb":{"@id":"https:\/\/www.kravolution.com\/fr\/organisation\/structure-of-kravolution\/#breadcrumb"},"inLanguage":"fr-FR","potentialAction":[{"@type":"ReadAction","target":["https:\/\/www.kravolution.com\/fr\/organisation\/structure-of-kravolution\/"]}]},{"@type":"BreadcrumbList","@id":"https:\/\/www.kravolution.com\/fr\/organisation\/structure-of-kravolution\/#breadcrumb","itemListElement":[{"@type":"ListItem","position":1,"name":"Home","item":"https:\/\/www.kravolution.com\/fr\/"},{"@type":"ListItem","position":2,"name":"Notre mission","item":"https:\/\/www.kravolution.com\/fr\/organisation\/"},{"@type":"ListItem","position":3,"name":"Structure de KRAVolution"}]},{"@type":"WebSite","@id":"https:\/\/www.kravolution.com\/fr\/#website","url":"https:\/\/www.kravolution.com\/fr\/","name":"KRAVolution","description":"Krav Maga modern israeli selfdefense system","potentialAction":[{"@type":"SearchAction","target":{"@type":"EntryPoint","urlTemplate":"https:\/\/www.kravolution.com\/fr\/?s={search_term_string}"},"query-input":"required name=search_term_string"}],"inLanguage":"fr-FR"}]}},"_links":{"self":[{"href":"https:\/\/www.kravolution.com\/fr\/wp-json\/wp\/v2\/pages\/3220"}],"collection":[{"href":"https:\/\/www.kravolution.com\/fr\/wp-json\/wp\/v2\/pages"}],"about":[{"href":"https:\/\/www.kravolution.com\/fr\/wp-json\/wp\/v2\/types\/page"}],"author":[{"embeddable":true,"href":"https:\/\/www.kravolution.com\/fr\/wp-json\/wp\/v2\/users\/7"}],"replies":[{"embeddable":true,"href":"https:\/\/www.kravolution.com\/fr\/wp-json\/wp\/v2\/comments?post=3220"}],"version-history":[{"count":6,"href":"https:\/\/www.kravolution.com\/fr\/wp-json\/wp\/v2\/pages\/3220\/revisions"}],"predecessor-version":[{"id":25801,"href":"https:\/\/www.kravolution.com\/fr\/wp-json\/wp\/v2\/pages\/3220\/revisions\/25801"}],"up":[{"embeddable":true,"href":"https:\/\/www.kravolution.com\/fr\/wp-json\/wp\/v2\/pages\/3155"}],"wp:attachment":[{"href":"https:\/\/www.kravolution.com\/fr\/wp-json\/wp\/v2\/media?parent=3220"}],"curies":[{"name":"wp","href":"https:\/\/api.w.org\/{rel}","templated":true}]}}