{"id":3208,"date":"2017-09-12T15:01:16","date_gmt":"2017-09-12T13:01:16","guid":{"rendered":"https:\/\/wwwv2.kravolution.com\/organisation\/school-owners\/"},"modified":"2018-05-15T15:35:23","modified_gmt":"2018-05-15T13:35:23","slug":"school-owners","status":"publish","type":"page","link":"https:\/\/www.kravolution.com\/fr\/organisation\/school-owners\/","title":{"rendered":"Les propri\u00e9taires des \u00e9coles"},"content":{"rendered":"<h1><strong> Avantages pour des Propri\u00e9taires des \u00c9coles<br \/>\n<\/strong><\/h1>\n<p>La structure de franchise et la double direction de l&rsquo;organisation (\u00e0 travers les postes de Direction de l\u2019Enterprise et l\u2019Instructeur en Chef) pr\u00e9sentent de nombreux avantages: pas de r\u00e8gles strictes ou d&rsquo;engagement permanent, seulement l&rsquo;obligation de respecter le code de conduite.<\/p>\n<p>Il existe \u00e9galement un syst\u00e8me comptable coh\u00e9rent qui inclut la transparence des co\u00fbts et de l&rsquo;utilisation. Un paiement orient\u00e9 vers les performances des s\u00e9minaires et des \u00e9v\u00e9nements en fonction des d\u00e9penses garantit une structure de co\u00fbts \u00e9quitable et ouverte pour une repr\u00e9sentation ext\u00e9rieure coh\u00e9rente.<\/p>\n<p>En tant que propri\u00e9taire d&rsquo;\u00e9cole, vous b\u00e9n\u00e9ficiez d&rsquo;un soutien pour l&rsquo;int\u00e9gration d&rsquo;un syst\u00e8me d&rsquo;autod\u00e9fense, de marketing et de comptabilit\u00e9 qui fonctionnant correctement. Pas de structures rigides, mais une consultation appropri\u00e9e en cas de besoin.<\/p>\n<p>Vous avez \u00e9galement la possibilit\u00e9 de postuler pour une formation en marketing et en gestion et avez la possibilit\u00e9 de d\u00e9velopper votre propre \u00e9cole: propre publicit\u00e9 avec votre propre marque, avec une campagne de marketing trans-r\u00e9gional et un design d&rsquo;entreprise coh\u00e9rent.<\/p>\n<hr \/>\n<div class=\"row\">\n<div class=\"col-xs-12 col-sm-6\">\n<p><span style=\"font-size: 14pt; color: #bf0000;\"><strong>1. Plus d\u2019\u00e9l\u00e8ves pour votre club\u00a0!<\/strong><\/span><\/p>\n<p>Agrandissez votre direction de club avec KRAVolution: La structure de franchise et de double direction de l\u2019organisation de KRAVolution d\u00e9coulant de la Direction de l&rsquo;Enterprise et le Chef d&rsquo;Instructeur vous aideront \u00e0 progresser avec le Krav Maga et avec la gestion de votre club\u00a0!<\/p>\n<\/div>\n<div class=\"col-xs-12 col-sm-6\"><img decoding=\"async\" loading=\"lazy\" class=\"aligncenter size-full wp-image-1843\" src=\"https:\/\/www.kravolution.com\/wp-content\/uploads\/2017\/09\/run-into-your-class-small.jpg\" alt=\"\" width=\"576\" height=\"375\" srcset=\"https:\/\/www.kravolution.com\/wp-content\/uploads\/2017\/09\/run-into-your-class-small.jpg 576w, https:\/\/www.kravolution.com\/wp-content\/uploads\/2017\/09\/run-into-your-class-small-300x195.jpg 300w\" sizes=\"(max-width: 576px) 100vw, 576px\" \/><\/div>\n<\/div>\n<hr \/>\n<div class=\"row\">\n<div class=\"col-xs-12 col-sm-6\">\n<p><span style=\"font-size: 14pt; color: #bf0000;\"><strong>2. Groupe de Travail pour l&rsquo;Enterprise &#038; Marketing (BMT)<\/strong><\/span><\/p>\n<p>Notre propre <strong>syst\u00e8me de management du club<\/strong>, que nous aurons mis au point pour vous, vous aidera en tant que propri\u00e9taire de l\u2019\u00e9cole \u00e0 diriger le Club KRAVolution et les membres de Krav Maga en profiteront. Une <strong>\u00e9quipe de marketing exp\u00e9riment\u00e9e<\/strong> vous \u00e9paulera a constituer et \u00e0 developper votre club.<\/p>\n<p><strong>Le magazine KRAVolution<\/strong> peut \u00eatre distribu\u00e9 aux membres et vous aidera ainsi \u00e0 <strong>promouvoir vos s\u00e9minaires et vous \u00e9v\u00e8nements<\/strong>.<\/p>\n<\/div>\n<div class=\"col-xs-12 col-sm-6\"><img decoding=\"async\" loading=\"lazy\" class=\"aligncenter size-full wp-image-1865\" src=\"https:\/\/www.kravolution.com\/wp-content\/uploads\/2017\/09\/bmt-1.jpg\" alt=\"\" width=\"576\" height=\"375\" srcset=\"https:\/\/www.kravolution.com\/wp-content\/uploads\/2017\/09\/bmt-1.jpg 576w, https:\/\/www.kravolution.com\/wp-content\/uploads\/2017\/09\/bmt-1-300x195.jpg 300w\" sizes=\"(max-width: 576px) 100vw, 576px\" \/><\/div>\n<\/div>\n<hr \/>\n<p><span style=\"font-size: 14pt; color: #bf0000;\"><strong>3. Outils de travail et de marketing<br \/>\n<\/strong><\/span><\/p>\n<div class=\"row\">\n<div class=\"col-xs-12 col-sm-6\">Avec la <strong>Carte de Membre KRAVolution Krav Maga<\/strong> vos membres peuvent se connecter pendant l\u2019entra\u00eenement et m\u00e9morise leur participation. Ces donn\u00e9es peuvent \u00eatre saisies par la comptabilit\u00e9 pour les <strong>statistiques de marketing et de strat\u00e9gies<\/strong>.<br \/>\nVos membres profiteront de leur participation au programme car, autrement qu\u2019avec un num\u00e9ro d\u2019identification impersonnel, ils pourront voir directement <strong>les photos, les s\u00e9minaires pr\u00e9vus et leurs propres certificats<\/strong> de fa\u00e7on moderne et toujours actuelle, comme l\u2019est KRAVolution.<\/div>\n<div class=\"col-xs-12 col-sm-6\"><img decoding=\"async\" loading=\"lazy\" class=\"aligncenter size-full wp-image-1863\" src=\"https:\/\/www.kravolution.com\/wp-content\/uploads\/2017\/09\/business-marketingtools.jpg\" alt=\"\" width=\"576\" height=\"375\" srcset=\"https:\/\/www.kravolution.com\/wp-content\/uploads\/2017\/09\/business-marketingtools.jpg 576w, https:\/\/www.kravolution.com\/wp-content\/uploads\/2017\/09\/business-marketingtools-300x195.jpg 300w\" sizes=\"(max-width: 576px) 100vw, 576px\" \/><\/div>\n<\/div>\n<hr \/>\n<div class=\"row\">\n<div class=\"col-xs-12 col-sm-6\">\n<p><span style=\"font-size: 14pt; color: #bf0000;\"><strong>4. Couleurs et v\u00eatements KRAVolution + tendances du futur<\/strong><\/span><\/p>\n<p>Vous voulez plus qu\u2019un t-shirt\u00a0? Nous avons une collection KRAVolution pour tous les domaines v\u00eatements, \u00e9quipement de combat, insignes et plus encore &#8211; et particuli\u00e8rement des v\u00eatements \u00e0 la mode pour les moniteurs tels que \u00ab\u00a0Under Amour\u00a0\u00bb ou bien \u00ab\u00a05.11 tactical\u00a0\u00bb qui sont bien connus et se sont \u00e9tablis sur le march\u00e9.<\/p>\n<p>Il est \u00e9vident que vous pouvez continuer \u00e0 proposer votre propre ligne de v\u00eatements ou d\u2019\u00e9quipement dans votre propre club.<\/p>\n<p>Nous n\u2019avons pas de r\u00e8gles ou interdictions strictes car il s\u2019agit ici de votre Club. Nous attendons toutefois le respect de notre Code of Conduct.<\/p>\n<\/div>\n<div class=\"col-xs-12 col-sm-6\"><img decoding=\"async\" loading=\"lazy\" class=\"aligncenter size-full wp-image-1871\" src=\"https:\/\/www.kravolution.com\/wp-content\/uploads\/2017\/09\/kravolution-merchandise-small-1.jpg\" alt=\"\" width=\"576\" height=\"375\" srcset=\"https:\/\/www.kravolution.com\/wp-content\/uploads\/2017\/09\/kravolution-merchandise-small-1.jpg 576w, https:\/\/www.kravolution.com\/wp-content\/uploads\/2017\/09\/kravolution-merchandise-small-1-300x195.jpg 300w\" sizes=\"(max-width: 576px) 100vw, 576px\" \/><\/div>\n<\/div>\n<hr \/>\n<p><span style=\"font-size: 14pt; color: #bf0000;\"><strong>5. Renomm\u00e9e pour son marque et ses images<\/strong><\/span><\/p>\n<div class=\"row\">\n<div class=\"col-xs-12 col-sm-6\">\n<p>Vous pouvez <strong>vous inscrire dans des cours de management et de marketing<\/strong> et aurez ainsi la possibilit\u00e9 de d\u00e9velopper votre propre \u00e9cole\u00a0: <strong>votre publicit\u00e9 avec votre propre marque<strong>, sans pour cela renoncer \u00e0 une campagne de publicit\u00e9 trans-r\u00e9gionale avec un Design d&rsquo;Enterprise homog\u00e8ne.<\/p>\n<p>De plus, en fonction du volume et des frais g\u00e9n\u00e9r\u00e9s, nous proposons un d\u00e9compte des s\u00e9minaires et des \u00e9v\u00e8nements, et <strong>une structure des frais juste et transparente<\/strong> afin d\u2019obtenir une pr\u00e9sentation homog\u00e8ne vers l\u2019ext\u00e9rieur.<\/p>\n<\/div>\n<div class=\"col-xs-12 col-sm-6\"><img decoding=\"async\" loading=\"lazy\" class=\"aligncenter size-full wp-image-1882\" src=\"https:\/\/www.kravolution.com\/wp-content\/uploads\/2017\/09\/brands-small.jpg\" alt=\"\" width=\"576\" height=\"375\" srcset=\"https:\/\/www.kravolution.com\/wp-content\/uploads\/2017\/09\/brands-small.jpg 576w, https:\/\/www.kravolution.com\/wp-content\/uploads\/2017\/09\/brands-small-300x195.jpg 300w\" sizes=\"(max-width: 576px) 100vw, 576px\" \/><\/div>\n<\/div>\n<hr \/>\n<p><span style=\"font-size: 14pt; color: #bf0000;\"><strong>6. Vous \u00eates le futur\u00a0!<\/strong><\/span><\/p>\n<div class=\"row\">\n<div class=\"col-xs-12 col-sm-6\"><span style=\"font-size: 14pt;\"><strong>Faites partie de KRAVolution et d\u00e9veloppez-vous avec nous vers le futur, moderne et ind\u00e9pendant\u00a0!<\/strong><\/span><br \/>\n<span class=\"highglight\" style=\"font-size: 14pt; color: #bf0000;\"><a href=\"https:\/\/www.kravolution.com\/contact\/\"><span class=\"highlight\"><strong>Contactez nous<\/strong><\/span><\/a><\/span><\/div>\n<div class=\"col-xs-12 col-sm-6\"><img decoding=\"async\" loading=\"lazy\" class=\"aligncenter size-full wp-image-1992 img-responsive\" src=\"https:\/\/www.kravolution.com\/wp-content\/uploads\/2017\/09\/you-are-the-future.jpg\" alt=\"\" width=\"576\" height=\"375\" srcset=\"https:\/\/www.kravolution.com\/wp-content\/uploads\/2017\/09\/you-are-the-future.jpg 576w, https:\/\/www.kravolution.com\/wp-content\/uploads\/2017\/09\/you-are-the-future-300x195.jpg 300w\" sizes=\"(max-width: 576px) 100vw, 576px\" \/><\/div>\n<\/div>\n","protected":false},"excerpt":{"rendered":"Avantages pour des Propri\u00e9taires des \u00c9coles La structure de franchise et la double direction de l&rsquo;organisation (\u00e0 travers les postes [&hellip;]","protected":false},"author":7,"featured_media":0,"parent":3155,"menu_order":0,"comment_status":"closed","ping_status":"closed","template":"","meta":{"_et_pb_use_builder":"","_et_pb_old_content":"","_et_gb_content_width":"","_mi_skip_tracking":false},"acf":[],"yoast_head":"<!-- This site is optimized with the Yoast SEO plugin v19.13 - https:\/\/yoast.com\/wordpress\/plugins\/seo\/ -->\n<title>Les propri\u00e9taires des \u00e9coles - KRAVolution<\/title>\n<meta name=\"description\" content=\"Avantages pour des Propri\u00e9taires des \u00c9coles La structure de franchise et la double direction de l&#039;organisation (\u00e0 travers les postes de Direction de\" \/>\n<meta name=\"robots\" content=\"index, follow, max-snippet:-1, max-image-preview:large, max-video-preview:-1\" \/>\n<link rel=\"canonical\" href=\"https:\/\/www.kravolution.com\/fr\/organisation\/school-owners\/\" \/>\n<meta property=\"og:locale\" content=\"fr_FR\" \/>\n<meta property=\"og:type\" content=\"article\" \/>\n<meta property=\"og:title\" content=\"Les propri\u00e9taires des \u00e9coles - KRAVolution\" \/>\n<meta property=\"og:description\" content=\"Avantages pour des Propri\u00e9taires des \u00c9coles La structure de franchise et la double direction de l&#039;organisation (\u00e0 travers les postes de Direction de\" \/>\n<meta property=\"og:url\" content=\"https:\/\/www.kravolution.com\/fr\/organisation\/school-owners\/\" \/>\n<meta property=\"og:site_name\" content=\"KRAVolution\" \/>\n<meta property=\"article:modified_time\" content=\"2018-05-15T13:35:23+00:00\" \/>\n<meta property=\"og:image\" content=\"https:\/\/www.kravolution.com\/wp-content\/uploads\/2017\/09\/run-into-your-class-small.jpg\" \/>\n<meta name=\"twitter:card\" content=\"summary_large_image\" \/>\n<meta name=\"twitter:label1\" content=\"Dur\u00e9e de lecture estim\u00e9e\" \/>\n\t<meta name=\"twitter:data1\" content=\"3 minutes\" \/>\n<script type=\"application\/ld+json\" class=\"yoast-schema-graph\">{\"@context\":\"https:\/\/schema.org\",\"@graph\":[{\"@type\":\"WebPage\",\"@id\":\"https:\/\/www.kravolution.com\/fr\/organisation\/school-owners\/\",\"url\":\"https:\/\/www.kravolution.com\/fr\/organisation\/school-owners\/\",\"name\":\"Les propri\u00e9taires des \u00e9coles - KRAVolution\",\"isPartOf\":{\"@id\":\"https:\/\/www.kravolution.com\/fr\/#website\"},\"datePublished\":\"2017-09-12T13:01:16+00:00\",\"dateModified\":\"2018-05-15T13:35:23+00:00\",\"description\":\"Avantages pour des Propri\u00e9taires des \u00c9coles La structure de franchise et la double direction de l'organisation (\u00e0 travers les postes de Direction de\",\"breadcrumb\":{\"@id\":\"https:\/\/www.kravolution.com\/fr\/organisation\/school-owners\/#breadcrumb\"},\"inLanguage\":\"fr-FR\",\"potentialAction\":[{\"@type\":\"ReadAction\",\"target\":[\"https:\/\/www.kravolution.com\/fr\/organisation\/school-owners\/\"]}]},{\"@type\":\"BreadcrumbList\",\"@id\":\"https:\/\/www.kravolution.com\/fr\/organisation\/school-owners\/#breadcrumb\",\"itemListElement\":[{\"@type\":\"ListItem\",\"position\":1,\"name\":\"Home\",\"item\":\"https:\/\/www.kravolution.com\/fr\/\"},{\"@type\":\"ListItem\",\"position\":2,\"name\":\"Notre mission\",\"item\":\"https:\/\/www.kravolution.com\/fr\/organisation\/\"},{\"@type\":\"ListItem\",\"position\":3,\"name\":\"Les propri\u00e9taires des \u00e9coles\"}]},{\"@type\":\"WebSite\",\"@id\":\"https:\/\/www.kravolution.com\/fr\/#website\",\"url\":\"https:\/\/www.kravolution.com\/fr\/\",\"name\":\"KRAVolution\",\"description\":\"Krav Maga modern israeli selfdefense system\",\"potentialAction\":[{\"@type\":\"SearchAction\",\"target\":{\"@type\":\"EntryPoint\",\"urlTemplate\":\"https:\/\/www.kravolution.com\/fr\/?s={search_term_string}\"},\"query-input\":\"required name=search_term_string\"}],\"inLanguage\":\"fr-FR\"}]}<\/script>\n<!-- \/ Yoast SEO plugin. -->","yoast_head_json":{"title":"Les propri\u00e9taires des \u00e9coles - KRAVolution","description":"Avantages pour des Propri\u00e9taires des \u00c9coles La structure de franchise et la double direction de l'organisation (\u00e0 travers les postes de Direction de","robots":{"index":"index","follow":"follow","max-snippet":"max-snippet:-1","max-image-preview":"max-image-preview:large","max-video-preview":"max-video-preview:-1"},"canonical":"https:\/\/www.kravolution.com\/fr\/organisation\/school-owners\/","og_locale":"fr_FR","og_type":"article","og_title":"Les propri\u00e9taires des \u00e9coles - KRAVolution","og_description":"Avantages pour des Propri\u00e9taires des \u00c9coles La structure de franchise et la double direction de l'organisation (\u00e0 travers les postes de Direction de","og_url":"https:\/\/www.kravolution.com\/fr\/organisation\/school-owners\/","og_site_name":"KRAVolution","article_modified_time":"2018-05-15T13:35:23+00:00","og_image":[{"url":"https:\/\/www.kravolution.com\/wp-content\/uploads\/2017\/09\/run-into-your-class-small.jpg"}],"twitter_card":"summary_large_image","twitter_misc":{"Dur\u00e9e de lecture estim\u00e9e":"3 minutes"},"schema":{"@context":"https:\/\/schema.org","@graph":[{"@type":"WebPage","@id":"https:\/\/www.kravolution.com\/fr\/organisation\/school-owners\/","url":"https:\/\/www.kravolution.com\/fr\/organisation\/school-owners\/","name":"Les propri\u00e9taires des \u00e9coles - KRAVolution","isPartOf":{"@id":"https:\/\/www.kravolution.com\/fr\/#website"},"datePublished":"2017-09-12T13:01:16+00:00","dateModified":"2018-05-15T13:35:23+00:00","description":"Avantages pour des Propri\u00e9taires des \u00c9coles La structure de franchise et la double direction de l'organisation (\u00e0 travers les postes de Direction de","breadcrumb":{"@id":"https:\/\/www.kravolution.com\/fr\/organisation\/school-owners\/#breadcrumb"},"inLanguage":"fr-FR","potentialAction":[{"@type":"ReadAction","target":["https:\/\/www.kravolution.com\/fr\/organisation\/school-owners\/"]}]},{"@type":"BreadcrumbList","@id":"https:\/\/www.kravolution.com\/fr\/organisation\/school-owners\/#breadcrumb","itemListElement":[{"@type":"ListItem","position":1,"name":"Home","item":"https:\/\/www.kravolution.com\/fr\/"},{"@type":"ListItem","position":2,"name":"Notre mission","item":"https:\/\/www.kravolution.com\/fr\/organisation\/"},{"@type":"ListItem","position":3,"name":"Les propri\u00e9taires des \u00e9coles"}]},{"@type":"WebSite","@id":"https:\/\/www.kravolution.com\/fr\/#website","url":"https:\/\/www.kravolution.com\/fr\/","name":"KRAVolution","description":"Krav Maga modern israeli selfdefense system","potentialAction":[{"@type":"SearchAction","target":{"@type":"EntryPoint","urlTemplate":"https:\/\/www.kravolution.com\/fr\/?s={search_term_string}"},"query-input":"required name=search_term_string"}],"inLanguage":"fr-FR"}]}},"_links":{"self":[{"href":"https:\/\/www.kravolution.com\/fr\/wp-json\/wp\/v2\/pages\/3208"}],"collection":[{"href":"https:\/\/www.kravolution.com\/fr\/wp-json\/wp\/v2\/pages"}],"about":[{"href":"https:\/\/www.kravolution.com\/fr\/wp-json\/wp\/v2\/types\/page"}],"author":[{"embeddable":true,"href":"https:\/\/www.kravolution.com\/fr\/wp-json\/wp\/v2\/users\/7"}],"replies":[{"embeddable":true,"href":"https:\/\/www.kravolution.com\/fr\/wp-json\/wp\/v2\/comments?post=3208"}],"version-history":[{"count":5,"href":"https:\/\/www.kravolution.com\/fr\/wp-json\/wp\/v2\/pages\/3208\/revisions"}],"predecessor-version":[{"id":4560,"href":"https:\/\/www.kravolution.com\/fr\/wp-json\/wp\/v2\/pages\/3208\/revisions\/4560"}],"up":[{"embeddable":true,"href":"https:\/\/www.kravolution.com\/fr\/wp-json\/wp\/v2\/pages\/3155"}],"wp:attachment":[{"href":"https:\/\/www.kravolution.com\/fr\/wp-json\/wp\/v2\/media?parent=3208"}],"curies":[{"name":"wp","href":"https:\/\/api.w.org\/{rel}","templated":true}]}}