{"id":3175,"date":"2016-11-17T16:17:22","date_gmt":"2016-11-17T15:17:22","guid":{"rendered":"https:\/\/wwwv2.kravolution.com\/contact\/"},"modified":"2024-02-19T13:05:27","modified_gmt":"2024-02-19T12:05:27","slug":"contact","status":"publish","type":"page","link":"https:\/\/www.kravolution.com\/fr\/contact\/","title":{"rendered":"Contact"},"content":{"rendered":"<h2>Contactez nous<\/h2>\n<p>Avez-vous des questions ou aimeriez-vous avoir de plus amples informations ?<br \/>\nContactez-nous. Nous vous r\u00e9pondrons d\u00e8s que possible.<\/p>\n<p>&nbsp;<\/p>\n<div class=\"wpcf7 no-js\" id=\"wpcf7-f6-o1\" lang=\"de-DE\" dir=\"ltr\">\n<div class=\"screen-reader-response\"><p role=\"status\" aria-live=\"polite\" aria-atomic=\"true\"><\/p> <ul><\/ul><\/div>\n<form action=\"\/fr\/wp-json\/wp\/v2\/pages\/3175#wpcf7-f6-o1\" method=\"post\" class=\"wpcf7-form init demo\" aria-label=\"Kontaktformular\" novalidate=\"novalidate\" data-status=\"init\">\n<div style=\"display: none;\">\n<input type=\"hidden\" name=\"_wpcf7\" value=\"6\" \/>\n<input type=\"hidden\" name=\"_wpcf7_version\" value=\"5.7.2\" \/>\n<input type=\"hidden\" name=\"_wpcf7_locale\" value=\"de_DE\" \/>\n<input type=\"hidden\" name=\"_wpcf7_unit_tag\" value=\"wpcf7-f6-o1\" \/>\n<input type=\"hidden\" name=\"_wpcf7_container_post\" value=\"0\" \/>\n<input type=\"hidden\" name=\"_wpcf7_posted_data_hash\" value=\"\" \/>\n<\/div>\n<div class=\"form-group txName\"><label class=\"\">Name <span class=\"required\">*<\/span><\/label><input class=\"wpcf7-form-control wpcf7-text wpcf7-validates-as-required form-control\" name=\"txName\" type=\"text\" value=\"\" aria-invalid=\"false\" aria-required=\"true\" required><\/div>\n<div class=\"form-group txMail\"><label class=\"\">E-Mail <span class=\"required\">*<\/span><\/label><input class=\"wpcf7-form-control wpcf7-text wpcf7-email wpcf7-validates-as-required wpcf7-validates-as-email form-control\" name=\"txMail\" type=\"email\" value=\"\" aria-invalid=\"false\" aria-required=\"true\" required><\/div>\n<div class=\"form-group txPhone\"><label class=\"\">Phone \/ Telefon \/ T\u00e9l\u00e9phone<\/label><input class=\"wpcf7-form-control wpcf7-text form-control\" name=\"txPhone\" type=\"text\" value=\"\" aria-invalid=\"false\"><\/div>\n<div class=\"form-group txSubject\"><label class=\"\">Subject \/ Betreff <span class=\"required\">*<\/span><\/label><input class=\"wpcf7-form-control wpcf7-text wpcf7-validates-as-required form-control\" name=\"txSubject\" type=\"text\" value=\"\" aria-invalid=\"false\" aria-required=\"true\" required><\/div>\n<div class=\"form-group txMessage\"><label class=\"\">Message <span class=\"required\">*<\/span><\/label><textarea class=\"wpcf7-form-control wpcf7-textarea wpcf7-validates-as-required form-control\" name=\"txMessage\" rows=\"4\" aria-invalid=\"false\" aria-required=\"true\" required><\/textarea><\/div>\n\n<div class=\"form-group wpcf7-form-control wpcf7-acceptance privacyPolicy\"><div class=\"checkbox wpcf7-form-control wpcf7-acceptance privacyPolicy\"><label ><input name=\"privacyPolicy\" type=\"checkbox\" value=\"1\" aria-invalid=\"false\">I agree that my data may be processed when sending the form in accordance with the <a href=\"https:\/\/www.kravolution.com\/en\/privacy-policy\/\">Privacy Policy<\/a>.\nIch bin damit einverstanden, dass meine Daten bei Absenden des Formulars gem\u00e4\u00df <a href=\"https:\/\/www.kravolution.com\/de\/privacy-policy\/\">Datenschutzerkl\u00e4rung<\/a> verarbeitet werden d\u00fcrfen.\nJ'accepte que mes donn\u00e9es puissent \u00eatre trait\u00e9es lors de l'envoi du formulaire conform\u00e9ment \u00e0 la <a href=\"https:\/\/www.kravolution.com\/fr\/privacy-policy\/\">politique de confidentialit\u00e9<\/a>.<\/label><\/div><\/div>\n<div class=\"form-group\"><div><input class=\"wpcf7-form-control wpcf7-submit btn btn-primary\" type=\"submit\" value=\"Send\"><\/div><\/div><div class=\"wpcf7-response-output alert alert-warning\"><\/div><\/form><\/div>\n<p><span id=\"result_box\" class=\"short_text\" lang=\"fr\"><span class=\"\">*Mentions obligatoires<\/span><\/span><\/p>\n<p>&nbsp;<\/p>\n<hr \/>\n<h2>Adresse<\/h2>\n<p><strong>Kravolution AG<br \/>\n<\/strong><span class=\"b z c d e ab f g ac h i j ae k l af m ag n o ah p ui-provider q ai r aj s t ak u v w x a y\" dir=\"ltr\">Steinbruchhof 4<br \/>\n<\/span><span class=\"b z c d e ab f g ac h i j ae k l af m ag n o ah p ui-provider q ai r aj s t ak u v w x a y\" dir=\"ltr\">CH-6012 Obernau<br \/>\n<\/span>E-Mail: <a href=\"mailto:info@kravolution.com\">info@kravolution.com<\/a><\/p>\n<p><strong>Boutique en ligne:<\/strong> <a href=\"https:\/\/www.kravolution.de\/\"><strong>www.kravolution.de<\/strong><\/a><\/p>\n","protected":false},"excerpt":{"rendered":"Contactez nous Avez-vous des questions ou aimeriez-vous avoir de plus amples informations ? Contactez-nous. Nous vous r\u00e9pondrons d\u00e8s que possible. [&hellip;]","protected":false},"author":7,"featured_media":0,"parent":0,"menu_order":0,"comment_status":"closed","ping_status":"closed","template":"","meta":{"_et_pb_use_builder":"","_et_pb_old_content":"","_et_gb_content_width":"","_mi_skip_tracking":false},"acf":[],"yoast_head":"<!-- This site is optimized with the Yoast SEO plugin v19.13 - https:\/\/yoast.com\/wordpress\/plugins\/seo\/ -->\n<title>Contact - KRAVolution<\/title>\n<meta name=\"description\" content=\"Do you have any questions or would you like to get further information? Then please contact us. We will reply as soon as possible.\" \/>\n<meta name=\"robots\" content=\"index, follow, max-snippet:-1, max-image-preview:large, max-video-preview:-1\" \/>\n<link rel=\"canonical\" href=\"https:\/\/www.kravolution.com\/fr\/contact\/\" \/>\n<meta property=\"og:locale\" content=\"fr_FR\" \/>\n<meta property=\"og:type\" content=\"article\" \/>\n<meta property=\"og:title\" content=\"Contact - KRAVolution\" \/>\n<meta property=\"og:description\" content=\"Do you have any questions or would you like to get further information? Then please contact us. We will reply as soon as possible.\" \/>\n<meta property=\"og:url\" content=\"https:\/\/www.kravolution.com\/fr\/contact\/\" \/>\n<meta property=\"og:site_name\" content=\"KRAVolution\" \/>\n<meta property=\"article:modified_time\" content=\"2024-02-19T12:05:27+00:00\" \/>\n<meta name=\"twitter:card\" content=\"summary_large_image\" \/>\n<meta name=\"twitter:label1\" content=\"Dur\u00e9e de lecture estim\u00e9e\" \/>\n\t<meta name=\"twitter:data1\" content=\"1 minute\" \/>\n<script type=\"application\/ld+json\" class=\"yoast-schema-graph\">{\"@context\":\"https:\/\/schema.org\",\"@graph\":[{\"@type\":\"WebPage\",\"@id\":\"https:\/\/www.kravolution.com\/fr\/contact\/\",\"url\":\"https:\/\/www.kravolution.com\/fr\/contact\/\",\"name\":\"Contact - KRAVolution\",\"isPartOf\":{\"@id\":\"https:\/\/www.kravolution.com\/fr\/#website\"},\"datePublished\":\"2016-11-17T15:17:22+00:00\",\"dateModified\":\"2024-02-19T12:05:27+00:00\",\"description\":\"Do you have any questions or would you like to get further information? Then please contact us. We will reply as soon as possible.\",\"breadcrumb\":{\"@id\":\"https:\/\/www.kravolution.com\/fr\/contact\/#breadcrumb\"},\"inLanguage\":\"fr-FR\",\"potentialAction\":[{\"@type\":\"ReadAction\",\"target\":[\"https:\/\/www.kravolution.com\/fr\/contact\/\"]}]},{\"@type\":\"BreadcrumbList\",\"@id\":\"https:\/\/www.kravolution.com\/fr\/contact\/#breadcrumb\",\"itemListElement\":[{\"@type\":\"ListItem\",\"position\":1,\"name\":\"Home\",\"item\":\"https:\/\/www.kravolution.com\/fr\/\"},{\"@type\":\"ListItem\",\"position\":2,\"name\":\"Contact\"}]},{\"@type\":\"WebSite\",\"@id\":\"https:\/\/www.kravolution.com\/fr\/#website\",\"url\":\"https:\/\/www.kravolution.com\/fr\/\",\"name\":\"KRAVolution\",\"description\":\"Krav Maga modern israeli selfdefense system\",\"potentialAction\":[{\"@type\":\"SearchAction\",\"target\":{\"@type\":\"EntryPoint\",\"urlTemplate\":\"https:\/\/www.kravolution.com\/fr\/?s={search_term_string}\"},\"query-input\":\"required name=search_term_string\"}],\"inLanguage\":\"fr-FR\"}]}<\/script>\n<!-- \/ Yoast SEO plugin. -->","yoast_head_json":{"title":"Contact - KRAVolution","description":"Do you have any questions or would you like to get further information? Then please contact us. We will reply as soon as possible.","robots":{"index":"index","follow":"follow","max-snippet":"max-snippet:-1","max-image-preview":"max-image-preview:large","max-video-preview":"max-video-preview:-1"},"canonical":"https:\/\/www.kravolution.com\/fr\/contact\/","og_locale":"fr_FR","og_type":"article","og_title":"Contact - KRAVolution","og_description":"Do you have any questions or would you like to get further information? Then please contact us. We will reply as soon as possible.","og_url":"https:\/\/www.kravolution.com\/fr\/contact\/","og_site_name":"KRAVolution","article_modified_time":"2024-02-19T12:05:27+00:00","twitter_card":"summary_large_image","twitter_misc":{"Dur\u00e9e de lecture estim\u00e9e":"1 minute"},"schema":{"@context":"https:\/\/schema.org","@graph":[{"@type":"WebPage","@id":"https:\/\/www.kravolution.com\/fr\/contact\/","url":"https:\/\/www.kravolution.com\/fr\/contact\/","name":"Contact - KRAVolution","isPartOf":{"@id":"https:\/\/www.kravolution.com\/fr\/#website"},"datePublished":"2016-11-17T15:17:22+00:00","dateModified":"2024-02-19T12:05:27+00:00","description":"Do you have any questions or would you like to get further information? Then please contact us. We will reply as soon as possible.","breadcrumb":{"@id":"https:\/\/www.kravolution.com\/fr\/contact\/#breadcrumb"},"inLanguage":"fr-FR","potentialAction":[{"@type":"ReadAction","target":["https:\/\/www.kravolution.com\/fr\/contact\/"]}]},{"@type":"BreadcrumbList","@id":"https:\/\/www.kravolution.com\/fr\/contact\/#breadcrumb","itemListElement":[{"@type":"ListItem","position":1,"name":"Home","item":"https:\/\/www.kravolution.com\/fr\/"},{"@type":"ListItem","position":2,"name":"Contact"}]},{"@type":"WebSite","@id":"https:\/\/www.kravolution.com\/fr\/#website","url":"https:\/\/www.kravolution.com\/fr\/","name":"KRAVolution","description":"Krav Maga modern israeli selfdefense system","potentialAction":[{"@type":"SearchAction","target":{"@type":"EntryPoint","urlTemplate":"https:\/\/www.kravolution.com\/fr\/?s={search_term_string}"},"query-input":"required name=search_term_string"}],"inLanguage":"fr-FR"}]}},"_links":{"self":[{"href":"https:\/\/www.kravolution.com\/fr\/wp-json\/wp\/v2\/pages\/3175"}],"collection":[{"href":"https:\/\/www.kravolution.com\/fr\/wp-json\/wp\/v2\/pages"}],"about":[{"href":"https:\/\/www.kravolution.com\/fr\/wp-json\/wp\/v2\/types\/page"}],"author":[{"embeddable":true,"href":"https:\/\/www.kravolution.com\/fr\/wp-json\/wp\/v2\/users\/7"}],"replies":[{"embeddable":true,"href":"https:\/\/www.kravolution.com\/fr\/wp-json\/wp\/v2\/comments?post=3175"}],"version-history":[{"count":5,"href":"https:\/\/www.kravolution.com\/fr\/wp-json\/wp\/v2\/pages\/3175\/revisions"}],"predecessor-version":[{"id":29888,"href":"https:\/\/www.kravolution.com\/fr\/wp-json\/wp\/v2\/pages\/3175\/revisions\/29888"}],"wp:attachment":[{"href":"https:\/\/www.kravolution.com\/fr\/wp-json\/wp\/v2\/media?parent=3175"}],"curies":[{"name":"wp","href":"https:\/\/api.w.org\/{rel}","templated":true}]}}