{"id":3169,"date":"2016-12-14T09:34:00","date_gmt":"2016-12-14T08:34:00","guid":{"rendered":"https:\/\/wwwv2.kravolution.com\/instructors\/"},"modified":"2018-05-15T16:35:08","modified_gmt":"2018-05-15T14:35:08","slug":"instructors","status":"publish","type":"page","link":"https:\/\/www.kravolution.com\/fr\/instructors\/","title":{"rendered":"Instructeurs"},"content":{"rendered":"<h1>KRAVolution \u00c9QUIPE des sp\u00e9cialistes en auto-defense<\/h1>\n<p><span class=\"highlight\" style=\"font-weight: 350; font-size: 130%;\">S&rsquo;entra\u00eener et travailler avec le meilleur!<\/span><\/p>\n<p>Notre \u00e9quipe d&rsquo;instructeurs qualifi\u00e9s se compose d&rsquo;athl\u00e8tes de combat exp\u00e9riment\u00e9s, des soldats professionnels et des policiers qui ne s&rsquo;amusent pas seulement \u00e0 enseigner l&rsquo;autod\u00e9fense. Leur exp\u00e9rience professionnelle directe et l&rsquo;exp\u00e9rience correspondante leur permettent d&rsquo;entrer exactement dans la salle de classe. <\/p>\n<p>Nous permettons aux gens de se d\u00e9fendre tous les jours. Aucun homme ne devrait \u00eatre menac\u00e9 ni attaqu\u00e9; aucune femme ne devrait \u00eatre agress\u00e9e ni viol\u00e9e; aucun enfant ne devrait \u00eatre enlev\u00e9 ni harcel\u00e9. Nous d\u00e9veloppons une formation approfondie pour des environnements sur mesure, des unit\u00e9s militaires sp\u00e9cialis\u00e9es \u00e0 l&rsquo;application de la loi publique. Cette mission devrait \u00eatre r\u00e9partie dans le monde entier et offrir une \u00e9ducation de qualit\u00e9 sup\u00e9rieure.<\/p>\n","protected":false},"excerpt":{"rendered":"KRAVolution \u00c9QUIPE des sp\u00e9cialistes en auto-defense S&rsquo;entra\u00eener et travailler avec le meilleur! Notre \u00e9quipe d&rsquo;instructeurs qualifi\u00e9s se compose d&rsquo;athl\u00e8tes de [&hellip;]","protected":false},"author":7,"featured_media":0,"parent":0,"menu_order":0,"comment_status":"closed","ping_status":"closed","template":"instructors_v3.php","meta":{"_et_pb_use_builder":"","_et_pb_old_content":"","_et_gb_content_width":"","_mi_skip_tracking":false},"acf":[],"yoast_head":"<!-- This site is optimized with the Yoast SEO plugin v19.13 - https:\/\/yoast.com\/wordpress\/plugins\/seo\/ -->\n<title>Instructeurs - KRAVolution<\/title>\n<meta name=\"description\" content=\"Our certified Instructors consists of experienced combat athletes, professional soldiers and police officers who has fun in teaching other people.\" \/>\n<meta name=\"robots\" content=\"index, follow, max-snippet:-1, max-image-preview:large, max-video-preview:-1\" \/>\n<link rel=\"canonical\" href=\"https:\/\/www.kravolution.com\/fr\/instructors\/\" \/>\n<meta property=\"og:locale\" content=\"fr_FR\" \/>\n<meta property=\"og:type\" content=\"article\" \/>\n<meta property=\"og:title\" content=\"Instructeurs - KRAVolution\" \/>\n<meta property=\"og:description\" content=\"Our certified Instructors consists of experienced combat athletes, professional soldiers and police officers who has fun in teaching other people.\" \/>\n<meta property=\"og:url\" content=\"https:\/\/www.kravolution.com\/fr\/instructors\/\" \/>\n<meta property=\"og:site_name\" content=\"KRAVolution\" \/>\n<meta property=\"article:modified_time\" content=\"2018-05-15T14:35:08+00:00\" \/>\n<meta name=\"twitter:card\" content=\"summary_large_image\" \/>\n<meta name=\"twitter:label1\" content=\"Dur\u00e9e de lecture estim\u00e9e\" \/>\n\t<meta name=\"twitter:data1\" content=\"1 minute\" \/>\n<script type=\"application\/ld+json\" class=\"yoast-schema-graph\">{\"@context\":\"https:\/\/schema.org\",\"@graph\":[{\"@type\":\"WebPage\",\"@id\":\"https:\/\/www.kravolution.com\/fr\/instructors\/\",\"url\":\"https:\/\/www.kravolution.com\/fr\/instructors\/\",\"name\":\"Instructeurs - KRAVolution\",\"isPartOf\":{\"@id\":\"https:\/\/www.kravolution.com\/fr\/#website\"},\"datePublished\":\"2016-12-14T08:34:00+00:00\",\"dateModified\":\"2018-05-15T14:35:08+00:00\",\"description\":\"Our certified Instructors consists of experienced combat athletes, professional soldiers and police officers who has fun in teaching other people.\",\"breadcrumb\":{\"@id\":\"https:\/\/www.kravolution.com\/fr\/instructors\/#breadcrumb\"},\"inLanguage\":\"fr-FR\",\"potentialAction\":[{\"@type\":\"ReadAction\",\"target\":[\"https:\/\/www.kravolution.com\/fr\/instructors\/\"]}]},{\"@type\":\"BreadcrumbList\",\"@id\":\"https:\/\/www.kravolution.com\/fr\/instructors\/#breadcrumb\",\"itemListElement\":[{\"@type\":\"ListItem\",\"position\":1,\"name\":\"Home\",\"item\":\"https:\/\/www.kravolution.com\/fr\/\"},{\"@type\":\"ListItem\",\"position\":2,\"name\":\"Instructeurs\"}]},{\"@type\":\"WebSite\",\"@id\":\"https:\/\/www.kravolution.com\/fr\/#website\",\"url\":\"https:\/\/www.kravolution.com\/fr\/\",\"name\":\"KRAVolution\",\"description\":\"Krav Maga modern israeli selfdefense system\",\"potentialAction\":[{\"@type\":\"SearchAction\",\"target\":{\"@type\":\"EntryPoint\",\"urlTemplate\":\"https:\/\/www.kravolution.com\/fr\/?s={search_term_string}\"},\"query-input\":\"required name=search_term_string\"}],\"inLanguage\":\"fr-FR\"}]}<\/script>\n<!-- \/ Yoast SEO plugin. -->","yoast_head_json":{"title":"Instructeurs - KRAVolution","description":"Our certified Instructors consists of experienced combat athletes, professional soldiers and police officers who has fun in teaching other people.","robots":{"index":"index","follow":"follow","max-snippet":"max-snippet:-1","max-image-preview":"max-image-preview:large","max-video-preview":"max-video-preview:-1"},"canonical":"https:\/\/www.kravolution.com\/fr\/instructors\/","og_locale":"fr_FR","og_type":"article","og_title":"Instructeurs - KRAVolution","og_description":"Our certified Instructors consists of experienced combat athletes, professional soldiers and police officers who has fun in teaching other people.","og_url":"https:\/\/www.kravolution.com\/fr\/instructors\/","og_site_name":"KRAVolution","article_modified_time":"2018-05-15T14:35:08+00:00","twitter_card":"summary_large_image","twitter_misc":{"Dur\u00e9e de lecture estim\u00e9e":"1 minute"},"schema":{"@context":"https:\/\/schema.org","@graph":[{"@type":"WebPage","@id":"https:\/\/www.kravolution.com\/fr\/instructors\/","url":"https:\/\/www.kravolution.com\/fr\/instructors\/","name":"Instructeurs - KRAVolution","isPartOf":{"@id":"https:\/\/www.kravolution.com\/fr\/#website"},"datePublished":"2016-12-14T08:34:00+00:00","dateModified":"2018-05-15T14:35:08+00:00","description":"Our certified Instructors consists of experienced combat athletes, professional soldiers and police officers who has fun in teaching other people.","breadcrumb":{"@id":"https:\/\/www.kravolution.com\/fr\/instructors\/#breadcrumb"},"inLanguage":"fr-FR","potentialAction":[{"@type":"ReadAction","target":["https:\/\/www.kravolution.com\/fr\/instructors\/"]}]},{"@type":"BreadcrumbList","@id":"https:\/\/www.kravolution.com\/fr\/instructors\/#breadcrumb","itemListElement":[{"@type":"ListItem","position":1,"name":"Home","item":"https:\/\/www.kravolution.com\/fr\/"},{"@type":"ListItem","position":2,"name":"Instructeurs"}]},{"@type":"WebSite","@id":"https:\/\/www.kravolution.com\/fr\/#website","url":"https:\/\/www.kravolution.com\/fr\/","name":"KRAVolution","description":"Krav Maga modern israeli selfdefense system","potentialAction":[{"@type":"SearchAction","target":{"@type":"EntryPoint","urlTemplate":"https:\/\/www.kravolution.com\/fr\/?s={search_term_string}"},"query-input":"required name=search_term_string"}],"inLanguage":"fr-FR"}]}},"_links":{"self":[{"href":"https:\/\/www.kravolution.com\/fr\/wp-json\/wp\/v2\/pages\/3169"}],"collection":[{"href":"https:\/\/www.kravolution.com\/fr\/wp-json\/wp\/v2\/pages"}],"about":[{"href":"https:\/\/www.kravolution.com\/fr\/wp-json\/wp\/v2\/types\/page"}],"author":[{"embeddable":true,"href":"https:\/\/www.kravolution.com\/fr\/wp-json\/wp\/v2\/users\/7"}],"replies":[{"embeddable":true,"href":"https:\/\/www.kravolution.com\/fr\/wp-json\/wp\/v2\/comments?post=3169"}],"version-history":[{"count":5,"href":"https:\/\/www.kravolution.com\/fr\/wp-json\/wp\/v2\/pages\/3169\/revisions"}],"predecessor-version":[{"id":4581,"href":"https:\/\/www.kravolution.com\/fr\/wp-json\/wp\/v2\/pages\/3169\/revisions\/4581"}],"wp:attachment":[{"href":"https:\/\/www.kravolution.com\/fr\/wp-json\/wp\/v2\/media?parent=3169"}],"curies":[{"name":"wp","href":"https:\/\/api.w.org\/{rel}","templated":true}]}}