{"id":3155,"date":"2016-12-02T16:20:57","date_gmt":"2016-12-02T15:20:57","guid":{"rendered":"https:\/\/wwwv2.kravolution.com\/organisation\/"},"modified":"2018-05-15T14:03:27","modified_gmt":"2018-05-15T12:03:27","slug":"organisation","status":"publish","type":"page","link":"https:\/\/www.kravolution.com\/fr\/organisation\/","title":{"rendered":"Notre mission"},"content":{"rendered":"<h1>Notre mission<\/h1>\n<p>&nbsp;<\/p>\n<p><img decoding=\"async\" loading=\"lazy\" class=\"aligncenter size-full wp-image-1704\" src=\"https:\/\/www.kravolution.com\/wp-content\/uploads\/2016\/12\/header-ourmisson.jpg\" alt=\"\" width=\"1135\" height=\"375\" srcset=\"https:\/\/www.kravolution.com\/wp-content\/uploads\/2016\/12\/header-ourmisson.jpg 1135w, https:\/\/www.kravolution.com\/wp-content\/uploads\/2016\/12\/header-ourmisson-300x99.jpg 300w, https:\/\/www.kravolution.com\/wp-content\/uploads\/2016\/12\/header-ourmisson-768x254.jpg 768w, https:\/\/www.kravolution.com\/wp-content\/uploads\/2016\/12\/header-ourmisson-1024x338.jpg 1024w\" sizes=\"(max-width: 1135px) 100vw, 1135px\" \/><\/p>\n<p>Chaque jour nous offrons \u00e0 des personnes la possibilit\u00e9 de se d\u00e9fendre eux-m\u00eames. Personne ne devrait \u00eatre menac\u00e9 ou attaqu\u00e9, aucune femme ne devrait \u00eatre attaqu\u00e9e ou viol\u00e9e, aucun enfant ne devrait \u00eatre enlev\u00e9 ou harcel\u00e9. Nous mettons au point une formation pouss\u00e9e, pour des environnements ou des situations sp\u00e9cifiques qui sont adapt\u00e9s aux besoins des unit\u00e9s militaires sp\u00e9ciales tout comme \u00e0 ceux des services publics et des forces de l&rsquo;ordre.<\/p>\n<p><span class=\"highlight\" style=\"font-weight: 350; font-size: 130%;\">Nous sommes des combattants et non pas des techniciens. Nous sommes KRAVolution.<br \/>\n<\/span><\/p>\n<p>Depuis sa cr\u00e9ation, Krav Maga a \u00e9t\u00e9 cr\u00e9\u00e9 selon d&rsquo;une n\u00e9cessit\u00e9: trouver une solution au probl\u00e8me de la violence. Sur la base des r\u00e9flexes naturels, il suit des principes tr\u00e8s clairs qui sont motiv\u00e9s par l\u2019instinct de combativit\u00e9. C\u2019est vraiment simple. Ici, chez KRAVolution, nous nous concentrons sur le fait de faire de nos membres les meilleurs combattants possible. Nous nous concentrons sur les principes dont ils ont besoin pour surmonter des sc\u00e9narios de violence. Nous les aidons aussi \u00e0 d\u00e9velopper l\u2019agression n\u00e9cessaire pour gagner le combat car en fin de compte, c\u2019est le seul moyen pour qu\u2019une d\u2019autod\u00e9fense r\u00e9aliste puisse fonctionner. Les techniques sont les outils dont nos membres ont besoin pour r\u00e9soudre ces probl\u00e8mes\u2026c\u2019est cela l\u2019entra\u00eenement. Il faut que ce soit clair\u00a0: nous formons des combattants qui maitrisent des techniques et non pas des techniciens qui combattent\u00a0!<\/p>\n<p>Ce n\u2019est pas un grand Ma\u00eetre unique qui d\u00e9cide seul des m\u00e9thodes ou du programme de formation. La d\u00e9cision, comment le syst\u00e8me peut \u00eatre d\u00e9velopp\u00e9 en permanence est prise par l\u2019\u00e9quipe des instructeurs KRAVolution. Le syst\u00e8me est test\u00e9 en permanence par des experts du monde entier, contr\u00f4l\u00e9 et compl\u00e9t\u00e9 par les nouveaux acquis et les connaissances de ses utilisateurs professionnels.<\/p>\n<p><span class=\"highlight\" style=\"font-weight: 350; font-size: 130%;\">Les points de contr\u00f4le\u00a0:<br \/>\n<\/span><\/p>\n<ul>\n<li>Nous enseignons un syst\u00e8me d\u2019autod\u00e9fense effective \u00e0 des gens ordinaires.<\/li>\n<li>Nous enseignons du Krav Maga adapt\u00e9 sur mesure \u00e0 des organismes sp\u00e9cialis\u00e9s.<\/li>\n<li>Nous transformons des \u00e9l\u00e8ves aux combattants.<\/li>\n<li>Nous guidons des instructeurs \u00e0 devenir des enseignants.<\/li>\n<li>Nous nous concentrons sur les principes et non pas sur les techniques.<\/li>\n<li>Nous nous concentrons sur nos \u00e9l\u00e8ves et nos moniteurs et non pas seulement sur nous-m\u00eames.<\/li>\n<li>Nous estimons notre succ\u00e8s selon le succ\u00e8s de nos \u00e9l\u00e8ves et de nos \u00e9coles.<\/li>\n<li>Nous avons une condition indispensable : ce que l\u2019on fait doit plaire.<\/li>\n<li>Nous faisons de notre mieux pour \u00e9liminer les barri\u00e8res qui emp\u00eachent l\u2019\u00e9volution du Krav Maga.<\/li>\n<\/ul>\n<p>&nbsp;<\/p>\n<hr \/>\n<p><span class=\"highlight\" style=\"font-weight: 350; font-size: 130%;\">Des questions? Faites-le nous savoir!<\/span><br \/>\n<a href=\"https:\/\/www.kravolution.com\/contact\/\"><strong>Contact<\/strong><\/a><\/p>\n","protected":false},"excerpt":{"rendered":"Notre mission &nbsp; Chaque jour nous offrons \u00e0 des personnes la possibilit\u00e9 de se d\u00e9fendre eux-m\u00eames. Personne ne devrait \u00eatre [&hellip;]","protected":false},"author":7,"featured_media":0,"parent":0,"menu_order":0,"comment_status":"closed","ping_status":"closed","template":"","meta":{"_et_pb_use_builder":"","_et_pb_old_content":"","_et_gb_content_width":"","_mi_skip_tracking":false},"acf":[],"yoast_head":"<!-- This site is optimized with the Yoast SEO plugin v19.13 - https:\/\/yoast.com\/wordpress\/plugins\/seo\/ -->\n<title>Notre mission - KRAVolution<\/title>\n<meta name=\"description\" content=\"We enable everyday people to defend themselves. We develop in-depth training for bespoke environments from specialist military units to law enforcement.\" \/>\n<meta name=\"robots\" content=\"index, follow, max-snippet:-1, max-image-preview:large, max-video-preview:-1\" \/>\n<link rel=\"canonical\" href=\"https:\/\/www.kravolution.com\/fr\/organisation\/\" \/>\n<meta property=\"og:locale\" content=\"fr_FR\" \/>\n<meta property=\"og:type\" content=\"article\" \/>\n<meta property=\"og:title\" content=\"Notre mission - KRAVolution\" \/>\n<meta property=\"og:description\" content=\"We enable everyday people to defend themselves. We develop in-depth training for bespoke environments from specialist military units to law enforcement.\" \/>\n<meta property=\"og:url\" content=\"https:\/\/www.kravolution.com\/fr\/organisation\/\" \/>\n<meta property=\"og:site_name\" content=\"KRAVolution\" \/>\n<meta property=\"article:modified_time\" content=\"2018-05-15T12:03:27+00:00\" \/>\n<meta property=\"og:image\" content=\"https:\/\/www.kravolution.com\/wp-content\/uploads\/2016\/12\/header-ourmisson.jpg\" \/>\n<meta name=\"twitter:card\" content=\"summary_large_image\" \/>\n<meta name=\"twitter:label1\" content=\"Dur\u00e9e de lecture estim\u00e9e\" \/>\n\t<meta name=\"twitter:data1\" content=\"2 minutes\" \/>\n<script type=\"application\/ld+json\" class=\"yoast-schema-graph\">{\"@context\":\"https:\/\/schema.org\",\"@graph\":[{\"@type\":\"WebPage\",\"@id\":\"https:\/\/www.kravolution.com\/fr\/organisation\/\",\"url\":\"https:\/\/www.kravolution.com\/fr\/organisation\/\",\"name\":\"Notre mission - KRAVolution\",\"isPartOf\":{\"@id\":\"https:\/\/www.kravolution.com\/fr\/#website\"},\"datePublished\":\"2016-12-02T15:20:57+00:00\",\"dateModified\":\"2018-05-15T12:03:27+00:00\",\"description\":\"We enable everyday people to defend themselves. We develop in-depth training for bespoke environments from specialist military units to law enforcement.\",\"breadcrumb\":{\"@id\":\"https:\/\/www.kravolution.com\/fr\/organisation\/#breadcrumb\"},\"inLanguage\":\"fr-FR\",\"potentialAction\":[{\"@type\":\"ReadAction\",\"target\":[\"https:\/\/www.kravolution.com\/fr\/organisation\/\"]}]},{\"@type\":\"BreadcrumbList\",\"@id\":\"https:\/\/www.kravolution.com\/fr\/organisation\/#breadcrumb\",\"itemListElement\":[{\"@type\":\"ListItem\",\"position\":1,\"name\":\"Home\",\"item\":\"https:\/\/www.kravolution.com\/fr\/\"},{\"@type\":\"ListItem\",\"position\":2,\"name\":\"Notre mission\"}]},{\"@type\":\"WebSite\",\"@id\":\"https:\/\/www.kravolution.com\/fr\/#website\",\"url\":\"https:\/\/www.kravolution.com\/fr\/\",\"name\":\"KRAVolution\",\"description\":\"Krav Maga modern israeli selfdefense system\",\"potentialAction\":[{\"@type\":\"SearchAction\",\"target\":{\"@type\":\"EntryPoint\",\"urlTemplate\":\"https:\/\/www.kravolution.com\/fr\/?s={search_term_string}\"},\"query-input\":\"required name=search_term_string\"}],\"inLanguage\":\"fr-FR\"}]}<\/script>\n<!-- \/ Yoast SEO plugin. -->","yoast_head_json":{"title":"Notre mission - KRAVolution","description":"We enable everyday people to defend themselves. We develop in-depth training for bespoke environments from specialist military units to law enforcement.","robots":{"index":"index","follow":"follow","max-snippet":"max-snippet:-1","max-image-preview":"max-image-preview:large","max-video-preview":"max-video-preview:-1"},"canonical":"https:\/\/www.kravolution.com\/fr\/organisation\/","og_locale":"fr_FR","og_type":"article","og_title":"Notre mission - KRAVolution","og_description":"We enable everyday people to defend themselves. We develop in-depth training for bespoke environments from specialist military units to law enforcement.","og_url":"https:\/\/www.kravolution.com\/fr\/organisation\/","og_site_name":"KRAVolution","article_modified_time":"2018-05-15T12:03:27+00:00","og_image":[{"url":"https:\/\/www.kravolution.com\/wp-content\/uploads\/2016\/12\/header-ourmisson.jpg"}],"twitter_card":"summary_large_image","twitter_misc":{"Dur\u00e9e de lecture estim\u00e9e":"2 minutes"},"schema":{"@context":"https:\/\/schema.org","@graph":[{"@type":"WebPage","@id":"https:\/\/www.kravolution.com\/fr\/organisation\/","url":"https:\/\/www.kravolution.com\/fr\/organisation\/","name":"Notre mission - KRAVolution","isPartOf":{"@id":"https:\/\/www.kravolution.com\/fr\/#website"},"datePublished":"2016-12-02T15:20:57+00:00","dateModified":"2018-05-15T12:03:27+00:00","description":"We enable everyday people to defend themselves. We develop in-depth training for bespoke environments from specialist military units to law enforcement.","breadcrumb":{"@id":"https:\/\/www.kravolution.com\/fr\/organisation\/#breadcrumb"},"inLanguage":"fr-FR","potentialAction":[{"@type":"ReadAction","target":["https:\/\/www.kravolution.com\/fr\/organisation\/"]}]},{"@type":"BreadcrumbList","@id":"https:\/\/www.kravolution.com\/fr\/organisation\/#breadcrumb","itemListElement":[{"@type":"ListItem","position":1,"name":"Home","item":"https:\/\/www.kravolution.com\/fr\/"},{"@type":"ListItem","position":2,"name":"Notre mission"}]},{"@type":"WebSite","@id":"https:\/\/www.kravolution.com\/fr\/#website","url":"https:\/\/www.kravolution.com\/fr\/","name":"KRAVolution","description":"Krav Maga modern israeli selfdefense system","potentialAction":[{"@type":"SearchAction","target":{"@type":"EntryPoint","urlTemplate":"https:\/\/www.kravolution.com\/fr\/?s={search_term_string}"},"query-input":"required name=search_term_string"}],"inLanguage":"fr-FR"}]}},"_links":{"self":[{"href":"https:\/\/www.kravolution.com\/fr\/wp-json\/wp\/v2\/pages\/3155"}],"collection":[{"href":"https:\/\/www.kravolution.com\/fr\/wp-json\/wp\/v2\/pages"}],"about":[{"href":"https:\/\/www.kravolution.com\/fr\/wp-json\/wp\/v2\/types\/page"}],"author":[{"embeddable":true,"href":"https:\/\/www.kravolution.com\/fr\/wp-json\/wp\/v2\/users\/7"}],"replies":[{"embeddable":true,"href":"https:\/\/www.kravolution.com\/fr\/wp-json\/wp\/v2\/comments?post=3155"}],"version-history":[{"count":5,"href":"https:\/\/www.kravolution.com\/fr\/wp-json\/wp\/v2\/pages\/3155\/revisions"}],"predecessor-version":[{"id":4535,"href":"https:\/\/www.kravolution.com\/fr\/wp-json\/wp\/v2\/pages\/3155\/revisions\/4535"}],"wp:attachment":[{"href":"https:\/\/www.kravolution.com\/fr\/wp-json\/wp\/v2\/media?parent=3155"}],"curies":[{"name":"wp","href":"https:\/\/api.w.org\/{rel}","templated":true}]}}