{"id":29525,"date":"2022-06-30T13:09:46","date_gmt":"2022-06-30T11:09:46","guid":{"rendered":"https:\/\/www.kravolution.com\/?page_id=29525"},"modified":"2022-06-30T17:53:30","modified_gmt":"2022-06-30T15:53:30","slug":"resiliation-de-contrat-en-ligne","status":"publish","type":"page","link":"https:\/\/www.kravolution.com\/fr\/resiliation-de-contrat-en-ligne\/","title":{"rendered":"R\u00e9siliation de contrat en ligne"},"content":{"rendered":"<h1 style=\"text-align: center;\">Votre demande d&rsquo;annulation<\/h1>\n<p style=\"text-align: center;\">Veuillez saisir les donn\u00e9es requises pour que votre demande d&rsquo;annulation puisse \u00eatre trait\u00e9e.<\/p>\n<p style=\"text-align: center;\"><div class=\"wpcf7 no-js\" id=\"wpcf7-f29527-o1\" lang=\"en-US\" dir=\"ltr\">\n<div class=\"screen-reader-response\"><p role=\"status\" aria-live=\"polite\" aria-atomic=\"true\"><\/p> <ul><\/ul><\/div>\n<form action=\"\/fr\/wp-json\/wp\/v2\/pages\/29525#wpcf7-f29527-o1\" method=\"post\" class=\"wpcf7-form init\" aria-label=\"Contact form\" novalidate=\"novalidate\" data-status=\"init\">\n<div style=\"display: none;\">\n<input type=\"hidden\" name=\"_wpcf7\" value=\"29527\" \/>\n<input type=\"hidden\" name=\"_wpcf7_version\" value=\"5.7.2\" \/>\n<input type=\"hidden\" name=\"_wpcf7_locale\" value=\"en_US\" \/>\n<input type=\"hidden\" name=\"_wpcf7_unit_tag\" value=\"wpcf7-f29527-o1\" \/>\n<input type=\"hidden\" name=\"_wpcf7_container_post\" value=\"0\" \/>\n<input type=\"hidden\" name=\"_wpcf7_posted_data_hash\" value=\"\" \/>\n<\/div>\n<div class=\"row\" style=\"max-width:500px;margin:0 auto\">\n  <div class=\"col-xs-12\">\n    <label for=\"memberId\">Num\u00e9ro de membre<sup style=\"color:red\">*<\/sup><\/label>\n    <div class=\"form-group memberId\"><input class=\"wpcf7-form-control wpcf7-number wpcf7-validates-as-required wpcf7-validates-as-number form-control\" id=\"memberId\" name=\"memberId\" type=\"number\" value=\"\" min=\"\" max=\"\" step=\"\" aria-invalid=\"false\" aria-required=\"true\" required><\/div>\n  <\/div>\n  <div class=\"col-xs-12\">\n    <label for=\"memberName\">Pr\u00e9nom et nom de famille<sup style=\"color:red\">*<\/sup><\/label>\n    <div class=\"form-group memberName\"><input class=\"wpcf7-form-control wpcf7-text wpcf7-validates-as-required form-control\" id=\"memberName\" name=\"memberName\" type=\"text\" value=\"\" aria-invalid=\"false\" aria-required=\"true\" required><\/div>\n  <\/div>\n  <div class=\"col-xs-12\">\n    <label for=\"memberEMail\">Adresse \u00e9lectronique<sup style=\"color:red\">*<\/sup><\/label>\n    <div class=\"form-group memberEMail\"><input class=\"wpcf7-form-control wpcf7-text wpcf7-email wpcf7-validates-as-required wpcf7-validates-as-email form-control\" id=\"memberEMail\" name=\"memberEMail\" type=\"email\" value=\"\" aria-invalid=\"false\" aria-required=\"true\" required><\/div>\n  <\/div>\n  <div class=\"col-xs-12\">\n    <label for=\"cancelReason\">Motif du licenciement<sup style=\"color:red\">*<\/sup><\/label>\n    <div class=\"form-group reason\"><input class=\"wpcf7-form-control wpcf7-text wpcf7-validates-as-required form-control\" id=\"cancelReason\" name=\"reason\" type=\"text\" value=\"\" aria-invalid=\"false\" aria-required=\"true\" required><\/div>\n  <\/div>\n  <div class=\"col-xs-12\">\n    <label for=\"date\">Date de r\u00e9siliation<\/label>\n    <div class=\"form-group date\"><input class=\"wpcf7-form-control wpcf7-date wpcf7-validates-as-date form-control\" id=\"date\" name=\"date\" type=\"date\" value=\"\" min=\"\" max=\"\" step=\"\" aria-invalid=\"false\"><\/div>\n    <small>Si aucune date de fin n'est sp\u00e9cifi\u00e9e, la prochaine date possible s'applique.<\/small>\n  <\/div>\n  <div class=\"col-xs-12\">\n    <center style=\"margin-top:15px\"><div class=\"form-group\"><div><input class=\"wpcf7-form-control wpcf7-submit btn btn-primary\" type=\"submit\" value=\"R\u00e9silier Membership maintenant\"><\/div><\/div><\/center>\n  <\/div>\n<\/div><div class=\"wpcf7-response-output alert alert-warning\"><\/div><\/form><\/div><\/p>\n","protected":false},"excerpt":{"rendered":"Votre demande d&rsquo;annulation Veuillez saisir les donn\u00e9es requises pour que votre demande d&rsquo;annulation puisse \u00eatre trait\u00e9e.","protected":false},"author":166,"featured_media":0,"parent":0,"menu_order":0,"comment_status":"closed","ping_status":"closed","template":"","meta":{"_et_pb_use_builder":"","_et_pb_old_content":"","_et_gb_content_width":"","_mi_skip_tracking":false},"acf":[],"yoast_head":"<!-- This site is optimized with the Yoast SEO plugin v19.13 - https:\/\/yoast.com\/wordpress\/plugins\/seo\/ -->\n<title>R\u00e9siliation de contrat en ligne - KRAVolution<\/title>\n<meta name=\"description\" content=\"Votre demande d&#039;annulation Veuillez saisir les donn\u00e9es requises pour que votre demande d&#039;annulation puisse \u00eatre trait\u00e9e.\" \/>\n<meta name=\"robots\" content=\"index, follow, max-snippet:-1, max-image-preview:large, max-video-preview:-1\" \/>\n<link rel=\"canonical\" href=\"https:\/\/www.kravolution.com\/fr\/resiliation-de-contrat-en-ligne\/\" \/>\n<meta property=\"og:locale\" content=\"fr_FR\" \/>\n<meta property=\"og:type\" content=\"article\" \/>\n<meta property=\"og:title\" content=\"R\u00e9siliation de contrat en ligne - KRAVolution\" \/>\n<meta property=\"og:description\" content=\"Votre demande d&#039;annulation Veuillez saisir les donn\u00e9es requises pour que votre demande d&#039;annulation puisse \u00eatre trait\u00e9e.\" \/>\n<meta property=\"og:url\" content=\"https:\/\/www.kravolution.com\/fr\/resiliation-de-contrat-en-ligne\/\" \/>\n<meta property=\"og:site_name\" content=\"KRAVolution\" \/>\n<meta property=\"article:modified_time\" content=\"2022-06-30T15:53:30+00:00\" \/>\n<meta name=\"twitter:card\" content=\"summary_large_image\" \/>\n<script type=\"application\/ld+json\" class=\"yoast-schema-graph\">{\"@context\":\"https:\/\/schema.org\",\"@graph\":[{\"@type\":\"WebPage\",\"@id\":\"https:\/\/www.kravolution.com\/fr\/resiliation-de-contrat-en-ligne\/\",\"url\":\"https:\/\/www.kravolution.com\/fr\/resiliation-de-contrat-en-ligne\/\",\"name\":\"R\u00e9siliation de contrat en ligne - KRAVolution\",\"isPartOf\":{\"@id\":\"https:\/\/www.kravolution.com\/fr\/#website\"},\"datePublished\":\"2022-06-30T11:09:46+00:00\",\"dateModified\":\"2022-06-30T15:53:30+00:00\",\"description\":\"Votre demande d'annulation Veuillez saisir les donn\u00e9es requises pour que votre demande d'annulation puisse \u00eatre trait\u00e9e.\",\"breadcrumb\":{\"@id\":\"https:\/\/www.kravolution.com\/fr\/resiliation-de-contrat-en-ligne\/#breadcrumb\"},\"inLanguage\":\"fr-FR\",\"potentialAction\":[{\"@type\":\"ReadAction\",\"target\":[\"https:\/\/www.kravolution.com\/fr\/resiliation-de-contrat-en-ligne\/\"]}]},{\"@type\":\"BreadcrumbList\",\"@id\":\"https:\/\/www.kravolution.com\/fr\/resiliation-de-contrat-en-ligne\/#breadcrumb\",\"itemListElement\":[{\"@type\":\"ListItem\",\"position\":1,\"name\":\"Home\",\"item\":\"https:\/\/www.kravolution.com\/fr\/\"},{\"@type\":\"ListItem\",\"position\":2,\"name\":\"R\u00e9siliation de contrat en ligne\"}]},{\"@type\":\"WebSite\",\"@id\":\"https:\/\/www.kravolution.com\/fr\/#website\",\"url\":\"https:\/\/www.kravolution.com\/fr\/\",\"name\":\"KRAVolution\",\"description\":\"Krav Maga modern israeli selfdefense system\",\"potentialAction\":[{\"@type\":\"SearchAction\",\"target\":{\"@type\":\"EntryPoint\",\"urlTemplate\":\"https:\/\/www.kravolution.com\/fr\/?s={search_term_string}\"},\"query-input\":\"required name=search_term_string\"}],\"inLanguage\":\"fr-FR\"}]}<\/script>\n<!-- \/ Yoast SEO plugin. -->","yoast_head_json":{"title":"R\u00e9siliation de contrat en ligne - KRAVolution","description":"Votre demande d'annulation Veuillez saisir les donn\u00e9es requises pour que votre demande d'annulation puisse \u00eatre trait\u00e9e.","robots":{"index":"index","follow":"follow","max-snippet":"max-snippet:-1","max-image-preview":"max-image-preview:large","max-video-preview":"max-video-preview:-1"},"canonical":"https:\/\/www.kravolution.com\/fr\/resiliation-de-contrat-en-ligne\/","og_locale":"fr_FR","og_type":"article","og_title":"R\u00e9siliation de contrat en ligne - KRAVolution","og_description":"Votre demande d'annulation Veuillez saisir les donn\u00e9es requises pour que votre demande d'annulation puisse \u00eatre trait\u00e9e.","og_url":"https:\/\/www.kravolution.com\/fr\/resiliation-de-contrat-en-ligne\/","og_site_name":"KRAVolution","article_modified_time":"2022-06-30T15:53:30+00:00","twitter_card":"summary_large_image","schema":{"@context":"https:\/\/schema.org","@graph":[{"@type":"WebPage","@id":"https:\/\/www.kravolution.com\/fr\/resiliation-de-contrat-en-ligne\/","url":"https:\/\/www.kravolution.com\/fr\/resiliation-de-contrat-en-ligne\/","name":"R\u00e9siliation de contrat en ligne - KRAVolution","isPartOf":{"@id":"https:\/\/www.kravolution.com\/fr\/#website"},"datePublished":"2022-06-30T11:09:46+00:00","dateModified":"2022-06-30T15:53:30+00:00","description":"Votre demande d'annulation Veuillez saisir les donn\u00e9es requises pour que votre demande d'annulation puisse \u00eatre trait\u00e9e.","breadcrumb":{"@id":"https:\/\/www.kravolution.com\/fr\/resiliation-de-contrat-en-ligne\/#breadcrumb"},"inLanguage":"fr-FR","potentialAction":[{"@type":"ReadAction","target":["https:\/\/www.kravolution.com\/fr\/resiliation-de-contrat-en-ligne\/"]}]},{"@type":"BreadcrumbList","@id":"https:\/\/www.kravolution.com\/fr\/resiliation-de-contrat-en-ligne\/#breadcrumb","itemListElement":[{"@type":"ListItem","position":1,"name":"Home","item":"https:\/\/www.kravolution.com\/fr\/"},{"@type":"ListItem","position":2,"name":"R\u00e9siliation de contrat en ligne"}]},{"@type":"WebSite","@id":"https:\/\/www.kravolution.com\/fr\/#website","url":"https:\/\/www.kravolution.com\/fr\/","name":"KRAVolution","description":"Krav Maga modern israeli selfdefense system","potentialAction":[{"@type":"SearchAction","target":{"@type":"EntryPoint","urlTemplate":"https:\/\/www.kravolution.com\/fr\/?s={search_term_string}"},"query-input":"required name=search_term_string"}],"inLanguage":"fr-FR"}]}},"_links":{"self":[{"href":"https:\/\/www.kravolution.com\/fr\/wp-json\/wp\/v2\/pages\/29525"}],"collection":[{"href":"https:\/\/www.kravolution.com\/fr\/wp-json\/wp\/v2\/pages"}],"about":[{"href":"https:\/\/www.kravolution.com\/fr\/wp-json\/wp\/v2\/types\/page"}],"author":[{"embeddable":true,"href":"https:\/\/www.kravolution.com\/fr\/wp-json\/wp\/v2\/users\/166"}],"replies":[{"embeddable":true,"href":"https:\/\/www.kravolution.com\/fr\/wp-json\/wp\/v2\/comments?post=29525"}],"version-history":[{"count":2,"href":"https:\/\/www.kravolution.com\/fr\/wp-json\/wp\/v2\/pages\/29525\/revisions"}],"predecessor-version":[{"id":29528,"href":"https:\/\/www.kravolution.com\/fr\/wp-json\/wp\/v2\/pages\/29525\/revisions\/29528"}],"wp:attachment":[{"href":"https:\/\/www.kravolution.com\/fr\/wp-json\/wp\/v2\/media?parent=29525"}],"curies":[{"name":"wp","href":"https:\/\/api.w.org\/{rel}","templated":true}]}}