{"id":28122,"date":"2020-05-29T15:34:16","date_gmt":"2020-05-29T13:34:16","guid":{"rendered":"https:\/\/www.kravolution.com\/gewinnspiel-teilnahmebedingungen\/"},"modified":"2021-03-08T09:49:53","modified_gmt":"2021-03-08T08:49:53","slug":"tirage-au-sort-conditions-de-participation","status":"publish","type":"page","link":"https:\/\/www.kravolution.com\/fr\/tirage-au-sort-conditions-de-participation\/","title":{"rendered":"Tirage au sort &#8211; Conditions de participation"},"content":{"rendered":"<p><strong>Conditions de participation<\/strong><br \/>\n<strong>Conditions de participation au concours Facebook<\/strong><\/p>\n<p><em>Le concours dure jusqu&rsquo;au 21.06.2020 \u00e0 23h59.<\/em><\/p>\n<p>Un jeu complet de mat\u00e9riel de \u00ab\u00a0Krav-Maga\u00a0\u00bb sign\u00e9 sera tir\u00e9 au sort.<br \/>\nLa participation se fait via un commentaire et une indication \u00ab\u00a0J&rsquo;aime\u00a0\u00bb sur ce billet : LINK TO POST -Les commentaires multiples seront compt\u00e9s comme une seule entr\u00e9e.<br \/>\nLes commentaires qui enfreignent les directives de Facebook, la loi allemande et\/ou les droits d&rsquo;auteur seront supprim\u00e9s sans pr\u00e9avis. Le participant est donc exclu du prix.<br \/>\nLes personnes originaires d&rsquo;Allemagne et de la poste anglaise \u00e0 l&rsquo;\u00e9tranger peuvent participer.<br \/>\nLes gagnants seront d\u00e9termin\u00e9s au hasard apr\u00e8s la fin du concours.<br \/>\nLes gagnants seront inform\u00e9s via la fonction de commentaire du Facebook Post (PERSONNALEMENT INFORM\u00c9S PAR MESSAGE). Le gagnant doit r\u00e9pondre \u00e0 notre message priv\u00e9 de la page KMI de Facebook avec ses coordonn\u00e9es dans les 5 jours ouvrables. Si un gagnant ne nous contacte pas dans ce d\u00e9lai, le set de Krav-Maga sera \u00e0 nouveau tir\u00e9 au sort parmi tous les participants.<br \/>\nTous les noms des participants sur Facebook seront enregistr\u00e9s et stock\u00e9s afin de d\u00e9terminer le prix. Toutes les donn\u00e9es seront supprim\u00e9es au plus tard 30 jours apr\u00e8s la fin du tirage au sort, mais les commentaires sur Facebook resteront et pourront toujours \u00eatre consult\u00e9s publiquement. Les donn\u00e9es d&rsquo;adresse ne seront collect\u00e9es qu&rsquo;aupr\u00e8s des gagnants et ne seront utilis\u00e9es que pour l&rsquo;envoi du prix. Les participants b\u00e9n\u00e9ficient de droits l\u00e9gaux d&rsquo;information, de modification et de r\u00e9vocation.<br \/>\nLe concours n&rsquo;est ni sponsoris\u00e9 ni soutenu par Facebook.<\/p>\n<p>_____<\/p>\n<p><strong>Politique de confidentialit\u00e9 pour les concours sur Facebook<\/strong><\/p>\n<p>Informations g\u00e9n\u00e9rales sur la protection des donn\u00e9es concernant nos concours sur Facebook<\/p>\n<p>Si vous participez \u00e0 l&rsquo;un de nos concours sur Facebook, vous acceptez le traitement des donn\u00e9es au sens de la pr\u00e9sente d\u00e9claration.<\/p>\n<p>Lorsque vous participez \u00e0 un concours sur Facebook, nous traitons g\u00e9n\u00e9ralement les donn\u00e9es suivantes :<\/p>\n<p>Informations publiques sur le profil Facebook, y compris le nom de l&rsquo;utilisateur<br \/>\nCommentaire soumis sur Facebook (texte et image)<\/p>\n<p>Finalit\u00e9 du traitement des donn\u00e9es<\/p>\n<p>Le traitement des donn\u00e9es a pour but de mener \u00e0 bien le concours. D&rsquo;une part, pour v\u00e9rifier l&rsquo;\u00e9ligibilit\u00e9 \u00e0 la participation, d&rsquo;autre part, pour d\u00e9terminer les gagnants. La participation au concours n&rsquo;est possible que si vous nous fournissez les donn\u00e9es susmentionn\u00e9es, sinon il ne sera pas possible de vous contacter dans le cadre d&rsquo;une notification de prix.<\/p>\n<p>Le(s) gagnant(s) sera (seront) inform\u00e9(s) par le biais d&rsquo;un message personnel sur Facebook et, le cas \u00e9ch\u00e9ant, annonc\u00e9 publiquement sur Facebook en relation avec le concours.<\/p>\n<p>Nous demandons aux gagnants les donn\u00e9es suivantes dans le cadre du concours :<\/p>\n<p>Nom, pr\u00e9nom et adresse<br \/>\nl&rsquo;adresse \u00e9lectronique, le cas \u00e9ch\u00e9ant<\/p>\n<p>Les donn\u00e9es personnelles fournies par les participants dans le cadre du concours seront collect\u00e9es, stock\u00e9es, utilis\u00e9es et transmises \u00e0 un prestataire de services d&rsquo;exp\u00e9dition pour l&rsquo;ex\u00e9cution et le traitement du concours et pour la remise des prix. Dans certains cas, le prix sera \u00e9galement envoy\u00e9 par courrier \u00e9lectronique, par exemple s&rsquo;il s&rsquo;agit de bons d&rsquo;achat.<\/p>\n<p>Nous traitons vos donn\u00e9es dans le cadre de concours uniquement aux fins mentionn\u00e9es, sauf si vous nous avez express\u00e9ment donn\u00e9 votre consentement pour une autre finalit\u00e9 dans le cadre du concours.<\/p>\n<p>Autres destinataires de vos donn\u00e9es Dans certains cas, nous chargeons des sous-traitants de d\u00e9terminer le prix ou de mener \u00e0 bien le concours. Sinon, nous ne transmettrons jamais vos donn\u00e9es \u00e0 des tiers non autoris\u00e9s sans votre consentement explicite.<\/p>\n<p>Base juridique du traitement des donn\u00e9es Si vous participez \u00e0 l&rsquo;un de nos concours sur Facebook, vous acceptez le traitement des donn\u00e9es aux fins mentionn\u00e9es. Le traitement des donn\u00e9es est donc bas\u00e9 sur votre consentement (art. 6 al. 1 lit. a DSGVO). Une autre base juridique pour le traitement des donn\u00e9es personnelles est l&rsquo;ex\u00e9cution d&rsquo;une obligation (art. 6 al. 1 lit. b ODASP).<\/p>\n<p>Dur\u00e9e de conservation Nous supprimons les donn\u00e9es collect\u00e9es dans le cadre du concours au plus tard trois semaines apr\u00e8s la fin du concours (d\u00e9termination du prix). En raison des d\u00e9lais de conservation l\u00e9gaux, nous devons conserver les donn\u00e9es des gagnants jusqu&rsquo;\u00e0 leur expiration.<\/p>\n<p>Organisme responsable<\/p>\n<p><strong>Kravolution AG\u00a0<\/strong><br \/>\nHauptstrasse 43<br \/>\nCH-4417 Ziefen<br \/>\nE-Mail: <a href=\"mailto:info@kravolution.com\">info@kravolution.com<\/a><\/p>\n","protected":false},"excerpt":{"rendered":"Conditions de participation Conditions de participation au concours Facebook Le concours dure jusqu&rsquo;au 21.06.2020 \u00e0 23h59. Un jeu complet de [&hellip;]","protected":false},"author":24,"featured_media":0,"parent":0,"menu_order":0,"comment_status":"closed","ping_status":"closed","template":"","meta":{"_et_pb_use_builder":"","_et_pb_old_content":"","_et_gb_content_width":"","_mi_skip_tracking":false},"acf":[],"yoast_head":"<!-- This site is optimized with the Yoast SEO plugin v19.13 - https:\/\/yoast.com\/wordpress\/plugins\/seo\/ -->\n<title>Tirage au sort - Conditions de participation - KRAVolution<\/title>\n<meta name=\"description\" content=\"Conditions de participation Conditions de participation au concours Facebook Le concours dure jusqu&#039;au 21.06.2020 \u00e0 23h59. Un jeu complet de mat\u00e9riel de\" \/>\n<meta name=\"robots\" content=\"index, follow, max-snippet:-1, max-image-preview:large, max-video-preview:-1\" \/>\n<link rel=\"canonical\" href=\"https:\/\/www.kravolution.com\/fr\/tirage-au-sort-conditions-de-participation\/\" \/>\n<meta property=\"og:locale\" content=\"fr_FR\" \/>\n<meta property=\"og:type\" content=\"article\" \/>\n<meta property=\"og:title\" content=\"Tirage au sort - Conditions de participation - KRAVolution\" \/>\n<meta property=\"og:description\" content=\"Conditions de participation Conditions de participation au concours Facebook Le concours dure jusqu&#039;au 21.06.2020 \u00e0 23h59. Un jeu complet de mat\u00e9riel de\" \/>\n<meta property=\"og:url\" content=\"https:\/\/www.kravolution.com\/fr\/tirage-au-sort-conditions-de-participation\/\" \/>\n<meta property=\"og:site_name\" content=\"KRAVolution\" \/>\n<meta property=\"article:modified_time\" content=\"2021-03-08T08:49:53+00:00\" \/>\n<meta name=\"twitter:card\" content=\"summary_large_image\" \/>\n<meta name=\"twitter:label1\" content=\"Dur\u00e9e de lecture estim\u00e9e\" \/>\n\t<meta name=\"twitter:data1\" content=\"4 minutes\" \/>\n<script type=\"application\/ld+json\" class=\"yoast-schema-graph\">{\"@context\":\"https:\/\/schema.org\",\"@graph\":[{\"@type\":\"WebPage\",\"@id\":\"https:\/\/www.kravolution.com\/fr\/tirage-au-sort-conditions-de-participation\/\",\"url\":\"https:\/\/www.kravolution.com\/fr\/tirage-au-sort-conditions-de-participation\/\",\"name\":\"Tirage au sort - Conditions de participation - KRAVolution\",\"isPartOf\":{\"@id\":\"https:\/\/www.kravolution.com\/fr\/#website\"},\"datePublished\":\"2020-05-29T13:34:16+00:00\",\"dateModified\":\"2021-03-08T08:49:53+00:00\",\"description\":\"Conditions de participation Conditions de participation au concours Facebook Le concours dure jusqu'au 21.06.2020 \u00e0 23h59. Un jeu complet de mat\u00e9riel de\",\"breadcrumb\":{\"@id\":\"https:\/\/www.kravolution.com\/fr\/tirage-au-sort-conditions-de-participation\/#breadcrumb\"},\"inLanguage\":\"fr-FR\",\"potentialAction\":[{\"@type\":\"ReadAction\",\"target\":[\"https:\/\/www.kravolution.com\/fr\/tirage-au-sort-conditions-de-participation\/\"]}]},{\"@type\":\"BreadcrumbList\",\"@id\":\"https:\/\/www.kravolution.com\/fr\/tirage-au-sort-conditions-de-participation\/#breadcrumb\",\"itemListElement\":[{\"@type\":\"ListItem\",\"position\":1,\"name\":\"Home\",\"item\":\"https:\/\/www.kravolution.com\/fr\/\"},{\"@type\":\"ListItem\",\"position\":2,\"name\":\"Tirage au sort &#8211; Conditions de participation\"}]},{\"@type\":\"WebSite\",\"@id\":\"https:\/\/www.kravolution.com\/fr\/#website\",\"url\":\"https:\/\/www.kravolution.com\/fr\/\",\"name\":\"KRAVolution\",\"description\":\"Krav Maga modern israeli selfdefense system\",\"potentialAction\":[{\"@type\":\"SearchAction\",\"target\":{\"@type\":\"EntryPoint\",\"urlTemplate\":\"https:\/\/www.kravolution.com\/fr\/?s={search_term_string}\"},\"query-input\":\"required name=search_term_string\"}],\"inLanguage\":\"fr-FR\"}]}<\/script>\n<!-- \/ Yoast SEO plugin. -->","yoast_head_json":{"title":"Tirage au sort - Conditions de participation - KRAVolution","description":"Conditions de participation Conditions de participation au concours Facebook Le concours dure jusqu'au 21.06.2020 \u00e0 23h59. Un jeu complet de mat\u00e9riel de","robots":{"index":"index","follow":"follow","max-snippet":"max-snippet:-1","max-image-preview":"max-image-preview:large","max-video-preview":"max-video-preview:-1"},"canonical":"https:\/\/www.kravolution.com\/fr\/tirage-au-sort-conditions-de-participation\/","og_locale":"fr_FR","og_type":"article","og_title":"Tirage au sort - Conditions de participation - KRAVolution","og_description":"Conditions de participation Conditions de participation au concours Facebook Le concours dure jusqu'au 21.06.2020 \u00e0 23h59. Un jeu complet de mat\u00e9riel de","og_url":"https:\/\/www.kravolution.com\/fr\/tirage-au-sort-conditions-de-participation\/","og_site_name":"KRAVolution","article_modified_time":"2021-03-08T08:49:53+00:00","twitter_card":"summary_large_image","twitter_misc":{"Dur\u00e9e de lecture estim\u00e9e":"4 minutes"},"schema":{"@context":"https:\/\/schema.org","@graph":[{"@type":"WebPage","@id":"https:\/\/www.kravolution.com\/fr\/tirage-au-sort-conditions-de-participation\/","url":"https:\/\/www.kravolution.com\/fr\/tirage-au-sort-conditions-de-participation\/","name":"Tirage au sort - Conditions de participation - KRAVolution","isPartOf":{"@id":"https:\/\/www.kravolution.com\/fr\/#website"},"datePublished":"2020-05-29T13:34:16+00:00","dateModified":"2021-03-08T08:49:53+00:00","description":"Conditions de participation Conditions de participation au concours Facebook Le concours dure jusqu'au 21.06.2020 \u00e0 23h59. Un jeu complet de mat\u00e9riel de","breadcrumb":{"@id":"https:\/\/www.kravolution.com\/fr\/tirage-au-sort-conditions-de-participation\/#breadcrumb"},"inLanguage":"fr-FR","potentialAction":[{"@type":"ReadAction","target":["https:\/\/www.kravolution.com\/fr\/tirage-au-sort-conditions-de-participation\/"]}]},{"@type":"BreadcrumbList","@id":"https:\/\/www.kravolution.com\/fr\/tirage-au-sort-conditions-de-participation\/#breadcrumb","itemListElement":[{"@type":"ListItem","position":1,"name":"Home","item":"https:\/\/www.kravolution.com\/fr\/"},{"@type":"ListItem","position":2,"name":"Tirage au sort &#8211; Conditions de participation"}]},{"@type":"WebSite","@id":"https:\/\/www.kravolution.com\/fr\/#website","url":"https:\/\/www.kravolution.com\/fr\/","name":"KRAVolution","description":"Krav Maga modern israeli selfdefense system","potentialAction":[{"@type":"SearchAction","target":{"@type":"EntryPoint","urlTemplate":"https:\/\/www.kravolution.com\/fr\/?s={search_term_string}"},"query-input":"required name=search_term_string"}],"inLanguage":"fr-FR"}]}},"_links":{"self":[{"href":"https:\/\/www.kravolution.com\/fr\/wp-json\/wp\/v2\/pages\/28122"}],"collection":[{"href":"https:\/\/www.kravolution.com\/fr\/wp-json\/wp\/v2\/pages"}],"about":[{"href":"https:\/\/www.kravolution.com\/fr\/wp-json\/wp\/v2\/types\/page"}],"author":[{"embeddable":true,"href":"https:\/\/www.kravolution.com\/fr\/wp-json\/wp\/v2\/users\/24"}],"replies":[{"embeddable":true,"href":"https:\/\/www.kravolution.com\/fr\/wp-json\/wp\/v2\/comments?post=28122"}],"version-history":[{"count":4,"href":"https:\/\/www.kravolution.com\/fr\/wp-json\/wp\/v2\/pages\/28122\/revisions"}],"predecessor-version":[{"id":29150,"href":"https:\/\/www.kravolution.com\/fr\/wp-json\/wp\/v2\/pages\/28122\/revisions\/29150"}],"wp:attachment":[{"href":"https:\/\/www.kravolution.com\/fr\/wp-json\/wp\/v2\/media?parent=28122"}],"curies":[{"name":"wp","href":"https:\/\/api.w.org\/{rel}","templated":true}]}}