{"id":4162,"date":"2017-10-16T13:24:14","date_gmt":"2017-10-16T11:24:14","guid":{"rendered":"https:\/\/wwwv2.kravolution.com\/schools\/sankt-augustin\/"},"modified":"2018-05-30T11:37:55","modified_gmt":"2018-05-30T09:37:55","slug":"sankt-augustin","status":"publish","type":"page","link":"https:\/\/www.kravolution.com\/de\/schools\/sankt-augustin\/","title":{"rendered":"Sankt Augustin"},"content":{"rendered":"<p>Sankt Augustin ist eine Stadt im nordrheinwestph\u00e4lischen Rhein-Sieg-Kreis. Sie liegt etwa acht km nord-\u00f6stlich von Bonn und drei km s\u00fcdwestlich von Siegburg. Hier wird nicht einfach Selbstverteidigung gelehrt, sondern die Revolution der Selbstverteidigung. Unser KRAVolution Krav Maga-System schafft es, zugleich den Prinzipien des Krav Maga treu zu bleiben, und sich dennoch im stetigen Wandel zu befinden, sich stets zu verbessern und erneuern.<\/p>\n","protected":false},"excerpt":{"rendered":"Sankt Augustin ist eine Stadt im nordrheinwestph\u00e4lischen Rhein-Sieg-Kreis. Sie liegt etwa acht km nord-\u00f6stlich von Bonn und drei km s\u00fcdwestlich [&hellip;]","protected":false},"author":7,"featured_media":0,"parent":3164,"menu_order":28,"comment_status":"closed","ping_status":"closed","template":"page-school.php","meta":{"_et_pb_use_builder":"","_et_pb_old_content":"","_et_gb_content_width":"","_mi_skip_tracking":false},"acf":[],"yoast_head":"<!-- This site is optimized with the Yoast SEO plugin v19.13 - https:\/\/yoast.com\/wordpress\/plugins\/seo\/ -->\n<title>Germany - Sankt Augustin - KRAVolution<\/title>\n<meta name=\"description\" content=\"Sankt Augustin is a town in the Rhein-Sieg district, in North Rhine-Westphalia. It is situated about 8 km north-east of Bonn and 3 km sout-west of Siegburg.\" \/>\n<meta name=\"robots\" content=\"index, follow, max-snippet:-1, max-image-preview:large, max-video-preview:-1\" \/>\n<link rel=\"canonical\" href=\"https:\/\/www.kravolution.com\/de\/schools\/sankt-augustin\/\" \/>\n<meta property=\"og:locale\" content=\"de_DE\" \/>\n<meta property=\"og:type\" content=\"article\" \/>\n<meta property=\"og:title\" content=\"Germany - Sankt Augustin - KRAVolution\" \/>\n<meta property=\"og:description\" content=\"Sankt Augustin is a town in the Rhein-Sieg district, in North Rhine-Westphalia. It is situated about 8 km north-east of Bonn and 3 km sout-west of Siegburg.\" \/>\n<meta property=\"og:url\" content=\"https:\/\/www.kravolution.com\/de\/schools\/sankt-augustin\/\" \/>\n<meta property=\"og:site_name\" content=\"KRAVolution\" \/>\n<meta property=\"article:modified_time\" content=\"2018-05-30T09:37:55+00:00\" \/>\n<meta name=\"twitter:card\" content=\"summary_large_image\" \/>\n<script type=\"application\/ld+json\" class=\"yoast-schema-graph\">{\"@context\":\"https:\/\/schema.org\",\"@graph\":[{\"@type\":\"WebPage\",\"@id\":\"https:\/\/www.kravolution.com\/de\/schools\/sankt-augustin\/\",\"url\":\"https:\/\/www.kravolution.com\/de\/schools\/sankt-augustin\/\",\"name\":\"Germany - Sankt Augustin - KRAVolution\",\"isPartOf\":{\"@id\":\"https:\/\/www.kravolution.com\/de\/#website\"},\"datePublished\":\"2017-10-16T11:24:14+00:00\",\"dateModified\":\"2018-05-30T09:37:55+00:00\",\"description\":\"Sankt Augustin is a town in the Rhein-Sieg district, in North Rhine-Westphalia. It is situated about 8 km north-east of Bonn and 3 km sout-west of Siegburg.\",\"breadcrumb\":{\"@id\":\"https:\/\/www.kravolution.com\/de\/schools\/sankt-augustin\/#breadcrumb\"},\"inLanguage\":\"de-DE\",\"potentialAction\":[{\"@type\":\"ReadAction\",\"target\":[\"https:\/\/www.kravolution.com\/de\/schools\/sankt-augustin\/\"]}]},{\"@type\":\"BreadcrumbList\",\"@id\":\"https:\/\/www.kravolution.com\/de\/schools\/sankt-augustin\/#breadcrumb\",\"itemListElement\":[{\"@type\":\"ListItem\",\"position\":1,\"name\":\"Home\",\"item\":\"https:\/\/www.kravolution.com\/de\/\"},{\"@type\":\"ListItem\",\"position\":2,\"name\":\"Schulen\",\"item\":\"https:\/\/www.kravolution.com\/de\/schools\/\"},{\"@type\":\"ListItem\",\"position\":3,\"name\":\"Sankt Augustin\"}]},{\"@type\":\"WebSite\",\"@id\":\"https:\/\/www.kravolution.com\/de\/#website\",\"url\":\"https:\/\/www.kravolution.com\/de\/\",\"name\":\"KRAVolution\",\"description\":\"Krav Maga modern israeli selfdefense system\",\"potentialAction\":[{\"@type\":\"SearchAction\",\"target\":{\"@type\":\"EntryPoint\",\"urlTemplate\":\"https:\/\/www.kravolution.com\/de\/?s={search_term_string}\"},\"query-input\":\"required name=search_term_string\"}],\"inLanguage\":\"de-DE\"}]}<\/script>\n<!-- \/ Yoast SEO plugin. -->","yoast_head_json":{"title":"Germany - Sankt Augustin - KRAVolution","description":"Sankt Augustin is a town in the Rhein-Sieg district, in North Rhine-Westphalia. It is situated about 8 km north-east of Bonn and 3 km sout-west of Siegburg.","robots":{"index":"index","follow":"follow","max-snippet":"max-snippet:-1","max-image-preview":"max-image-preview:large","max-video-preview":"max-video-preview:-1"},"canonical":"https:\/\/www.kravolution.com\/de\/schools\/sankt-augustin\/","og_locale":"de_DE","og_type":"article","og_title":"Germany - Sankt Augustin - KRAVolution","og_description":"Sankt Augustin is a town in the Rhein-Sieg district, in North Rhine-Westphalia. It is situated about 8 km north-east of Bonn and 3 km sout-west of Siegburg.","og_url":"https:\/\/www.kravolution.com\/de\/schools\/sankt-augustin\/","og_site_name":"KRAVolution","article_modified_time":"2018-05-30T09:37:55+00:00","twitter_card":"summary_large_image","schema":{"@context":"https:\/\/schema.org","@graph":[{"@type":"WebPage","@id":"https:\/\/www.kravolution.com\/de\/schools\/sankt-augustin\/","url":"https:\/\/www.kravolution.com\/de\/schools\/sankt-augustin\/","name":"Germany - Sankt Augustin - KRAVolution","isPartOf":{"@id":"https:\/\/www.kravolution.com\/de\/#website"},"datePublished":"2017-10-16T11:24:14+00:00","dateModified":"2018-05-30T09:37:55+00:00","description":"Sankt Augustin is a town in the Rhein-Sieg district, in North Rhine-Westphalia. It is situated about 8 km north-east of Bonn and 3 km sout-west of Siegburg.","breadcrumb":{"@id":"https:\/\/www.kravolution.com\/de\/schools\/sankt-augustin\/#breadcrumb"},"inLanguage":"de-DE","potentialAction":[{"@type":"ReadAction","target":["https:\/\/www.kravolution.com\/de\/schools\/sankt-augustin\/"]}]},{"@type":"BreadcrumbList","@id":"https:\/\/www.kravolution.com\/de\/schools\/sankt-augustin\/#breadcrumb","itemListElement":[{"@type":"ListItem","position":1,"name":"Home","item":"https:\/\/www.kravolution.com\/de\/"},{"@type":"ListItem","position":2,"name":"Schulen","item":"https:\/\/www.kravolution.com\/de\/schools\/"},{"@type":"ListItem","position":3,"name":"Sankt Augustin"}]},{"@type":"WebSite","@id":"https:\/\/www.kravolution.com\/de\/#website","url":"https:\/\/www.kravolution.com\/de\/","name":"KRAVolution","description":"Krav Maga modern israeli selfdefense system","potentialAction":[{"@type":"SearchAction","target":{"@type":"EntryPoint","urlTemplate":"https:\/\/www.kravolution.com\/de\/?s={search_term_string}"},"query-input":"required name=search_term_string"}],"inLanguage":"de-DE"}]}},"_links":{"self":[{"href":"https:\/\/www.kravolution.com\/de\/wp-json\/wp\/v2\/pages\/4162"}],"collection":[{"href":"https:\/\/www.kravolution.com\/de\/wp-json\/wp\/v2\/pages"}],"about":[{"href":"https:\/\/www.kravolution.com\/de\/wp-json\/wp\/v2\/types\/page"}],"author":[{"embeddable":true,"href":"https:\/\/www.kravolution.com\/de\/wp-json\/wp\/v2\/users\/7"}],"replies":[{"embeddable":true,"href":"https:\/\/www.kravolution.com\/de\/wp-json\/wp\/v2\/comments?post=4162"}],"version-history":[{"count":3,"href":"https:\/\/www.kravolution.com\/de\/wp-json\/wp\/v2\/pages\/4162\/revisions"}],"predecessor-version":[{"id":4896,"href":"https:\/\/www.kravolution.com\/de\/wp-json\/wp\/v2\/pages\/4162\/revisions\/4896"}],"up":[{"embeddable":true,"href":"https:\/\/www.kravolution.com\/de\/wp-json\/wp\/v2\/pages\/3164"}],"wp:attachment":[{"href":"https:\/\/www.kravolution.com\/de\/wp-json\/wp\/v2\/media?parent=4162"}],"curies":[{"name":"wp","href":"https:\/\/api.w.org\/{rel}","templated":true}]}}