{"id":4159,"date":"2017-10-16T13:28:01","date_gmt":"2017-10-16T11:28:01","guid":{"rendered":"https:\/\/wwwv2.kravolution.com\/schools\/cologne-deutz\/"},"modified":"2018-05-30T11:27:40","modified_gmt":"2018-05-30T09:27:40","slug":"cologne-deutz","status":"publish","type":"page","link":"https:\/\/www.kravolution.com\/de\/schools\/cologne-deutz\/","title":{"rendered":"K\u00f6ln Deutz"},"content":{"rendered":"<p>K\u00f6ln ist mit \u00fcber einer Millionen Einwohner die gr\u00f6\u00dfte Stadt NRWs und die viertgr\u00f6\u00dfte Deutschlands. Das KRAVolution Krav Maga Institut verf\u00fcgt in K\u00f6ln \u00fcber zwei Standorte, einen auf jeder Rheinseite. Hier wird das einzigartige KRAVolution-System trainiert und fortlaufend verbessert und erneuert, um unseren Mitgliedern die effektivste Form der Selbstverteidigung lehren zu k\u00f6nnen.<\/p>\n","protected":false},"excerpt":{"rendered":"K\u00f6ln ist mit \u00fcber einer Millionen Einwohner die gr\u00f6\u00dfte Stadt NRWs und die viertgr\u00f6\u00dfte Deutschlands. Das KRAVolution Krav Maga Institut [&hellip;]","protected":false},"author":7,"featured_media":0,"parent":3164,"menu_order":26,"comment_status":"closed","ping_status":"closed","template":"page-school.php","meta":{"_et_pb_use_builder":"","_et_pb_old_content":"","_et_gb_content_width":"","_mi_skip_tracking":false},"acf":[],"yoast_head":"<!-- This site is optimized with the Yoast SEO plugin v19.13 - https:\/\/yoast.com\/wordpress\/plugins\/seo\/ -->\n<title>K\u00f6ln Deutz - KRAVolution<\/title>\n<meta name=\"description\" content=\"Cologne is the largest city in the German federal State of North Rhine-Westphalia and the fourth-largest city in Germany with over one million inhabitants.\" \/>\n<meta name=\"robots\" content=\"index, follow, max-snippet:-1, max-image-preview:large, max-video-preview:-1\" \/>\n<link rel=\"canonical\" href=\"https:\/\/www.kravolution.com\/de\/schools\/cologne-deutz\/\" \/>\n<meta property=\"og:locale\" content=\"de_DE\" \/>\n<meta property=\"og:type\" content=\"article\" \/>\n<meta property=\"og:title\" content=\"K\u00f6ln Deutz - KRAVolution\" \/>\n<meta property=\"og:description\" content=\"Cologne is the largest city in the German federal State of North Rhine-Westphalia and the fourth-largest city in Germany with over one million inhabitants.\" \/>\n<meta property=\"og:url\" content=\"https:\/\/www.kravolution.com\/de\/schools\/cologne-deutz\/\" \/>\n<meta property=\"og:site_name\" content=\"KRAVolution\" \/>\n<meta property=\"article:modified_time\" content=\"2018-05-30T09:27:40+00:00\" \/>\n<meta name=\"twitter:card\" content=\"summary_large_image\" \/>\n<script type=\"application\/ld+json\" class=\"yoast-schema-graph\">{\"@context\":\"https:\/\/schema.org\",\"@graph\":[{\"@type\":\"WebPage\",\"@id\":\"https:\/\/www.kravolution.com\/de\/schools\/cologne-deutz\/\",\"url\":\"https:\/\/www.kravolution.com\/de\/schools\/cologne-deutz\/\",\"name\":\"K\u00f6ln Deutz - KRAVolution\",\"isPartOf\":{\"@id\":\"https:\/\/www.kravolution.com\/de\/#website\"},\"datePublished\":\"2017-10-16T11:28:01+00:00\",\"dateModified\":\"2018-05-30T09:27:40+00:00\",\"description\":\"Cologne is the largest city in the German federal State of North Rhine-Westphalia and the fourth-largest city in Germany with over one million inhabitants.\",\"breadcrumb\":{\"@id\":\"https:\/\/www.kravolution.com\/de\/schools\/cologne-deutz\/#breadcrumb\"},\"inLanguage\":\"de-DE\",\"potentialAction\":[{\"@type\":\"ReadAction\",\"target\":[\"https:\/\/www.kravolution.com\/de\/schools\/cologne-deutz\/\"]}]},{\"@type\":\"BreadcrumbList\",\"@id\":\"https:\/\/www.kravolution.com\/de\/schools\/cologne-deutz\/#breadcrumb\",\"itemListElement\":[{\"@type\":\"ListItem\",\"position\":1,\"name\":\"Home\",\"item\":\"https:\/\/www.kravolution.com\/de\/\"},{\"@type\":\"ListItem\",\"position\":2,\"name\":\"Schulen\",\"item\":\"https:\/\/www.kravolution.com\/de\/schools\/\"},{\"@type\":\"ListItem\",\"position\":3,\"name\":\"K\u00f6ln Deutz\"}]},{\"@type\":\"WebSite\",\"@id\":\"https:\/\/www.kravolution.com\/de\/#website\",\"url\":\"https:\/\/www.kravolution.com\/de\/\",\"name\":\"KRAVolution\",\"description\":\"Krav Maga modern israeli selfdefense system\",\"potentialAction\":[{\"@type\":\"SearchAction\",\"target\":{\"@type\":\"EntryPoint\",\"urlTemplate\":\"https:\/\/www.kravolution.com\/de\/?s={search_term_string}\"},\"query-input\":\"required name=search_term_string\"}],\"inLanguage\":\"de-DE\"}]}<\/script>\n<!-- \/ Yoast SEO plugin. -->","yoast_head_json":{"title":"K\u00f6ln Deutz - KRAVolution","description":"Cologne is the largest city in the German federal State of North Rhine-Westphalia and the fourth-largest city in Germany with over one million inhabitants.","robots":{"index":"index","follow":"follow","max-snippet":"max-snippet:-1","max-image-preview":"max-image-preview:large","max-video-preview":"max-video-preview:-1"},"canonical":"https:\/\/www.kravolution.com\/de\/schools\/cologne-deutz\/","og_locale":"de_DE","og_type":"article","og_title":"K\u00f6ln Deutz - KRAVolution","og_description":"Cologne is the largest city in the German federal State of North Rhine-Westphalia and the fourth-largest city in Germany with over one million inhabitants.","og_url":"https:\/\/www.kravolution.com\/de\/schools\/cologne-deutz\/","og_site_name":"KRAVolution","article_modified_time":"2018-05-30T09:27:40+00:00","twitter_card":"summary_large_image","schema":{"@context":"https:\/\/schema.org","@graph":[{"@type":"WebPage","@id":"https:\/\/www.kravolution.com\/de\/schools\/cologne-deutz\/","url":"https:\/\/www.kravolution.com\/de\/schools\/cologne-deutz\/","name":"K\u00f6ln Deutz - KRAVolution","isPartOf":{"@id":"https:\/\/www.kravolution.com\/de\/#website"},"datePublished":"2017-10-16T11:28:01+00:00","dateModified":"2018-05-30T09:27:40+00:00","description":"Cologne is the largest city in the German federal State of North Rhine-Westphalia and the fourth-largest city in Germany with over one million inhabitants.","breadcrumb":{"@id":"https:\/\/www.kravolution.com\/de\/schools\/cologne-deutz\/#breadcrumb"},"inLanguage":"de-DE","potentialAction":[{"@type":"ReadAction","target":["https:\/\/www.kravolution.com\/de\/schools\/cologne-deutz\/"]}]},{"@type":"BreadcrumbList","@id":"https:\/\/www.kravolution.com\/de\/schools\/cologne-deutz\/#breadcrumb","itemListElement":[{"@type":"ListItem","position":1,"name":"Home","item":"https:\/\/www.kravolution.com\/de\/"},{"@type":"ListItem","position":2,"name":"Schulen","item":"https:\/\/www.kravolution.com\/de\/schools\/"},{"@type":"ListItem","position":3,"name":"K\u00f6ln Deutz"}]},{"@type":"WebSite","@id":"https:\/\/www.kravolution.com\/de\/#website","url":"https:\/\/www.kravolution.com\/de\/","name":"KRAVolution","description":"Krav Maga modern israeli selfdefense system","potentialAction":[{"@type":"SearchAction","target":{"@type":"EntryPoint","urlTemplate":"https:\/\/www.kravolution.com\/de\/?s={search_term_string}"},"query-input":"required name=search_term_string"}],"inLanguage":"de-DE"}]}},"_links":{"self":[{"href":"https:\/\/www.kravolution.com\/de\/wp-json\/wp\/v2\/pages\/4159"}],"collection":[{"href":"https:\/\/www.kravolution.com\/de\/wp-json\/wp\/v2\/pages"}],"about":[{"href":"https:\/\/www.kravolution.com\/de\/wp-json\/wp\/v2\/types\/page"}],"author":[{"embeddable":true,"href":"https:\/\/www.kravolution.com\/de\/wp-json\/wp\/v2\/users\/7"}],"replies":[{"embeddable":true,"href":"https:\/\/www.kravolution.com\/de\/wp-json\/wp\/v2\/comments?post=4159"}],"version-history":[{"count":3,"href":"https:\/\/www.kravolution.com\/de\/wp-json\/wp\/v2\/pages\/4159\/revisions"}],"predecessor-version":[{"id":4885,"href":"https:\/\/www.kravolution.com\/de\/wp-json\/wp\/v2\/pages\/4159\/revisions\/4885"}],"up":[{"embeddable":true,"href":"https:\/\/www.kravolution.com\/de\/wp-json\/wp\/v2\/pages\/3164"}],"wp:attachment":[{"href":"https:\/\/www.kravolution.com\/de\/wp-json\/wp\/v2\/media?parent=4159"}],"curies":[{"name":"wp","href":"https:\/\/api.w.org\/{rel}","templated":true}]}}