{"id":4133,"date":"2017-11-10T16:23:02","date_gmt":"2017-11-10T15:23:02","guid":{"rendered":"https:\/\/wwwv2.kravolution.com\/schools\/poway\/"},"modified":"2018-05-07T23:37:11","modified_gmt":"2018-05-07T21:37:11","slug":"poway","status":"publish","type":"page","link":"https:\/\/www.kravolution.com\/de\/schools\/poway\/","title":{"rendered":"Poway (CA)"},"content":{"rendered":"<p>Alpha Force Krav Maga besteht aus einem Team passionierter Krav Maga-Instructoren, die fest an die Grundwerte des Krav Maga glauben: Integrit\u00e4t, Loyalit\u00e4t und St\u00e4rke. Wir wollen unseren Sch\u00fclern helfen, ihren Kampfgeist zu finden, wollen sie mit dem Werkzeug und der Technik ausstatten, sich und andere zu verteidigen. Dank KRAVolution und seinem einzigartigen Selbstverteidigungs-System muss wirklich niemand mehr ein Opfer sein!<\/p>\n","protected":false},"excerpt":{"rendered":"Alpha Force Krav Maga besteht aus einem Team passionierter Krav Maga-Instructoren, die fest an die Grundwerte des Krav Maga glauben: [&hellip;]","protected":false},"author":7,"featured_media":0,"parent":3164,"menu_order":19,"comment_status":"closed","ping_status":"closed","template":"page-school.php","meta":{"_et_pb_use_builder":"","_et_pb_old_content":"","_et_gb_content_width":"","_mi_skip_tracking":false},"acf":[],"yoast_head":"<!-- This site is optimized with the Yoast SEO plugin v19.13 - https:\/\/yoast.com\/wordpress\/plugins\/seo\/ -->\n<title>Poway (CA) - KRAVolution<\/title>\n<meta name=\"description\" content=\"Alpha Force Krav Maga besteht aus einem Team passionierter Krav Maga-Instructoren, die fest an die Grundwerte des Krav Maga glauben: Integrit\u00e4t, Loyalit\u00e4t\" \/>\n<meta name=\"robots\" content=\"index, follow, max-snippet:-1, max-image-preview:large, max-video-preview:-1\" \/>\n<link rel=\"canonical\" href=\"https:\/\/www.kravolution.com\/de\/schools\/poway\/\" \/>\n<meta property=\"og:locale\" content=\"de_DE\" \/>\n<meta property=\"og:type\" content=\"article\" \/>\n<meta property=\"og:title\" content=\"Poway (CA) - KRAVolution\" \/>\n<meta property=\"og:description\" content=\"Alpha Force Krav Maga besteht aus einem Team passionierter Krav Maga-Instructoren, die fest an die Grundwerte des Krav Maga glauben: Integrit\u00e4t, Loyalit\u00e4t\" \/>\n<meta property=\"og:url\" content=\"https:\/\/www.kravolution.com\/de\/schools\/poway\/\" \/>\n<meta property=\"og:site_name\" content=\"KRAVolution\" \/>\n<meta property=\"article:modified_time\" content=\"2018-05-07T21:37:11+00:00\" \/>\n<meta name=\"twitter:card\" content=\"summary_large_image\" \/>\n<script type=\"application\/ld+json\" class=\"yoast-schema-graph\">{\"@context\":\"https:\/\/schema.org\",\"@graph\":[{\"@type\":\"WebPage\",\"@id\":\"https:\/\/www.kravolution.com\/de\/schools\/poway\/\",\"url\":\"https:\/\/www.kravolution.com\/de\/schools\/poway\/\",\"name\":\"Poway (CA) - KRAVolution\",\"isPartOf\":{\"@id\":\"https:\/\/www.kravolution.com\/de\/#website\"},\"datePublished\":\"2017-11-10T15:23:02+00:00\",\"dateModified\":\"2018-05-07T21:37:11+00:00\",\"description\":\"Alpha Force Krav Maga besteht aus einem Team passionierter Krav Maga-Instructoren, die fest an die Grundwerte des Krav Maga glauben: Integrit\u00e4t, Loyalit\u00e4t\",\"breadcrumb\":{\"@id\":\"https:\/\/www.kravolution.com\/de\/schools\/poway\/#breadcrumb\"},\"inLanguage\":\"de-DE\",\"potentialAction\":[{\"@type\":\"ReadAction\",\"target\":[\"https:\/\/www.kravolution.com\/de\/schools\/poway\/\"]}]},{\"@type\":\"BreadcrumbList\",\"@id\":\"https:\/\/www.kravolution.com\/de\/schools\/poway\/#breadcrumb\",\"itemListElement\":[{\"@type\":\"ListItem\",\"position\":1,\"name\":\"Home\",\"item\":\"https:\/\/www.kravolution.com\/de\/\"},{\"@type\":\"ListItem\",\"position\":2,\"name\":\"Schulen\",\"item\":\"https:\/\/www.kravolution.com\/de\/schools\/\"},{\"@type\":\"ListItem\",\"position\":3,\"name\":\"Poway (CA)\"}]},{\"@type\":\"WebSite\",\"@id\":\"https:\/\/www.kravolution.com\/de\/#website\",\"url\":\"https:\/\/www.kravolution.com\/de\/\",\"name\":\"KRAVolution\",\"description\":\"Krav Maga modern israeli selfdefense system\",\"potentialAction\":[{\"@type\":\"SearchAction\",\"target\":{\"@type\":\"EntryPoint\",\"urlTemplate\":\"https:\/\/www.kravolution.com\/de\/?s={search_term_string}\"},\"query-input\":\"required name=search_term_string\"}],\"inLanguage\":\"de-DE\"}]}<\/script>\n<!-- \/ Yoast SEO plugin. -->","yoast_head_json":{"title":"Poway (CA) - KRAVolution","description":"Alpha Force Krav Maga besteht aus einem Team passionierter Krav Maga-Instructoren, die fest an die Grundwerte des Krav Maga glauben: Integrit\u00e4t, Loyalit\u00e4t","robots":{"index":"index","follow":"follow","max-snippet":"max-snippet:-1","max-image-preview":"max-image-preview:large","max-video-preview":"max-video-preview:-1"},"canonical":"https:\/\/www.kravolution.com\/de\/schools\/poway\/","og_locale":"de_DE","og_type":"article","og_title":"Poway (CA) - KRAVolution","og_description":"Alpha Force Krav Maga besteht aus einem Team passionierter Krav Maga-Instructoren, die fest an die Grundwerte des Krav Maga glauben: Integrit\u00e4t, Loyalit\u00e4t","og_url":"https:\/\/www.kravolution.com\/de\/schools\/poway\/","og_site_name":"KRAVolution","article_modified_time":"2018-05-07T21:37:11+00:00","twitter_card":"summary_large_image","schema":{"@context":"https:\/\/schema.org","@graph":[{"@type":"WebPage","@id":"https:\/\/www.kravolution.com\/de\/schools\/poway\/","url":"https:\/\/www.kravolution.com\/de\/schools\/poway\/","name":"Poway (CA) - KRAVolution","isPartOf":{"@id":"https:\/\/www.kravolution.com\/de\/#website"},"datePublished":"2017-11-10T15:23:02+00:00","dateModified":"2018-05-07T21:37:11+00:00","description":"Alpha Force Krav Maga besteht aus einem Team passionierter Krav Maga-Instructoren, die fest an die Grundwerte des Krav Maga glauben: Integrit\u00e4t, Loyalit\u00e4t","breadcrumb":{"@id":"https:\/\/www.kravolution.com\/de\/schools\/poway\/#breadcrumb"},"inLanguage":"de-DE","potentialAction":[{"@type":"ReadAction","target":["https:\/\/www.kravolution.com\/de\/schools\/poway\/"]}]},{"@type":"BreadcrumbList","@id":"https:\/\/www.kravolution.com\/de\/schools\/poway\/#breadcrumb","itemListElement":[{"@type":"ListItem","position":1,"name":"Home","item":"https:\/\/www.kravolution.com\/de\/"},{"@type":"ListItem","position":2,"name":"Schulen","item":"https:\/\/www.kravolution.com\/de\/schools\/"},{"@type":"ListItem","position":3,"name":"Poway (CA)"}]},{"@type":"WebSite","@id":"https:\/\/www.kravolution.com\/de\/#website","url":"https:\/\/www.kravolution.com\/de\/","name":"KRAVolution","description":"Krav Maga modern israeli selfdefense system","potentialAction":[{"@type":"SearchAction","target":{"@type":"EntryPoint","urlTemplate":"https:\/\/www.kravolution.com\/de\/?s={search_term_string}"},"query-input":"required name=search_term_string"}],"inLanguage":"de-DE"}]}},"_links":{"self":[{"href":"https:\/\/www.kravolution.com\/de\/wp-json\/wp\/v2\/pages\/4133"}],"collection":[{"href":"https:\/\/www.kravolution.com\/de\/wp-json\/wp\/v2\/pages"}],"about":[{"href":"https:\/\/www.kravolution.com\/de\/wp-json\/wp\/v2\/types\/page"}],"author":[{"embeddable":true,"href":"https:\/\/www.kravolution.com\/de\/wp-json\/wp\/v2\/users\/7"}],"replies":[{"embeddable":true,"href":"https:\/\/www.kravolution.com\/de\/wp-json\/wp\/v2\/comments?post=4133"}],"version-history":[{"count":2,"href":"https:\/\/www.kravolution.com\/de\/wp-json\/wp\/v2\/pages\/4133\/revisions"}],"predecessor-version":[{"id":4313,"href":"https:\/\/www.kravolution.com\/de\/wp-json\/wp\/v2\/pages\/4133\/revisions\/4313"}],"up":[{"embeddable":true,"href":"https:\/\/www.kravolution.com\/de\/wp-json\/wp\/v2\/pages\/3164"}],"wp:attachment":[{"href":"https:\/\/www.kravolution.com\/de\/wp-json\/wp\/v2\/media?parent=4133"}],"curies":[{"name":"wp","href":"https:\/\/api.w.org\/{rel}","templated":true}]}}