{"id":4047,"date":"2018-02-01T13:47:55","date_gmt":"2018-02-01T12:47:55","guid":{"rendered":"https:\/\/wwwv2.kravolution.com\/schools\/johannesburg\/"},"modified":"2018-05-30T11:43:52","modified_gmt":"2018-05-30T09:43:52","slug":"johannesburg","status":"publish","type":"page","link":"https:\/\/www.kravolution.com\/de\/schools\/johannesburg\/","title":{"rendered":"Johannesburg"},"content":{"rendered":"<p><strong>Service:<\/strong><\/p>\n<ul>\n<li>Leitung, Training und Beurteilung, Organisation und Verteilung von Arbeit, Priorit\u00e4tensetzung zur Koordination und zum erfolgreichen Abschluss von Auftr\u00e4gen<\/li>\n<li><span lang=\"de\">Bietet Hilfe bei Auswahl, Bewertung, Disziplin und andere Personalangelegenheiten<\/span><\/li>\n<li>Koordination der Sicherheit von Gerichten und anderen juristischen Einrichtungen<\/li>\n<li><span lang=\"de\">Entwicklung von Sicherheitspl\u00e4ne, Kriminalpr\u00e4ventionsprogramme, Evakuierungspl\u00e4ne und andere notwendige Notfallma\u00dfnahmen f\u00fcr die Metro oder andere Gro\u00dfeinrichtungen<\/span><\/li>\n<li>Koordination der Sicherheit auf besonderen Events, offizielle Staatsbesuche und anderem<\/li>\n<li>Arbeit als Verbindungsstelle in Sicherheitsangelegenheiten zwischen lokalen Strafverfolgungs- und Verwaltungsbeh\u00f6rden<\/li>\n<li>Koordination von durch die Personalabteilung oder dem Management gefordertern Personalma\u00dfnahmen<\/li>\n<\/ul>\n","protected":false},"excerpt":{"rendered":"Service: Leitung, Training und Beurteilung, Organisation und Verteilung von Arbeit, Priorit\u00e4tensetzung zur Koordination und zum erfolgreichen Abschluss von Auftr\u00e4gen Bietet [&hellip;]","protected":false},"author":7,"featured_media":0,"parent":3164,"menu_order":0,"comment_status":"closed","ping_status":"closed","template":"page-school.php","meta":{"_et_pb_use_builder":"","_et_pb_old_content":"","_et_gb_content_width":"","_mi_skip_tracking":false},"acf":[],"yoast_head":"<!-- This site is optimized with the Yoast SEO plugin v19.13 - https:\/\/yoast.com\/wordpress\/plugins\/seo\/ -->\n<title>Johannesburg - KRAVolution<\/title>\n<meta name=\"description\" content=\"Service: Leitung, Training und Beurteilung, Organisation und Verteilung von Arbeit, Priorit\u00e4tensetzung zur Koordination und zum erfolgreichen Abschluss\" \/>\n<meta name=\"robots\" content=\"index, follow, max-snippet:-1, max-image-preview:large, max-video-preview:-1\" \/>\n<link rel=\"canonical\" href=\"https:\/\/www.kravolution.com\/de\/schools\/johannesburg\/\" \/>\n<meta property=\"og:locale\" content=\"de_DE\" \/>\n<meta property=\"og:type\" content=\"article\" \/>\n<meta property=\"og:title\" content=\"Johannesburg - KRAVolution\" \/>\n<meta property=\"og:description\" content=\"Service: Leitung, Training und Beurteilung, Organisation und Verteilung von Arbeit, Priorit\u00e4tensetzung zur Koordination und zum erfolgreichen Abschluss\" \/>\n<meta property=\"og:url\" content=\"https:\/\/www.kravolution.com\/de\/schools\/johannesburg\/\" \/>\n<meta property=\"og:site_name\" content=\"KRAVolution\" \/>\n<meta property=\"article:modified_time\" content=\"2018-05-30T09:43:52+00:00\" \/>\n<meta name=\"twitter:card\" content=\"summary_large_image\" \/>\n<script type=\"application\/ld+json\" class=\"yoast-schema-graph\">{\"@context\":\"https:\/\/schema.org\",\"@graph\":[{\"@type\":\"WebPage\",\"@id\":\"https:\/\/www.kravolution.com\/de\/schools\/johannesburg\/\",\"url\":\"https:\/\/www.kravolution.com\/de\/schools\/johannesburg\/\",\"name\":\"Johannesburg - KRAVolution\",\"isPartOf\":{\"@id\":\"https:\/\/www.kravolution.com\/de\/#website\"},\"datePublished\":\"2018-02-01T12:47:55+00:00\",\"dateModified\":\"2018-05-30T09:43:52+00:00\",\"description\":\"Service: Leitung, Training und Beurteilung, Organisation und Verteilung von Arbeit, Priorit\u00e4tensetzung zur Koordination und zum erfolgreichen Abschluss\",\"breadcrumb\":{\"@id\":\"https:\/\/www.kravolution.com\/de\/schools\/johannesburg\/#breadcrumb\"},\"inLanguage\":\"de-DE\",\"potentialAction\":[{\"@type\":\"ReadAction\",\"target\":[\"https:\/\/www.kravolution.com\/de\/schools\/johannesburg\/\"]}]},{\"@type\":\"BreadcrumbList\",\"@id\":\"https:\/\/www.kravolution.com\/de\/schools\/johannesburg\/#breadcrumb\",\"itemListElement\":[{\"@type\":\"ListItem\",\"position\":1,\"name\":\"Home\",\"item\":\"https:\/\/www.kravolution.com\/de\/\"},{\"@type\":\"ListItem\",\"position\":2,\"name\":\"Schulen\",\"item\":\"https:\/\/www.kravolution.com\/de\/schools\/\"},{\"@type\":\"ListItem\",\"position\":3,\"name\":\"Johannesburg\"}]},{\"@type\":\"WebSite\",\"@id\":\"https:\/\/www.kravolution.com\/de\/#website\",\"url\":\"https:\/\/www.kravolution.com\/de\/\",\"name\":\"KRAVolution\",\"description\":\"Krav Maga modern israeli selfdefense system\",\"potentialAction\":[{\"@type\":\"SearchAction\",\"target\":{\"@type\":\"EntryPoint\",\"urlTemplate\":\"https:\/\/www.kravolution.com\/de\/?s={search_term_string}\"},\"query-input\":\"required name=search_term_string\"}],\"inLanguage\":\"de-DE\"}]}<\/script>\n<!-- \/ Yoast SEO plugin. -->","yoast_head_json":{"title":"Johannesburg - KRAVolution","description":"Service: Leitung, Training und Beurteilung, Organisation und Verteilung von Arbeit, Priorit\u00e4tensetzung zur Koordination und zum erfolgreichen Abschluss","robots":{"index":"index","follow":"follow","max-snippet":"max-snippet:-1","max-image-preview":"max-image-preview:large","max-video-preview":"max-video-preview:-1"},"canonical":"https:\/\/www.kravolution.com\/de\/schools\/johannesburg\/","og_locale":"de_DE","og_type":"article","og_title":"Johannesburg - KRAVolution","og_description":"Service: Leitung, Training und Beurteilung, Organisation und Verteilung von Arbeit, Priorit\u00e4tensetzung zur Koordination und zum erfolgreichen Abschluss","og_url":"https:\/\/www.kravolution.com\/de\/schools\/johannesburg\/","og_site_name":"KRAVolution","article_modified_time":"2018-05-30T09:43:52+00:00","twitter_card":"summary_large_image","schema":{"@context":"https:\/\/schema.org","@graph":[{"@type":"WebPage","@id":"https:\/\/www.kravolution.com\/de\/schools\/johannesburg\/","url":"https:\/\/www.kravolution.com\/de\/schools\/johannesburg\/","name":"Johannesburg - KRAVolution","isPartOf":{"@id":"https:\/\/www.kravolution.com\/de\/#website"},"datePublished":"2018-02-01T12:47:55+00:00","dateModified":"2018-05-30T09:43:52+00:00","description":"Service: Leitung, Training und Beurteilung, Organisation und Verteilung von Arbeit, Priorit\u00e4tensetzung zur Koordination und zum erfolgreichen Abschluss","breadcrumb":{"@id":"https:\/\/www.kravolution.com\/de\/schools\/johannesburg\/#breadcrumb"},"inLanguage":"de-DE","potentialAction":[{"@type":"ReadAction","target":["https:\/\/www.kravolution.com\/de\/schools\/johannesburg\/"]}]},{"@type":"BreadcrumbList","@id":"https:\/\/www.kravolution.com\/de\/schools\/johannesburg\/#breadcrumb","itemListElement":[{"@type":"ListItem","position":1,"name":"Home","item":"https:\/\/www.kravolution.com\/de\/"},{"@type":"ListItem","position":2,"name":"Schulen","item":"https:\/\/www.kravolution.com\/de\/schools\/"},{"@type":"ListItem","position":3,"name":"Johannesburg"}]},{"@type":"WebSite","@id":"https:\/\/www.kravolution.com\/de\/#website","url":"https:\/\/www.kravolution.com\/de\/","name":"KRAVolution","description":"Krav Maga modern israeli selfdefense system","potentialAction":[{"@type":"SearchAction","target":{"@type":"EntryPoint","urlTemplate":"https:\/\/www.kravolution.com\/de\/?s={search_term_string}"},"query-input":"required name=search_term_string"}],"inLanguage":"de-DE"}]}},"_links":{"self":[{"href":"https:\/\/www.kravolution.com\/de\/wp-json\/wp\/v2\/pages\/4047"}],"collection":[{"href":"https:\/\/www.kravolution.com\/de\/wp-json\/wp\/v2\/pages"}],"about":[{"href":"https:\/\/www.kravolution.com\/de\/wp-json\/wp\/v2\/types\/page"}],"author":[{"embeddable":true,"href":"https:\/\/www.kravolution.com\/de\/wp-json\/wp\/v2\/users\/7"}],"replies":[{"embeddable":true,"href":"https:\/\/www.kravolution.com\/de\/wp-json\/wp\/v2\/comments?post=4047"}],"version-history":[{"count":3,"href":"https:\/\/www.kravolution.com\/de\/wp-json\/wp\/v2\/pages\/4047\/revisions"}],"predecessor-version":[{"id":4899,"href":"https:\/\/www.kravolution.com\/de\/wp-json\/wp\/v2\/pages\/4047\/revisions\/4899"}],"up":[{"embeddable":true,"href":"https:\/\/www.kravolution.com\/de\/wp-json\/wp\/v2\/pages\/3164"}],"wp:attachment":[{"href":"https:\/\/www.kravolution.com\/de\/wp-json\/wp\/v2\/media?parent=4047"}],"curies":[{"name":"wp","href":"https:\/\/api.w.org\/{rel}","templated":true}]}}