{"id":3663,"date":"2017-09-12T15:24:06","date_gmt":"2017-09-12T13:24:06","guid":{"rendered":"https:\/\/wwwv2.kravolution.com\/education\/full-instructor-courses\/"},"modified":"2018-05-28T16:06:25","modified_gmt":"2018-05-28T14:06:25","slug":"full-instructor-courses","status":"publish","type":"page","link":"https:\/\/www.kravolution.com\/de\/education\/full-instructor-courses\/","title":{"rendered":"Full-Instructor Kurse"},"content":{"rendered":"<h1>KRAVolution Full-Instructor Kurse<\/h1>\n<p>Du trainierst bereits Krav Maga oder hast jahrelange Kampfsport Erfahrung? Bist bereit, eine verantwortungsvolle Aufgabe zu \u00fcbernehmen und dein Wissen an andere weiterzugeben? Dann wollen wir DICH als Trainer! Melde dich an und werde Teil der gr\u00f6\u00dften und renommiertesten Krav Maga-Schule Deutschlands. Lerne von uns und lehre f\u00fcr uns.<\/p>\n<p><center><div style=\"width: 640px;\" class=\"wp-video\"><!--[if lt IE 9]><script>document.createElement('video');<\/script><![endif]-->\n<video class=\"wp-video-shortcode\" id=\"video-3663-1\" width=\"640\" height=\"360\" poster=\"https:\/\/www.kravolution.com\/wp-content\/uploads\/2017\/09\/foto-von-video.jpg\" preload=\"metadata\" controls=\"controls\"><source type=\"video\/mp4\" src=\"https:\/\/www.kravolution.com\/wp-content\/uploads\/2017\/09\/Kravolution-Krav-Maga-Instructor-Course-CIC.mp4?_=1\" \/><a href=\"https:\/\/www.kravolution.com\/wp-content\/uploads\/2017\/09\/Kravolution-Krav-Maga-Instructor-Course-CIC.mp4\">https:\/\/www.kravolution.com\/wp-content\/uploads\/2017\/09\/Kravolution-Krav-Maga-Instructor-Course-CIC.mp4<\/a><\/video><\/div><\/p>\n<p>&nbsp;<\/p>\n<p>&nbsp;<\/p>\n<p>&nbsp;<\/p>\n<p>&nbsp;<\/p>\n<p>&nbsp;<\/p>\n<p>&nbsp;<\/p>\n<p>&nbsp;<\/p>\n<p>&nbsp;<\/p>\n<p>&nbsp;<\/p>\n<p>&nbsp;<\/p>\n<p>&nbsp;<\/p>\n<p><\/center><\/p>\n<hr \/>\n<h2 class=\"highlight\">CIVIL Instructor Kurse<\/h2>\n<p>Wir unterst\u00fctzen dich mit all unserem Know How und begleiten dich durch den Krav Maga Selfdefense Full-Instructor Kurs. Unsere Kurse werden geleitet von unserem internationalen Krav Maga-Experten-Team sowie von milit\u00e4rischen Ausbildern. Wir setzen nur die Besten ein, um auch dich zu einem der Besten zu machen!<\/p>\n<p>Mit 170 Stunden in Vollzeit ist unsere Ausbildung zum Instructor eine der komplettesten und umfangreichsten im gesamten System. Im Anschluss kannst du dich m\u00fchelos s\u00e4mtlichen Herausforderungen stellen, als qualifizierter Civil Krav Maga Ausbilder unseres Teams im internationalen Einsatz.<\/p>\n<p><strong>Inhalt des KRAVolution Civil Instructor Kurses<br \/>\n<\/strong><\/p>\n<p>Mit unserem Konzept zum Krav Maga Civil Instructor setzen wir neue Standards. Wir haben den Blick \u00fcber den Tellerrand gewagt und die bisherige Ausbildung revolutioniert. Der Weg zum Ausbilder und Krav Maga Blackbelt ist hart und wird dir nicht geschenkt \u2013 du musst es dir verdienen. Aber danach geh\u00f6rst du ganz offiziell zu den Besten!<\/p>\n<p><strong>Die Inhalte im \u00dcberblick:<\/strong><\/p>\n<p>\u2022 Komprimierter Kurs zu attraktiven Trainingszeiten, auch f\u00fcr Berufst\u00e4tige geeignet<br \/>\n\u2022 Unterricht nach Prinzipien, nicht nur nach Techniken<br \/>\n\u2022 \u00dcberpr\u00fcfung durch internationale High-Level-Krav Maga Experten, wie Megan, Jean-Paul und Carsten<br \/>\n\u2022 Erste Hilfe speziell f\u00fcr Trainer &#8211; <strong>KRAVolution<\/strong> First Aid!<br \/>\n\u2022 Realit\u00e4tsnahes Szenario-Training<br \/>\n\u2022 Das <strong>KRAVolution<\/strong> Krav Maga Curriculum<br \/>\n\u2022 Ein noch nie zuvor da gewesenes Level-Testing, in welchem die F\u00e4higkeit zu unterrichten genauso wichtig ist, wie die richtige Performance! Hier wirst du nicht von einem einzelnen Pr\u00fcfer getestet, sondern von einem Testing-Komitee, wie zuletzt bestehend aus mehreren aktiven Krav Maga Trainern<strong>.<br \/>\n<\/strong><\/p>\n<p>&nbsp;<\/p>\n<p><a href=\"https:\/\/www.kravolution.de\/Civil-Instructor-Course\" target=\"_blank\" rel=\"noopener\"><strong>\u21e5 DATES &amp; TICKETS<\/strong><\/a><\/p>\n<p>&nbsp;<\/p>\n<hr \/>\n<h2 class=\"highlight\">LAW ENFORCEMENT Instructor Kurse<\/h2>\n<p><strong><img decoding=\"async\" loading=\"lazy\" class=\"aligncenter size-full wp-image-1082 img-responsive\" src=\"https:\/\/www.kravolution.com\/wp-content\/uploads\/2017\/09\/Law-Enforcement-training.jpg\" alt=\"law enforcement krav maga\" width=\"1135\" height=\"375\" srcset=\"https:\/\/www.kravolution.com\/wp-content\/uploads\/2017\/09\/Law-Enforcement-training.jpg 1135w, https:\/\/www.kravolution.com\/wp-content\/uploads\/2017\/09\/Law-Enforcement-training-300x99.jpg 300w, https:\/\/www.kravolution.com\/wp-content\/uploads\/2017\/09\/Law-Enforcement-training-768x254.jpg 768w, https:\/\/www.kravolution.com\/wp-content\/uploads\/2017\/09\/Law-Enforcement-training-1024x338.jpg 1024w\" sizes=\"(max-width: 1135px) 100vw, 1135px\" \/><\/strong><\/p>\n<p>Der Krav Maga Law Enforcement Instructor Kurs richtet sich insbesondere an Polizei-Einsatztrainer und Bedienstete von Polizei- und Justizvollzug. Im Mittelpunkt stehen die Vermittlung von Krav Maga Techniken und Strategien zur Selbstverteidigung im Widerspruch zwischen Eigensicherung und der Beachtung von gesetzlichen Bestimmungen, insbesondere der Verh\u00e4ltnism\u00e4\u00dfigkeit.<\/p>\n<p><strong> Inhalt des Law Enforcement Krav Maga Instructor Kurses<br \/>\n<\/strong><\/p>\n<p>Die Inhalte des Law Enforcement Instructor Kurses sind nat\u00fcrlich in erster Linie die Vermittlung von Krav Maga Selbstverteidigungs-Techniken und Taktiken. Speziell hinzu kommen Festlege-, Festnahme-, sowie Transporttechniken gegen einen oder mehrere, bewaffnete oder unbewaffnete Angreifer, alleine oder im Team und deren didaktische Weitergabe im Unterricht f\u00fcr Kolleginnen oder Kollegen.<\/p>\n<p><strong>Die Inhalte im \u00dcberblick:<\/strong><\/p>\n<p>\u2022 Kommunikation und K\u00f6rpersprache<br \/>\n\u2022 taktisches Verhalten in Konfliktsituationen<br \/>\n\u2022 Teamarbeit bei der Selbstverteidigung<br \/>\n\u2022 Verhalten bei \u00dcbergriffen<br \/>\n\u2022 Techniken in Notwehr- und Nothilfesituationen<br \/>\n\u2022 Selbstverteidigung in engen R\u00e4umlichkeiten<br \/>\n\u2022 Selbstverteidigung unter widrigen Bedingungen wie low light\/no light<br \/>\n\u2022 Pr\u00e4vention, Reaktion und Defense gegen Messer-, Stock- oder Schusswaffen-Bedrohungen<br \/>\n\u2022 Hostage- und Anti-Terror Szenarien<strong><br \/>\n<\/strong><\/p>\n<p>&nbsp;<\/p>\n<p>Am Ende des Trainings werden die zuvor erlernten Trainingsinhalte in verschiedenen Drills aus dem Alltag der Sicherheitsfachkr\u00e4fte trainiert. So lernt man nicht nur, die Inhalte zu verinnerlichen, sondern auch, wie man es sp\u00e4ter seinen Sch\u00fctzlingen beibringt.<\/p>\n<p>Die Techniken richten sich nach dem Fortkommen der Teilnehmer, der Lerneffekt im verletzungsfreien Training steht hierbei im Vordergrund. Wir wissen, wie wichtig die volle Einsatzf\u00e4higkeit ist.<\/p>\n<p>Die Unterrichtssprache ist bilingual Englisch und Deutsch, s\u00e4mtliche Krav Maga Techniken sind auf Englisch bezeichnet.<\/p>\n<p>&nbsp;<\/p>\n<hr \/>\n<h2 class=\"highlight\">MILITARY Instructor Course<\/h2>\n<p>&nbsp;<\/p>\n<p><img decoding=\"async\" loading=\"lazy\" class=\"aligncenter wp-image-4720 size-full\" src=\"https:\/\/www.kravolution.com\/wp-content\/uploads\/2018\/05\/military-course.jpg\" alt=\"military krav maga instructor\" width=\"1135\" height=\"375\" srcset=\"https:\/\/www.kravolution.com\/wp-content\/uploads\/2018\/05\/military-course.jpg 1135w, https:\/\/www.kravolution.com\/wp-content\/uploads\/2018\/05\/military-course-300x99.jpg 300w, https:\/\/www.kravolution.com\/wp-content\/uploads\/2018\/05\/military-course-768x254.jpg 768w, https:\/\/www.kravolution.com\/wp-content\/uploads\/2018\/05\/military-course-1024x338.jpg 1024w\" sizes=\"(max-width: 1135px) 100vw, 1135px\" \/><\/p>\n<p>Military Krav Maga is the initial variation of the self-defense and close combat system, which has been developed for the Israeli Defense Forces and is trained by most international military and special forces nowadays. The system refines itself regularly out of real life experiences in extremely violent environments and is like that the most seriously approved method for the military close combat internationally.<\/p>\n<p>Soldiers are being prepared in the shortest amount of time for threat situations and possible close combat attacks, they might face in national and international crisis and war areas.<\/p>\n<p>KRAVolution Krav Maga is a close combat system, ordered officially by a lot of military units worldwide! For example, we are official instructor for the French Foreign Legion and ordered by the German defense ministry.<\/p>\n<p><strong>Content:<\/strong><\/p>\n<ul>\n<li>communication and body language<\/li>\n<li>tactical behavior in conflict situations<\/li>\n<li>teamwork in terms of self-defense<\/li>\n<li>reaction to encroachments<\/li>\n<li>relief-techniques in terms of contact-attacks<\/li>\n<li>techniques in emergency and emergency relief situations<\/li>\n<li>close quarter combat<\/li>\n<li>self-defense under adverse conditions like low light\/no light<\/li>\n<li>self-defense techniques and tactics in a military operation<\/li>\n<li>usage of common objects like hand and long guns, for instance as object against one or multiple attackers<\/li>\n<li>defense of knife-attacks<\/li>\n<li>defense of gun-threats<\/li>\n<li>third party protection<\/li>\n<\/ul>\n<p>In addition, we teach how to use self-defense-scenarios for prevention, reaction and defense in hostage- and anti-terror scenarios.<br \/>\nThe techniques are based on the progress of the participants as the learning effect and the injury-free training are always in the foreground. We know how important it is to be fully operational.<br \/>\nThe end of every lesson is always about the so called drills, where the content you have learned before, will be recalled in everyday scenarios of security-units. This is not only how we teach the participants, but how the participants will teach their students later.<br \/>\nFurthermore, we prepare to pass the final exam, theoretically and practically, to become a Krav Maga Military Instructor.<br \/>\nThe course-language is bilingual in French and English, while all Krav Maga techniques are labelled in English anyways.<\/p>\n<p>&nbsp;<\/p>\n<p><a href=\"https:\/\/www.kravolution.com\/never-give-up\/military-instructor-course\/?lang=en\" target=\"_blank\" rel=\"noopener\"><strong>\u21e5 DATES &amp; REGISTRATION<\/strong><\/a><\/p>\n<p>&nbsp;<\/p>\n","protected":false},"excerpt":{"rendered":"KRAVolution Full-Instructor Kurse Du trainierst bereits Krav Maga oder hast jahrelange Kampfsport Erfahrung? Bist bereit, eine verantwortungsvolle Aufgabe zu \u00fcbernehmen [&hellip;]","protected":false},"author":7,"featured_media":0,"parent":3661,"menu_order":0,"comment_status":"closed","ping_status":"closed","template":"","meta":{"_et_pb_use_builder":"","_et_pb_old_content":"","_et_gb_content_width":"","_mi_skip_tracking":false},"acf":[],"yoast_head":"<!-- This site is optimized with the Yoast SEO plugin v19.13 - https:\/\/yoast.com\/wordpress\/plugins\/seo\/ -->\n<title>Full-Instructor Kurse - KRAVolution<\/title>\n<meta name=\"description\" content=\"KRAVolution Full-Instructor Kurse Du trainierst bereits Krav Maga oder hast jahrelange Kampfsport Erfahrung? Bist bereit, eine verantwortungsvolle Aufgabe\" \/>\n<meta name=\"robots\" content=\"index, follow, max-snippet:-1, max-image-preview:large, max-video-preview:-1\" \/>\n<link rel=\"canonical\" href=\"https:\/\/www.kravolution.com\/de\/education\/full-instructor-courses\/\" \/>\n<meta property=\"og:locale\" content=\"de_DE\" \/>\n<meta property=\"og:type\" content=\"article\" \/>\n<meta property=\"og:title\" content=\"Full-Instructor Kurse - KRAVolution\" \/>\n<meta property=\"og:description\" content=\"KRAVolution Full-Instructor Kurse Du trainierst bereits Krav Maga oder hast jahrelange Kampfsport Erfahrung? Bist bereit, eine verantwortungsvolle Aufgabe\" \/>\n<meta property=\"og:url\" content=\"https:\/\/www.kravolution.com\/de\/education\/full-instructor-courses\/\" \/>\n<meta property=\"og:site_name\" content=\"KRAVolution\" \/>\n<meta property=\"article:modified_time\" content=\"2018-05-28T14:06:25+00:00\" \/>\n<meta property=\"og:image\" content=\"https:\/\/www.kravolution.com\/wp-content\/uploads\/2017\/09\/Law-Enforcement-training.jpg\" \/>\n<meta name=\"twitter:card\" content=\"summary_large_image\" \/>\n<meta name=\"twitter:label1\" content=\"Gesch\u00e4tzte Lesezeit\" \/>\n\t<meta name=\"twitter:data1\" content=\"5 Minuten\" \/>\n<script type=\"application\/ld+json\" class=\"yoast-schema-graph\">{\"@context\":\"https:\/\/schema.org\",\"@graph\":[{\"@type\":\"WebPage\",\"@id\":\"https:\/\/www.kravolution.com\/de\/education\/full-instructor-courses\/\",\"url\":\"https:\/\/www.kravolution.com\/de\/education\/full-instructor-courses\/\",\"name\":\"Full-Instructor Kurse - KRAVolution\",\"isPartOf\":{\"@id\":\"https:\/\/www.kravolution.com\/de\/#website\"},\"datePublished\":\"2017-09-12T13:24:06+00:00\",\"dateModified\":\"2018-05-28T14:06:25+00:00\",\"description\":\"KRAVolution Full-Instructor Kurse Du trainierst bereits Krav Maga oder hast jahrelange Kampfsport Erfahrung? Bist bereit, eine verantwortungsvolle Aufgabe\",\"breadcrumb\":{\"@id\":\"https:\/\/www.kravolution.com\/de\/education\/full-instructor-courses\/#breadcrumb\"},\"inLanguage\":\"de-DE\",\"potentialAction\":[{\"@type\":\"ReadAction\",\"target\":[\"https:\/\/www.kravolution.com\/de\/education\/full-instructor-courses\/\"]}]},{\"@type\":\"BreadcrumbList\",\"@id\":\"https:\/\/www.kravolution.com\/de\/education\/full-instructor-courses\/#breadcrumb\",\"itemListElement\":[{\"@type\":\"ListItem\",\"position\":1,\"name\":\"Home\",\"item\":\"https:\/\/www.kravolution.com\/de\/\"},{\"@type\":\"ListItem\",\"position\":2,\"name\":\"Education\",\"item\":\"https:\/\/www.kravolution.com\/de\/education\/\"},{\"@type\":\"ListItem\",\"position\":3,\"name\":\"Full-Instructor Kurse\"}]},{\"@type\":\"WebSite\",\"@id\":\"https:\/\/www.kravolution.com\/de\/#website\",\"url\":\"https:\/\/www.kravolution.com\/de\/\",\"name\":\"KRAVolution\",\"description\":\"Krav Maga modern israeli selfdefense system\",\"potentialAction\":[{\"@type\":\"SearchAction\",\"target\":{\"@type\":\"EntryPoint\",\"urlTemplate\":\"https:\/\/www.kravolution.com\/de\/?s={search_term_string}\"},\"query-input\":\"required name=search_term_string\"}],\"inLanguage\":\"de-DE\"}]}<\/script>\n<!-- \/ Yoast SEO plugin. -->","yoast_head_json":{"title":"Full-Instructor Kurse - KRAVolution","description":"KRAVolution Full-Instructor Kurse Du trainierst bereits Krav Maga oder hast jahrelange Kampfsport Erfahrung? Bist bereit, eine verantwortungsvolle Aufgabe","robots":{"index":"index","follow":"follow","max-snippet":"max-snippet:-1","max-image-preview":"max-image-preview:large","max-video-preview":"max-video-preview:-1"},"canonical":"https:\/\/www.kravolution.com\/de\/education\/full-instructor-courses\/","og_locale":"de_DE","og_type":"article","og_title":"Full-Instructor Kurse - KRAVolution","og_description":"KRAVolution Full-Instructor Kurse Du trainierst bereits Krav Maga oder hast jahrelange Kampfsport Erfahrung? Bist bereit, eine verantwortungsvolle Aufgabe","og_url":"https:\/\/www.kravolution.com\/de\/education\/full-instructor-courses\/","og_site_name":"KRAVolution","article_modified_time":"2018-05-28T14:06:25+00:00","og_image":[{"url":"https:\/\/www.kravolution.com\/wp-content\/uploads\/2017\/09\/Law-Enforcement-training.jpg"}],"twitter_card":"summary_large_image","twitter_misc":{"Gesch\u00e4tzte Lesezeit":"5 Minuten"},"schema":{"@context":"https:\/\/schema.org","@graph":[{"@type":"WebPage","@id":"https:\/\/www.kravolution.com\/de\/education\/full-instructor-courses\/","url":"https:\/\/www.kravolution.com\/de\/education\/full-instructor-courses\/","name":"Full-Instructor Kurse - KRAVolution","isPartOf":{"@id":"https:\/\/www.kravolution.com\/de\/#website"},"datePublished":"2017-09-12T13:24:06+00:00","dateModified":"2018-05-28T14:06:25+00:00","description":"KRAVolution Full-Instructor Kurse Du trainierst bereits Krav Maga oder hast jahrelange Kampfsport Erfahrung? Bist bereit, eine verantwortungsvolle Aufgabe","breadcrumb":{"@id":"https:\/\/www.kravolution.com\/de\/education\/full-instructor-courses\/#breadcrumb"},"inLanguage":"de-DE","potentialAction":[{"@type":"ReadAction","target":["https:\/\/www.kravolution.com\/de\/education\/full-instructor-courses\/"]}]},{"@type":"BreadcrumbList","@id":"https:\/\/www.kravolution.com\/de\/education\/full-instructor-courses\/#breadcrumb","itemListElement":[{"@type":"ListItem","position":1,"name":"Home","item":"https:\/\/www.kravolution.com\/de\/"},{"@type":"ListItem","position":2,"name":"Education","item":"https:\/\/www.kravolution.com\/de\/education\/"},{"@type":"ListItem","position":3,"name":"Full-Instructor Kurse"}]},{"@type":"WebSite","@id":"https:\/\/www.kravolution.com\/de\/#website","url":"https:\/\/www.kravolution.com\/de\/","name":"KRAVolution","description":"Krav Maga modern israeli selfdefense system","potentialAction":[{"@type":"SearchAction","target":{"@type":"EntryPoint","urlTemplate":"https:\/\/www.kravolution.com\/de\/?s={search_term_string}"},"query-input":"required name=search_term_string"}],"inLanguage":"de-DE"}]}},"_links":{"self":[{"href":"https:\/\/www.kravolution.com\/de\/wp-json\/wp\/v2\/pages\/3663"}],"collection":[{"href":"https:\/\/www.kravolution.com\/de\/wp-json\/wp\/v2\/pages"}],"about":[{"href":"https:\/\/www.kravolution.com\/de\/wp-json\/wp\/v2\/types\/page"}],"author":[{"embeddable":true,"href":"https:\/\/www.kravolution.com\/de\/wp-json\/wp\/v2\/users\/7"}],"replies":[{"embeddable":true,"href":"https:\/\/www.kravolution.com\/de\/wp-json\/wp\/v2\/comments?post=3663"}],"version-history":[{"count":5,"href":"https:\/\/www.kravolution.com\/de\/wp-json\/wp\/v2\/pages\/3663\/revisions"}],"predecessor-version":[{"id":4849,"href":"https:\/\/www.kravolution.com\/de\/wp-json\/wp\/v2\/pages\/3663\/revisions\/4849"}],"up":[{"embeddable":true,"href":"https:\/\/www.kravolution.com\/de\/wp-json\/wp\/v2\/pages\/3661"}],"wp:attachment":[{"href":"https:\/\/www.kravolution.com\/de\/wp-json\/wp\/v2\/media?parent=3663"}],"curies":[{"name":"wp","href":"https:\/\/api.w.org\/{rel}","templated":true}]}}