{"id":3659,"date":"2017-09-12T15:01:16","date_gmt":"2017-09-12T13:01:16","guid":{"rendered":"https:\/\/wwwv2.kravolution.com\/organisation\/school-owners\/"},"modified":"2020-09-08T14:33:58","modified_gmt":"2020-09-08T12:33:58","slug":"school-owners","status":"publish","type":"page","link":"https:\/\/www.kravolution.com\/de\/organisation\/school-owners\/","title":{"rendered":"Besitzer von Krav Maga-Schulen"},"content":{"rendered":"<h1>Vorteile f\u00fcr Besitzer eigener Krav Maga-Schulen<\/h1>\n<p>Eine verbandsorientierte Franchise-Struktur und F\u00fchrung durch eine Doppelspitze auf Verbandsebene mit Business Management und Head Instructor sowie erfrischend flache Hierarchein zeichnen und aus. Wir halten nichts von strengen Regularien oder dauerhaft bindende Vertr\u00e4ge, lediglich die Verpflichtung zur Einhaltung des Code of Conduct ist uns wichtig.<\/p>\n<p>Wir garantieren ein einheitliches und vor allem faires Abrechnungssystem inklusive Kosten- und Verwendungstransparenz, sowie ein unentgeltliches und einheitliches Club-Management und Membersystem. Auch leistungsorientierte Verg\u00fctung von Seminaren und Events nach Aufwand sowie eine faire und offene Kostenstruktur f\u00fcr eine einheitliche Au\u00dfendarstellung sind uns wichtig.<\/p>\n<p>Bei uns herrschen keine starren Strukturen, sondern demokratische Entscheidungsm\u00f6glichkeiten, wir bieten die Integration in ein funktionierendes Selbstverteidigungs-, Marketing- und Vertriebssystem sowie individuelle Marketing- und Management-Beratung inklusive Aus- und Weiterbildung mit schl\u00fcssigen Konzepten und der M\u00f6glichkeit zur individuellen Weiterentwicklung der eigenen Schule mit demokratischer Wahl von Funktion\u00e4ren und Amtsinhabern.<\/p>\n<p>Eigene Werbung wird unterst\u00fctzt und nicht zwangsweise vereinheitlicht, um ein stimmiges Corporate Design zu garantieren, dennoch in \u00fcberregionale Werbekampagnen integriert.<\/p>\n<hr \/>\n<div class=\"row\">\n<div class=\"col-xs-12 col-sm-6\">\n<p><span style=\"font-size: 14pt; color: #bf0000;\"><strong>1. Mehr Students f\u00fcr deine Schule!<\/strong><\/span><\/p>\n<p>Wir unterst\u00fctzen dich und lassen dir zugleich freie Hand! Eine Franchise-Struktur und die F\u00fchrung von <strong>KRAVolution<\/strong> durch eine Doppelspitze aus Business Management und Head Instructor erleichtern dir das Clubmanagement und deine Schule ganz nach oben zu bringen.<\/p>\n<\/div>\n<div class=\"col-xs-12 col-sm-6\"><img decoding=\"async\" loading=\"lazy\" class=\"aligncenter size-full wp-image-1843\" src=\"https:\/\/www.kravolution.com\/wp-content\/uploads\/2017\/09\/run-into-your-class-small.jpg\" alt=\"\" width=\"576\" height=\"375\" srcset=\"https:\/\/www.kravolution.com\/wp-content\/uploads\/2017\/09\/run-into-your-class-small.jpg 576w, https:\/\/www.kravolution.com\/wp-content\/uploads\/2017\/09\/run-into-your-class-small-300x195.jpg 300w\" sizes=\"(max-width: 576px) 100vw, 576px\" \/><\/div>\n<\/div>\n<hr \/>\n<div class=\"row\">\n<div class=\"col-xs-12 col-sm-6\">\n<p><span style=\"font-size: 14pt; color: #bf0000;\"><strong>2. Business &amp; Marketing Taskforce (BMT)<\/strong><\/span><\/p>\n<p>Unser eigenst\u00e4ndig entwickeltes eigenes <strong>Club Management System<\/strong> hilft auch dir beim Management deines eigenen <strong>KRAVolution<\/strong>-Clubs und deiner Mitglieder. Eine erfahrene und professionelle Marketing Taskforce steht dir zur Seite, um erfolgreich deinen Club aufzubauen und weiterzuentwickeln.<\/p>\n<\/div>\n<div class=\"col-xs-12 col-sm-6\">Unser einzigartiges <strong>KRAVolution-Magazin<\/strong> dient einerseits als tolles Handout f\u00fcr deine Sch\u00fcler, bietet sich aber auch optimal als Printmedium zur Promotion deiner Seminare und Events an.<\/div>\n<div class=\"col-xs-12 col-sm-6\"><img decoding=\"async\" loading=\"lazy\" class=\"aligncenter size-full wp-image-1865\" src=\"https:\/\/www.kravolution.com\/wp-content\/uploads\/2017\/09\/bmt-1.jpg\" alt=\"\" width=\"576\" height=\"375\" srcset=\"https:\/\/www.kravolution.com\/wp-content\/uploads\/2017\/09\/bmt-1.jpg 576w, https:\/\/www.kravolution.com\/wp-content\/uploads\/2017\/09\/bmt-1-300x195.jpg 300w\" sizes=\"(max-width: 576px) 100vw, 576px\" \/><\/div>\n<\/div>\n<hr \/>\n<p><span style=\"font-size: 14pt; color: #bf0000;\"><strong>3. Business &amp; Marketing Tools<\/strong><\/span><\/p>\n<div class=\"row\">\n<div class=\"col-xs-12 col-sm-6\">Mit unserer <strong>KRAVolution Krav Maga Member Card<\/strong> kannst du deine Mitglieder ganz einfach und praktisch bei Training einloggen, ihre Teilnahme nachvollziehen und die Daten an die Buchhaltung weitergeben. Auch f\u00fcr statistische und Marketing-Strategien ist sie hilfreich. Deine Member k\u00f6nnen so auch ganz leicht Teilnahme, Bilder, Seminare und eigene Zertifikate einsehen, ganz ohne veraltete IDs. Modern und up-to-date, ganz genau wie KRAVolution.<\/div>\n<div><\/div>\n<div class=\"col-xs-12 col-sm-6\"><img decoding=\"async\" loading=\"lazy\" class=\"aligncenter size-full wp-image-1863\" src=\"https:\/\/www.kravolution.com\/wp-content\/uploads\/2017\/09\/business-marketingtools.jpg\" alt=\"\" width=\"576\" height=\"375\" srcset=\"https:\/\/www.kravolution.com\/wp-content\/uploads\/2017\/09\/business-marketingtools.jpg 576w, https:\/\/www.kravolution.com\/wp-content\/uploads\/2017\/09\/business-marketingtools-300x195.jpg 300w\" sizes=\"(max-width: 576px) 100vw, 576px\" \/><\/div>\n<\/div>\n<hr \/>\n<div class=\"row\">\n<div class=\"col-xs-12 col-sm-6\">\n<p><span style=\"font-size: 14pt; color: #bf0000;\"><strong>4. KRAVolution Kleidung und Ausr\u00fcstung<br \/>\n<\/strong><\/span><\/p>\n<p>Du willst mehr als nur T-Shirts? Unsere eigene <strong>KRAVolution<\/strong>-Ausr\u00fcstungslinie f\u00fcr alle Bereiche\u2026Kleidung, Kampfequaipment, Patches, spezielle Kleidung f\u00fcr Instructoren und vieles mehr befinden sich in unserem Sortiment. Praktisch kann so gut aussehen! Unsere \u201eUnder Armour\u201c und \u201e5.11 tactical\u201c haben sich bereits breit gef\u00e4chert auf dem Markt etabliert.<\/p>\n<p>Dar\u00fcber hinaus kannst du nat\u00fcrlich auch weiterhin problemlos deine eigenen Produkte in deinem Club anbieten. Dein Club, deine Regeln. Alles was wir verlangen, ist die Verpflichtung zu unserem Code of Conduct, dar\u00fcber hinaus wollen wir keine strikten Vorgaben, Regeln oder Verbote aussprechen.<strong><br \/>\n<\/strong><\/p>\n<\/div>\n<div class=\"col-xs-12 col-sm-6\"><img decoding=\"async\" loading=\"lazy\" class=\"aligncenter size-full wp-image-1871\" src=\"https:\/\/www.kravolution.com\/wp-content\/uploads\/2017\/09\/kravolution-merchandise-small-1.jpg\" alt=\"\" width=\"576\" height=\"375\" srcset=\"https:\/\/www.kravolution.com\/wp-content\/uploads\/2017\/09\/kravolution-merchandise-small-1.jpg 576w, https:\/\/www.kravolution.com\/wp-content\/uploads\/2017\/09\/kravolution-merchandise-small-1-300x195.jpg 300w\" sizes=\"(max-width: 576px) 100vw, 576px\" \/><\/div>\n<\/div>\n<hr \/>\n<p><span style=\"font-size: 14pt; color: #bf0000;\"><strong>5. Nutze die Marke KRAVolution f\u00fcr deine Schule<br \/>\n<\/strong><\/span><\/p>\n<div class=\"row\">\n<div class=\"col-xs-12 col-sm-6\">Wir bieten dir die M\u00f6glichkeit, dich \u00fcber uns zu einem <strong>Marketing- und Management- Training<\/strong> anzumelden. Mach dich und deine Krav Maga-Schule durch eigene und individuelle Werbung zur Marke und profitiere gleichzeitig von unserer \u00fcberregionalen Marketing Kampagne mit einheitlichem und bew\u00e4hrtem Corporate Design.<\/div>\n<div class=\"col-xs-12 col-sm-6\">Dar\u00fcber hinaus erfolgt eine leistungsorientierte Bezahlung von Seminaren und Veranstaltungen nach Aufwand. F\u00fcr eine koh\u00e4rente Au\u00dfendarstellung ist uns eine faire und offene Kostenstruktur sehr wichtig.<\/div>\n<div><\/div>\n<div class=\"col-xs-12 col-sm-6\"><img decoding=\"async\" loading=\"lazy\" class=\"aligncenter size-full wp-image-1882\" src=\"https:\/\/www.kravolution.com\/wp-content\/uploads\/2017\/09\/brands-small.jpg\" alt=\"\" width=\"576\" height=\"375\" srcset=\"https:\/\/www.kravolution.com\/wp-content\/uploads\/2017\/09\/brands-small.jpg 576w, https:\/\/www.kravolution.com\/wp-content\/uploads\/2017\/09\/brands-small-300x195.jpg 300w\" sizes=\"(max-width: 576px) 100vw, 576px\" \/><\/div>\n<\/div>\n<hr \/>\n<p><span style=\"font-size: 14pt; color: #bf0000;\"><strong>6. You are the future!<\/strong><\/span><\/p>\n<div class=\"row\">\n<div class=\"col-xs-12 col-sm-6\">\n<p>Werde Teil von <strong>KRAVolution<\/strong> und entwickle dich mit uns gemeinsam. Modern, unabh\u00e4ngig, zukunftsgerichtet \u2013 Das sind wir und wollen es zusammen mit dir sein!<\/p>\n<p>&nbsp;<\/p>\n<p><span class=\"highglight\" style=\"font-size: 14pt; color: #bf0000;\"><a href=\"https:\/\/www.kravolution.com\/contact\/\"><span class=\"highlight\"><strong>Nimm Kontakt zu uns auf!<\/strong><\/span><\/a><\/span><\/p>\n<\/div>\n<div><\/div>\n<div class=\"col-xs-12 col-sm-6\"><img decoding=\"async\" loading=\"lazy\" class=\"aligncenter size-full wp-image-1992 img-responsive\" src=\"https:\/\/www.kravolution.com\/wp-content\/uploads\/2017\/09\/you-are-the-future.jpg\" alt=\"\" width=\"576\" height=\"375\" srcset=\"https:\/\/www.kravolution.com\/wp-content\/uploads\/2017\/09\/you-are-the-future.jpg 576w, https:\/\/www.kravolution.com\/wp-content\/uploads\/2017\/09\/you-are-the-future-300x195.jpg 300w\" sizes=\"(max-width: 576px) 100vw, 576px\" \/><\/div>\n<\/div>\n","protected":false},"excerpt":{"rendered":"Vorteile f\u00fcr Besitzer eigener Krav Maga-Schulen Eine verbandsorientierte Franchise-Struktur und F\u00fchrung durch eine Doppelspitze auf Verbandsebene mit Business Management und [&hellip;]","protected":false},"author":7,"featured_media":0,"parent":3154,"menu_order":0,"comment_status":"closed","ping_status":"closed","template":"","meta":{"_et_pb_use_builder":"","_et_pb_old_content":"","_et_gb_content_width":"","_mi_skip_tracking":false},"acf":[],"yoast_head":"<!-- This site is optimized with the Yoast SEO plugin v19.13 - https:\/\/yoast.com\/wordpress\/plugins\/seo\/ -->\n<title>Besitzer von Krav Maga-Schulen - KRAVolution<\/title>\n<meta name=\"description\" content=\"Vorteile f\u00fcr Besitzer eigener Krav Maga-Schulen Eine verbandsorientierte Franchise-Struktur und F\u00fchrung durch eine Doppelspitze auf Verbandsebene mit\" \/>\n<meta name=\"robots\" content=\"index, follow, max-snippet:-1, max-image-preview:large, max-video-preview:-1\" \/>\n<link rel=\"canonical\" href=\"https:\/\/www.kravolution.com\/de\/organisation\/school-owners\/\" \/>\n<meta property=\"og:locale\" content=\"de_DE\" \/>\n<meta property=\"og:type\" content=\"article\" \/>\n<meta property=\"og:title\" content=\"Besitzer von Krav Maga-Schulen - KRAVolution\" \/>\n<meta property=\"og:description\" content=\"Vorteile f\u00fcr Besitzer eigener Krav Maga-Schulen Eine verbandsorientierte Franchise-Struktur und F\u00fchrung durch eine Doppelspitze auf Verbandsebene mit\" \/>\n<meta property=\"og:url\" content=\"https:\/\/www.kravolution.com\/de\/organisation\/school-owners\/\" \/>\n<meta property=\"og:site_name\" content=\"KRAVolution\" \/>\n<meta property=\"article:modified_time\" content=\"2020-09-08T12:33:58+00:00\" \/>\n<meta property=\"og:image\" content=\"https:\/\/www.kravolution.com\/wp-content\/uploads\/2017\/09\/run-into-your-class-small.jpg\" \/>\n<meta name=\"twitter:card\" content=\"summary_large_image\" \/>\n<meta name=\"twitter:label1\" content=\"Gesch\u00e4tzte Lesezeit\" \/>\n\t<meta name=\"twitter:data1\" content=\"3 Minuten\" \/>\n<script type=\"application\/ld+json\" class=\"yoast-schema-graph\">{\"@context\":\"https:\/\/schema.org\",\"@graph\":[{\"@type\":\"WebPage\",\"@id\":\"https:\/\/www.kravolution.com\/de\/organisation\/school-owners\/\",\"url\":\"https:\/\/www.kravolution.com\/de\/organisation\/school-owners\/\",\"name\":\"Besitzer von Krav Maga-Schulen - KRAVolution\",\"isPartOf\":{\"@id\":\"https:\/\/www.kravolution.com\/de\/#website\"},\"datePublished\":\"2017-09-12T13:01:16+00:00\",\"dateModified\":\"2020-09-08T12:33:58+00:00\",\"description\":\"Vorteile f\u00fcr Besitzer eigener Krav Maga-Schulen Eine verbandsorientierte Franchise-Struktur und F\u00fchrung durch eine Doppelspitze auf Verbandsebene mit\",\"breadcrumb\":{\"@id\":\"https:\/\/www.kravolution.com\/de\/organisation\/school-owners\/#breadcrumb\"},\"inLanguage\":\"de-DE\",\"potentialAction\":[{\"@type\":\"ReadAction\",\"target\":[\"https:\/\/www.kravolution.com\/de\/organisation\/school-owners\/\"]}]},{\"@type\":\"BreadcrumbList\",\"@id\":\"https:\/\/www.kravolution.com\/de\/organisation\/school-owners\/#breadcrumb\",\"itemListElement\":[{\"@type\":\"ListItem\",\"position\":1,\"name\":\"Home\",\"item\":\"https:\/\/www.kravolution.com\/de\/\"},{\"@type\":\"ListItem\",\"position\":2,\"name\":\"Organisation\",\"item\":\"https:\/\/www.kravolution.com\/de\/organisation\/\"},{\"@type\":\"ListItem\",\"position\":3,\"name\":\"Besitzer von Krav Maga-Schulen\"}]},{\"@type\":\"WebSite\",\"@id\":\"https:\/\/www.kravolution.com\/de\/#website\",\"url\":\"https:\/\/www.kravolution.com\/de\/\",\"name\":\"KRAVolution\",\"description\":\"Krav Maga modern israeli selfdefense system\",\"potentialAction\":[{\"@type\":\"SearchAction\",\"target\":{\"@type\":\"EntryPoint\",\"urlTemplate\":\"https:\/\/www.kravolution.com\/de\/?s={search_term_string}\"},\"query-input\":\"required name=search_term_string\"}],\"inLanguage\":\"de-DE\"}]}<\/script>\n<!-- \/ Yoast SEO plugin. -->","yoast_head_json":{"title":"Besitzer von Krav Maga-Schulen - KRAVolution","description":"Vorteile f\u00fcr Besitzer eigener Krav Maga-Schulen Eine verbandsorientierte Franchise-Struktur und F\u00fchrung durch eine Doppelspitze auf Verbandsebene mit","robots":{"index":"index","follow":"follow","max-snippet":"max-snippet:-1","max-image-preview":"max-image-preview:large","max-video-preview":"max-video-preview:-1"},"canonical":"https:\/\/www.kravolution.com\/de\/organisation\/school-owners\/","og_locale":"de_DE","og_type":"article","og_title":"Besitzer von Krav Maga-Schulen - KRAVolution","og_description":"Vorteile f\u00fcr Besitzer eigener Krav Maga-Schulen Eine verbandsorientierte Franchise-Struktur und F\u00fchrung durch eine Doppelspitze auf Verbandsebene mit","og_url":"https:\/\/www.kravolution.com\/de\/organisation\/school-owners\/","og_site_name":"KRAVolution","article_modified_time":"2020-09-08T12:33:58+00:00","og_image":[{"url":"https:\/\/www.kravolution.com\/wp-content\/uploads\/2017\/09\/run-into-your-class-small.jpg"}],"twitter_card":"summary_large_image","twitter_misc":{"Gesch\u00e4tzte Lesezeit":"3 Minuten"},"schema":{"@context":"https:\/\/schema.org","@graph":[{"@type":"WebPage","@id":"https:\/\/www.kravolution.com\/de\/organisation\/school-owners\/","url":"https:\/\/www.kravolution.com\/de\/organisation\/school-owners\/","name":"Besitzer von Krav Maga-Schulen - KRAVolution","isPartOf":{"@id":"https:\/\/www.kravolution.com\/de\/#website"},"datePublished":"2017-09-12T13:01:16+00:00","dateModified":"2020-09-08T12:33:58+00:00","description":"Vorteile f\u00fcr Besitzer eigener Krav Maga-Schulen Eine verbandsorientierte Franchise-Struktur und F\u00fchrung durch eine Doppelspitze auf Verbandsebene mit","breadcrumb":{"@id":"https:\/\/www.kravolution.com\/de\/organisation\/school-owners\/#breadcrumb"},"inLanguage":"de-DE","potentialAction":[{"@type":"ReadAction","target":["https:\/\/www.kravolution.com\/de\/organisation\/school-owners\/"]}]},{"@type":"BreadcrumbList","@id":"https:\/\/www.kravolution.com\/de\/organisation\/school-owners\/#breadcrumb","itemListElement":[{"@type":"ListItem","position":1,"name":"Home","item":"https:\/\/www.kravolution.com\/de\/"},{"@type":"ListItem","position":2,"name":"Organisation","item":"https:\/\/www.kravolution.com\/de\/organisation\/"},{"@type":"ListItem","position":3,"name":"Besitzer von Krav Maga-Schulen"}]},{"@type":"WebSite","@id":"https:\/\/www.kravolution.com\/de\/#website","url":"https:\/\/www.kravolution.com\/de\/","name":"KRAVolution","description":"Krav Maga modern israeli selfdefense system","potentialAction":[{"@type":"SearchAction","target":{"@type":"EntryPoint","urlTemplate":"https:\/\/www.kravolution.com\/de\/?s={search_term_string}"},"query-input":"required name=search_term_string"}],"inLanguage":"de-DE"}]}},"_links":{"self":[{"href":"https:\/\/www.kravolution.com\/de\/wp-json\/wp\/v2\/pages\/3659"}],"collection":[{"href":"https:\/\/www.kravolution.com\/de\/wp-json\/wp\/v2\/pages"}],"about":[{"href":"https:\/\/www.kravolution.com\/de\/wp-json\/wp\/v2\/types\/page"}],"author":[{"embeddable":true,"href":"https:\/\/www.kravolution.com\/de\/wp-json\/wp\/v2\/users\/7"}],"replies":[{"embeddable":true,"href":"https:\/\/www.kravolution.com\/de\/wp-json\/wp\/v2\/comments?post=3659"}],"version-history":[{"count":6,"href":"https:\/\/www.kravolution.com\/de\/wp-json\/wp\/v2\/pages\/3659\/revisions"}],"predecessor-version":[{"id":28648,"href":"https:\/\/www.kravolution.com\/de\/wp-json\/wp\/v2\/pages\/3659\/revisions\/28648"}],"up":[{"embeddable":true,"href":"https:\/\/www.kravolution.com\/de\/wp-json\/wp\/v2\/pages\/3154"}],"wp:attachment":[{"href":"https:\/\/www.kravolution.com\/de\/wp-json\/wp\/v2\/media?parent=3659"}],"curies":[{"name":"wp","href":"https:\/\/api.w.org\/{rel}","templated":true}]}}