{"id":3657,"date":"2017-09-12T14:59:44","date_gmt":"2017-09-12T12:59:44","guid":{"rendered":"https:\/\/wwwv2.kravolution.com\/organisation\/structure-of-kravolution\/"},"modified":"2019-12-02T11:53:05","modified_gmt":"2019-12-02T10:53:05","slug":"structure-of-kravolution","status":"publish","type":"page","link":"https:\/\/www.kravolution.com\/de\/organisation\/structure-of-kravolution\/","title":{"rendered":"Die Struktur von KRAVolution"},"content":{"rendered":"<h1>Die Struktur von KRAVolution<\/h1>\n<p>&nbsp;<\/p>\n<h2>Vorteile f\u00fcr KRAVolution-Students<\/h2>\n<p>Im Gegensatz zu vielen anderen Vereinen ist es nicht unser Ziel, unseren Sch\u00fclern ein striktes Curriculum aufzudr\u00fccken, sondern bestimmte Prinzipien stehen im Vordergrund. Das blo\u00dfe Auswendiglernen von einstudierten Techniken und ihrer Abfolge ist nicht das, was in realen Gefahrensituationen hilft und daher auch nicht das, was wir lehren wollen.<\/p>\n<p>Das zeigt sich auch darin, wie wir stets um Verbesserung und Weiterentwicklung bem\u00fcht sind. Durch fortlaufende Weiterentwicklung durch unser internationales Team und ein j\u00e4hrliches Treffen all unserer Instructoren stellen wir sicher, dass wir stets in Bewegung bleiben, dass es niemals einen Stillstand gibt, dass wir unseren Membern zu jedem Zeitpunkt garantieren k\u00f6nnen auf dem neuesten Stand zu sein. All unsere Techniken stehen fortlaufend auf dem Pr\u00fcfstand und m\u00fcssen sich immer wieder behaupten \u2013 Im Training wie auch im Leben. Auch unsere Ausbilder ruhen sich nicht auf ihrer Lizenz aus. Sie m\u00fcssen sich fortlaufend weiterbilden, um einen dauerhaft hohen Ausbildungsstand f\u00fcr die Sch\u00fcler gew\u00e4hrleisten zu k\u00f6nnen.<\/p>\n<p>Zur individuellen Weiterentwicklung garantieren wir unseren Membern fortlaufende Testingm\u00f6glichkeiten mindestens alle drei Monate am eigenen Standort. Conditional Pass gibt es bei uns nicht. Ein Test wird entweder bestanden, oder kann jederzeit wiederholt werden. Auch auf starre Sperrzeiten der Testingm\u00f6glichkeiten f\u00fcr Anf\u00e4nger verzichten wir. Alle bereits bei anderen international anerkannten Organisationen wie IKMF oder KMG erworbenen Level k\u00f6nnen problemlos \u00fcbernommen werden, f\u00fcr aus nicht anerkannten Organisationen wechselnde Students bieten wir spezielle \u201etransition courses\u201c.<\/p>\n<p>Eine <strong>KRAVolution<\/strong>-Mitglieschaft bringt zahlreiche Vorteile mit sich. Die verg\u00fcnstigte Teilnahme an Seminaren wie auch verg\u00fcnstigte Bestellung im <strong><a href=\"https:\/\/kravolution.de\/\">KRAVolution Onlineshop<\/a><\/strong>. Unsere Mitglieder haben dar\u00fcber hinaus stets die M\u00f6glichkeit zum kostenfreien Training an s\u00e4mtlichen nationalen und internationalen Standort. So muss auch in den Ferien nicht auf das Training verzichtet werden \u2013 g\u00e4nzlich ohne entstehende zus\u00e4tzliche Kosten.<\/p>\n<p>Ein Mitglied bei <strong>KRAVolution<\/strong> zu sein macht dich zu einem Mitglied einer au\u00dfergew\u00f6hnlich starken internationalen Gemeinschaft!<\/p>\n<p>&nbsp;<\/p>\n<hr \/>\n<h2>Vorteile f\u00fcr KRAVolution-Instructoren<\/h2>\n<p>Wir sind stolz auf unser freundschaftliches Miteinander. Wie glauben daran, dass ihr zu uns kommt und bei uns bleibt, weil wir die besten sind, nicht weil wir euch dazu verpflichten. Daher verzichten wir auf dauerhaft bindende Vertr\u00e4ge und strenge Regularien, lediglich die Verpflichtung zur Einhaltung des Code of Conducts ist uns wichtig. Wir bieten eine verbandsorientierte Franchise-Struktur, eine flache und unb\u00fcrokratische Hierarchie, demokratisch gew\u00e4hlte Ansprechpartner, direkte Kontaktm\u00f6glichkeiten zu verbandsinternen Ansprechpartnern, die M\u00f6glichkeit zur individuellen Weiterentwicklung sowie nationale und internationale Unterst\u00fctzung durch ein weltweites <strong>KRAVolution Expert Team<\/strong>. Au\u00dferdem bieten wir unseren Instructoren Testing Programme, damit sie in der Lage sind, Sch\u00fcler von anderen Schulen selbst zu testen.\u00a0 Besonders aber zeichnet uns unser offenes Trainingssystem und der Unterricht nach Prinzipien statt nach reinen Techniken aus. Wir trainieren Krav Maga und seine Prinzipien und kein Curriculum.<\/p>\n<p>F\u00fcr Ausbilder gilt genau wie f\u00fcr Students: Alle bei international anerkannten Organisationen wie IKMF oder KMG erworbenen Level werden anerkannt und k\u00f6nnen \u00fcbernommen werden. F\u00fcr Instructoren aus nicht international anerkannten Organisationen bieten wir spezielle \u201etransition courses\u201c und M\u00f6glichkeiten der Anerkennung.<\/p>\n<p>F\u00fcr uns an erster Stelle stehen Qualit\u00e4t des Trainings und des Ausbilders. Wir brauchen und wollen die besten Ausbilder. Nur diejenigen, denen der Job etwas bedeutet, die ihn beherrschen. Denn dass unsere Students das bestm\u00f6glich Training erhalten, ist f\u00fcr uns das Allerwichtigste!<\/p>\n<p>&nbsp;<\/p>\n","protected":false},"excerpt":{"rendered":"Die Struktur von KRAVolution &nbsp; Vorteile f\u00fcr KRAVolution-Students Im Gegensatz zu vielen anderen Vereinen ist es nicht unser Ziel, unseren [&hellip;]","protected":false},"author":7,"featured_media":0,"parent":3154,"menu_order":0,"comment_status":"closed","ping_status":"closed","template":"","meta":{"_et_pb_use_builder":"","_et_pb_old_content":"","_et_gb_content_width":"","_mi_skip_tracking":false},"acf":[],"yoast_head":"<!-- This site is optimized with the Yoast SEO plugin v19.13 - https:\/\/yoast.com\/wordpress\/plugins\/seo\/ -->\n<title>Die Struktur von KRAVolution - KRAVolution<\/title>\n<meta name=\"description\" content=\"Die Struktur von KRAVolution &nbsp; Vorteile f\u00fcr KRAVolution-Students Im Gegensatz zu vielen anderen Vereinen ist es nicht unser Ziel, unseren Sch\u00fclern\" \/>\n<meta name=\"robots\" content=\"index, follow, max-snippet:-1, max-image-preview:large, max-video-preview:-1\" \/>\n<link rel=\"canonical\" href=\"https:\/\/www.kravolution.com\/de\/organisation\/structure-of-kravolution\/\" \/>\n<meta property=\"og:locale\" content=\"de_DE\" \/>\n<meta property=\"og:type\" content=\"article\" \/>\n<meta property=\"og:title\" content=\"Die Struktur von KRAVolution - KRAVolution\" \/>\n<meta property=\"og:description\" content=\"Die Struktur von KRAVolution &nbsp; Vorteile f\u00fcr KRAVolution-Students Im Gegensatz zu vielen anderen Vereinen ist es nicht unser Ziel, unseren Sch\u00fclern\" \/>\n<meta property=\"og:url\" content=\"https:\/\/www.kravolution.com\/de\/organisation\/structure-of-kravolution\/\" \/>\n<meta property=\"og:site_name\" content=\"KRAVolution\" \/>\n<meta property=\"article:modified_time\" content=\"2019-12-02T10:53:05+00:00\" \/>\n<meta name=\"twitter:card\" content=\"summary_large_image\" \/>\n<meta name=\"twitter:label1\" content=\"Gesch\u00e4tzte Lesezeit\" \/>\n\t<meta name=\"twitter:data1\" content=\"3 Minuten\" \/>\n<script type=\"application\/ld+json\" class=\"yoast-schema-graph\">{\"@context\":\"https:\/\/schema.org\",\"@graph\":[{\"@type\":\"WebPage\",\"@id\":\"https:\/\/www.kravolution.com\/de\/organisation\/structure-of-kravolution\/\",\"url\":\"https:\/\/www.kravolution.com\/de\/organisation\/structure-of-kravolution\/\",\"name\":\"Die Struktur von KRAVolution - KRAVolution\",\"isPartOf\":{\"@id\":\"https:\/\/www.kravolution.com\/de\/#website\"},\"datePublished\":\"2017-09-12T12:59:44+00:00\",\"dateModified\":\"2019-12-02T10:53:05+00:00\",\"description\":\"Die Struktur von KRAVolution &nbsp; Vorteile f\u00fcr KRAVolution-Students Im Gegensatz zu vielen anderen Vereinen ist es nicht unser Ziel, unseren Sch\u00fclern\",\"breadcrumb\":{\"@id\":\"https:\/\/www.kravolution.com\/de\/organisation\/structure-of-kravolution\/#breadcrumb\"},\"inLanguage\":\"de-DE\",\"potentialAction\":[{\"@type\":\"ReadAction\",\"target\":[\"https:\/\/www.kravolution.com\/de\/organisation\/structure-of-kravolution\/\"]}]},{\"@type\":\"BreadcrumbList\",\"@id\":\"https:\/\/www.kravolution.com\/de\/organisation\/structure-of-kravolution\/#breadcrumb\",\"itemListElement\":[{\"@type\":\"ListItem\",\"position\":1,\"name\":\"Home\",\"item\":\"https:\/\/www.kravolution.com\/de\/\"},{\"@type\":\"ListItem\",\"position\":2,\"name\":\"Organisation\",\"item\":\"https:\/\/www.kravolution.com\/de\/organisation\/\"},{\"@type\":\"ListItem\",\"position\":3,\"name\":\"Die Struktur von KRAVolution\"}]},{\"@type\":\"WebSite\",\"@id\":\"https:\/\/www.kravolution.com\/de\/#website\",\"url\":\"https:\/\/www.kravolution.com\/de\/\",\"name\":\"KRAVolution\",\"description\":\"Krav Maga modern israeli selfdefense system\",\"potentialAction\":[{\"@type\":\"SearchAction\",\"target\":{\"@type\":\"EntryPoint\",\"urlTemplate\":\"https:\/\/www.kravolution.com\/de\/?s={search_term_string}\"},\"query-input\":\"required name=search_term_string\"}],\"inLanguage\":\"de-DE\"}]}<\/script>\n<!-- \/ Yoast SEO plugin. -->","yoast_head_json":{"title":"Die Struktur von KRAVolution - KRAVolution","description":"Die Struktur von KRAVolution &nbsp; Vorteile f\u00fcr KRAVolution-Students Im Gegensatz zu vielen anderen Vereinen ist es nicht unser Ziel, unseren Sch\u00fclern","robots":{"index":"index","follow":"follow","max-snippet":"max-snippet:-1","max-image-preview":"max-image-preview:large","max-video-preview":"max-video-preview:-1"},"canonical":"https:\/\/www.kravolution.com\/de\/organisation\/structure-of-kravolution\/","og_locale":"de_DE","og_type":"article","og_title":"Die Struktur von KRAVolution - KRAVolution","og_description":"Die Struktur von KRAVolution &nbsp; Vorteile f\u00fcr KRAVolution-Students Im Gegensatz zu vielen anderen Vereinen ist es nicht unser Ziel, unseren Sch\u00fclern","og_url":"https:\/\/www.kravolution.com\/de\/organisation\/structure-of-kravolution\/","og_site_name":"KRAVolution","article_modified_time":"2019-12-02T10:53:05+00:00","twitter_card":"summary_large_image","twitter_misc":{"Gesch\u00e4tzte Lesezeit":"3 Minuten"},"schema":{"@context":"https:\/\/schema.org","@graph":[{"@type":"WebPage","@id":"https:\/\/www.kravolution.com\/de\/organisation\/structure-of-kravolution\/","url":"https:\/\/www.kravolution.com\/de\/organisation\/structure-of-kravolution\/","name":"Die Struktur von KRAVolution - KRAVolution","isPartOf":{"@id":"https:\/\/www.kravolution.com\/de\/#website"},"datePublished":"2017-09-12T12:59:44+00:00","dateModified":"2019-12-02T10:53:05+00:00","description":"Die Struktur von KRAVolution &nbsp; Vorteile f\u00fcr KRAVolution-Students Im Gegensatz zu vielen anderen Vereinen ist es nicht unser Ziel, unseren Sch\u00fclern","breadcrumb":{"@id":"https:\/\/www.kravolution.com\/de\/organisation\/structure-of-kravolution\/#breadcrumb"},"inLanguage":"de-DE","potentialAction":[{"@type":"ReadAction","target":["https:\/\/www.kravolution.com\/de\/organisation\/structure-of-kravolution\/"]}]},{"@type":"BreadcrumbList","@id":"https:\/\/www.kravolution.com\/de\/organisation\/structure-of-kravolution\/#breadcrumb","itemListElement":[{"@type":"ListItem","position":1,"name":"Home","item":"https:\/\/www.kravolution.com\/de\/"},{"@type":"ListItem","position":2,"name":"Organisation","item":"https:\/\/www.kravolution.com\/de\/organisation\/"},{"@type":"ListItem","position":3,"name":"Die Struktur von KRAVolution"}]},{"@type":"WebSite","@id":"https:\/\/www.kravolution.com\/de\/#website","url":"https:\/\/www.kravolution.com\/de\/","name":"KRAVolution","description":"Krav Maga modern israeli selfdefense system","potentialAction":[{"@type":"SearchAction","target":{"@type":"EntryPoint","urlTemplate":"https:\/\/www.kravolution.com\/de\/?s={search_term_string}"},"query-input":"required name=search_term_string"}],"inLanguage":"de-DE"}]}},"_links":{"self":[{"href":"https:\/\/www.kravolution.com\/de\/wp-json\/wp\/v2\/pages\/3657"}],"collection":[{"href":"https:\/\/www.kravolution.com\/de\/wp-json\/wp\/v2\/pages"}],"about":[{"href":"https:\/\/www.kravolution.com\/de\/wp-json\/wp\/v2\/types\/page"}],"author":[{"embeddable":true,"href":"https:\/\/www.kravolution.com\/de\/wp-json\/wp\/v2\/users\/7"}],"replies":[{"embeddable":true,"href":"https:\/\/www.kravolution.com\/de\/wp-json\/wp\/v2\/comments?post=3657"}],"version-history":[{"count":4,"href":"https:\/\/www.kravolution.com\/de\/wp-json\/wp\/v2\/pages\/3657\/revisions"}],"predecessor-version":[{"id":25802,"href":"https:\/\/www.kravolution.com\/de\/wp-json\/wp\/v2\/pages\/3657\/revisions\/25802"}],"up":[{"embeddable":true,"href":"https:\/\/www.kravolution.com\/de\/wp-json\/wp\/v2\/pages\/3154"}],"wp:attachment":[{"href":"https:\/\/www.kravolution.com\/de\/wp-json\/wp\/v2\/media?parent=3657"}],"curies":[{"name":"wp","href":"https:\/\/api.w.org\/{rel}","templated":true}]}}