{"id":3654,"date":"2017-10-23T14:10:54","date_gmt":"2017-10-23T12:10:54","guid":{"rendered":"https:\/\/wwwv2.kravolution.com\/divisions\/vip-security-division\/"},"modified":"2018-05-06T11:06:33","modified_gmt":"2018-05-06T09:06:33","slug":"vip-security-division","status":"publish","type":"page","link":"https:\/\/www.kravolution.com\/de\/divisions\/vip-security-division\/","title":{"rendered":"VIP &#038; Security Division"},"content":{"rendered":"<h2>KRAVolution VIP &amp; Security Division<\/h2>\n<p>Bei KRAVolution Krav Maga geht es nicht ausschlie\u00dflich um die Verteidigung von uns selbst und denen, die wir lieben. Auch im professionellen Bereich ist h\u00e4ufig spezieller Schutz vonn\u00f6ten. Bodyguards haben die Aufgabe, die ihnen Anvertrauten unter allen Umst\u00e4nden zu sch\u00fctzen. KRAVolution Krav Maga lehrt, wie man effektiv Menschen besch\u00fctzen und sie unbeschadet aus der Gefahrenzone bringt. Die richtige Positionierung zum Sch\u00fctzling, Geschwindigkeit und Genauigkeit sind entscheident, um effektiv zu sch\u00fctzen. Aber vor allem ist das richtige Mindset und ein Gesp\u00fcr f\u00fcr die Umgebung relevant, um potentielle Gefahrenquellen bereits zu einem fr\u00fchen Zeitpunkt erkennen und eliminieren zu k\u00f6nnen. Dies und mehr lehrt die Kravolution Krav Maga VIP &amp; Security Divison und lebt dabei von der allt\u00e4glichen Erfahrung professioneller Bodyguards und verbessern das Training unserer VIP &amp; Security Divison fortl\u00e4ufig.<\/p>\n","protected":false},"excerpt":{"rendered":"KRAVolution VIP &amp; Security Division Bei KRAVolution Krav Maga geht es nicht ausschlie\u00dflich um die Verteidigung von uns selbst und [&hellip;]","protected":false},"author":7,"featured_media":0,"parent":3639,"menu_order":0,"comment_status":"closed","ping_status":"closed","template":"","meta":{"_et_pb_use_builder":"","_et_pb_old_content":"","_et_gb_content_width":"","_mi_skip_tracking":false},"acf":[],"yoast_head":"<!-- This site is optimized with the Yoast SEO plugin v19.13 - https:\/\/yoast.com\/wordpress\/plugins\/seo\/ -->\n<title>VIP &amp; Security Division - KRAVolution<\/title>\n<meta name=\"description\" content=\"KRAVolution VIP &amp; Security Division Bei KRAVolution Krav Maga geht es nicht ausschlie\u00dflich um die Verteidigung von uns selbst und denen, die wir\" \/>\n<meta name=\"robots\" content=\"index, follow, max-snippet:-1, max-image-preview:large, max-video-preview:-1\" \/>\n<link rel=\"canonical\" href=\"https:\/\/www.kravolution.com\/de\/divisions\/vip-security-division\/\" \/>\n<meta property=\"og:locale\" content=\"de_DE\" \/>\n<meta property=\"og:type\" content=\"article\" \/>\n<meta property=\"og:title\" content=\"VIP &amp; Security Division - KRAVolution\" \/>\n<meta property=\"og:description\" content=\"KRAVolution VIP &amp; Security Division Bei KRAVolution Krav Maga geht es nicht ausschlie\u00dflich um die Verteidigung von uns selbst und denen, die wir\" \/>\n<meta property=\"og:url\" content=\"https:\/\/www.kravolution.com\/de\/divisions\/vip-security-division\/\" \/>\n<meta property=\"og:site_name\" content=\"KRAVolution\" \/>\n<meta property=\"article:modified_time\" content=\"2018-05-06T09:06:33+00:00\" \/>\n<meta name=\"twitter:card\" content=\"summary_large_image\" \/>\n<meta name=\"twitter:label1\" content=\"Gesch\u00e4tzte Lesezeit\" \/>\n\t<meta name=\"twitter:data1\" content=\"1 Minute\" \/>\n<script type=\"application\/ld+json\" class=\"yoast-schema-graph\">{\"@context\":\"https:\/\/schema.org\",\"@graph\":[{\"@type\":\"WebPage\",\"@id\":\"https:\/\/www.kravolution.com\/de\/divisions\/vip-security-division\/\",\"url\":\"https:\/\/www.kravolution.com\/de\/divisions\/vip-security-division\/\",\"name\":\"VIP & Security Division - KRAVolution\",\"isPartOf\":{\"@id\":\"https:\/\/www.kravolution.com\/de\/#website\"},\"datePublished\":\"2017-10-23T12:10:54+00:00\",\"dateModified\":\"2018-05-06T09:06:33+00:00\",\"description\":\"KRAVolution VIP &amp; Security Division Bei KRAVolution Krav Maga geht es nicht ausschlie\u00dflich um die Verteidigung von uns selbst und denen, die wir\",\"breadcrumb\":{\"@id\":\"https:\/\/www.kravolution.com\/de\/divisions\/vip-security-division\/#breadcrumb\"},\"inLanguage\":\"de-DE\",\"potentialAction\":[{\"@type\":\"ReadAction\",\"target\":[\"https:\/\/www.kravolution.com\/de\/divisions\/vip-security-division\/\"]}]},{\"@type\":\"BreadcrumbList\",\"@id\":\"https:\/\/www.kravolution.com\/de\/divisions\/vip-security-division\/#breadcrumb\",\"itemListElement\":[{\"@type\":\"ListItem\",\"position\":1,\"name\":\"Home\",\"item\":\"https:\/\/www.kravolution.com\/de\/\"},{\"@type\":\"ListItem\",\"position\":2,\"name\":\"Divisions\",\"item\":\"https:\/\/www.kravolution.com\/de\/divisions\/\"},{\"@type\":\"ListItem\",\"position\":3,\"name\":\"VIP &#038; Security Division\"}]},{\"@type\":\"WebSite\",\"@id\":\"https:\/\/www.kravolution.com\/de\/#website\",\"url\":\"https:\/\/www.kravolution.com\/de\/\",\"name\":\"KRAVolution\",\"description\":\"Krav Maga modern israeli selfdefense system\",\"potentialAction\":[{\"@type\":\"SearchAction\",\"target\":{\"@type\":\"EntryPoint\",\"urlTemplate\":\"https:\/\/www.kravolution.com\/de\/?s={search_term_string}\"},\"query-input\":\"required name=search_term_string\"}],\"inLanguage\":\"de-DE\"}]}<\/script>\n<!-- \/ Yoast SEO plugin. -->","yoast_head_json":{"title":"VIP & Security Division - KRAVolution","description":"KRAVolution VIP &amp; Security Division Bei KRAVolution Krav Maga geht es nicht ausschlie\u00dflich um die Verteidigung von uns selbst und denen, die wir","robots":{"index":"index","follow":"follow","max-snippet":"max-snippet:-1","max-image-preview":"max-image-preview:large","max-video-preview":"max-video-preview:-1"},"canonical":"https:\/\/www.kravolution.com\/de\/divisions\/vip-security-division\/","og_locale":"de_DE","og_type":"article","og_title":"VIP & Security Division - KRAVolution","og_description":"KRAVolution VIP &amp; Security Division Bei KRAVolution Krav Maga geht es nicht ausschlie\u00dflich um die Verteidigung von uns selbst und denen, die wir","og_url":"https:\/\/www.kravolution.com\/de\/divisions\/vip-security-division\/","og_site_name":"KRAVolution","article_modified_time":"2018-05-06T09:06:33+00:00","twitter_card":"summary_large_image","twitter_misc":{"Gesch\u00e4tzte Lesezeit":"1 Minute"},"schema":{"@context":"https:\/\/schema.org","@graph":[{"@type":"WebPage","@id":"https:\/\/www.kravolution.com\/de\/divisions\/vip-security-division\/","url":"https:\/\/www.kravolution.com\/de\/divisions\/vip-security-division\/","name":"VIP & Security Division - KRAVolution","isPartOf":{"@id":"https:\/\/www.kravolution.com\/de\/#website"},"datePublished":"2017-10-23T12:10:54+00:00","dateModified":"2018-05-06T09:06:33+00:00","description":"KRAVolution VIP &amp; Security Division Bei KRAVolution Krav Maga geht es nicht ausschlie\u00dflich um die Verteidigung von uns selbst und denen, die wir","breadcrumb":{"@id":"https:\/\/www.kravolution.com\/de\/divisions\/vip-security-division\/#breadcrumb"},"inLanguage":"de-DE","potentialAction":[{"@type":"ReadAction","target":["https:\/\/www.kravolution.com\/de\/divisions\/vip-security-division\/"]}]},{"@type":"BreadcrumbList","@id":"https:\/\/www.kravolution.com\/de\/divisions\/vip-security-division\/#breadcrumb","itemListElement":[{"@type":"ListItem","position":1,"name":"Home","item":"https:\/\/www.kravolution.com\/de\/"},{"@type":"ListItem","position":2,"name":"Divisions","item":"https:\/\/www.kravolution.com\/de\/divisions\/"},{"@type":"ListItem","position":3,"name":"VIP &#038; Security Division"}]},{"@type":"WebSite","@id":"https:\/\/www.kravolution.com\/de\/#website","url":"https:\/\/www.kravolution.com\/de\/","name":"KRAVolution","description":"Krav Maga modern israeli selfdefense system","potentialAction":[{"@type":"SearchAction","target":{"@type":"EntryPoint","urlTemplate":"https:\/\/www.kravolution.com\/de\/?s={search_term_string}"},"query-input":"required name=search_term_string"}],"inLanguage":"de-DE"}]}},"_links":{"self":[{"href":"https:\/\/www.kravolution.com\/de\/wp-json\/wp\/v2\/pages\/3654"}],"collection":[{"href":"https:\/\/www.kravolution.com\/de\/wp-json\/wp\/v2\/pages"}],"about":[{"href":"https:\/\/www.kravolution.com\/de\/wp-json\/wp\/v2\/types\/page"}],"author":[{"embeddable":true,"href":"https:\/\/www.kravolution.com\/de\/wp-json\/wp\/v2\/users\/7"}],"replies":[{"embeddable":true,"href":"https:\/\/www.kravolution.com\/de\/wp-json\/wp\/v2\/comments?post=3654"}],"version-history":[{"count":4,"href":"https:\/\/www.kravolution.com\/de\/wp-json\/wp\/v2\/pages\/3654\/revisions"}],"predecessor-version":[{"id":4256,"href":"https:\/\/www.kravolution.com\/de\/wp-json\/wp\/v2\/pages\/3654\/revisions\/4256"}],"up":[{"embeddable":true,"href":"https:\/\/www.kravolution.com\/de\/wp-json\/wp\/v2\/pages\/3639"}],"wp:attachment":[{"href":"https:\/\/www.kravolution.com\/de\/wp-json\/wp\/v2\/media?parent=3654"}],"curies":[{"name":"wp","href":"https:\/\/api.w.org\/{rel}","templated":true}]}}