{"id":3651,"date":"2017-09-12T13:23:28","date_gmt":"2017-09-12T11:23:28","guid":{"rendered":"https:\/\/wwwv2.kravolution.com\/divisions\/teenager-self-defense\/"},"modified":"2018-05-05T14:28:25","modified_gmt":"2018-05-05T12:28:25","slug":"teenager-self-defense","status":"publish","type":"page","link":"https:\/\/www.kravolution.com\/de\/divisions\/teenager-self-defense\/","title":{"rendered":"Teens Krav Maga"},"content":{"rendered":"<h2>Teens Krav Maga<\/h2>\n<p><img decoding=\"async\" loading=\"lazy\" class=\"aligncenter size-full wp-image-1144 img-responsive\" src=\"https:\/\/www.kravolution.com\/wp-content\/uploads\/2017\/09\/teens-division-01.jpg\" alt=\"Teenager Krav Maga \" width=\"1135\" height=\"375\" srcset=\"https:\/\/www.kravolution.com\/wp-content\/uploads\/2017\/09\/teens-division-01.jpg 1135w, https:\/\/www.kravolution.com\/wp-content\/uploads\/2017\/09\/teens-division-01-300x99.jpg 300w, https:\/\/www.kravolution.com\/wp-content\/uploads\/2017\/09\/teens-division-01-768x254.jpg 768w, https:\/\/www.kravolution.com\/wp-content\/uploads\/2017\/09\/teens-division-01-1024x338.jpg 1024w\" sizes=\"(max-width: 1135px) 100vw, 1135px\" \/><\/p>\n<p>Gl\u00fcck und Sicherheit, das sind wohl die beiden Dinge, die Eltern ihren Kindern am meisten w\u00fcnschen. Doch leider haben wir das nicht immer in der Hand, k\u00f6nnen unsere Liebsten nicht immer und vor allem besch\u00fctzen. Werden die Kinder \u00e4lter, steigen mit wachsender Selbstst\u00e4ndigkeit auch die Probleme und Gefahren, denen sie sich \u2013 alleine \u2013 stellen m\u00fcssen. Immer mehr Jugendliche werden im Alltag, auf Schulh\u00f6fen und auf der Stra\u00dfe Opfer <strong>gewaltt\u00e4tiger \u00dcbergriffe<\/strong>. Mit uns lernen sie, sich selbst und andere zielgerichtet und effektiv zu sch\u00fctzen.<\/p>\n<p>Eltern sind in stetiger Sorge um das Wohlergehen ihrer Teenager. Leider zu Recht, wie die Statistik beweist: Allein im Jahr 2015 wurden in Deutschland 127.395 Delikte gef\u00e4hrlicher und schwerer K\u00f6rperverletzung sowie 7011 sexuelle \u00dcbergriffe polizeilich registriert, Tendenz steigend. Vor allem junge M\u00e4dchen sind gef\u00e4hrdet. Jede Woche sterben drei Kinder und Jugendliche an den Folgen von Gewalt. Damit die gr\u00f6\u00dfte Angst vieler Eltern nicht Realit\u00e4t werden muss, ist es wichtig, dass Teenager lernen, mit gef\u00e4hrlichen Situationen umzugehen und unbeschadet aus ihnen herauszukommen.<\/p>\n<p>K\u00f6rperliche Fitness, Disziplin, das richtige Einsch\u00e4tzen von Gefahrensituationen und Verh\u00e4ltnism\u00e4\u00dfigkeiten, Deeskalation und Konfliktvermeidung, taktisches Verhalten im Ernstfall und nat\u00fcrlich effektive Techniken der Selbstverteidigung \u2013 Unser ganzheitliches Sicherheits- und Selbstverteidigungssystem gibt Jugendlichen alles an die Hand, was im Ernstfall n\u00f6tig ist und gibt ihnen so die M\u00f6glichkeit, sich allen Situationen selbstbewusst und erfolgreich zu stellen. Und den Eltern die M\u00f6glichkeit, ruhig zu schlafen.<\/p>\n<p>Die Schwerpunkte bei<strong> KRAVolution<\/strong> Krav Maga f\u00fcr ein ganzheitliches Sicherheits- und Selbstverteidigungstraining f\u00fcr Teenager sind:<br \/>\n\u2022 Pr\u00e4vention<br \/>\n\u2022 Erkennung von Gefahren und taktische R\u00fcckz\u00fcge<br \/>\n\u2022 Angriffe und Gegenangriffe gegen alle k\u00f6rperlichen Ziele aus allen n\u00e4heren Distanzen und in alle Richtungen<br \/>\n\u2022 Einsatz von Gegenst\u00e4nden und Hilfsmitteln zu Verteidigungszwecken<br \/>\n\u2022 Selbstverteidigung gegen Gleichaltrige<br \/>\n\u2022 Selbstverteidigung gegen \u201eSt\u00e4rkere\u201c<br \/>\n\u2022 Verteidigungen gegen Bedrohungs- und Angriffssituationen mit Waffen<br \/>\n\u2022 Verteidigungen gegen einen oder gegen mehrere Angreifer gleichzeitig<\/p>\n<p>&nbsp;<\/p>\n<p>Gerade in der schwierigen Entwicklungsphase im Teenager-Alter kann <strong>KRAvolution<\/strong> Krav Maga eine gewisse Stabilit\u00e4t und das n\u00f6tige Selbstbewusstsein geben. Wir bieten nicht nur eine coole Trainingsgruppe voller Gleichaltriger, die schlicht Spa\u00df macht, wir geben vor allem die M\u00f6glichkeit, sich im Notfall effektiv verteidigen zu k\u00f6nnen und in jeder Situation zu bestehen.<\/p>\n<p>&nbsp;<\/p>\n<hr \/>\n<p>&nbsp;<\/p>\n<p>&nbsp;<\/p>\n","protected":false},"excerpt":{"rendered":"Teens Krav Maga Gl\u00fcck und Sicherheit, das sind wohl die beiden Dinge, die Eltern ihren Kindern am meisten w\u00fcnschen. Doch [&hellip;]","protected":false},"author":7,"featured_media":0,"parent":3639,"menu_order":0,"comment_status":"closed","ping_status":"closed","template":"","meta":{"_et_pb_use_builder":"","_et_pb_old_content":"","_et_gb_content_width":"","_mi_skip_tracking":false},"acf":[],"yoast_head":"<!-- This site is optimized with the Yoast SEO plugin v19.13 - https:\/\/yoast.com\/wordpress\/plugins\/seo\/ -->\n<title>Teens Krav Maga - KRAVolution<\/title>\n<meta name=\"description\" content=\"Teens Krav Maga Gl\u00fcck und Sicherheit, das sind wohl die beiden Dinge, die Eltern ihren Kindern am meisten w\u00fcnschen. Doch leider haben wir das nicht immer\" \/>\n<meta name=\"robots\" content=\"index, follow, max-snippet:-1, max-image-preview:large, max-video-preview:-1\" \/>\n<link rel=\"canonical\" href=\"https:\/\/www.kravolution.com\/de\/divisions\/teenager-self-defense\/\" \/>\n<meta property=\"og:locale\" content=\"de_DE\" \/>\n<meta property=\"og:type\" content=\"article\" \/>\n<meta property=\"og:title\" content=\"Teens Krav Maga - KRAVolution\" \/>\n<meta property=\"og:description\" content=\"Teens Krav Maga Gl\u00fcck und Sicherheit, das sind wohl die beiden Dinge, die Eltern ihren Kindern am meisten w\u00fcnschen. Doch leider haben wir das nicht immer\" \/>\n<meta property=\"og:url\" content=\"https:\/\/www.kravolution.com\/de\/divisions\/teenager-self-defense\/\" \/>\n<meta property=\"og:site_name\" content=\"KRAVolution\" \/>\n<meta property=\"article:modified_time\" content=\"2018-05-05T12:28:25+00:00\" \/>\n<meta property=\"og:image\" content=\"https:\/\/www.kravolution.com\/wp-content\/uploads\/2017\/09\/teens-division-01.jpg\" \/>\n<meta name=\"twitter:card\" content=\"summary_large_image\" \/>\n<meta name=\"twitter:label1\" content=\"Gesch\u00e4tzte Lesezeit\" \/>\n\t<meta name=\"twitter:data1\" content=\"2 Minuten\" \/>\n<script type=\"application\/ld+json\" class=\"yoast-schema-graph\">{\"@context\":\"https:\/\/schema.org\",\"@graph\":[{\"@type\":\"WebPage\",\"@id\":\"https:\/\/www.kravolution.com\/de\/divisions\/teenager-self-defense\/\",\"url\":\"https:\/\/www.kravolution.com\/de\/divisions\/teenager-self-defense\/\",\"name\":\"Teens Krav Maga - KRAVolution\",\"isPartOf\":{\"@id\":\"https:\/\/www.kravolution.com\/de\/#website\"},\"datePublished\":\"2017-09-12T11:23:28+00:00\",\"dateModified\":\"2018-05-05T12:28:25+00:00\",\"description\":\"Teens Krav Maga Gl\u00fcck und Sicherheit, das sind wohl die beiden Dinge, die Eltern ihren Kindern am meisten w\u00fcnschen. Doch leider haben wir das nicht immer\",\"breadcrumb\":{\"@id\":\"https:\/\/www.kravolution.com\/de\/divisions\/teenager-self-defense\/#breadcrumb\"},\"inLanguage\":\"de-DE\",\"potentialAction\":[{\"@type\":\"ReadAction\",\"target\":[\"https:\/\/www.kravolution.com\/de\/divisions\/teenager-self-defense\/\"]}]},{\"@type\":\"BreadcrumbList\",\"@id\":\"https:\/\/www.kravolution.com\/de\/divisions\/teenager-self-defense\/#breadcrumb\",\"itemListElement\":[{\"@type\":\"ListItem\",\"position\":1,\"name\":\"Home\",\"item\":\"https:\/\/www.kravolution.com\/de\/\"},{\"@type\":\"ListItem\",\"position\":2,\"name\":\"Divisions\",\"item\":\"https:\/\/www.kravolution.com\/de\/divisions\/\"},{\"@type\":\"ListItem\",\"position\":3,\"name\":\"Teens Krav Maga\"}]},{\"@type\":\"WebSite\",\"@id\":\"https:\/\/www.kravolution.com\/de\/#website\",\"url\":\"https:\/\/www.kravolution.com\/de\/\",\"name\":\"KRAVolution\",\"description\":\"Krav Maga modern israeli selfdefense system\",\"potentialAction\":[{\"@type\":\"SearchAction\",\"target\":{\"@type\":\"EntryPoint\",\"urlTemplate\":\"https:\/\/www.kravolution.com\/de\/?s={search_term_string}\"},\"query-input\":\"required name=search_term_string\"}],\"inLanguage\":\"de-DE\"}]}<\/script>\n<!-- \/ Yoast SEO plugin. -->","yoast_head_json":{"title":"Teens Krav Maga - KRAVolution","description":"Teens Krav Maga Gl\u00fcck und Sicherheit, das sind wohl die beiden Dinge, die Eltern ihren Kindern am meisten w\u00fcnschen. Doch leider haben wir das nicht immer","robots":{"index":"index","follow":"follow","max-snippet":"max-snippet:-1","max-image-preview":"max-image-preview:large","max-video-preview":"max-video-preview:-1"},"canonical":"https:\/\/www.kravolution.com\/de\/divisions\/teenager-self-defense\/","og_locale":"de_DE","og_type":"article","og_title":"Teens Krav Maga - KRAVolution","og_description":"Teens Krav Maga Gl\u00fcck und Sicherheit, das sind wohl die beiden Dinge, die Eltern ihren Kindern am meisten w\u00fcnschen. Doch leider haben wir das nicht immer","og_url":"https:\/\/www.kravolution.com\/de\/divisions\/teenager-self-defense\/","og_site_name":"KRAVolution","article_modified_time":"2018-05-05T12:28:25+00:00","og_image":[{"url":"https:\/\/www.kravolution.com\/wp-content\/uploads\/2017\/09\/teens-division-01.jpg"}],"twitter_card":"summary_large_image","twitter_misc":{"Gesch\u00e4tzte Lesezeit":"2 Minuten"},"schema":{"@context":"https:\/\/schema.org","@graph":[{"@type":"WebPage","@id":"https:\/\/www.kravolution.com\/de\/divisions\/teenager-self-defense\/","url":"https:\/\/www.kravolution.com\/de\/divisions\/teenager-self-defense\/","name":"Teens Krav Maga - KRAVolution","isPartOf":{"@id":"https:\/\/www.kravolution.com\/de\/#website"},"datePublished":"2017-09-12T11:23:28+00:00","dateModified":"2018-05-05T12:28:25+00:00","description":"Teens Krav Maga Gl\u00fcck und Sicherheit, das sind wohl die beiden Dinge, die Eltern ihren Kindern am meisten w\u00fcnschen. Doch leider haben wir das nicht immer","breadcrumb":{"@id":"https:\/\/www.kravolution.com\/de\/divisions\/teenager-self-defense\/#breadcrumb"},"inLanguage":"de-DE","potentialAction":[{"@type":"ReadAction","target":["https:\/\/www.kravolution.com\/de\/divisions\/teenager-self-defense\/"]}]},{"@type":"BreadcrumbList","@id":"https:\/\/www.kravolution.com\/de\/divisions\/teenager-self-defense\/#breadcrumb","itemListElement":[{"@type":"ListItem","position":1,"name":"Home","item":"https:\/\/www.kravolution.com\/de\/"},{"@type":"ListItem","position":2,"name":"Divisions","item":"https:\/\/www.kravolution.com\/de\/divisions\/"},{"@type":"ListItem","position":3,"name":"Teens Krav Maga"}]},{"@type":"WebSite","@id":"https:\/\/www.kravolution.com\/de\/#website","url":"https:\/\/www.kravolution.com\/de\/","name":"KRAVolution","description":"Krav Maga modern israeli selfdefense system","potentialAction":[{"@type":"SearchAction","target":{"@type":"EntryPoint","urlTemplate":"https:\/\/www.kravolution.com\/de\/?s={search_term_string}"},"query-input":"required name=search_term_string"}],"inLanguage":"de-DE"}]}},"_links":{"self":[{"href":"https:\/\/www.kravolution.com\/de\/wp-json\/wp\/v2\/pages\/3651"}],"collection":[{"href":"https:\/\/www.kravolution.com\/de\/wp-json\/wp\/v2\/pages"}],"about":[{"href":"https:\/\/www.kravolution.com\/de\/wp-json\/wp\/v2\/types\/page"}],"author":[{"embeddable":true,"href":"https:\/\/www.kravolution.com\/de\/wp-json\/wp\/v2\/users\/7"}],"replies":[{"embeddable":true,"href":"https:\/\/www.kravolution.com\/de\/wp-json\/wp\/v2\/comments?post=3651"}],"version-history":[{"count":3,"href":"https:\/\/www.kravolution.com\/de\/wp-json\/wp\/v2\/pages\/3651\/revisions"}],"predecessor-version":[{"id":4246,"href":"https:\/\/www.kravolution.com\/de\/wp-json\/wp\/v2\/pages\/3651\/revisions\/4246"}],"up":[{"embeddable":true,"href":"https:\/\/www.kravolution.com\/de\/wp-json\/wp\/v2\/pages\/3639"}],"wp:attachment":[{"href":"https:\/\/www.kravolution.com\/de\/wp-json\/wp\/v2\/media?parent=3651"}],"curies":[{"name":"wp","href":"https:\/\/api.w.org\/{rel}","templated":true}]}}