{"id":3648,"date":"2016-12-01T17:46:07","date_gmt":"2016-12-01T16:46:07","guid":{"rendered":"https:\/\/wwwv2.kravolution.com\/divisions\/women-selfdefense\/"},"modified":"2018-05-05T14:10:52","modified_gmt":"2018-05-05T12:10:52","slug":"women-selfdefense","status":"publish","type":"page","link":"https:\/\/www.kravolution.com\/de\/divisions\/women-selfdefense\/","title":{"rendered":"Women Only"},"content":{"rendered":"<h2>Women Only<\/h2>\n<p><img decoding=\"async\" loading=\"lazy\" class=\"aligncenter size-full wp-image-1147 img-responsive\" src=\"https:\/\/www.kravolution.com\/wp-content\/uploads\/2016\/12\/woman-krav-maga-division.jpg\" alt=\"women krav maga selfdefense\" width=\"1135\" height=\"375\" srcset=\"https:\/\/www.kravolution.com\/wp-content\/uploads\/2016\/12\/woman-krav-maga-division.jpg 1135w, https:\/\/www.kravolution.com\/wp-content\/uploads\/2016\/12\/woman-krav-maga-division-300x99.jpg 300w, https:\/\/www.kravolution.com\/wp-content\/uploads\/2016\/12\/woman-krav-maga-division-768x254.jpg 768w, https:\/\/www.kravolution.com\/wp-content\/uploads\/2016\/12\/woman-krav-maga-division-1024x338.jpg 1024w\" sizes=\"(max-width: 1135px) 100vw, 1135px\" \/><\/p>\n<p><strong>Selbstverteidigung f\u00fcr Frauen \u2013 Weil du dir NICHTS gefallen lassen musst!<\/strong><\/p>\n<p>Frauen sind das schwache Geschlecht? M\u00fcssen sich ihrer Opferrolle f\u00fcgen? Sind M\u00e4nnern k\u00f6rperlich unterlegen und ihnen im Zweifel ausgeliefert? Wir sagen ganz klar: NEIN!<\/p>\n<p>Bei <strong>KRAVolution<\/strong> Krav Maga kommt es nicht auf K\u00f6rperkraft oder Gr\u00f6\u00dfe an. Dank einfachster Prinzipen und Techniken, die auch in gr\u00f6\u00dften Stress- und Notsituationen intuitiv abruf- und anwendbar sind, machen wir dich bereit f\u00fcr alles. Keine dunkle Gasse kann dich mehr schrecken, keine unbekannten Schritte hinter dir machen mehr Angst.<\/p>\n<p>Die Techniken unserer Kurse f\u00fcr Frauen unterscheiden sich nicht wesentlich von denen des gemischten Trainings. Doch der Aufbau ist entscheidend anders. Frauen sind oftmals anderen Angriffen ausgesetzt als M\u00e4nnern, es kommt zu anderen Bedrohungs- und Angriffssituationen, wie sexuellen \u00dcbergriffen. Es werden Aspekte wie das Umgehen mit unterschiedlicher K\u00f6rperkraft und Gr\u00f6\u00dfe behandelt, spezifische Attacken wie das Ziehen an Haaren, mentale Belastbarkeit im Moment eines Angriffs\u2026<\/p>\n<p>Neben Techniken der Selbstverteidigung lernst du bei uns auch viel \u00fcber die, gegen die du dich in den meisten F\u00e4llen verteidigen musst \u2013 \u00fcber M\u00e4nner. Wie du Gefahren erkennst, ihnen aus dem Weg gehst, wie du richtig handelst, wenn alles andere gescheitert ist. Lerne, kein Opfer zu sein!<\/p>\n<p>Die Schwerpunkte bei<strong> KRAVolution<\/strong> Krav Maga f\u00fcr ein ganzheitliches Sicherheits- und Selbstverteidigungstraining f\u00fcr Frauen sind:<br \/>\n\u2022 Pr\u00e4vention<br \/>\n\u2022 Erkennung von Gefahren und taktische R\u00fcckz\u00fcge<br \/>\n\u2022 Angriffe und Gegenangriffe gegen alle k\u00f6rperlichen Ziele aus allen n\u00e4heren Distanzen und in alle Richtungen<br \/>\n\u2022 Einsatz von Gegenst\u00e4nden und Hilfsmitteln zu Verteidigungszwecken<br \/>\n\u2022 Verteidigungen gegen Frauen \/ Verteidigungen gegen st\u00e4rkere M\u00e4nner<br \/>\n\u2022 Verteidigungen gegen sexuelle \u00dcbergriffe<br \/>\n\u2022 Verteidigungen gegen Bedrohungs- und Angriffssituationen mit Waffen<br \/>\n\u2022 Verteidigungen gegen einen oder gegen mehrere Angreifer gleichzeitig<\/p>\n<p>&nbsp;<\/p>\n<hr \/>\n<p>&nbsp;<\/p>\n","protected":false},"excerpt":{"rendered":"Women Only Selbstverteidigung f\u00fcr Frauen \u2013 Weil du dir NICHTS gefallen lassen musst! Frauen sind das schwache Geschlecht? M\u00fcssen sich [&hellip;]","protected":false},"author":7,"featured_media":0,"parent":3639,"menu_order":0,"comment_status":"closed","ping_status":"closed","template":"","meta":{"_et_pb_use_builder":"","_et_pb_old_content":"","_et_gb_content_width":"","_mi_skip_tracking":false},"acf":[],"yoast_head":"<!-- This site is optimized with the Yoast SEO plugin v19.13 - https:\/\/yoast.com\/wordpress\/plugins\/seo\/ -->\n<title>Women Only - KRAVolution<\/title>\n<meta name=\"description\" content=\"Women Only Selbstverteidigung f\u00fcr Frauen \u2013 Weil du dir NICHTS gefallen lassen musst! Frauen sind das schwache Geschlecht? M\u00fcssen sich ihrer Opferrolle\" \/>\n<meta name=\"robots\" content=\"index, follow, max-snippet:-1, max-image-preview:large, max-video-preview:-1\" \/>\n<link rel=\"canonical\" href=\"https:\/\/www.kravolution.com\/de\/divisions\/women-selfdefense\/\" \/>\n<meta property=\"og:locale\" content=\"de_DE\" \/>\n<meta property=\"og:type\" content=\"article\" \/>\n<meta property=\"og:title\" content=\"Women Only - KRAVolution\" \/>\n<meta property=\"og:description\" content=\"Women Only Selbstverteidigung f\u00fcr Frauen \u2013 Weil du dir NICHTS gefallen lassen musst! Frauen sind das schwache Geschlecht? M\u00fcssen sich ihrer Opferrolle\" \/>\n<meta property=\"og:url\" content=\"https:\/\/www.kravolution.com\/de\/divisions\/women-selfdefense\/\" \/>\n<meta property=\"og:site_name\" content=\"KRAVolution\" \/>\n<meta property=\"article:modified_time\" content=\"2018-05-05T12:10:52+00:00\" \/>\n<meta property=\"og:image\" content=\"https:\/\/www.kravolution.com\/wp-content\/uploads\/2016\/12\/woman-krav-maga-division.jpg\" \/>\n<meta name=\"twitter:card\" content=\"summary_large_image\" \/>\n<meta name=\"twitter:label1\" content=\"Gesch\u00e4tzte Lesezeit\" \/>\n\t<meta name=\"twitter:data1\" content=\"1 Minute\" \/>\n<script type=\"application\/ld+json\" class=\"yoast-schema-graph\">{\"@context\":\"https:\/\/schema.org\",\"@graph\":[{\"@type\":\"WebPage\",\"@id\":\"https:\/\/www.kravolution.com\/de\/divisions\/women-selfdefense\/\",\"url\":\"https:\/\/www.kravolution.com\/de\/divisions\/women-selfdefense\/\",\"name\":\"Women Only - KRAVolution\",\"isPartOf\":{\"@id\":\"https:\/\/www.kravolution.com\/de\/#website\"},\"datePublished\":\"2016-12-01T16:46:07+00:00\",\"dateModified\":\"2018-05-05T12:10:52+00:00\",\"description\":\"Women Only Selbstverteidigung f\u00fcr Frauen \u2013 Weil du dir NICHTS gefallen lassen musst! Frauen sind das schwache Geschlecht? M\u00fcssen sich ihrer Opferrolle\",\"breadcrumb\":{\"@id\":\"https:\/\/www.kravolution.com\/de\/divisions\/women-selfdefense\/#breadcrumb\"},\"inLanguage\":\"de-DE\",\"potentialAction\":[{\"@type\":\"ReadAction\",\"target\":[\"https:\/\/www.kravolution.com\/de\/divisions\/women-selfdefense\/\"]}]},{\"@type\":\"BreadcrumbList\",\"@id\":\"https:\/\/www.kravolution.com\/de\/divisions\/women-selfdefense\/#breadcrumb\",\"itemListElement\":[{\"@type\":\"ListItem\",\"position\":1,\"name\":\"Home\",\"item\":\"https:\/\/www.kravolution.com\/de\/\"},{\"@type\":\"ListItem\",\"position\":2,\"name\":\"Divisions\",\"item\":\"https:\/\/www.kravolution.com\/de\/divisions\/\"},{\"@type\":\"ListItem\",\"position\":3,\"name\":\"Women Only\"}]},{\"@type\":\"WebSite\",\"@id\":\"https:\/\/www.kravolution.com\/de\/#website\",\"url\":\"https:\/\/www.kravolution.com\/de\/\",\"name\":\"KRAVolution\",\"description\":\"Krav Maga modern israeli selfdefense system\",\"potentialAction\":[{\"@type\":\"SearchAction\",\"target\":{\"@type\":\"EntryPoint\",\"urlTemplate\":\"https:\/\/www.kravolution.com\/de\/?s={search_term_string}\"},\"query-input\":\"required name=search_term_string\"}],\"inLanguage\":\"de-DE\"}]}<\/script>\n<!-- \/ Yoast SEO plugin. -->","yoast_head_json":{"title":"Women Only - KRAVolution","description":"Women Only Selbstverteidigung f\u00fcr Frauen \u2013 Weil du dir NICHTS gefallen lassen musst! Frauen sind das schwache Geschlecht? M\u00fcssen sich ihrer Opferrolle","robots":{"index":"index","follow":"follow","max-snippet":"max-snippet:-1","max-image-preview":"max-image-preview:large","max-video-preview":"max-video-preview:-1"},"canonical":"https:\/\/www.kravolution.com\/de\/divisions\/women-selfdefense\/","og_locale":"de_DE","og_type":"article","og_title":"Women Only - KRAVolution","og_description":"Women Only Selbstverteidigung f\u00fcr Frauen \u2013 Weil du dir NICHTS gefallen lassen musst! Frauen sind das schwache Geschlecht? M\u00fcssen sich ihrer Opferrolle","og_url":"https:\/\/www.kravolution.com\/de\/divisions\/women-selfdefense\/","og_site_name":"KRAVolution","article_modified_time":"2018-05-05T12:10:52+00:00","og_image":[{"url":"https:\/\/www.kravolution.com\/wp-content\/uploads\/2016\/12\/woman-krav-maga-division.jpg"}],"twitter_card":"summary_large_image","twitter_misc":{"Gesch\u00e4tzte Lesezeit":"1 Minute"},"schema":{"@context":"https:\/\/schema.org","@graph":[{"@type":"WebPage","@id":"https:\/\/www.kravolution.com\/de\/divisions\/women-selfdefense\/","url":"https:\/\/www.kravolution.com\/de\/divisions\/women-selfdefense\/","name":"Women Only - KRAVolution","isPartOf":{"@id":"https:\/\/www.kravolution.com\/de\/#website"},"datePublished":"2016-12-01T16:46:07+00:00","dateModified":"2018-05-05T12:10:52+00:00","description":"Women Only Selbstverteidigung f\u00fcr Frauen \u2013 Weil du dir NICHTS gefallen lassen musst! Frauen sind das schwache Geschlecht? M\u00fcssen sich ihrer Opferrolle","breadcrumb":{"@id":"https:\/\/www.kravolution.com\/de\/divisions\/women-selfdefense\/#breadcrumb"},"inLanguage":"de-DE","potentialAction":[{"@type":"ReadAction","target":["https:\/\/www.kravolution.com\/de\/divisions\/women-selfdefense\/"]}]},{"@type":"BreadcrumbList","@id":"https:\/\/www.kravolution.com\/de\/divisions\/women-selfdefense\/#breadcrumb","itemListElement":[{"@type":"ListItem","position":1,"name":"Home","item":"https:\/\/www.kravolution.com\/de\/"},{"@type":"ListItem","position":2,"name":"Divisions","item":"https:\/\/www.kravolution.com\/de\/divisions\/"},{"@type":"ListItem","position":3,"name":"Women Only"}]},{"@type":"WebSite","@id":"https:\/\/www.kravolution.com\/de\/#website","url":"https:\/\/www.kravolution.com\/de\/","name":"KRAVolution","description":"Krav Maga modern israeli selfdefense system","potentialAction":[{"@type":"SearchAction","target":{"@type":"EntryPoint","urlTemplate":"https:\/\/www.kravolution.com\/de\/?s={search_term_string}"},"query-input":"required name=search_term_string"}],"inLanguage":"de-DE"}]}},"_links":{"self":[{"href":"https:\/\/www.kravolution.com\/de\/wp-json\/wp\/v2\/pages\/3648"}],"collection":[{"href":"https:\/\/www.kravolution.com\/de\/wp-json\/wp\/v2\/pages"}],"about":[{"href":"https:\/\/www.kravolution.com\/de\/wp-json\/wp\/v2\/types\/page"}],"author":[{"embeddable":true,"href":"https:\/\/www.kravolution.com\/de\/wp-json\/wp\/v2\/users\/7"}],"replies":[{"embeddable":true,"href":"https:\/\/www.kravolution.com\/de\/wp-json\/wp\/v2\/comments?post=3648"}],"version-history":[{"count":3,"href":"https:\/\/www.kravolution.com\/de\/wp-json\/wp\/v2\/pages\/3648\/revisions"}],"predecessor-version":[{"id":4242,"href":"https:\/\/www.kravolution.com\/de\/wp-json\/wp\/v2\/pages\/3648\/revisions\/4242"}],"up":[{"embeddable":true,"href":"https:\/\/www.kravolution.com\/de\/wp-json\/wp\/v2\/pages\/3639"}],"wp:attachment":[{"href":"https:\/\/www.kravolution.com\/de\/wp-json\/wp\/v2\/media?parent=3648"}],"curies":[{"name":"wp","href":"https:\/\/api.w.org\/{rel}","templated":true}]}}