{"id":3393,"date":"2016-12-01T17:41:02","date_gmt":"2016-12-01T16:41:02","guid":{"rendered":"https:\/\/wwwv2.kravolution.com\/military-krav-maga\/"},"modified":"2018-05-06T10:34:47","modified_gmt":"2018-05-06T08:34:47","slug":"military-krav-maga","status":"publish","type":"page","link":"https:\/\/www.kravolution.com\/de\/divisions\/military-krav-maga\/","title":{"rendered":"Military Division"},"content":{"rendered":"<h2>Military Division<\/h2>\n<p><img decoding=\"async\" loading=\"lazy\" class=\"img-responsive wp-image-1132 size-full\" src=\"https:\/\/www.kravolution.com\/wp-content\/uploads\/2016\/12\/military-division.jpg\" alt=\"Military Krav Maga\" width=\"1135\" height=\"375\" srcset=\"https:\/\/www.kravolution.com\/wp-content\/uploads\/2016\/12\/military-division.jpg 1135w, https:\/\/www.kravolution.com\/wp-content\/uploads\/2016\/12\/military-division-300x99.jpg 300w, https:\/\/www.kravolution.com\/wp-content\/uploads\/2016\/12\/military-division-768x254.jpg 768w, https:\/\/www.kravolution.com\/wp-content\/uploads\/2016\/12\/military-division-1024x338.jpg 1024w\" sizes=\"(max-width: 1135px) 100vw, 1135px\" \/><\/p>\n<p><strong> KRAVolution<\/strong> Military Krav Maga die urspr\u00fcngliche Variante dieses modernen Nahkampfsystems. Inzwischen wird es von einer Vielzahl internationaler Milit\u00e4r- und Polizei-Sondereinheiten trainiert und dabei fortlaufend aus Erfahrungen in ,,realen Eins\u00e4tzen\u2018\u2018 weiterentwickelt.<\/p>\n<p>Die zivilen Variante setzt die schnellstm\u00f6gliche Flucht aus einer kritischen Situation zumeist als beste Option. Bei der Law Enforcement Variante geht es darum, den Gegner &#8211; im Rahmen der Verh\u00e4ltnism\u00e4\u00dfigkeit &#8211; zu Boden zu bringen und dort zu fixieren. Die milit\u00e4rischen Variante hingegen sieht vor, den Gegner schnellstm\u00f6glich kampfunf\u00e4hig zu machen, um den jeweiligen Auftrag weiter durchf\u00fchren zu k\u00f6nnen.<\/p>\n<p>&nbsp;<\/p>\n<p>Richtiges Reaktionen und taktisches Verhalten auch unter gr\u00f6\u00dfter physischer und psychischer Belastung sind die wohl gr\u00f6\u00dften Herausforderungen, die im Training geschult werden. Es wird im <strong>KRAVolution<\/strong> Krav Maga Unterricht f\u00fcr Soldaten ein taktisches Mindset, eine spezielle Form der psychischen St\u00e4rke, ebenso entwickelt, wie die technischen Aspekte der Selbstverteidigung. Das Prinzip hierbei l\u00e4sst sich vereinfacht zusammenfassen: fight, flight, never freeze!<\/p>\n<p>Die Schwerpunkte der <strong>KRAVolution<\/strong> Miltary Division f\u00fcr ein ganzheitliches Sicherheits- und Selbstverteidigungstraining sind:<\/p>\n<p>\u2022 Kommunikation und K\u00f6rpersprache<br \/>\n\u2022 taktisches Verhalten in Konfliktsituationen<br \/>\n\u2022 Teamarbeit bei der Selbstverteidigung<br \/>\n\u2022 Verhalten bei \u00dcbergriffen<br \/>\n\u2022 Techniken in Notwehr- und Nothilfesituationen<br \/>\n\u2022 Selbstverteidigung in engen R\u00e4umlichkeiten, CQB-Training<br \/>\n\u2022 Selbstverteidigung unter widrigen Bedingungen, low light\/no light<br \/>\n\u2022 Selbstverteidigungstechniken und -taktiken f\u00fcr den milit\u00e4rischen Einsatz<br \/>\n\u2022 Einsatz von Common Objects, also Kurz- oder Langwaffe z.B. als Objekt gegen einen oder mehrere Angreifer<br \/>\n\u2022 Abwehr von Messerangriffen<br \/>\n\u2022 Abwehr von Schusswaffen-Bedrohungen<br \/>\n\u2022 Third Party Protection: Sicherung der Kameraden<br \/>\n\u2022 Pr\u00e4vention, Reaktion und Defense in Hostage- und Anti-Terror-Szenarien<\/p>\n<p>Auch hier kann <strong>KRAVolution<\/strong> Krav Maga auf die Erfahrungen seiner Instructoren zur\u00fcckgreifen, die als aktive Soldaten\u00a0 bereits mehrfach Auslandseins\u00e4tze in Krisengebiete bestritten haben. Aus ihren Erfahrungen entwickelt sich <strong>KRAVolution<\/strong> Military Krav Maga kontinuierlich weiter, angepasst an aktuelle Bedrohungslagen. <strong>KRAVolution<\/strong> kann zudem auf eine langj\u00e4hrige Trainingserfahrung mit aktiven Soldaten auf verschiedenen internationalen milit\u00e4rischen Kasernen zur\u00fcckblicken.<\/p>\n<p>&nbsp;<\/p>\n<p>&nbsp;<\/p>\n<hr \/>\n<p>&nbsp;<\/p>\n","protected":false},"excerpt":{"rendered":"Military Division KRAVolution Military Krav Maga die urspr\u00fcngliche Variante dieses modernen Nahkampfsystems. Inzwischen wird es von einer Vielzahl internationaler Milit\u00e4r- [&hellip;]","protected":false},"author":7,"featured_media":0,"parent":3639,"menu_order":0,"comment_status":"closed","ping_status":"closed","template":"","meta":{"_et_pb_use_builder":"","_et_pb_old_content":"","_et_gb_content_width":"","_mi_skip_tracking":false},"acf":[],"yoast_head":"<!-- This site is optimized with the Yoast SEO plugin v19.13 - https:\/\/yoast.com\/wordpress\/plugins\/seo\/ -->\n<title>Military Division - KRAVolution<\/title>\n<meta name=\"description\" content=\"Military Division KRAVolution Military Krav Maga die urspr\u00fcngliche Variante dieses modernen Nahkampfsystems. Inzwischen wird es von einer Vielzahl\" \/>\n<meta name=\"robots\" content=\"index, follow, max-snippet:-1, max-image-preview:large, max-video-preview:-1\" \/>\n<link rel=\"canonical\" href=\"https:\/\/www.kravolution.com\/de\/divisions\/military-krav-maga\/\" \/>\n<meta property=\"og:locale\" content=\"de_DE\" \/>\n<meta property=\"og:type\" content=\"article\" \/>\n<meta property=\"og:title\" content=\"Military Division - KRAVolution\" \/>\n<meta property=\"og:description\" content=\"Military Division KRAVolution Military Krav Maga die urspr\u00fcngliche Variante dieses modernen Nahkampfsystems. Inzwischen wird es von einer Vielzahl\" \/>\n<meta property=\"og:url\" content=\"https:\/\/www.kravolution.com\/de\/divisions\/military-krav-maga\/\" \/>\n<meta property=\"og:site_name\" content=\"KRAVolution\" \/>\n<meta property=\"article:modified_time\" content=\"2018-05-06T08:34:47+00:00\" \/>\n<meta property=\"og:image\" content=\"https:\/\/www.kravolution.com\/wp-content\/uploads\/2016\/12\/military-division.jpg\" \/>\n<meta name=\"twitter:card\" content=\"summary_large_image\" \/>\n<meta name=\"twitter:label1\" content=\"Gesch\u00e4tzte Lesezeit\" \/>\n\t<meta name=\"twitter:data1\" content=\"2 Minuten\" \/>\n<script type=\"application\/ld+json\" class=\"yoast-schema-graph\">{\"@context\":\"https:\/\/schema.org\",\"@graph\":[{\"@type\":\"WebPage\",\"@id\":\"https:\/\/www.kravolution.com\/de\/divisions\/military-krav-maga\/\",\"url\":\"https:\/\/www.kravolution.com\/de\/divisions\/military-krav-maga\/\",\"name\":\"Military Division - KRAVolution\",\"isPartOf\":{\"@id\":\"https:\/\/www.kravolution.com\/de\/#website\"},\"datePublished\":\"2016-12-01T16:41:02+00:00\",\"dateModified\":\"2018-05-06T08:34:47+00:00\",\"description\":\"Military Division KRAVolution Military Krav Maga die urspr\u00fcngliche Variante dieses modernen Nahkampfsystems. Inzwischen wird es von einer Vielzahl\",\"breadcrumb\":{\"@id\":\"https:\/\/www.kravolution.com\/de\/divisions\/military-krav-maga\/#breadcrumb\"},\"inLanguage\":\"de-DE\",\"potentialAction\":[{\"@type\":\"ReadAction\",\"target\":[\"https:\/\/www.kravolution.com\/de\/divisions\/military-krav-maga\/\"]}]},{\"@type\":\"BreadcrumbList\",\"@id\":\"https:\/\/www.kravolution.com\/de\/divisions\/military-krav-maga\/#breadcrumb\",\"itemListElement\":[{\"@type\":\"ListItem\",\"position\":1,\"name\":\"Home\",\"item\":\"https:\/\/www.kravolution.com\/de\/\"},{\"@type\":\"ListItem\",\"position\":2,\"name\":\"Divisions\",\"item\":\"https:\/\/www.kravolution.com\/de\/divisions\/\"},{\"@type\":\"ListItem\",\"position\":3,\"name\":\"Military Division\"}]},{\"@type\":\"WebSite\",\"@id\":\"https:\/\/www.kravolution.com\/de\/#website\",\"url\":\"https:\/\/www.kravolution.com\/de\/\",\"name\":\"KRAVolution\",\"description\":\"Krav Maga modern israeli selfdefense system\",\"potentialAction\":[{\"@type\":\"SearchAction\",\"target\":{\"@type\":\"EntryPoint\",\"urlTemplate\":\"https:\/\/www.kravolution.com\/de\/?s={search_term_string}\"},\"query-input\":\"required name=search_term_string\"}],\"inLanguage\":\"de-DE\"}]}<\/script>\n<!-- \/ Yoast SEO plugin. -->","yoast_head_json":{"title":"Military Division - KRAVolution","description":"Military Division KRAVolution Military Krav Maga die urspr\u00fcngliche Variante dieses modernen Nahkampfsystems. Inzwischen wird es von einer Vielzahl","robots":{"index":"index","follow":"follow","max-snippet":"max-snippet:-1","max-image-preview":"max-image-preview:large","max-video-preview":"max-video-preview:-1"},"canonical":"https:\/\/www.kravolution.com\/de\/divisions\/military-krav-maga\/","og_locale":"de_DE","og_type":"article","og_title":"Military Division - KRAVolution","og_description":"Military Division KRAVolution Military Krav Maga die urspr\u00fcngliche Variante dieses modernen Nahkampfsystems. Inzwischen wird es von einer Vielzahl","og_url":"https:\/\/www.kravolution.com\/de\/divisions\/military-krav-maga\/","og_site_name":"KRAVolution","article_modified_time":"2018-05-06T08:34:47+00:00","og_image":[{"url":"https:\/\/www.kravolution.com\/wp-content\/uploads\/2016\/12\/military-division.jpg"}],"twitter_card":"summary_large_image","twitter_misc":{"Gesch\u00e4tzte Lesezeit":"2 Minuten"},"schema":{"@context":"https:\/\/schema.org","@graph":[{"@type":"WebPage","@id":"https:\/\/www.kravolution.com\/de\/divisions\/military-krav-maga\/","url":"https:\/\/www.kravolution.com\/de\/divisions\/military-krav-maga\/","name":"Military Division - KRAVolution","isPartOf":{"@id":"https:\/\/www.kravolution.com\/de\/#website"},"datePublished":"2016-12-01T16:41:02+00:00","dateModified":"2018-05-06T08:34:47+00:00","description":"Military Division KRAVolution Military Krav Maga die urspr\u00fcngliche Variante dieses modernen Nahkampfsystems. Inzwischen wird es von einer Vielzahl","breadcrumb":{"@id":"https:\/\/www.kravolution.com\/de\/divisions\/military-krav-maga\/#breadcrumb"},"inLanguage":"de-DE","potentialAction":[{"@type":"ReadAction","target":["https:\/\/www.kravolution.com\/de\/divisions\/military-krav-maga\/"]}]},{"@type":"BreadcrumbList","@id":"https:\/\/www.kravolution.com\/de\/divisions\/military-krav-maga\/#breadcrumb","itemListElement":[{"@type":"ListItem","position":1,"name":"Home","item":"https:\/\/www.kravolution.com\/de\/"},{"@type":"ListItem","position":2,"name":"Divisions","item":"https:\/\/www.kravolution.com\/de\/divisions\/"},{"@type":"ListItem","position":3,"name":"Military Division"}]},{"@type":"WebSite","@id":"https:\/\/www.kravolution.com\/de\/#website","url":"https:\/\/www.kravolution.com\/de\/","name":"KRAVolution","description":"Krav Maga modern israeli selfdefense system","potentialAction":[{"@type":"SearchAction","target":{"@type":"EntryPoint","urlTemplate":"https:\/\/www.kravolution.com\/de\/?s={search_term_string}"},"query-input":"required name=search_term_string"}],"inLanguage":"de-DE"}]}},"_links":{"self":[{"href":"https:\/\/www.kravolution.com\/de\/wp-json\/wp\/v2\/pages\/3393"}],"collection":[{"href":"https:\/\/www.kravolution.com\/de\/wp-json\/wp\/v2\/pages"}],"about":[{"href":"https:\/\/www.kravolution.com\/de\/wp-json\/wp\/v2\/types\/page"}],"author":[{"embeddable":true,"href":"https:\/\/www.kravolution.com\/de\/wp-json\/wp\/v2\/users\/7"}],"replies":[{"embeddable":true,"href":"https:\/\/www.kravolution.com\/de\/wp-json\/wp\/v2\/comments?post=3393"}],"version-history":[{"count":3,"href":"https:\/\/www.kravolution.com\/de\/wp-json\/wp\/v2\/pages\/3393\/revisions"}],"predecessor-version":[{"id":4250,"href":"https:\/\/www.kravolution.com\/de\/wp-json\/wp\/v2\/pages\/3393\/revisions\/4250"}],"up":[{"embeddable":true,"href":"https:\/\/www.kravolution.com\/de\/wp-json\/wp\/v2\/pages\/3639"}],"wp:attachment":[{"href":"https:\/\/www.kravolution.com\/de\/wp-json\/wp\/v2\/media?parent=3393"}],"curies":[{"name":"wp","href":"https:\/\/api.w.org\/{rel}","templated":true}]}}