{"id":3368,"date":"2017-09-20T17:58:01","date_gmt":"2017-09-20T15:58:01","guid":{"rendered":"https:\/\/wwwv2.kravolution.com\/rescue-forces\/"},"modified":"2018-05-06T10:43:52","modified_gmt":"2018-05-06T08:43:52","slug":"rescue-forces","status":"publish","type":"page","link":"https:\/\/www.kravolution.com\/de\/divisions\/rescue-forces\/","title":{"rendered":"Rescue Forces"},"content":{"rendered":"<h2>Rescue Forces<\/h2>\n<p><img decoding=\"async\" loading=\"lazy\" class=\"aligncenter size-full wp-image-1308\" src=\"https:\/\/www.kravolution.com\/wp-content\/uploads\/2017\/09\/Beitragsbilder-rescue-forces.jpg\" alt=\"Krav Maga Rescue Forces\" width=\"1135\" height=\"375\" srcset=\"https:\/\/www.kravolution.com\/wp-content\/uploads\/2017\/09\/Beitragsbilder-rescue-forces.jpg 1135w, https:\/\/www.kravolution.com\/wp-content\/uploads\/2017\/09\/Beitragsbilder-rescue-forces-300x99.jpg 300w, https:\/\/www.kravolution.com\/wp-content\/uploads\/2017\/09\/Beitragsbilder-rescue-forces-768x254.jpg 768w, https:\/\/www.kravolution.com\/wp-content\/uploads\/2017\/09\/Beitragsbilder-rescue-forces-1024x338.jpg 1024w\" sizes=\"(max-width: 1135px) 100vw, 1135px\" \/><\/p>\n<p><strong>KRAVolution<\/strong> Rescue Forces ist ein spezielles Trainingskonzept f\u00fcr Rettungskr\u00e4fte von Feuerwehr und Rettungsdienst, angelehnt an die Law Enforcement Division. Den gr\u00f6\u00dften Unterschied stellen die unterschiedlichen rechtlichen Grundlagen dar. Anders als beispielsweise ein Polizist, verf\u00fcgt ein Rettungsdienst-Mitarbeiter \u00fcber keinerlei Waffen.<\/p>\n<p>Leider kommt es zunehmend zu Angriffen auf Rettungskr\u00e4fte. Nicht blo\u00df verbale Attacken, auch k\u00f6rperliche Gewalt steht auf dem Tagesplan. Beim Rescue Forces Training wird speziell das taktische Verhalten an der Einsatzstelle trainiert. Oft k\u00f6nnen \u00dcbergriffe bereits pr\u00e4ventiv abgewendet werden. Dies erfordert nicht nur eine regelm\u00e4\u00dfige Schulung, beispielsweise durch j\u00e4hrlichen Fortbildung, sondern vor allem auch ein regelm\u00e4\u00dfiges Selbstverteidigungstraining in der Freizeit. Dabei werden Krav Maga Verteidigungstechniken trainiert, die effektiv, schnell zu erlernen und vor allem im Alltag intuitiv abrufbar sind.<\/p>\n<p>Die Schwerpunkte der <strong>KRAVolution<\/strong> Rescue Forces Division f\u00fcr ein ganzheitliches Sicherheits- und Selbstverteidigungstraining sind:<\/p>\n<p>\u2022 Kommunikation und K\u00f6rpersprache<br \/>\n\u2022 Taktisches Verhalten in Konfliktsituationen<br \/>\n\u2022 Teamarbeit bei der Selbstverteidigung<br \/>\n\u2022 Verhalten bei \u00dcbergriffen<br \/>\n\u2022 Techniken in Notwehr-und Nothilfesituationen<br \/>\n\u2022 Selbstverteidigung in engen R\u00e4umlichkeiten, CQB-Training<br \/>\n\u2022 Selbstverteidigung unter widrigen Bedingungen, low light\/no light<br \/>\n\u2022 Verteidigungsszenarien: Pr\u00e4vention, Reaktion und Defense gegen Messer-, Stock- oder Schusswaffenbedrohungen<\/p>\n<p>Alle Techniken sind so aufgebaut, dass sie der Verh\u00e4ltnism\u00e4\u00dfigkeit angepasst sind. Da Rettungsdienst-Mitarbeiter\/innen \u00fcber keine Waffen verf\u00fcgen, m\u00fcssen alle zur Verf\u00fcgung stehenden Mittel zur Selbstverteidigung genutzt werden, so kann zum Beispiel der Rettungsrucksack als \u2018\u2018common object\u2018\u2018 verwendet werden, um Attacken abzublocken. Das <strong>KRAVolution<\/strong> Instructor Team besteht aus aktiven Rettungsdienst-Mitarbeitern, die ihre Erfahrungen aus dem Dienstalltag mit in die fortlaufende Entwicklung von <strong>KRAVolution<\/strong> einbringen. Zudem kann dadurch, dass man unter Kollegen trainiert, das Rescue Forces Training sehr realit\u00e4tsnah gestaltet werden.<\/p>\n<p>&nbsp;<\/p>\n<hr \/>\n<p>&nbsp;<\/p>\n<p>&nbsp;<\/p>\n","protected":false},"excerpt":{"rendered":"Rescue Forces KRAVolution Rescue Forces ist ein spezielles Trainingskonzept f\u00fcr Rettungskr\u00e4fte von Feuerwehr und Rettungsdienst, angelehnt an die Law Enforcement [&hellip;]","protected":false},"author":7,"featured_media":0,"parent":3639,"menu_order":0,"comment_status":"closed","ping_status":"closed","template":"","meta":{"_et_pb_use_builder":"","_et_pb_old_content":"","_et_gb_content_width":"","_mi_skip_tracking":false},"acf":[],"yoast_head":"<!-- This site is optimized with the Yoast SEO plugin v19.13 - https:\/\/yoast.com\/wordpress\/plugins\/seo\/ -->\n<title>Rescue Forces - KRAVolution<\/title>\n<meta name=\"description\" content=\"Rescue Forces KRAVolution Rescue Forces ist ein spezielles Trainingskonzept f\u00fcr Rettungskr\u00e4fte von Feuerwehr und Rettungsdienst, angelehnt an die Law\" \/>\n<meta name=\"robots\" content=\"index, follow, max-snippet:-1, max-image-preview:large, max-video-preview:-1\" \/>\n<link rel=\"canonical\" href=\"https:\/\/www.kravolution.com\/de\/divisions\/rescue-forces\/\" \/>\n<meta property=\"og:locale\" content=\"de_DE\" \/>\n<meta property=\"og:type\" content=\"article\" \/>\n<meta property=\"og:title\" content=\"Rescue Forces - KRAVolution\" \/>\n<meta property=\"og:description\" content=\"Rescue Forces KRAVolution Rescue Forces ist ein spezielles Trainingskonzept f\u00fcr Rettungskr\u00e4fte von Feuerwehr und Rettungsdienst, angelehnt an die Law\" \/>\n<meta property=\"og:url\" content=\"https:\/\/www.kravolution.com\/de\/divisions\/rescue-forces\/\" \/>\n<meta property=\"og:site_name\" content=\"KRAVolution\" \/>\n<meta property=\"article:modified_time\" content=\"2018-05-06T08:43:52+00:00\" \/>\n<meta property=\"og:image\" content=\"https:\/\/www.kravolution.com\/wp-content\/uploads\/2017\/09\/Beitragsbilder-rescue-forces.jpg\" \/>\n<meta name=\"twitter:card\" content=\"summary_large_image\" \/>\n<meta name=\"twitter:label1\" content=\"Gesch\u00e4tzte Lesezeit\" \/>\n\t<meta name=\"twitter:data1\" content=\"1 Minute\" \/>\n<script type=\"application\/ld+json\" class=\"yoast-schema-graph\">{\"@context\":\"https:\/\/schema.org\",\"@graph\":[{\"@type\":\"WebPage\",\"@id\":\"https:\/\/www.kravolution.com\/de\/divisions\/rescue-forces\/\",\"url\":\"https:\/\/www.kravolution.com\/de\/divisions\/rescue-forces\/\",\"name\":\"Rescue Forces - KRAVolution\",\"isPartOf\":{\"@id\":\"https:\/\/www.kravolution.com\/de\/#website\"},\"datePublished\":\"2017-09-20T15:58:01+00:00\",\"dateModified\":\"2018-05-06T08:43:52+00:00\",\"description\":\"Rescue Forces KRAVolution Rescue Forces ist ein spezielles Trainingskonzept f\u00fcr Rettungskr\u00e4fte von Feuerwehr und Rettungsdienst, angelehnt an die Law\",\"breadcrumb\":{\"@id\":\"https:\/\/www.kravolution.com\/de\/divisions\/rescue-forces\/#breadcrumb\"},\"inLanguage\":\"de-DE\",\"potentialAction\":[{\"@type\":\"ReadAction\",\"target\":[\"https:\/\/www.kravolution.com\/de\/divisions\/rescue-forces\/\"]}]},{\"@type\":\"BreadcrumbList\",\"@id\":\"https:\/\/www.kravolution.com\/de\/divisions\/rescue-forces\/#breadcrumb\",\"itemListElement\":[{\"@type\":\"ListItem\",\"position\":1,\"name\":\"Home\",\"item\":\"https:\/\/www.kravolution.com\/de\/\"},{\"@type\":\"ListItem\",\"position\":2,\"name\":\"Divisions\",\"item\":\"https:\/\/www.kravolution.com\/de\/divisions\/\"},{\"@type\":\"ListItem\",\"position\":3,\"name\":\"Rescue Forces\"}]},{\"@type\":\"WebSite\",\"@id\":\"https:\/\/www.kravolution.com\/de\/#website\",\"url\":\"https:\/\/www.kravolution.com\/de\/\",\"name\":\"KRAVolution\",\"description\":\"Krav Maga modern israeli selfdefense system\",\"potentialAction\":[{\"@type\":\"SearchAction\",\"target\":{\"@type\":\"EntryPoint\",\"urlTemplate\":\"https:\/\/www.kravolution.com\/de\/?s={search_term_string}\"},\"query-input\":\"required name=search_term_string\"}],\"inLanguage\":\"de-DE\"}]}<\/script>\n<!-- \/ Yoast SEO plugin. -->","yoast_head_json":{"title":"Rescue Forces - KRAVolution","description":"Rescue Forces KRAVolution Rescue Forces ist ein spezielles Trainingskonzept f\u00fcr Rettungskr\u00e4fte von Feuerwehr und Rettungsdienst, angelehnt an die Law","robots":{"index":"index","follow":"follow","max-snippet":"max-snippet:-1","max-image-preview":"max-image-preview:large","max-video-preview":"max-video-preview:-1"},"canonical":"https:\/\/www.kravolution.com\/de\/divisions\/rescue-forces\/","og_locale":"de_DE","og_type":"article","og_title":"Rescue Forces - KRAVolution","og_description":"Rescue Forces KRAVolution Rescue Forces ist ein spezielles Trainingskonzept f\u00fcr Rettungskr\u00e4fte von Feuerwehr und Rettungsdienst, angelehnt an die Law","og_url":"https:\/\/www.kravolution.com\/de\/divisions\/rescue-forces\/","og_site_name":"KRAVolution","article_modified_time":"2018-05-06T08:43:52+00:00","og_image":[{"url":"https:\/\/www.kravolution.com\/wp-content\/uploads\/2017\/09\/Beitragsbilder-rescue-forces.jpg"}],"twitter_card":"summary_large_image","twitter_misc":{"Gesch\u00e4tzte Lesezeit":"1 Minute"},"schema":{"@context":"https:\/\/schema.org","@graph":[{"@type":"WebPage","@id":"https:\/\/www.kravolution.com\/de\/divisions\/rescue-forces\/","url":"https:\/\/www.kravolution.com\/de\/divisions\/rescue-forces\/","name":"Rescue Forces - KRAVolution","isPartOf":{"@id":"https:\/\/www.kravolution.com\/de\/#website"},"datePublished":"2017-09-20T15:58:01+00:00","dateModified":"2018-05-06T08:43:52+00:00","description":"Rescue Forces KRAVolution Rescue Forces ist ein spezielles Trainingskonzept f\u00fcr Rettungskr\u00e4fte von Feuerwehr und Rettungsdienst, angelehnt an die Law","breadcrumb":{"@id":"https:\/\/www.kravolution.com\/de\/divisions\/rescue-forces\/#breadcrumb"},"inLanguage":"de-DE","potentialAction":[{"@type":"ReadAction","target":["https:\/\/www.kravolution.com\/de\/divisions\/rescue-forces\/"]}]},{"@type":"BreadcrumbList","@id":"https:\/\/www.kravolution.com\/de\/divisions\/rescue-forces\/#breadcrumb","itemListElement":[{"@type":"ListItem","position":1,"name":"Home","item":"https:\/\/www.kravolution.com\/de\/"},{"@type":"ListItem","position":2,"name":"Divisions","item":"https:\/\/www.kravolution.com\/de\/divisions\/"},{"@type":"ListItem","position":3,"name":"Rescue Forces"}]},{"@type":"WebSite","@id":"https:\/\/www.kravolution.com\/de\/#website","url":"https:\/\/www.kravolution.com\/de\/","name":"KRAVolution","description":"Krav Maga modern israeli selfdefense system","potentialAction":[{"@type":"SearchAction","target":{"@type":"EntryPoint","urlTemplate":"https:\/\/www.kravolution.com\/de\/?s={search_term_string}"},"query-input":"required name=search_term_string"}],"inLanguage":"de-DE"}]}},"_links":{"self":[{"href":"https:\/\/www.kravolution.com\/de\/wp-json\/wp\/v2\/pages\/3368"}],"collection":[{"href":"https:\/\/www.kravolution.com\/de\/wp-json\/wp\/v2\/pages"}],"about":[{"href":"https:\/\/www.kravolution.com\/de\/wp-json\/wp\/v2\/types\/page"}],"author":[{"embeddable":true,"href":"https:\/\/www.kravolution.com\/de\/wp-json\/wp\/v2\/users\/7"}],"replies":[{"embeddable":true,"href":"https:\/\/www.kravolution.com\/de\/wp-json\/wp\/v2\/comments?post=3368"}],"version-history":[{"count":5,"href":"https:\/\/www.kravolution.com\/de\/wp-json\/wp\/v2\/pages\/3368\/revisions"}],"predecessor-version":[{"id":4252,"href":"https:\/\/www.kravolution.com\/de\/wp-json\/wp\/v2\/pages\/3368\/revisions\/4252"}],"up":[{"embeddable":true,"href":"https:\/\/www.kravolution.com\/de\/wp-json\/wp\/v2\/pages\/3639"}],"wp:attachment":[{"href":"https:\/\/www.kravolution.com\/de\/wp-json\/wp\/v2\/media?parent=3368"}],"curies":[{"name":"wp","href":"https:\/\/api.w.org\/{rel}","templated":true}]}}