{"id":3350,"date":"2016-12-01T17:39:12","date_gmt":"2016-12-01T16:39:12","guid":{"rendered":"https:\/\/wwwv2.kravolution.com\/law-enforcement-selfdefense\/"},"modified":"2018-05-06T10:20:44","modified_gmt":"2018-05-06T08:20:44","slug":"law-enforcement-selfdefense","status":"publish","type":"page","link":"https:\/\/www.kravolution.com\/de\/divisions\/law-enforcement-selfdefense\/","title":{"rendered":"Law Enforcement Division"},"content":{"rendered":"<h2>Law Enforcement Division<\/h2>\n<p><img decoding=\"async\" loading=\"lazy\" class=\"aligncenter size-full wp-image-1128 img-responsive\" src=\"https:\/\/www.kravolution.com\/wp-content\/uploads\/2016\/12\/Law-Enforcement-01.jpg\" alt=\"Law Enforcement Krav Maga Training\" width=\"1135\" height=\"375\" srcset=\"https:\/\/www.kravolution.com\/wp-content\/uploads\/2016\/12\/Law-Enforcement-01.jpg 1135w, https:\/\/www.kravolution.com\/wp-content\/uploads\/2016\/12\/Law-Enforcement-01-300x99.jpg 300w, https:\/\/www.kravolution.com\/wp-content\/uploads\/2016\/12\/Law-Enforcement-01-768x254.jpg 768w, https:\/\/www.kravolution.com\/wp-content\/uploads\/2016\/12\/Law-Enforcement-01-1024x338.jpg 1024w\" sizes=\"(max-width: 1135px) 100vw, 1135px\" \/><\/p>\n<p>Die KRAVolution Law Enforcement Division richtet sich an BOS-Angeh\u00f6rige, wie Bedienstete von <strong>Polizei- und Justizvollzug<\/strong> sowie auch an <strong>Rettungsdienst-Mitarbeiter<\/strong>, die leider immer \u00f6fter gewaltt\u00e4tige \u00dcbergriffe im Einsatz erleben.Im zivilen Bereich ist es meist am sinnvollsten, sich durch Weglaufen einer kritischen Situation zu entziehen. Dies ist f\u00fcr Einsatzkr\u00e4fte nat\u00fcrlich keine Option und stellt die gro\u00dfe Herausforderung des Law Enforcement-Trainings dar.<\/p>\n<p>Die Inhalte des Law Enforcement Trainings sind die Vermittlung von KRAVolution Krav Maga Selbstverteidigungstechniken und Taktiken, in Verbindung mit Festlege-, Festnahme-, sowie Transporttechniken gegen einen oder mehrere, bewaffnete oder unbewaffnete Angreifer &#8211; alleine und im Team.<\/p>\n<p><strong>Die Schwerpunkte bei der KRAVolution Law Enforcement Division f\u00fcr ein ganzheitliches Sicherheits- und Selbstverteidigungstraining sind:<br \/>\n<\/strong><\/p>\n<ul>\n<li>Kommunikation und K\u00f6rpersprache<\/li>\n<li>Tactical behavior in conflict situations<\/li>\n<li>Taktisches Verhalten in Konfliktsituationen<\/li>\n<li>Verhalten bei \u00dcbergriffen<\/li>\n<li>Techniken in Notwehr-und Nothilfesituationen<\/li>\n<li>Selbstverteidigung in engen R\u00e4umlichkeiten, CQB-Training<\/li>\n<li>Selbstverteidigung unter widrigen Bedingungen, low light\/no light<\/li>\n<li>Verteidigungsszenarien: Pr\u00e4vention, Reaktion und Defense gegen Messer-, Stock- oder Schusswaffenbedrohungen<\/li>\n<\/ul>\n<p>&nbsp;<\/p>\n<p>Das <strong>KRAVolution<\/strong> Instructor-Team verf\u00fcgt nicht nur \u00fcber langj\u00e4hrige Trainingserfahrung mit aktiven Polizisten in Ausbildungszentren der Polizei, sondern besteht vor allem auch aus aktiven Polizisten, die ihre Erfahrungen aus dem Dienstalltag in die Entwicklung von <strong>KRAVolution<\/strong> Krav Maga einflie\u00dfen lassen. Somit k\u00f6nnen wir ein Training garantieren, das realit\u00e4tsnah und vor allem stets der Zeit angepasst ist.<\/p>\n<hr \/>\n<p><span class=\"highlight\" style=\"font-weight: 350; font-size: 130%;\">Du m\u00f6chtest auch Law Enforcement Instructor werden?<\/span><br \/>\n<strong>Informationen zur Ausbildung: <a href=\"https:\/\/www.kravolution.com\/education\/\">Instructor-Courses<\/a> or <a href=\"https:\/\/www.kravolution.com\/contact\/\">Schreib uns!<\/a><\/strong><\/p>\n<p>&nbsp;<\/p>\n<p>&nbsp;<\/p>\n","protected":false},"excerpt":{"rendered":"Law Enforcement Division Die KRAVolution Law Enforcement Division richtet sich an BOS-Angeh\u00f6rige, wie Bedienstete von Polizei- und Justizvollzug sowie auch [&hellip;]","protected":false},"author":7,"featured_media":0,"parent":3639,"menu_order":0,"comment_status":"closed","ping_status":"closed","template":"","meta":{"_et_pb_use_builder":"","_et_pb_old_content":"","_et_gb_content_width":"","_mi_skip_tracking":false},"acf":[],"yoast_head":"<!-- This site is optimized with the Yoast SEO plugin v19.13 - https:\/\/yoast.com\/wordpress\/plugins\/seo\/ -->\n<title>Law Enforcement Division - KRAVolution<\/title>\n<meta name=\"description\" content=\"Law Enforcement Division Die KRAVolution Law Enforcement Division richtet sich an BOS-Angeh\u00f6rige, wie Bedienstete von Polizei- und Justizvollzug sowie\" \/>\n<meta name=\"robots\" content=\"index, follow, max-snippet:-1, max-image-preview:large, max-video-preview:-1\" \/>\n<link rel=\"canonical\" href=\"https:\/\/www.kravolution.com\/de\/divisions\/law-enforcement-selfdefense\/\" \/>\n<meta property=\"og:locale\" content=\"de_DE\" \/>\n<meta property=\"og:type\" content=\"article\" \/>\n<meta property=\"og:title\" content=\"Law Enforcement Division - KRAVolution\" \/>\n<meta property=\"og:description\" content=\"Law Enforcement Division Die KRAVolution Law Enforcement Division richtet sich an BOS-Angeh\u00f6rige, wie Bedienstete von Polizei- und Justizvollzug sowie\" \/>\n<meta property=\"og:url\" content=\"https:\/\/www.kravolution.com\/de\/divisions\/law-enforcement-selfdefense\/\" \/>\n<meta property=\"og:site_name\" content=\"KRAVolution\" \/>\n<meta property=\"article:modified_time\" content=\"2018-05-06T08:20:44+00:00\" \/>\n<meta property=\"og:image\" content=\"https:\/\/www.kravolution.com\/wp-content\/uploads\/2016\/12\/Law-Enforcement-01.jpg\" \/>\n<meta name=\"twitter:card\" content=\"summary_large_image\" \/>\n<meta name=\"twitter:label1\" content=\"Gesch\u00e4tzte Lesezeit\" \/>\n\t<meta name=\"twitter:data1\" content=\"1 Minute\" \/>\n<script type=\"application\/ld+json\" class=\"yoast-schema-graph\">{\"@context\":\"https:\/\/schema.org\",\"@graph\":[{\"@type\":\"WebPage\",\"@id\":\"https:\/\/www.kravolution.com\/de\/divisions\/law-enforcement-selfdefense\/\",\"url\":\"https:\/\/www.kravolution.com\/de\/divisions\/law-enforcement-selfdefense\/\",\"name\":\"Law Enforcement Division - KRAVolution\",\"isPartOf\":{\"@id\":\"https:\/\/www.kravolution.com\/de\/#website\"},\"datePublished\":\"2016-12-01T16:39:12+00:00\",\"dateModified\":\"2018-05-06T08:20:44+00:00\",\"description\":\"Law Enforcement Division Die KRAVolution Law Enforcement Division richtet sich an BOS-Angeh\u00f6rige, wie Bedienstete von Polizei- und Justizvollzug sowie\",\"breadcrumb\":{\"@id\":\"https:\/\/www.kravolution.com\/de\/divisions\/law-enforcement-selfdefense\/#breadcrumb\"},\"inLanguage\":\"de-DE\",\"potentialAction\":[{\"@type\":\"ReadAction\",\"target\":[\"https:\/\/www.kravolution.com\/de\/divisions\/law-enforcement-selfdefense\/\"]}]},{\"@type\":\"BreadcrumbList\",\"@id\":\"https:\/\/www.kravolution.com\/de\/divisions\/law-enforcement-selfdefense\/#breadcrumb\",\"itemListElement\":[{\"@type\":\"ListItem\",\"position\":1,\"name\":\"Home\",\"item\":\"https:\/\/www.kravolution.com\/de\/\"},{\"@type\":\"ListItem\",\"position\":2,\"name\":\"Divisions\",\"item\":\"https:\/\/www.kravolution.com\/de\/divisions\/\"},{\"@type\":\"ListItem\",\"position\":3,\"name\":\"Law Enforcement Division\"}]},{\"@type\":\"WebSite\",\"@id\":\"https:\/\/www.kravolution.com\/de\/#website\",\"url\":\"https:\/\/www.kravolution.com\/de\/\",\"name\":\"KRAVolution\",\"description\":\"Krav Maga modern israeli selfdefense system\",\"potentialAction\":[{\"@type\":\"SearchAction\",\"target\":{\"@type\":\"EntryPoint\",\"urlTemplate\":\"https:\/\/www.kravolution.com\/de\/?s={search_term_string}\"},\"query-input\":\"required name=search_term_string\"}],\"inLanguage\":\"de-DE\"}]}<\/script>\n<!-- \/ Yoast SEO plugin. -->","yoast_head_json":{"title":"Law Enforcement Division - KRAVolution","description":"Law Enforcement Division Die KRAVolution Law Enforcement Division richtet sich an BOS-Angeh\u00f6rige, wie Bedienstete von Polizei- und Justizvollzug sowie","robots":{"index":"index","follow":"follow","max-snippet":"max-snippet:-1","max-image-preview":"max-image-preview:large","max-video-preview":"max-video-preview:-1"},"canonical":"https:\/\/www.kravolution.com\/de\/divisions\/law-enforcement-selfdefense\/","og_locale":"de_DE","og_type":"article","og_title":"Law Enforcement Division - KRAVolution","og_description":"Law Enforcement Division Die KRAVolution Law Enforcement Division richtet sich an BOS-Angeh\u00f6rige, wie Bedienstete von Polizei- und Justizvollzug sowie","og_url":"https:\/\/www.kravolution.com\/de\/divisions\/law-enforcement-selfdefense\/","og_site_name":"KRAVolution","article_modified_time":"2018-05-06T08:20:44+00:00","og_image":[{"url":"https:\/\/www.kravolution.com\/wp-content\/uploads\/2016\/12\/Law-Enforcement-01.jpg"}],"twitter_card":"summary_large_image","twitter_misc":{"Gesch\u00e4tzte Lesezeit":"1 Minute"},"schema":{"@context":"https:\/\/schema.org","@graph":[{"@type":"WebPage","@id":"https:\/\/www.kravolution.com\/de\/divisions\/law-enforcement-selfdefense\/","url":"https:\/\/www.kravolution.com\/de\/divisions\/law-enforcement-selfdefense\/","name":"Law Enforcement Division - KRAVolution","isPartOf":{"@id":"https:\/\/www.kravolution.com\/de\/#website"},"datePublished":"2016-12-01T16:39:12+00:00","dateModified":"2018-05-06T08:20:44+00:00","description":"Law Enforcement Division Die KRAVolution Law Enforcement Division richtet sich an BOS-Angeh\u00f6rige, wie Bedienstete von Polizei- und Justizvollzug sowie","breadcrumb":{"@id":"https:\/\/www.kravolution.com\/de\/divisions\/law-enforcement-selfdefense\/#breadcrumb"},"inLanguage":"de-DE","potentialAction":[{"@type":"ReadAction","target":["https:\/\/www.kravolution.com\/de\/divisions\/law-enforcement-selfdefense\/"]}]},{"@type":"BreadcrumbList","@id":"https:\/\/www.kravolution.com\/de\/divisions\/law-enforcement-selfdefense\/#breadcrumb","itemListElement":[{"@type":"ListItem","position":1,"name":"Home","item":"https:\/\/www.kravolution.com\/de\/"},{"@type":"ListItem","position":2,"name":"Divisions","item":"https:\/\/www.kravolution.com\/de\/divisions\/"},{"@type":"ListItem","position":3,"name":"Law Enforcement Division"}]},{"@type":"WebSite","@id":"https:\/\/www.kravolution.com\/de\/#website","url":"https:\/\/www.kravolution.com\/de\/","name":"KRAVolution","description":"Krav Maga modern israeli selfdefense system","potentialAction":[{"@type":"SearchAction","target":{"@type":"EntryPoint","urlTemplate":"https:\/\/www.kravolution.com\/de\/?s={search_term_string}"},"query-input":"required name=search_term_string"}],"inLanguage":"de-DE"}]}},"_links":{"self":[{"href":"https:\/\/www.kravolution.com\/de\/wp-json\/wp\/v2\/pages\/3350"}],"collection":[{"href":"https:\/\/www.kravolution.com\/de\/wp-json\/wp\/v2\/pages"}],"about":[{"href":"https:\/\/www.kravolution.com\/de\/wp-json\/wp\/v2\/types\/page"}],"author":[{"embeddable":true,"href":"https:\/\/www.kravolution.com\/de\/wp-json\/wp\/v2\/users\/7"}],"replies":[{"embeddable":true,"href":"https:\/\/www.kravolution.com\/de\/wp-json\/wp\/v2\/comments?post=3350"}],"version-history":[{"count":5,"href":"https:\/\/www.kravolution.com\/de\/wp-json\/wp\/v2\/pages\/3350\/revisions"}],"predecessor-version":[{"id":4248,"href":"https:\/\/www.kravolution.com\/de\/wp-json\/wp\/v2\/pages\/3350\/revisions\/4248"}],"up":[{"embeddable":true,"href":"https:\/\/www.kravolution.com\/de\/wp-json\/wp\/v2\/pages\/3639"}],"wp:attachment":[{"href":"https:\/\/www.kravolution.com\/de\/wp-json\/wp\/v2\/media?parent=3350"}],"curies":[{"name":"wp","href":"https:\/\/api.w.org\/{rel}","templated":true}]}}