{"id":3338,"date":"2016-12-01T17:05:51","date_gmt":"2016-12-01T16:05:51","guid":{"rendered":"https:\/\/wwwv2.kravolution.com\/kids-krav-maga\/"},"modified":"2018-05-05T14:19:00","modified_gmt":"2018-05-05T12:19:00","slug":"kids-krav-maga","status":"publish","type":"page","link":"https:\/\/www.kravolution.com\/de\/divisions\/kids-krav-maga\/","title":{"rendered":"Kids Krav Maga"},"content":{"rendered":"<h2>Kids Krav Maga<\/h2>\n<p><img decoding=\"async\" loading=\"lazy\" class=\"aligncenter size-full wp-image-1124 img-responsive\" src=\"https:\/\/www.kravolution.com\/wp-content\/uploads\/2016\/12\/kids-division-01.jpg\" alt=\"Kids Division\" width=\"1135\" height=\"375\" srcset=\"https:\/\/www.kravolution.com\/wp-content\/uploads\/2016\/12\/kids-division-01.jpg 1135w, https:\/\/www.kravolution.com\/wp-content\/uploads\/2016\/12\/kids-division-01-300x99.jpg 300w, https:\/\/www.kravolution.com\/wp-content\/uploads\/2016\/12\/kids-division-01-768x254.jpg 768w, https:\/\/www.kravolution.com\/wp-content\/uploads\/2016\/12\/kids-division-01-1024x338.jpg 1024w\" sizes=\"(max-width: 1135px) 100vw, 1135px\" \/><\/p>\n<p><strong>Selbstverteidigung f\u00fcr Kinder ab 5 Jahren &#8211; denn auch die Kleinsten m\u00fcssen nicht schwach sein!<\/strong><\/p>\n<p>Ob im Kindergarten, in der Schule, auf der Stra\u00dfe\u2026 Nicht immer sind wir Eltern da, um \u00fcber unsere Kinder zu wachen, nicht vor jedem Konflikt k\u00f6nnen wir sie besch\u00fctzen. Mit unserem Krav Maga-Unterricht f\u00fcr deine Kinder legen wir die Basis f\u00fcr mehr Sicherheit f\u00fcr deine Familie.<\/p>\n<p>Unsere speziell geschulten Instructoren vermitteln deinen Kindern auf spielerische Weise eine gesunde Selbsteinsch\u00e4tzung der eigenen F\u00e4higkeiten. Die Kinder lernen, Situationen einzusch\u00e4tzen sowie k\u00f6rperliche Auseinandersetzungen und Konflikte bewusst zu vermeiden und dabei selbstbewusst aufzutreten. Gleichzeitig verbessern sie ganz automatisch ihre k\u00f6rperliche Fitness und Koordination, schulen ihre Aufmerksamkeit und haben auch noch jede Menge Spa\u00df dabei.<\/p>\n<p>Die Schwerpunkte beim <strong>KRAVolution<\/strong> Krav Maga f\u00fcr ein ganzheitliches Sicherheits- und Selbstverteidigungstraining f\u00fcr Kleinkinder und Kinder sind:<br \/>\n\u2022 Wahrnehmung\/Pr\u00e4vention<br \/>\n\u2022 Deeskalation<br \/>\n\u2022 Fluchtstrategien<br \/>\n\u2022 Selbstverteidigung gegen Gleichaltrige<br \/>\n\u2022 Selbstverteidigung gegen \u201eSt\u00e4rkere\u201c<\/p>\n<p>&nbsp;<\/p>\n<p><iframe loading=\"lazy\" width=\"500\" height=\"281\" src=\"https:\/\/www.youtube.com\/embed\/tTsQBdMZS_k?feature=oembed\" frameborder=\"0\" allow=\"autoplay; encrypted-media\" allowfullscreen><\/iframe><\/p>\n<hr \/>\n<p>&nbsp;<\/p>\n","protected":false},"excerpt":{"rendered":"Kids Krav Maga Selbstverteidigung f\u00fcr Kinder ab 5 Jahren &#8211; denn auch die Kleinsten m\u00fcssen nicht schwach sein! Ob im [&hellip;]","protected":false},"author":7,"featured_media":0,"parent":3639,"menu_order":0,"comment_status":"closed","ping_status":"closed","template":"","meta":{"_et_pb_use_builder":"","_et_pb_old_content":"","_et_gb_content_width":"","_mi_skip_tracking":false},"acf":[],"yoast_head":"<!-- This site is optimized with the Yoast SEO plugin v19.13 - https:\/\/yoast.com\/wordpress\/plugins\/seo\/ -->\n<title>Kids Krav Maga - KRAVolution<\/title>\n<meta name=\"description\" content=\"Kids Krav Maga Selbstverteidigung f\u00fcr Kinder ab 5 Jahren - denn auch die Kleinsten m\u00fcssen nicht schwach sein! Ob im Kindergarten, in der Schule, auf der\" \/>\n<meta name=\"robots\" content=\"index, follow, max-snippet:-1, max-image-preview:large, max-video-preview:-1\" \/>\n<link rel=\"canonical\" href=\"https:\/\/www.kravolution.com\/de\/divisions\/kids-krav-maga\/\" \/>\n<meta property=\"og:locale\" content=\"de_DE\" \/>\n<meta property=\"og:type\" content=\"article\" \/>\n<meta property=\"og:title\" content=\"Kids Krav Maga - KRAVolution\" \/>\n<meta property=\"og:description\" content=\"Kids Krav Maga Selbstverteidigung f\u00fcr Kinder ab 5 Jahren - denn auch die Kleinsten m\u00fcssen nicht schwach sein! Ob im Kindergarten, in der Schule, auf der\" \/>\n<meta property=\"og:url\" content=\"https:\/\/www.kravolution.com\/de\/divisions\/kids-krav-maga\/\" \/>\n<meta property=\"og:site_name\" content=\"KRAVolution\" \/>\n<meta property=\"article:modified_time\" content=\"2018-05-05T12:19:00+00:00\" \/>\n<meta property=\"og:image\" content=\"https:\/\/www.kravolution.com\/wp-content\/uploads\/2016\/12\/kids-division-01.jpg\" \/>\n<meta name=\"twitter:card\" content=\"summary_large_image\" \/>\n<meta name=\"twitter:label1\" content=\"Gesch\u00e4tzte Lesezeit\" \/>\n\t<meta name=\"twitter:data1\" content=\"1 Minute\" \/>\n<script type=\"application\/ld+json\" class=\"yoast-schema-graph\">{\"@context\":\"https:\/\/schema.org\",\"@graph\":[{\"@type\":\"WebPage\",\"@id\":\"https:\/\/www.kravolution.com\/de\/divisions\/kids-krav-maga\/\",\"url\":\"https:\/\/www.kravolution.com\/de\/divisions\/kids-krav-maga\/\",\"name\":\"Kids Krav Maga - KRAVolution\",\"isPartOf\":{\"@id\":\"https:\/\/www.kravolution.com\/de\/#website\"},\"datePublished\":\"2016-12-01T16:05:51+00:00\",\"dateModified\":\"2018-05-05T12:19:00+00:00\",\"description\":\"Kids Krav Maga Selbstverteidigung f\u00fcr Kinder ab 5 Jahren - denn auch die Kleinsten m\u00fcssen nicht schwach sein! Ob im Kindergarten, in der Schule, auf der\",\"breadcrumb\":{\"@id\":\"https:\/\/www.kravolution.com\/de\/divisions\/kids-krav-maga\/#breadcrumb\"},\"inLanguage\":\"de-DE\",\"potentialAction\":[{\"@type\":\"ReadAction\",\"target\":[\"https:\/\/www.kravolution.com\/de\/divisions\/kids-krav-maga\/\"]}]},{\"@type\":\"BreadcrumbList\",\"@id\":\"https:\/\/www.kravolution.com\/de\/divisions\/kids-krav-maga\/#breadcrumb\",\"itemListElement\":[{\"@type\":\"ListItem\",\"position\":1,\"name\":\"Home\",\"item\":\"https:\/\/www.kravolution.com\/de\/\"},{\"@type\":\"ListItem\",\"position\":2,\"name\":\"Divisions\",\"item\":\"https:\/\/www.kravolution.com\/de\/divisions\/\"},{\"@type\":\"ListItem\",\"position\":3,\"name\":\"Kids Krav Maga\"}]},{\"@type\":\"WebSite\",\"@id\":\"https:\/\/www.kravolution.com\/de\/#website\",\"url\":\"https:\/\/www.kravolution.com\/de\/\",\"name\":\"KRAVolution\",\"description\":\"Krav Maga modern israeli selfdefense system\",\"potentialAction\":[{\"@type\":\"SearchAction\",\"target\":{\"@type\":\"EntryPoint\",\"urlTemplate\":\"https:\/\/www.kravolution.com\/de\/?s={search_term_string}\"},\"query-input\":\"required name=search_term_string\"}],\"inLanguage\":\"de-DE\"}]}<\/script>\n<!-- \/ Yoast SEO plugin. -->","yoast_head_json":{"title":"Kids Krav Maga - KRAVolution","description":"Kids Krav Maga Selbstverteidigung f\u00fcr Kinder ab 5 Jahren - denn auch die Kleinsten m\u00fcssen nicht schwach sein! Ob im Kindergarten, in der Schule, auf der","robots":{"index":"index","follow":"follow","max-snippet":"max-snippet:-1","max-image-preview":"max-image-preview:large","max-video-preview":"max-video-preview:-1"},"canonical":"https:\/\/www.kravolution.com\/de\/divisions\/kids-krav-maga\/","og_locale":"de_DE","og_type":"article","og_title":"Kids Krav Maga - KRAVolution","og_description":"Kids Krav Maga Selbstverteidigung f\u00fcr Kinder ab 5 Jahren - denn auch die Kleinsten m\u00fcssen nicht schwach sein! Ob im Kindergarten, in der Schule, auf der","og_url":"https:\/\/www.kravolution.com\/de\/divisions\/kids-krav-maga\/","og_site_name":"KRAVolution","article_modified_time":"2018-05-05T12:19:00+00:00","og_image":[{"url":"https:\/\/www.kravolution.com\/wp-content\/uploads\/2016\/12\/kids-division-01.jpg"}],"twitter_card":"summary_large_image","twitter_misc":{"Gesch\u00e4tzte Lesezeit":"1 Minute"},"schema":{"@context":"https:\/\/schema.org","@graph":[{"@type":"WebPage","@id":"https:\/\/www.kravolution.com\/de\/divisions\/kids-krav-maga\/","url":"https:\/\/www.kravolution.com\/de\/divisions\/kids-krav-maga\/","name":"Kids Krav Maga - KRAVolution","isPartOf":{"@id":"https:\/\/www.kravolution.com\/de\/#website"},"datePublished":"2016-12-01T16:05:51+00:00","dateModified":"2018-05-05T12:19:00+00:00","description":"Kids Krav Maga Selbstverteidigung f\u00fcr Kinder ab 5 Jahren - denn auch die Kleinsten m\u00fcssen nicht schwach sein! Ob im Kindergarten, in der Schule, auf der","breadcrumb":{"@id":"https:\/\/www.kravolution.com\/de\/divisions\/kids-krav-maga\/#breadcrumb"},"inLanguage":"de-DE","potentialAction":[{"@type":"ReadAction","target":["https:\/\/www.kravolution.com\/de\/divisions\/kids-krav-maga\/"]}]},{"@type":"BreadcrumbList","@id":"https:\/\/www.kravolution.com\/de\/divisions\/kids-krav-maga\/#breadcrumb","itemListElement":[{"@type":"ListItem","position":1,"name":"Home","item":"https:\/\/www.kravolution.com\/de\/"},{"@type":"ListItem","position":2,"name":"Divisions","item":"https:\/\/www.kravolution.com\/de\/divisions\/"},{"@type":"ListItem","position":3,"name":"Kids Krav Maga"}]},{"@type":"WebSite","@id":"https:\/\/www.kravolution.com\/de\/#website","url":"https:\/\/www.kravolution.com\/de\/","name":"KRAVolution","description":"Krav Maga modern israeli selfdefense system","potentialAction":[{"@type":"SearchAction","target":{"@type":"EntryPoint","urlTemplate":"https:\/\/www.kravolution.com\/de\/?s={search_term_string}"},"query-input":"required name=search_term_string"}],"inLanguage":"de-DE"}]}},"_links":{"self":[{"href":"https:\/\/www.kravolution.com\/de\/wp-json\/wp\/v2\/pages\/3338"}],"collection":[{"href":"https:\/\/www.kravolution.com\/de\/wp-json\/wp\/v2\/pages"}],"about":[{"href":"https:\/\/www.kravolution.com\/de\/wp-json\/wp\/v2\/types\/page"}],"author":[{"embeddable":true,"href":"https:\/\/www.kravolution.com\/de\/wp-json\/wp\/v2\/users\/7"}],"replies":[{"embeddable":true,"href":"https:\/\/www.kravolution.com\/de\/wp-json\/wp\/v2\/comments?post=3338"}],"version-history":[{"count":5,"href":"https:\/\/www.kravolution.com\/de\/wp-json\/wp\/v2\/pages\/3338\/revisions"}],"predecessor-version":[{"id":4244,"href":"https:\/\/www.kravolution.com\/de\/wp-json\/wp\/v2\/pages\/3338\/revisions\/4244"}],"up":[{"embeddable":true,"href":"https:\/\/www.kravolution.com\/de\/wp-json\/wp\/v2\/pages\/3639"}],"wp:attachment":[{"href":"https:\/\/www.kravolution.com\/de\/wp-json\/wp\/v2\/media?parent=3338"}],"curies":[{"name":"wp","href":"https:\/\/api.w.org\/{rel}","templated":true}]}}