{"id":3317,"date":"2016-12-01T17:34:10","date_gmt":"2016-12-01T16:34:10","guid":{"rendered":"https:\/\/wwwv2.kravolution.com\/kravolution-civil-division\/"},"modified":"2018-05-05T14:03:05","modified_gmt":"2018-05-05T12:03:05","slug":"kravolution-civil-division","status":"publish","type":"page","link":"https:\/\/www.kravolution.com\/de\/divisions\/kravolution-civil-division\/","title":{"rendered":"Civil Division"},"content":{"rendered":"<h2>Civil Division<\/h2>\n<p><img decoding=\"async\" loading=\"lazy\" class=\"aligncenter size-full wp-image-1105 img-responsive\" src=\"https:\/\/www.kravolution.com\/wp-content\/uploads\/2016\/12\/Civil.jpg\" alt=\"Civilian Krav Maga self-defense\" width=\"1135\" height=\"375\" srcset=\"https:\/\/www.kravolution.com\/wp-content\/uploads\/2016\/12\/Civil.jpg 1135w, https:\/\/www.kravolution.com\/wp-content\/uploads\/2016\/12\/Civil-300x99.jpg 300w, https:\/\/www.kravolution.com\/wp-content\/uploads\/2016\/12\/Civil-768x254.jpg 768w, https:\/\/www.kravolution.com\/wp-content\/uploads\/2016\/12\/Civil-1024x338.jpg 1024w\" sizes=\"(max-width: 1135px) 100vw, 1135px\" \/><\/p>\n<p>Urspr\u00fcnglich f\u00fcr die Israel Defense Force entwickelt, wurde Krav Maga im Laufe der Zeit f\u00fcr die zivile Bev\u00f6lkerung angepasst und nun bei <strong>KRAVolution<\/strong> stetig weiterentwickelt.<\/p>\n<p>Mit <strong>KRAVolution<\/strong> Krav Maga ist wirklich jeder in der Lage, sich und andere effektiv zu verteidigen. Unser reflexbasiertes System bietet jedem, unabh\u00e4ngig von Alter oder Geschlecht, Techniken zur Selbstverteidigung.<\/p>\n<p>In einer realen Gefahrensituation gibt es keine Regeln, das blo\u00dfe \u00dcberleben z\u00e4hlt. Also nutzen wir alle uns zur Verf\u00fcgung stehenden Mittel, um unbeschadet aus dieser Situation zu gelangen. Genau darauf baut <strong>KRAVolution<\/strong> Krav Maga \u2013 im Training gegen einen oder mehrere bewaffnete oder unbewaffnete Angreifer. Denn egal, was passiert \u2013 Aufgeben ist niemals eine Option!<\/p>\n<p>Die intuitive und somit schnelle Abrufbarkeit der Techniken und seine extreme Effektivit\u00e4t machen den Erfolg und die internationale Verbreitung dieses einzigartigen Selbstverteidigungssystems aus. Der Fokus wird dabei auf realit\u00e4tsnahem Szenario-Training nach Prinzipien gesetzt.<\/p>\n<p>Die Schwerpunkte bei <strong>KRAVolution<\/strong> Krav Maga f\u00fcr ein ganzheitliches ziviles Sicherheits- und Selbstverteidigungstraining sind:<br \/>\n\u2022 Pr\u00e4vention<br \/>\n\u2022 Erkennung von Gefahren und taktische R\u00fcckz\u00fcge<br \/>\n\u2022 Angriffe und Gegenangriffe gegen alle k\u00f6rperlichen Ziele aus allen n\u00e4heren Distanzen und in alle Richtungen<br \/>\n\u2022 Einsatz von Gegenst\u00e4nden und Hilfsmitteln zu Verteidigungszwecken<br \/>\n\u2022 Verteidigungen gegen Bedrohungs- und Angriffssituationen mit Waffen<br \/>\n\u2022 Verteidigungen gegen einen oder gegen mehrere Angreifer gleichzeitig<\/p>\n<p>Unser spezielles KRAVoulution-Highlight: Wir trainieren nicht blo\u00df in Hallen und auf Matten, ein m\u00f6glichst realit\u00e4tsnahes Training ist uns wichtig.\u00a0 Daher bieten wir spezielle Seminare an, beispielsweise das <strong><a href=\"https:\/\/www.youtube.com\/watch?v=Hbf-9tUrQ8k\">Nightlife self-defense<\/a><\/strong> (in der Disko), das <a href=\"https:\/\/www.youtube.com\/watch?v=bs4BjzZxTO8\"><strong>Pool Fight Seminar<\/strong><\/a> (im Wasser) oder das <strong><a href=\"https:\/\/www.youtube.com\/watch?v=9kpB_LsLMCw\">Defense in Public Transport Seminar<\/a><\/strong> (in Bussen oder Flugzeugen). Zus\u00e4tzlich finden unsere regul\u00e4ren Trainings h\u00e4ufig im Freien statt, beispielsweise f\u00fcr Car Defense Trainings . <strong>KRAVolution<\/strong> Krav Maga ist realit\u00e4tsnahe Selbstverteidigung und genie\u00dft als solche weltweite Anerkennung.<\/p>\n<p>&nbsp;<\/p>\n<p><iframe loading=\"lazy\" width=\"500\" height=\"281\" src=\"https:\/\/www.youtube.com\/embed\/9kpB_LsLMCw?start=1&#038;feature=oembed\" frameborder=\"0\" allow=\"autoplay; encrypted-media\" allowfullscreen><\/iframe><\/p>\n<hr \/>\n","protected":false},"excerpt":{"rendered":"Civil Division Urspr\u00fcnglich f\u00fcr die Israel Defense Force entwickelt, wurde Krav Maga im Laufe der Zeit f\u00fcr die zivile Bev\u00f6lkerung [&hellip;]","protected":false},"author":7,"featured_media":0,"parent":3639,"menu_order":0,"comment_status":"closed","ping_status":"closed","template":"","meta":{"_et_pb_use_builder":"","_et_pb_old_content":"","_et_gb_content_width":"","_mi_skip_tracking":false},"acf":[],"yoast_head":"<!-- This site is optimized with the Yoast SEO plugin v19.13 - https:\/\/yoast.com\/wordpress\/plugins\/seo\/ -->\n<title>Civil Division - KRAVolution<\/title>\n<meta name=\"description\" content=\"Civil Division Urspr\u00fcnglich f\u00fcr die Israel Defense Force entwickelt, wurde Krav Maga im Laufe der Zeit f\u00fcr die zivile Bev\u00f6lkerung angepasst und nun bei\" \/>\n<meta name=\"robots\" content=\"index, follow, max-snippet:-1, max-image-preview:large, max-video-preview:-1\" \/>\n<link rel=\"canonical\" href=\"https:\/\/www.kravolution.com\/de\/divisions\/kravolution-civil-division\/\" \/>\n<meta property=\"og:locale\" content=\"de_DE\" \/>\n<meta property=\"og:type\" content=\"article\" \/>\n<meta property=\"og:title\" content=\"Civil Division - KRAVolution\" \/>\n<meta property=\"og:description\" content=\"Civil Division Urspr\u00fcnglich f\u00fcr die Israel Defense Force entwickelt, wurde Krav Maga im Laufe der Zeit f\u00fcr die zivile Bev\u00f6lkerung angepasst und nun bei\" \/>\n<meta property=\"og:url\" content=\"https:\/\/www.kravolution.com\/de\/divisions\/kravolution-civil-division\/\" \/>\n<meta property=\"og:site_name\" content=\"KRAVolution\" \/>\n<meta property=\"article:modified_time\" content=\"2018-05-05T12:03:05+00:00\" \/>\n<meta property=\"og:image\" content=\"https:\/\/www.kravolution.com\/wp-content\/uploads\/2016\/12\/Civil.jpg\" \/>\n<meta name=\"twitter:card\" content=\"summary_large_image\" \/>\n<meta name=\"twitter:label1\" content=\"Gesch\u00e4tzte Lesezeit\" \/>\n\t<meta name=\"twitter:data1\" content=\"2 Minuten\" \/>\n<script type=\"application\/ld+json\" class=\"yoast-schema-graph\">{\"@context\":\"https:\/\/schema.org\",\"@graph\":[{\"@type\":\"WebPage\",\"@id\":\"https:\/\/www.kravolution.com\/de\/divisions\/kravolution-civil-division\/\",\"url\":\"https:\/\/www.kravolution.com\/de\/divisions\/kravolution-civil-division\/\",\"name\":\"Civil Division - KRAVolution\",\"isPartOf\":{\"@id\":\"https:\/\/www.kravolution.com\/de\/#website\"},\"datePublished\":\"2016-12-01T16:34:10+00:00\",\"dateModified\":\"2018-05-05T12:03:05+00:00\",\"description\":\"Civil Division Urspr\u00fcnglich f\u00fcr die Israel Defense Force entwickelt, wurde Krav Maga im Laufe der Zeit f\u00fcr die zivile Bev\u00f6lkerung angepasst und nun bei\",\"breadcrumb\":{\"@id\":\"https:\/\/www.kravolution.com\/de\/divisions\/kravolution-civil-division\/#breadcrumb\"},\"inLanguage\":\"de-DE\",\"potentialAction\":[{\"@type\":\"ReadAction\",\"target\":[\"https:\/\/www.kravolution.com\/de\/divisions\/kravolution-civil-division\/\"]}]},{\"@type\":\"BreadcrumbList\",\"@id\":\"https:\/\/www.kravolution.com\/de\/divisions\/kravolution-civil-division\/#breadcrumb\",\"itemListElement\":[{\"@type\":\"ListItem\",\"position\":1,\"name\":\"Home\",\"item\":\"https:\/\/www.kravolution.com\/de\/\"},{\"@type\":\"ListItem\",\"position\":2,\"name\":\"Divisions\",\"item\":\"https:\/\/www.kravolution.com\/de\/divisions\/\"},{\"@type\":\"ListItem\",\"position\":3,\"name\":\"Civil Division\"}]},{\"@type\":\"WebSite\",\"@id\":\"https:\/\/www.kravolution.com\/de\/#website\",\"url\":\"https:\/\/www.kravolution.com\/de\/\",\"name\":\"KRAVolution\",\"description\":\"Krav Maga modern israeli selfdefense system\",\"potentialAction\":[{\"@type\":\"SearchAction\",\"target\":{\"@type\":\"EntryPoint\",\"urlTemplate\":\"https:\/\/www.kravolution.com\/de\/?s={search_term_string}\"},\"query-input\":\"required name=search_term_string\"}],\"inLanguage\":\"de-DE\"}]}<\/script>\n<!-- \/ Yoast SEO plugin. -->","yoast_head_json":{"title":"Civil Division - KRAVolution","description":"Civil Division Urspr\u00fcnglich f\u00fcr die Israel Defense Force entwickelt, wurde Krav Maga im Laufe der Zeit f\u00fcr die zivile Bev\u00f6lkerung angepasst und nun bei","robots":{"index":"index","follow":"follow","max-snippet":"max-snippet:-1","max-image-preview":"max-image-preview:large","max-video-preview":"max-video-preview:-1"},"canonical":"https:\/\/www.kravolution.com\/de\/divisions\/kravolution-civil-division\/","og_locale":"de_DE","og_type":"article","og_title":"Civil Division - KRAVolution","og_description":"Civil Division Urspr\u00fcnglich f\u00fcr die Israel Defense Force entwickelt, wurde Krav Maga im Laufe der Zeit f\u00fcr die zivile Bev\u00f6lkerung angepasst und nun bei","og_url":"https:\/\/www.kravolution.com\/de\/divisions\/kravolution-civil-division\/","og_site_name":"KRAVolution","article_modified_time":"2018-05-05T12:03:05+00:00","og_image":[{"url":"https:\/\/www.kravolution.com\/wp-content\/uploads\/2016\/12\/Civil.jpg"}],"twitter_card":"summary_large_image","twitter_misc":{"Gesch\u00e4tzte Lesezeit":"2 Minuten"},"schema":{"@context":"https:\/\/schema.org","@graph":[{"@type":"WebPage","@id":"https:\/\/www.kravolution.com\/de\/divisions\/kravolution-civil-division\/","url":"https:\/\/www.kravolution.com\/de\/divisions\/kravolution-civil-division\/","name":"Civil Division - KRAVolution","isPartOf":{"@id":"https:\/\/www.kravolution.com\/de\/#website"},"datePublished":"2016-12-01T16:34:10+00:00","dateModified":"2018-05-05T12:03:05+00:00","description":"Civil Division Urspr\u00fcnglich f\u00fcr die Israel Defense Force entwickelt, wurde Krav Maga im Laufe der Zeit f\u00fcr die zivile Bev\u00f6lkerung angepasst und nun bei","breadcrumb":{"@id":"https:\/\/www.kravolution.com\/de\/divisions\/kravolution-civil-division\/#breadcrumb"},"inLanguage":"de-DE","potentialAction":[{"@type":"ReadAction","target":["https:\/\/www.kravolution.com\/de\/divisions\/kravolution-civil-division\/"]}]},{"@type":"BreadcrumbList","@id":"https:\/\/www.kravolution.com\/de\/divisions\/kravolution-civil-division\/#breadcrumb","itemListElement":[{"@type":"ListItem","position":1,"name":"Home","item":"https:\/\/www.kravolution.com\/de\/"},{"@type":"ListItem","position":2,"name":"Divisions","item":"https:\/\/www.kravolution.com\/de\/divisions\/"},{"@type":"ListItem","position":3,"name":"Civil Division"}]},{"@type":"WebSite","@id":"https:\/\/www.kravolution.com\/de\/#website","url":"https:\/\/www.kravolution.com\/de\/","name":"KRAVolution","description":"Krav Maga modern israeli selfdefense system","potentialAction":[{"@type":"SearchAction","target":{"@type":"EntryPoint","urlTemplate":"https:\/\/www.kravolution.com\/de\/?s={search_term_string}"},"query-input":"required name=search_term_string"}],"inLanguage":"de-DE"}]}},"_links":{"self":[{"href":"https:\/\/www.kravolution.com\/de\/wp-json\/wp\/v2\/pages\/3317"}],"collection":[{"href":"https:\/\/www.kravolution.com\/de\/wp-json\/wp\/v2\/pages"}],"about":[{"href":"https:\/\/www.kravolution.com\/de\/wp-json\/wp\/v2\/types\/page"}],"author":[{"embeddable":true,"href":"https:\/\/www.kravolution.com\/de\/wp-json\/wp\/v2\/users\/7"}],"replies":[{"embeddable":true,"href":"https:\/\/www.kravolution.com\/de\/wp-json\/wp\/v2\/comments?post=3317"}],"version-history":[{"count":5,"href":"https:\/\/www.kravolution.com\/de\/wp-json\/wp\/v2\/pages\/3317\/revisions"}],"predecessor-version":[{"id":4240,"href":"https:\/\/www.kravolution.com\/de\/wp-json\/wp\/v2\/pages\/3317\/revisions\/4240"}],"up":[{"embeddable":true,"href":"https:\/\/www.kravolution.com\/de\/wp-json\/wp\/v2\/pages\/3639"}],"wp:attachment":[{"href":"https:\/\/www.kravolution.com\/de\/wp-json\/wp\/v2\/media?parent=3317"}],"curies":[{"name":"wp","href":"https:\/\/api.w.org\/{rel}","templated":true}]}}