{"id":3170,"date":"2016-12-14T09:34:00","date_gmt":"2016-12-14T08:34:00","guid":{"rendered":"https:\/\/wwwv2.kravolution.com\/instructors\/"},"modified":"2021-03-01T14:26:37","modified_gmt":"2021-03-01T13:26:37","slug":"instructors","status":"publish","type":"page","link":"https:\/\/www.kravolution.com\/de\/instructors\/","title":{"rendered":"Instructors"},"content":{"rendered":"<p>[et_pb_section][et_pb_row][et_pb_column type=&#8220;4_4&#8243;][et_pb_text]<\/p>\n<h1>KRAVolution TEAM &#8211; Unsere Selbstverteidigungs-Experten<\/h1>\n<p><span style=\"font-size: 14pt;\">Trainiere mit den Besten!<\/span><\/p>\n<p>Unser zertifiziertes Instructor-Team besteht aus erfahrenen Kampfsportlern, Berufssoldaten und Polizeibeamten. Sie bringen mehr mit, als nur die Freude daran, andere Menschen zu trainieren. Ihr beruflicher Hintergrund und ihre mit diesem einhergehenden weitreichenden Erfahrungen im Bereich der Selbstverteidigung, qualifizieren sie einfach optimal dazu, unsere Trainings zu leiten.<\/p>\n<p>Wir lehren jeden, sich selbst zu verteidigen. Niemand, egal ob in Freizeit oder Beruf und Schule, sollte jemals Opfer sein m\u00fcssen, kein Mensch bedroht oder angegriffen werden, keine Frau vergewaltigt, kein Kind entf\u00fchrt oder gemobbt. Wir erm\u00f6glichen dies. Unser Training bereitet auf alles vor. Ob im zivilen Bereich, f\u00fcr das Milit\u00e4r oder die Polizei. In jeder Situation und Umgebung bereit, nie wieder wehrlos sein \u2013 Das ist unsere Mission f\u00fcr jedes einzelne unserer Mitglieder und wir wollen sie weltweit ausf\u00fchren!<\/p>\n<p>[\/et_pb_text][\/et_pb_column][\/et_pb_row][\/et_pb_section]<\/p>\n","protected":false},"excerpt":{"rendered":"[et_pb_section][et_pb_row][et_pb_column type=&#8220;4_4&#8243;][et_pb_text] KRAVolution TEAM &#8211; Unsere Selbstverteidigungs-Experten Trainiere mit den Besten! Unser zertifiziertes Instructor-Team besteht aus erfahrenen Kampfsportlern, Berufssoldaten und [&hellip;]","protected":false},"author":7,"featured_media":0,"parent":0,"menu_order":0,"comment_status":"closed","ping_status":"closed","template":"instructors_v3.php","meta":{"_et_pb_use_builder":"","_et_pb_old_content":"","_et_gb_content_width":"","_mi_skip_tracking":false},"acf":[],"yoast_head":"<!-- This site is optimized with the Yoast SEO plugin v19.13 - https:\/\/yoast.com\/wordpress\/plugins\/seo\/ -->\n<title>Instructors - KRAVolution<\/title>\n<meta name=\"description\" content=\"Our certified Instructors consists of experienced combat athletes, professional soldiers and police officers who has fun in teaching other people.\" \/>\n<meta name=\"robots\" content=\"index, follow, max-snippet:-1, max-image-preview:large, max-video-preview:-1\" \/>\n<link rel=\"canonical\" href=\"https:\/\/www.kravolution.com\/de\/instructors\/\" \/>\n<meta property=\"og:locale\" content=\"de_DE\" \/>\n<meta property=\"og:type\" content=\"article\" \/>\n<meta property=\"og:title\" content=\"Instructors - KRAVolution\" \/>\n<meta property=\"og:description\" content=\"Our certified Instructors consists of experienced combat athletes, professional soldiers and police officers who has fun in teaching other people.\" \/>\n<meta property=\"og:url\" content=\"https:\/\/www.kravolution.com\/de\/instructors\/\" \/>\n<meta property=\"og:site_name\" content=\"KRAVolution\" \/>\n<meta property=\"article:modified_time\" content=\"2021-03-01T13:26:37+00:00\" \/>\n<meta name=\"twitter:card\" content=\"summary_large_image\" \/>\n<meta name=\"twitter:label1\" content=\"Gesch\u00e4tzte Lesezeit\" \/>\n\t<meta name=\"twitter:data1\" content=\"1 Minute\" \/>\n<script type=\"application\/ld+json\" class=\"yoast-schema-graph\">{\"@context\":\"https:\/\/schema.org\",\"@graph\":[{\"@type\":\"WebPage\",\"@id\":\"https:\/\/www.kravolution.com\/de\/instructors\/\",\"url\":\"https:\/\/www.kravolution.com\/de\/instructors\/\",\"name\":\"Instructors - KRAVolution\",\"isPartOf\":{\"@id\":\"https:\/\/www.kravolution.com\/de\/#website\"},\"datePublished\":\"2016-12-14T08:34:00+00:00\",\"dateModified\":\"2021-03-01T13:26:37+00:00\",\"description\":\"Our certified Instructors consists of experienced combat athletes, professional soldiers and police officers who has fun in teaching other people.\",\"breadcrumb\":{\"@id\":\"https:\/\/www.kravolution.com\/de\/instructors\/#breadcrumb\"},\"inLanguage\":\"de-DE\",\"potentialAction\":[{\"@type\":\"ReadAction\",\"target\":[\"https:\/\/www.kravolution.com\/de\/instructors\/\"]}]},{\"@type\":\"BreadcrumbList\",\"@id\":\"https:\/\/www.kravolution.com\/de\/instructors\/#breadcrumb\",\"itemListElement\":[{\"@type\":\"ListItem\",\"position\":1,\"name\":\"Home\",\"item\":\"https:\/\/www.kravolution.com\/de\/\"},{\"@type\":\"ListItem\",\"position\":2,\"name\":\"Instructors\"}]},{\"@type\":\"WebSite\",\"@id\":\"https:\/\/www.kravolution.com\/de\/#website\",\"url\":\"https:\/\/www.kravolution.com\/de\/\",\"name\":\"KRAVolution\",\"description\":\"Krav Maga modern israeli selfdefense system\",\"potentialAction\":[{\"@type\":\"SearchAction\",\"target\":{\"@type\":\"EntryPoint\",\"urlTemplate\":\"https:\/\/www.kravolution.com\/de\/?s={search_term_string}\"},\"query-input\":\"required name=search_term_string\"}],\"inLanguage\":\"de-DE\"}]}<\/script>\n<!-- \/ Yoast SEO plugin. -->","yoast_head_json":{"title":"Instructors - KRAVolution","description":"Our certified Instructors consists of experienced combat athletes, professional soldiers and police officers who has fun in teaching other people.","robots":{"index":"index","follow":"follow","max-snippet":"max-snippet:-1","max-image-preview":"max-image-preview:large","max-video-preview":"max-video-preview:-1"},"canonical":"https:\/\/www.kravolution.com\/de\/instructors\/","og_locale":"de_DE","og_type":"article","og_title":"Instructors - KRAVolution","og_description":"Our certified Instructors consists of experienced combat athletes, professional soldiers and police officers who has fun in teaching other people.","og_url":"https:\/\/www.kravolution.com\/de\/instructors\/","og_site_name":"KRAVolution","article_modified_time":"2021-03-01T13:26:37+00:00","twitter_card":"summary_large_image","twitter_misc":{"Gesch\u00e4tzte Lesezeit":"1 Minute"},"schema":{"@context":"https:\/\/schema.org","@graph":[{"@type":"WebPage","@id":"https:\/\/www.kravolution.com\/de\/instructors\/","url":"https:\/\/www.kravolution.com\/de\/instructors\/","name":"Instructors - KRAVolution","isPartOf":{"@id":"https:\/\/www.kravolution.com\/de\/#website"},"datePublished":"2016-12-14T08:34:00+00:00","dateModified":"2021-03-01T13:26:37+00:00","description":"Our certified Instructors consists of experienced combat athletes, professional soldiers and police officers who has fun in teaching other people.","breadcrumb":{"@id":"https:\/\/www.kravolution.com\/de\/instructors\/#breadcrumb"},"inLanguage":"de-DE","potentialAction":[{"@type":"ReadAction","target":["https:\/\/www.kravolution.com\/de\/instructors\/"]}]},{"@type":"BreadcrumbList","@id":"https:\/\/www.kravolution.com\/de\/instructors\/#breadcrumb","itemListElement":[{"@type":"ListItem","position":1,"name":"Home","item":"https:\/\/www.kravolution.com\/de\/"},{"@type":"ListItem","position":2,"name":"Instructors"}]},{"@type":"WebSite","@id":"https:\/\/www.kravolution.com\/de\/#website","url":"https:\/\/www.kravolution.com\/de\/","name":"KRAVolution","description":"Krav Maga modern israeli selfdefense system","potentialAction":[{"@type":"SearchAction","target":{"@type":"EntryPoint","urlTemplate":"https:\/\/www.kravolution.com\/de\/?s={search_term_string}"},"query-input":"required name=search_term_string"}],"inLanguage":"de-DE"}]}},"_links":{"self":[{"href":"https:\/\/www.kravolution.com\/de\/wp-json\/wp\/v2\/pages\/3170"}],"collection":[{"href":"https:\/\/www.kravolution.com\/de\/wp-json\/wp\/v2\/pages"}],"about":[{"href":"https:\/\/www.kravolution.com\/de\/wp-json\/wp\/v2\/types\/page"}],"author":[{"embeddable":true,"href":"https:\/\/www.kravolution.com\/de\/wp-json\/wp\/v2\/users\/7"}],"replies":[{"embeddable":true,"href":"https:\/\/www.kravolution.com\/de\/wp-json\/wp\/v2\/comments?post=3170"}],"version-history":[{"count":7,"href":"https:\/\/www.kravolution.com\/de\/wp-json\/wp\/v2\/pages\/3170\/revisions"}],"predecessor-version":[{"id":29121,"href":"https:\/\/www.kravolution.com\/de\/wp-json\/wp\/v2\/pages\/3170\/revisions\/29121"}],"wp:attachment":[{"href":"https:\/\/www.kravolution.com\/de\/wp-json\/wp\/v2\/media?parent=3170"}],"curies":[{"name":"wp","href":"https:\/\/api.w.org\/{rel}","templated":true}]}}