{"id":3154,"date":"2016-12-02T16:20:57","date_gmt":"2016-12-02T15:20:57","guid":{"rendered":"https:\/\/wwwv2.kravolution.com\/organisation\/"},"modified":"2018-09-23T14:15:49","modified_gmt":"2018-09-23T12:15:49","slug":"organisation","status":"publish","type":"page","link":"https:\/\/www.kravolution.com\/de\/organisation\/","title":{"rendered":"Organisation"},"content":{"rendered":"<h1>Unsere Mission<\/h1>\n<p>&nbsp;<\/p>\n<p><img decoding=\"async\" loading=\"lazy\" class=\"aligncenter size-full wp-image-1704\" src=\"https:\/\/www.kravolution.com\/wp-content\/uploads\/2016\/12\/header-ourmisson.jpg\" alt=\"\" width=\"1135\" height=\"375\" srcset=\"https:\/\/www.kravolution.com\/wp-content\/uploads\/2016\/12\/header-ourmisson.jpg 1135w, https:\/\/www.kravolution.com\/wp-content\/uploads\/2016\/12\/header-ourmisson-300x99.jpg 300w, https:\/\/www.kravolution.com\/wp-content\/uploads\/2016\/12\/header-ourmisson-768x254.jpg 768w, https:\/\/www.kravolution.com\/wp-content\/uploads\/2016\/12\/header-ourmisson-1024x338.jpg 1024w\" sizes=\"(max-width: 1135px) 100vw, 1135px\" \/><\/p>\n<p><span class=\"highlight\" style=\"font-weight: 350; font-size: 130%;\">Wir sind K\u00e4mpfer, keine Techniker. Wir sind KRAVolution.<\/span><\/p>\n<p>Der KRAVolution Verband setzt auf die Freiheit der einzelnen Schulen in der Ausgestaltung des Trainings, kontrolliert dabei jedoch die Qualit\u00e4t durch Testings und bietet regelm\u00e4\u00dfig Weiterbildungen f\u00fcr die Instructoren an.<\/p>\n<p>KRAVolutions Philosophie baut darauf, dass sich ein Selbstverteidigungssystem an die jeweiligen Zeiten und die jeweilig aktuellen Bedrohungssituationen anpassen und somit stetig weiterentwickeln muss. In diesem Sinne ist das Motto des Verbandes: Wir trainieren Krav Maga Selbstverteidigung und kein Curriculum. Die Prinzipien stehen hierbei im Vordergrund und nicht die blo\u00dfe Abfolge von einstudierten Techniken.<\/p>\n<p>Nicht ein \u00fcber allem stehender Meister entscheidet \u00fcber Lehrplan und Lehrmethoden. Was und wie genau wir lehren, entscheidet das ganze KRAVolution-Team gemeinsam.<\/p>\n<p>Immer wieder wird das System von Experten rund um die Welt getestet, \u00fcberpr\u00fcft und verbessert, um den Anforderungen des realen Lebens entsprechen zu k\u00f6nnen.<\/p>\n<p><span class=\"highlight\" style=\"font-weight: 350; font-size: 130%;\">Die Checkpoints:<\/span><\/p>\n<ul>\n<li>Wir bringen gew\u00f6hnlichen Menschen effektive Selbstverteidigung bei.<\/li>\n<li>Wir unterrichten ma\u00dfgeschneidertes Krav Maga f\u00fcr verschiedene Organisationen.<\/li>\n<li>Wir machen Students zu K\u00e4mpfern.<\/li>\n<li>Wir machen Instructoren zu Lehrern.<\/li>\n<li>Wir konzentrieren uns auf Prinzipien, nicht auf Techniken.<\/li>\n<li>Wir haben eine Leidenschaft f\u00fcr Qualit\u00e4t.<\/li>\n<li>Wir konzentrieren uns auf unsere Students und Instructoren, nicht nur auf uns selbst.<\/li>\n<li>Wir messen unseren Erfolg am Erfolg unserer Students und Schulen.<\/li>\n<li>Wir haben eine zwingende Voraussetzung: Es muss Spa\u00df machen.<\/li>\n<li>Wir bem\u00fchen uns, Barrieren die der Entwicklung von Krav Maga im Weg stehen, zu beseitigen.<\/li>\n<\/ul>\n<hr \/>\n<p><strong>Fragen? Lass es uns wissen!<\/strong><br \/>\n<a href=\"https:\/\/www.kravolution.com\/contact\/\">Kontakt<\/a><\/p>\n","protected":false},"excerpt":{"rendered":"Unsere Mission &nbsp; Wir sind K\u00e4mpfer, keine Techniker. Wir sind KRAVolution. Der KRAVolution Verband setzt auf die Freiheit der einzelnen [&hellip;]","protected":false},"author":7,"featured_media":0,"parent":0,"menu_order":0,"comment_status":"closed","ping_status":"closed","template":"","meta":{"_et_pb_use_builder":"","_et_pb_old_content":"","_et_gb_content_width":"","_mi_skip_tracking":false},"acf":[],"yoast_head":"<!-- This site is optimized with the Yoast SEO plugin v19.13 - https:\/\/yoast.com\/wordpress\/plugins\/seo\/ -->\n<title>Organisation - KRAVolution<\/title>\n<meta name=\"description\" content=\"We enable everyday people to defend themselves. We develop in-depth training for bespoke environments from specialist military units to law enforcement.\" \/>\n<meta name=\"robots\" content=\"index, follow, max-snippet:-1, max-image-preview:large, max-video-preview:-1\" \/>\n<link rel=\"canonical\" href=\"https:\/\/www.kravolution.com\/de\/organisation\/\" \/>\n<meta property=\"og:locale\" content=\"de_DE\" \/>\n<meta property=\"og:type\" content=\"article\" \/>\n<meta property=\"og:title\" content=\"Organisation - KRAVolution\" \/>\n<meta property=\"og:description\" content=\"We enable everyday people to defend themselves. We develop in-depth training for bespoke environments from specialist military units to law enforcement.\" \/>\n<meta property=\"og:url\" content=\"https:\/\/www.kravolution.com\/de\/organisation\/\" \/>\n<meta property=\"og:site_name\" content=\"KRAVolution\" \/>\n<meta property=\"article:modified_time\" content=\"2018-09-23T12:15:49+00:00\" \/>\n<meta property=\"og:image\" content=\"https:\/\/www.kravolution.com\/wp-content\/uploads\/2016\/12\/header-ourmisson.jpg\" \/>\n<meta name=\"twitter:card\" content=\"summary_large_image\" \/>\n<meta name=\"twitter:label1\" content=\"Gesch\u00e4tzte Lesezeit\" \/>\n\t<meta name=\"twitter:data1\" content=\"1 Minute\" \/>\n<script type=\"application\/ld+json\" class=\"yoast-schema-graph\">{\"@context\":\"https:\/\/schema.org\",\"@graph\":[{\"@type\":\"WebPage\",\"@id\":\"https:\/\/www.kravolution.com\/de\/organisation\/\",\"url\":\"https:\/\/www.kravolution.com\/de\/organisation\/\",\"name\":\"Organisation - KRAVolution\",\"isPartOf\":{\"@id\":\"https:\/\/www.kravolution.com\/de\/#website\"},\"datePublished\":\"2016-12-02T15:20:57+00:00\",\"dateModified\":\"2018-09-23T12:15:49+00:00\",\"description\":\"We enable everyday people to defend themselves. We develop in-depth training for bespoke environments from specialist military units to law enforcement.\",\"breadcrumb\":{\"@id\":\"https:\/\/www.kravolution.com\/de\/organisation\/#breadcrumb\"},\"inLanguage\":\"de-DE\",\"potentialAction\":[{\"@type\":\"ReadAction\",\"target\":[\"https:\/\/www.kravolution.com\/de\/organisation\/\"]}]},{\"@type\":\"BreadcrumbList\",\"@id\":\"https:\/\/www.kravolution.com\/de\/organisation\/#breadcrumb\",\"itemListElement\":[{\"@type\":\"ListItem\",\"position\":1,\"name\":\"Home\",\"item\":\"https:\/\/www.kravolution.com\/de\/\"},{\"@type\":\"ListItem\",\"position\":2,\"name\":\"Organisation\"}]},{\"@type\":\"WebSite\",\"@id\":\"https:\/\/www.kravolution.com\/de\/#website\",\"url\":\"https:\/\/www.kravolution.com\/de\/\",\"name\":\"KRAVolution\",\"description\":\"Krav Maga modern israeli selfdefense system\",\"potentialAction\":[{\"@type\":\"SearchAction\",\"target\":{\"@type\":\"EntryPoint\",\"urlTemplate\":\"https:\/\/www.kravolution.com\/de\/?s={search_term_string}\"},\"query-input\":\"required name=search_term_string\"}],\"inLanguage\":\"de-DE\"}]}<\/script>\n<!-- \/ Yoast SEO plugin. -->","yoast_head_json":{"title":"Organisation - KRAVolution","description":"We enable everyday people to defend themselves. We develop in-depth training for bespoke environments from specialist military units to law enforcement.","robots":{"index":"index","follow":"follow","max-snippet":"max-snippet:-1","max-image-preview":"max-image-preview:large","max-video-preview":"max-video-preview:-1"},"canonical":"https:\/\/www.kravolution.com\/de\/organisation\/","og_locale":"de_DE","og_type":"article","og_title":"Organisation - KRAVolution","og_description":"We enable everyday people to defend themselves. We develop in-depth training for bespoke environments from specialist military units to law enforcement.","og_url":"https:\/\/www.kravolution.com\/de\/organisation\/","og_site_name":"KRAVolution","article_modified_time":"2018-09-23T12:15:49+00:00","og_image":[{"url":"https:\/\/www.kravolution.com\/wp-content\/uploads\/2016\/12\/header-ourmisson.jpg"}],"twitter_card":"summary_large_image","twitter_misc":{"Gesch\u00e4tzte Lesezeit":"1 Minute"},"schema":{"@context":"https:\/\/schema.org","@graph":[{"@type":"WebPage","@id":"https:\/\/www.kravolution.com\/de\/organisation\/","url":"https:\/\/www.kravolution.com\/de\/organisation\/","name":"Organisation - KRAVolution","isPartOf":{"@id":"https:\/\/www.kravolution.com\/de\/#website"},"datePublished":"2016-12-02T15:20:57+00:00","dateModified":"2018-09-23T12:15:49+00:00","description":"We enable everyday people to defend themselves. We develop in-depth training for bespoke environments from specialist military units to law enforcement.","breadcrumb":{"@id":"https:\/\/www.kravolution.com\/de\/organisation\/#breadcrumb"},"inLanguage":"de-DE","potentialAction":[{"@type":"ReadAction","target":["https:\/\/www.kravolution.com\/de\/organisation\/"]}]},{"@type":"BreadcrumbList","@id":"https:\/\/www.kravolution.com\/de\/organisation\/#breadcrumb","itemListElement":[{"@type":"ListItem","position":1,"name":"Home","item":"https:\/\/www.kravolution.com\/de\/"},{"@type":"ListItem","position":2,"name":"Organisation"}]},{"@type":"WebSite","@id":"https:\/\/www.kravolution.com\/de\/#website","url":"https:\/\/www.kravolution.com\/de\/","name":"KRAVolution","description":"Krav Maga modern israeli selfdefense system","potentialAction":[{"@type":"SearchAction","target":{"@type":"EntryPoint","urlTemplate":"https:\/\/www.kravolution.com\/de\/?s={search_term_string}"},"query-input":"required name=search_term_string"}],"inLanguage":"de-DE"}]}},"_links":{"self":[{"href":"https:\/\/www.kravolution.com\/de\/wp-json\/wp\/v2\/pages\/3154"}],"collection":[{"href":"https:\/\/www.kravolution.com\/de\/wp-json\/wp\/v2\/pages"}],"about":[{"href":"https:\/\/www.kravolution.com\/de\/wp-json\/wp\/v2\/types\/page"}],"author":[{"embeddable":true,"href":"https:\/\/www.kravolution.com\/de\/wp-json\/wp\/v2\/users\/7"}],"replies":[{"embeddable":true,"href":"https:\/\/www.kravolution.com\/de\/wp-json\/wp\/v2\/comments?post=3154"}],"version-history":[{"count":7,"href":"https:\/\/www.kravolution.com\/de\/wp-json\/wp\/v2\/pages\/3154\/revisions"}],"predecessor-version":[{"id":8020,"href":"https:\/\/www.kravolution.com\/de\/wp-json\/wp\/v2\/pages\/3154\/revisions\/8020"}],"wp:attachment":[{"href":"https:\/\/www.kravolution.com\/de\/wp-json\/wp\/v2\/media?parent=3154"}],"curies":[{"name":"wp","href":"https:\/\/api.w.org\/{rel}","templated":true}]}}