{"id":29519,"date":"2022-06-30T12:58:43","date_gmt":"2022-06-30T10:58:43","guid":{"rendered":"https:\/\/www.kravolution.com\/?page_id=29519"},"modified":"2022-06-30T17:53:50","modified_gmt":"2022-06-30T15:53:50","slug":"online-vertragskuendigung","status":"publish","type":"page","link":"https:\/\/www.kravolution.com\/de\/online-vertragskuendigung\/","title":{"rendered":"Online Vertragsk\u00fcndigung"},"content":{"rendered":"<h1 style=\"text-align: center;\">Dein K\u00fcndigungswunsch<\/h1>\n<p style=\"text-align: center;\">Bitte gib die ben\u00f6tigten Daten ein, damit dein K\u00fcndigungswunsch bearbeitet werden kann.<\/p>\n<p style=\"text-align: center;\"><div class=\"wpcf7 no-js\" id=\"wpcf7-f29523-o1\" lang=\"en-US\" dir=\"ltr\">\n<div class=\"screen-reader-response\"><p role=\"status\" aria-live=\"polite\" aria-atomic=\"true\"><\/p> <ul><\/ul><\/div>\n<form action=\"\/de\/wp-json\/wp\/v2\/pages\/29519#wpcf7-f29523-o1\" method=\"post\" class=\"wpcf7-form init\" aria-label=\"Contact form\" novalidate=\"novalidate\" data-status=\"init\">\n<div style=\"display: none;\">\n<input type=\"hidden\" name=\"_wpcf7\" value=\"29523\" \/>\n<input type=\"hidden\" name=\"_wpcf7_version\" value=\"5.7.2\" \/>\n<input type=\"hidden\" name=\"_wpcf7_locale\" value=\"en_US\" \/>\n<input type=\"hidden\" name=\"_wpcf7_unit_tag\" value=\"wpcf7-f29523-o1\" \/>\n<input type=\"hidden\" name=\"_wpcf7_container_post\" value=\"0\" \/>\n<input type=\"hidden\" name=\"_wpcf7_posted_data_hash\" value=\"\" \/>\n<\/div>\n<div class=\"row\" style=\"max-width:500px;margin:0 auto\">\n  <div class=\"col-xs-12\">\n    <label for=\"memberId\">Membernummer<sup style=\"color:red\">*<\/sup><\/label>\n    <div class=\"form-group memberId\"><input class=\"wpcf7-form-control wpcf7-number wpcf7-validates-as-required wpcf7-validates-as-number form-control\" id=\"memberId\" name=\"memberId\" type=\"number\" value=\"\" min=\"\" max=\"\" step=\"\" aria-invalid=\"false\" aria-required=\"true\" required><\/div>\n  <\/div>\n  <div class=\"col-xs-12\">\n    <label for=\"memberName\">Vor- und Nachname<sup style=\"color:red\">*<\/sup><\/label>\n    <div class=\"form-group memberName\"><input class=\"wpcf7-form-control wpcf7-text wpcf7-validates-as-required form-control\" id=\"memberName\" name=\"memberName\" type=\"text\" value=\"\" aria-invalid=\"false\" aria-required=\"true\" required><\/div>\n  <\/div>\n  <div class=\"col-xs-12\">\n    <label for=\"memberEMail\">E-Mail-Adresse<sup style=\"color:red\">*<\/sup><\/label>\n    <div class=\"form-group memberEMail\"><input class=\"wpcf7-form-control wpcf7-text wpcf7-email wpcf7-validates-as-required wpcf7-validates-as-email form-control\" id=\"memberEMail\" name=\"memberEMail\" type=\"email\" value=\"\" aria-invalid=\"false\" aria-required=\"true\" required><\/div>\n  <\/div>\n  <div class=\"col-xs-12\">\n    <label for=\"cancelReason\">K\u00fcndigungsgrund<sup style=\"color:red\">*<\/sup><\/label>\n    <div class=\"form-group reason\"><input class=\"wpcf7-form-control wpcf7-text wpcf7-validates-as-required form-control\" id=\"cancelReason\" name=\"reason\" type=\"text\" value=\"\" aria-invalid=\"false\" aria-required=\"true\" required><\/div>\n  <\/div>\n  <div class=\"col-xs-12\">\n    <label for=\"date\">K\u00fcndigungsdatum<\/label>\n    <div class=\"form-group date\"><input class=\"wpcf7-form-control wpcf7-date wpcf7-validates-as-date form-control\" id=\"date\" name=\"date\" type=\"date\" value=\"\" min=\"\" max=\"\" step=\"\" aria-invalid=\"false\"><\/div>\n    <small>Wird kein K\u00fcndigungsdatum angegeben, gilt der n\u00e4chstm\u00f6gliche Zeitpunkt<\/small>\n  <\/div>\n  <div class=\"col-xs-12\">\n    <center style=\"margin-top:15px\"><div class=\"form-group\"><div><input class=\"wpcf7-form-control wpcf7-submit btn btn-primary\" type=\"submit\" value=\"Jetzt k\u00fcndigen\"><\/div><\/div><\/center>\n  <\/div>\n<\/div><div class=\"wpcf7-response-output alert alert-warning\"><\/div><\/form><\/div><\/p>\n","protected":false},"excerpt":{"rendered":"Dein K\u00fcndigungswunsch Bitte gib die ben\u00f6tigten Daten ein, damit dein K\u00fcndigungswunsch bearbeitet werden kann.","protected":false},"author":166,"featured_media":0,"parent":0,"menu_order":0,"comment_status":"closed","ping_status":"closed","template":"","meta":{"_et_pb_use_builder":"","_et_pb_old_content":"","_et_gb_content_width":"","_mi_skip_tracking":false},"acf":[],"yoast_head":"<!-- This site is optimized with the Yoast SEO plugin v19.13 - https:\/\/yoast.com\/wordpress\/plugins\/seo\/ -->\n<title>Online Vertragsk\u00fcndigung - KRAVolution<\/title>\n<meta name=\"description\" content=\"Dein K\u00fcndigungswunsch Bitte gib die ben\u00f6tigten Daten ein, damit dein K\u00fcndigungswunsch bearbeitet werden kann.\" \/>\n<meta name=\"robots\" content=\"index, follow, max-snippet:-1, max-image-preview:large, max-video-preview:-1\" \/>\n<link rel=\"canonical\" href=\"https:\/\/www.kravolution.com\/de\/online-vertragskuendigung\/\" \/>\n<meta property=\"og:locale\" content=\"de_DE\" \/>\n<meta property=\"og:type\" content=\"article\" \/>\n<meta property=\"og:title\" content=\"Online Vertragsk\u00fcndigung - KRAVolution\" \/>\n<meta property=\"og:description\" content=\"Dein K\u00fcndigungswunsch Bitte gib die ben\u00f6tigten Daten ein, damit dein K\u00fcndigungswunsch bearbeitet werden kann.\" \/>\n<meta property=\"og:url\" content=\"https:\/\/www.kravolution.com\/de\/online-vertragskuendigung\/\" \/>\n<meta property=\"og:site_name\" content=\"KRAVolution\" \/>\n<meta property=\"article:modified_time\" content=\"2022-06-30T15:53:50+00:00\" \/>\n<meta name=\"twitter:card\" content=\"summary_large_image\" \/>\n<script type=\"application\/ld+json\" class=\"yoast-schema-graph\">{\"@context\":\"https:\/\/schema.org\",\"@graph\":[{\"@type\":\"WebPage\",\"@id\":\"https:\/\/www.kravolution.com\/de\/online-vertragskuendigung\/\",\"url\":\"https:\/\/www.kravolution.com\/de\/online-vertragskuendigung\/\",\"name\":\"Online Vertragsk\u00fcndigung - KRAVolution\",\"isPartOf\":{\"@id\":\"https:\/\/www.kravolution.com\/de\/#website\"},\"datePublished\":\"2022-06-30T10:58:43+00:00\",\"dateModified\":\"2022-06-30T15:53:50+00:00\",\"description\":\"Dein K\u00fcndigungswunsch Bitte gib die ben\u00f6tigten Daten ein, damit dein K\u00fcndigungswunsch bearbeitet werden kann.\",\"breadcrumb\":{\"@id\":\"https:\/\/www.kravolution.com\/de\/online-vertragskuendigung\/#breadcrumb\"},\"inLanguage\":\"de-DE\",\"potentialAction\":[{\"@type\":\"ReadAction\",\"target\":[\"https:\/\/www.kravolution.com\/de\/online-vertragskuendigung\/\"]}]},{\"@type\":\"BreadcrumbList\",\"@id\":\"https:\/\/www.kravolution.com\/de\/online-vertragskuendigung\/#breadcrumb\",\"itemListElement\":[{\"@type\":\"ListItem\",\"position\":1,\"name\":\"Home\",\"item\":\"https:\/\/www.kravolution.com\/de\/\"},{\"@type\":\"ListItem\",\"position\":2,\"name\":\"Online Vertragsk\u00fcndigung\"}]},{\"@type\":\"WebSite\",\"@id\":\"https:\/\/www.kravolution.com\/de\/#website\",\"url\":\"https:\/\/www.kravolution.com\/de\/\",\"name\":\"KRAVolution\",\"description\":\"Krav Maga modern israeli selfdefense system\",\"potentialAction\":[{\"@type\":\"SearchAction\",\"target\":{\"@type\":\"EntryPoint\",\"urlTemplate\":\"https:\/\/www.kravolution.com\/de\/?s={search_term_string}\"},\"query-input\":\"required name=search_term_string\"}],\"inLanguage\":\"de-DE\"}]}<\/script>\n<!-- \/ Yoast SEO plugin. -->","yoast_head_json":{"title":"Online Vertragsk\u00fcndigung - KRAVolution","description":"Dein K\u00fcndigungswunsch Bitte gib die ben\u00f6tigten Daten ein, damit dein K\u00fcndigungswunsch bearbeitet werden kann.","robots":{"index":"index","follow":"follow","max-snippet":"max-snippet:-1","max-image-preview":"max-image-preview:large","max-video-preview":"max-video-preview:-1"},"canonical":"https:\/\/www.kravolution.com\/de\/online-vertragskuendigung\/","og_locale":"de_DE","og_type":"article","og_title":"Online Vertragsk\u00fcndigung - KRAVolution","og_description":"Dein K\u00fcndigungswunsch Bitte gib die ben\u00f6tigten Daten ein, damit dein K\u00fcndigungswunsch bearbeitet werden kann.","og_url":"https:\/\/www.kravolution.com\/de\/online-vertragskuendigung\/","og_site_name":"KRAVolution","article_modified_time":"2022-06-30T15:53:50+00:00","twitter_card":"summary_large_image","schema":{"@context":"https:\/\/schema.org","@graph":[{"@type":"WebPage","@id":"https:\/\/www.kravolution.com\/de\/online-vertragskuendigung\/","url":"https:\/\/www.kravolution.com\/de\/online-vertragskuendigung\/","name":"Online Vertragsk\u00fcndigung - KRAVolution","isPartOf":{"@id":"https:\/\/www.kravolution.com\/de\/#website"},"datePublished":"2022-06-30T10:58:43+00:00","dateModified":"2022-06-30T15:53:50+00:00","description":"Dein K\u00fcndigungswunsch Bitte gib die ben\u00f6tigten Daten ein, damit dein K\u00fcndigungswunsch bearbeitet werden kann.","breadcrumb":{"@id":"https:\/\/www.kravolution.com\/de\/online-vertragskuendigung\/#breadcrumb"},"inLanguage":"de-DE","potentialAction":[{"@type":"ReadAction","target":["https:\/\/www.kravolution.com\/de\/online-vertragskuendigung\/"]}]},{"@type":"BreadcrumbList","@id":"https:\/\/www.kravolution.com\/de\/online-vertragskuendigung\/#breadcrumb","itemListElement":[{"@type":"ListItem","position":1,"name":"Home","item":"https:\/\/www.kravolution.com\/de\/"},{"@type":"ListItem","position":2,"name":"Online Vertragsk\u00fcndigung"}]},{"@type":"WebSite","@id":"https:\/\/www.kravolution.com\/de\/#website","url":"https:\/\/www.kravolution.com\/de\/","name":"KRAVolution","description":"Krav Maga modern israeli selfdefense system","potentialAction":[{"@type":"SearchAction","target":{"@type":"EntryPoint","urlTemplate":"https:\/\/www.kravolution.com\/de\/?s={search_term_string}"},"query-input":"required name=search_term_string"}],"inLanguage":"de-DE"}]}},"_links":{"self":[{"href":"https:\/\/www.kravolution.com\/de\/wp-json\/wp\/v2\/pages\/29519"}],"collection":[{"href":"https:\/\/www.kravolution.com\/de\/wp-json\/wp\/v2\/pages"}],"about":[{"href":"https:\/\/www.kravolution.com\/de\/wp-json\/wp\/v2\/types\/page"}],"author":[{"embeddable":true,"href":"https:\/\/www.kravolution.com\/de\/wp-json\/wp\/v2\/users\/166"}],"replies":[{"embeddable":true,"href":"https:\/\/www.kravolution.com\/de\/wp-json\/wp\/v2\/comments?post=29519"}],"version-history":[{"count":4,"href":"https:\/\/www.kravolution.com\/de\/wp-json\/wp\/v2\/pages\/29519\/revisions"}],"predecessor-version":[{"id":29530,"href":"https:\/\/www.kravolution.com\/de\/wp-json\/wp\/v2\/pages\/29519\/revisions\/29530"}],"wp:attachment":[{"href":"https:\/\/www.kravolution.com\/de\/wp-json\/wp\/v2\/media?parent=29519"}],"curies":[{"name":"wp","href":"https:\/\/api.w.org\/{rel}","templated":true}]}}