{"id":28123,"date":"2020-05-29T15:34:16","date_gmt":"2020-05-29T13:34:16","guid":{"rendered":"https:\/\/www.kravolution.com\/gewinnspiel-teilnahmebedingungen\/"},"modified":"2021-03-08T09:48:10","modified_gmt":"2021-03-08T08:48:10","slug":"gewinnspiel-teilnahmebedingungen","status":"publish","type":"page","link":"https:\/\/www.kravolution.com\/de\/gewinnspiel-teilnahmebedingungen\/","title":{"rendered":"Gewinnspiel &#8211; Teilnahmebedingungen"},"content":{"rendered":"<p><strong>Teilnahmebedingungen<\/strong><br \/>\n<strong>Teilnahmebedingungen am Facebook Gewinnspiel<\/strong><\/p>\n<p><em>Das Gewinnspiel dauert bis 21.06.2020 um 23.59 Uhr.<\/em><\/p>\n<p>Es wird 1x ein signiertes Komplettset &#8222;Krav-Maga&#8220; Equipment verlost.<br \/>\nDie Teilnahme erfolgt \u00fcber einen Kommentar und eine &#8222;Gef\u00e4llt Mir&#8220; Angabe auf diesem Post:\u00a0LINK ZUM POST\u00a0-Mehrere Kommentare werden als eine einzelne Teilnahme gewertet.<br \/>\nKommentare die gegen die Facebook Richtlinien, deutsches Recht und oder das Copyright versto\u00dfen werden nach Kenntnisnahme ohne Ank\u00fcndigung entfernt. Der Teilnehmer ist damit vom Gewinn ausgeschlossen.<br \/>\nTeilnahmeberechtigt sind Personen aus Deutschland und\u00a0Englischer Post\u00a0Ausland.<br \/>\nDie Gewinner werden nach Gewinnspielende nach dem Zufallsprinzip ermittelt.<br \/>\nDie Gewinner werden \u00fcber die Facebook Kommentarfunktion des Facebook Posts informiert.(PERS\u00d6NLICH INFORMIERT PER NACHRICHT)\u00a0Das Unternehmer meldet sich beim. Der Gewinner muss sich innerhalb von 5 Werktagen auf unsere private Nachricht von\u00a0Facebook KMI Seite\u00a0mit seinen Adressdaten melden. Meldet sich ein Gewinner nicht innerhalb dieser Frist wird das Krav-Maga Set erneut unter allen Teilnehmern verlost.<br \/>\nEs werden alle Facebook Namen der Teilnehmer erfasst und zur Gewinnermittlung gespeichert. Alle Daten werden sp\u00e4testens 30 Tage nach Ende des Gewinnspiels gel\u00f6scht, die Kommentare auf Facebook bleiben allerdings bestehen und sind weiterhin \u00f6ffentlich einsehbar. Adressdaten werden nur von den Gewinnern erfasst und nur zum Versand des Gewinnes genutzt. Den Teilnehmern stehen gesetzliche Auskunfts-, \u00c4nderungs- und Widerrufsrechte zu.<br \/>\nDas Gewinnspiel wird nicht von Facebook gesponsert oder unterst\u00fctzt.<\/p>\n<p>_____<\/p>\n<p><strong>Datenschutzerkl\u00e4rung f\u00fcr Gewinnspiele auf Facebook<\/strong><\/p>\n<p>Allgemeine Datenschutzhinweise zu unseren Gewinnspielen auf Facebook<\/p>\n<p>Wenn Sie an einem unserer Gewinnspiele auf Facebook teilnehmen, willigen Sie in die Datenverarbeitung im Sinne dieser Erkl\u00e4rung ein.<\/p>\n<p>Bei einem Gewinnspiel auf Facebook verarbeiten wir in der Regel die folgenden Daten:<\/p>\n<p>\u00d6ffentliche Facebook Profilinformationen inkl. Nutzername<br \/>\nAbgegebener Facebook Kommentar (Text &amp; Bild)<\/p>\n<p>Zweck der Datenverarbeitung<\/p>\n<p>Der Zweck der Datenverarbeitung ist der Durchf\u00fchrung des Gewinnspiels. Zum einen, um die Berechtigung zur Teilnahme zu \u00fcberpr\u00fcfen, zum anderen zur Ermittlung der Gewinner. Eine Teilnahme am Gewinnspiel ist nur m\u00f6glich, wenn Sie uns die genannten Daten zur Verf\u00fcgung stellen, da sonst keine Kontaktaufnahme im Rahmen einer Gewinnmitteilung erfolgen kann.<\/p>\n<p>Der oder die Gewinner werden mittels pers\u00f6nlicher Nachricht auf Facebook benachrichtigt und gegebenenfalls \u00f6ffentlich im Zusammenhang mit dem Gewinnspiel auf Facebook bekanntgegeben.<\/p>\n<p>Von Gewinnern erfragen wir im Rahmen der Gewinnspiele folgende Daten:<\/p>\n<p>Name, Vorname und Adresse<br \/>\nggf. E-Mail-Adresse<\/p>\n<p>Die von den Teilnehmern im Rahmen des Gewinnspiels angegebenen personenbezogenen Daten werden zum Zwecke der Durchf\u00fchrung und Abwicklung des Gewinnspiels erhoben, gespeichert, genutzt sowie zum Zwecke der Gewinnzustellung an einen Versanddienstleister weitergegeben. In manchen F\u00e4llen wird der Gewinn auch per E-Mail zugesendet, beispielsweise wenn es sich um Gutscheine handelt.<\/p>\n<p>Wir verarbeiten Ihre Daten im Rahmen von Gewinnspielen nur zu den genannten Zwecken, insofern Sie uns nicht ausdr\u00fccklich Ihre Einwilligung f\u00fcr einen anderen Zweck im Rahmen der Durchf\u00fchrung des Gewinnspiels gegeben haben.<\/p>\n<p>Weitere Empf\u00e4nger Ihrer Daten In manchen F\u00e4llen beauftragen wir Auftragsverarbeiter f\u00fcr die Gewinnermittlung oder Durchf\u00fchrung des Gewinnspiels. Ansonsten geben wir Ihre Daten niemals an unberechtigte Dritte ohne Ihre explizite Einwilligung weiter.<\/p>\n<p>Rechtsgrundlagen der Datenverarbeitung Wenn Sie an einem unserer Gewinnspiele auf Facebook teilnehmen, willigen Sie in die Datenverarbeitung zu den genannten Zwecken ein. Die Datenverarbeitung erfolgt daher auf Grundlage Ihrer Einwilligung (Art. 6 Abs. 1 lit. a DSGVO). Eine weitere Rechtsgrundlage \u00fcr die Verarbeitung personenbezogener Daten erfolgt zur Erf\u00fcllung eines Schuldverh\u00e4ltnisses (Art. 6 Abs. 1 lit. b DSGVO).<\/p>\n<p>Speicherdauer Wir L\u00f6schen die im Gewinnspiel erhobenen Daten sp\u00e4testens drei Wochen nach Abschluss (Gewinnermittlung) des Gewinnspiels. Daten von Gewinnern m\u00fcssen wir aufgrund der gesetzlichen Aufbewahrungsfristen bis zu deren Ablauf speichern.<\/p>\n<p>Verantwortliche Stelle<\/p>\n<p><strong>Kravolution AG\u00a0<\/strong><br \/>\nHauptstrasse 43<br \/>\nCH-4417 Ziefen<br \/>\nE-Mail: <a href=\"mailto:info@kravolution.com\">info@kravolution.com<\/a><\/p>\n","protected":false},"excerpt":{"rendered":"Teilnahmebedingungen Teilnahmebedingungen am Facebook Gewinnspiel Das Gewinnspiel dauert bis 21.06.2020 um 23.59 Uhr. Es wird 1x ein signiertes Komplettset &#8222;Krav-Maga&#8220; [&hellip;]","protected":false},"author":24,"featured_media":0,"parent":0,"menu_order":0,"comment_status":"closed","ping_status":"closed","template":"","meta":{"_et_pb_use_builder":"","_et_pb_old_content":"","_et_gb_content_width":"","_mi_skip_tracking":false},"acf":[],"yoast_head":"<!-- This site is optimized with the Yoast SEO plugin v19.13 - https:\/\/yoast.com\/wordpress\/plugins\/seo\/ -->\n<title>Gewinnspiel - Teilnahmebedingungen - KRAVolution<\/title>\n<meta name=\"description\" content=\"Teilnahmebedingungen Teilnahmebedingungen am Facebook Gewinnspiel Das Gewinnspiel dauert bis 21.06.2020 um 23.59 Uhr. Es wird 1x ein signiertes\" \/>\n<meta name=\"robots\" content=\"index, follow, max-snippet:-1, max-image-preview:large, max-video-preview:-1\" \/>\n<link rel=\"canonical\" href=\"https:\/\/www.kravolution.com\/de\/gewinnspiel-teilnahmebedingungen\/\" \/>\n<meta property=\"og:locale\" content=\"de_DE\" \/>\n<meta property=\"og:type\" content=\"article\" \/>\n<meta property=\"og:title\" content=\"Gewinnspiel - Teilnahmebedingungen - KRAVolution\" \/>\n<meta property=\"og:description\" content=\"Teilnahmebedingungen Teilnahmebedingungen am Facebook Gewinnspiel Das Gewinnspiel dauert bis 21.06.2020 um 23.59 Uhr. Es wird 1x ein signiertes\" \/>\n<meta property=\"og:url\" content=\"https:\/\/www.kravolution.com\/de\/gewinnspiel-teilnahmebedingungen\/\" \/>\n<meta property=\"og:site_name\" content=\"KRAVolution\" \/>\n<meta property=\"article:modified_time\" content=\"2021-03-08T08:48:10+00:00\" \/>\n<meta name=\"twitter:card\" content=\"summary_large_image\" \/>\n<meta name=\"twitter:label1\" content=\"Gesch\u00e4tzte Lesezeit\" \/>\n\t<meta name=\"twitter:data1\" content=\"3 Minuten\" \/>\n<script type=\"application\/ld+json\" class=\"yoast-schema-graph\">{\"@context\":\"https:\/\/schema.org\",\"@graph\":[{\"@type\":\"WebPage\",\"@id\":\"https:\/\/www.kravolution.com\/de\/gewinnspiel-teilnahmebedingungen\/\",\"url\":\"https:\/\/www.kravolution.com\/de\/gewinnspiel-teilnahmebedingungen\/\",\"name\":\"Gewinnspiel - Teilnahmebedingungen - KRAVolution\",\"isPartOf\":{\"@id\":\"https:\/\/www.kravolution.com\/de\/#website\"},\"datePublished\":\"2020-05-29T13:34:16+00:00\",\"dateModified\":\"2021-03-08T08:48:10+00:00\",\"description\":\"Teilnahmebedingungen Teilnahmebedingungen am Facebook Gewinnspiel Das Gewinnspiel dauert bis 21.06.2020 um 23.59 Uhr. Es wird 1x ein signiertes\",\"breadcrumb\":{\"@id\":\"https:\/\/www.kravolution.com\/de\/gewinnspiel-teilnahmebedingungen\/#breadcrumb\"},\"inLanguage\":\"de-DE\",\"potentialAction\":[{\"@type\":\"ReadAction\",\"target\":[\"https:\/\/www.kravolution.com\/de\/gewinnspiel-teilnahmebedingungen\/\"]}]},{\"@type\":\"BreadcrumbList\",\"@id\":\"https:\/\/www.kravolution.com\/de\/gewinnspiel-teilnahmebedingungen\/#breadcrumb\",\"itemListElement\":[{\"@type\":\"ListItem\",\"position\":1,\"name\":\"Home\",\"item\":\"https:\/\/www.kravolution.com\/de\/\"},{\"@type\":\"ListItem\",\"position\":2,\"name\":\"Gewinnspiel &#8211; Teilnahmebedingungen\"}]},{\"@type\":\"WebSite\",\"@id\":\"https:\/\/www.kravolution.com\/de\/#website\",\"url\":\"https:\/\/www.kravolution.com\/de\/\",\"name\":\"KRAVolution\",\"description\":\"Krav Maga modern israeli selfdefense system\",\"potentialAction\":[{\"@type\":\"SearchAction\",\"target\":{\"@type\":\"EntryPoint\",\"urlTemplate\":\"https:\/\/www.kravolution.com\/de\/?s={search_term_string}\"},\"query-input\":\"required name=search_term_string\"}],\"inLanguage\":\"de-DE\"}]}<\/script>\n<!-- \/ Yoast SEO plugin. -->","yoast_head_json":{"title":"Gewinnspiel - Teilnahmebedingungen - KRAVolution","description":"Teilnahmebedingungen Teilnahmebedingungen am Facebook Gewinnspiel Das Gewinnspiel dauert bis 21.06.2020 um 23.59 Uhr. Es wird 1x ein signiertes","robots":{"index":"index","follow":"follow","max-snippet":"max-snippet:-1","max-image-preview":"max-image-preview:large","max-video-preview":"max-video-preview:-1"},"canonical":"https:\/\/www.kravolution.com\/de\/gewinnspiel-teilnahmebedingungen\/","og_locale":"de_DE","og_type":"article","og_title":"Gewinnspiel - Teilnahmebedingungen - KRAVolution","og_description":"Teilnahmebedingungen Teilnahmebedingungen am Facebook Gewinnspiel Das Gewinnspiel dauert bis 21.06.2020 um 23.59 Uhr. Es wird 1x ein signiertes","og_url":"https:\/\/www.kravolution.com\/de\/gewinnspiel-teilnahmebedingungen\/","og_site_name":"KRAVolution","article_modified_time":"2021-03-08T08:48:10+00:00","twitter_card":"summary_large_image","twitter_misc":{"Gesch\u00e4tzte Lesezeit":"3 Minuten"},"schema":{"@context":"https:\/\/schema.org","@graph":[{"@type":"WebPage","@id":"https:\/\/www.kravolution.com\/de\/gewinnspiel-teilnahmebedingungen\/","url":"https:\/\/www.kravolution.com\/de\/gewinnspiel-teilnahmebedingungen\/","name":"Gewinnspiel - Teilnahmebedingungen - KRAVolution","isPartOf":{"@id":"https:\/\/www.kravolution.com\/de\/#website"},"datePublished":"2020-05-29T13:34:16+00:00","dateModified":"2021-03-08T08:48:10+00:00","description":"Teilnahmebedingungen Teilnahmebedingungen am Facebook Gewinnspiel Das Gewinnspiel dauert bis 21.06.2020 um 23.59 Uhr. Es wird 1x ein signiertes","breadcrumb":{"@id":"https:\/\/www.kravolution.com\/de\/gewinnspiel-teilnahmebedingungen\/#breadcrumb"},"inLanguage":"de-DE","potentialAction":[{"@type":"ReadAction","target":["https:\/\/www.kravolution.com\/de\/gewinnspiel-teilnahmebedingungen\/"]}]},{"@type":"BreadcrumbList","@id":"https:\/\/www.kravolution.com\/de\/gewinnspiel-teilnahmebedingungen\/#breadcrumb","itemListElement":[{"@type":"ListItem","position":1,"name":"Home","item":"https:\/\/www.kravolution.com\/de\/"},{"@type":"ListItem","position":2,"name":"Gewinnspiel &#8211; Teilnahmebedingungen"}]},{"@type":"WebSite","@id":"https:\/\/www.kravolution.com\/de\/#website","url":"https:\/\/www.kravolution.com\/de\/","name":"KRAVolution","description":"Krav Maga modern israeli selfdefense system","potentialAction":[{"@type":"SearchAction","target":{"@type":"EntryPoint","urlTemplate":"https:\/\/www.kravolution.com\/de\/?s={search_term_string}"},"query-input":"required name=search_term_string"}],"inLanguage":"de-DE"}]}},"_links":{"self":[{"href":"https:\/\/www.kravolution.com\/de\/wp-json\/wp\/v2\/pages\/28123"}],"collection":[{"href":"https:\/\/www.kravolution.com\/de\/wp-json\/wp\/v2\/pages"}],"about":[{"href":"https:\/\/www.kravolution.com\/de\/wp-json\/wp\/v2\/types\/page"}],"author":[{"embeddable":true,"href":"https:\/\/www.kravolution.com\/de\/wp-json\/wp\/v2\/users\/24"}],"replies":[{"embeddable":true,"href":"https:\/\/www.kravolution.com\/de\/wp-json\/wp\/v2\/comments?post=28123"}],"version-history":[{"count":3,"href":"https:\/\/www.kravolution.com\/de\/wp-json\/wp\/v2\/pages\/28123\/revisions"}],"predecessor-version":[{"id":29148,"href":"https:\/\/www.kravolution.com\/de\/wp-json\/wp\/v2\/pages\/28123\/revisions\/29148"}],"wp:attachment":[{"href":"https:\/\/www.kravolution.com\/de\/wp-json\/wp\/v2\/media?parent=28123"}],"curies":[{"name":"wp","href":"https:\/\/api.w.org\/{rel}","templated":true}]}}